{"id":439,"date":"2022-06-15T09:51:40","date_gmt":"2022-06-15T07:51:40","guid":{"rendered":"https:\/\/sites.ac-nancy-metz.fr\/lyc-jean-prouve-nancy\/?page_id=439"},"modified":"2024-06-10T10:36:12","modified_gmt":"2024-06-10T08:36:12","slug":"systemes-numeriques","status":"publish","type":"page","link":"https:\/\/sites.ac-nancy-metz.fr\/lyc-jean-prouve-nancy\/systemes-numeriques\/","title":{"rendered":"Cybers\u00e9curit\u00e9 Informatique et r\u00e9seaux ELectronique"},"content":{"rendered":"\n<h1 class=\"has-text-color wp-block-heading\" style=\"color:#42a2a4\">Cybers\u00e9curit\u00e9 Informatique et r\u00e9seaux ELectronique<\/h1>\n\n\n\n<figure class=\"wp-block-image size-large\"><img loading=\"lazy\" decoding=\"async\" width=\"1024\" height=\"176\" src=\"https:\/\/sites.ac-nancy-metz.fr\/lyc-jean-prouve-nancy\/wp-content\/uploads\/2024\/05\/Capture-decran-2024-05-23-162755-1024x176.png\" alt=\"\" class=\"wp-image-1235\" srcset=\"https:\/\/sites.ac-nancy-metz.fr\/lyc-jean-prouve-nancy\/wp-content\/uploads\/2024\/05\/Capture-decran-2024-05-23-162755-1024x176.png 1024w, https:\/\/sites.ac-nancy-metz.fr\/lyc-jean-prouve-nancy\/wp-content\/uploads\/2024\/05\/Capture-decran-2024-05-23-162755-300x52.png 300w, https:\/\/sites.ac-nancy-metz.fr\/lyc-jean-prouve-nancy\/wp-content\/uploads\/2024\/05\/Capture-decran-2024-05-23-162755-768x132.png 768w, https:\/\/sites.ac-nancy-metz.fr\/lyc-jean-prouve-nancy\/wp-content\/uploads\/2024\/05\/Capture-decran-2024-05-23-162755.png 1220w\" sizes=\"auto, (max-width: 1024px) 100vw, 1024px\" \/><\/figure>\n\n\n\n<h3 class=\"has-text-color wp-block-heading\" style=\"color:#42a2a4\">Formation en 3 ans<\/h3>\n\n\n\n<p>Les baccalaur\u00e9ats professionnels se pr\u00e9parent en 3 ans apr\u00e8s la 3<sup>e<\/sup>&nbsp;(2<sup>de<\/sup>&nbsp;pro, 1<sup>re<\/sup>&nbsp;pro et T<sup>le<\/sup>&nbsp;pro) en lyc\u00e9e professionnel. Le cursus commence par une classe de 2<sup>de<\/sup>&nbsp;pro commune \u00e0 plusieurs sp\u00e9cialit\u00e9s de baccalaur\u00e9ats professionnels&#8230;<\/p>\n\n\n\n<p class=\"has-black-color has-text-color\">Le titulaire du bac professio<em>n<\/em>nel&nbsp;<strong>CIEL &#8211; Cybers\u00e9curit\u00e9, Informatique et r\u00e9seaux ELectroniques<\/strong>&nbsp;est un technicien capable d&rsquo;intervenir dans les processus de r\u00e9alisation et de maintenance de produits \u00e9lectroniques ou de r\u00e9seaux informatiques ( T\u00e9l\u00e9communications et r\u00e9seaux&nbsp;: les syst\u00e8mes de distribution et de raccordement, de commutation, de communication voix-donn\u00e9es-images (VDI) et autres ) et la valorisation de la donn\u00e9e en int\u00e9grant les enjeux de la cybers\u00e9curit\u00e9.<strong>&nbsp;<\/strong>&nbsp;<\/p>\n\n\n\n<p>Le ou la titulaire du baccalaur\u00e9at professionnel \u00ab cybers\u00e9curit\u00e9, informatique et r\u00e9seaux, \u00e9lectronique \u00bb (CIEL)<br>intervient dans des secteurs d\u2019activit\u00e9s vari\u00e9s tels que la \u00ab silver \u00e9conomie \u00bb, la domotique, l\u2019\u00e9lectrom\u00e9nager, la<br>cybers\u00e9curit\u00e9, la r\u00e9paration de produits \u00e9lectroniques, la t\u00e9l\u00e9m\u00e9decine, mais aussi :<\/p>\n\n\n\n<ul class=\"wp-block-list\"><li>l\u2019industrie (les automatismes industriels et \u00ab usine 4.0 et 5.0 \u00bb, smart city etc.) ;<\/li><li>les transports ;<\/li><li>les services ;<\/li><li>l\u2019automobile et plus largement les nouveaux moyens de d\u00e9placements ;<\/li><li>l\u2019a\u00e9ronautique, la d\u00e9fense, l\u2019espace ;<\/li><li>les t\u00e9l\u00e9communications ;<\/li><li>les sciences et technologies de l\u2019information et de la communication, le multim\u00e9dia ;<\/li><li>le commerce des mat\u00e9riels \u00e9lectroniques et num\u00e9riques ;<\/li><li>l\u2019internet des objets (IoT) ;<\/li><\/ul>\n\n\n\n<h3 class=\"has-text-color wp-block-heading\" style=\"color:#42a2a4\">Formation en milieu professionnel<\/h3>\n\n\n\n<p class=\"has-text-color\" style=\"color:#333333\">La p\u00e9riode de formation en milieu professionnel est de 20 semaines sur 3 ans<\/p>\n\n\n\n<h3 class=\"has-text-color wp-block-heading\" style=\"color:#42a2a4\">Aptitudes<\/h3>\n\n\n\n<p class=\"has-text-color\" style=\"color:#333333\">Sens du contact<br>Minutieux<br>Respectueux des r\u00e8gles de s\u00e9curit\u00e9<\/p>\n\n\n\n<h3 class=\"has-text-color wp-block-heading\" style=\"color:#42a2a4\">Les conditions d\u2019admission<\/h3>\n\n\n\n<p class=\"has-text-color\" style=\"color:#333333\">A partir de la troisi\u00e8me ou apr\u00e8s une seconde technologique<\/p>\n\n\n\n<h3 class=\"has-text-color wp-block-heading\" style=\"color:#42a2a4\">Mati\u00e8res enseign\u00e9es<\/h3>\n\n\n\n<ul class=\"has-text-color wp-block-list\" style=\"color:#333333\"><li>Fran\u00e7ais<\/li><li>Histoire \u2013 g\u00e9ographie<\/li><li>Math\u00e9matiques \/ Sciences<\/li><li>Anglais<\/li><li>Arts appliqu\u00e9s et Cultures Artistiques<\/li><li>Economie et Gestion<\/li><li>Education physique et sportive<\/li><li>Pr\u00e9vention Sant\u00e9 et Environnement<\/li><li>Construction<\/li><li>Enseignement professionnel<\/li><\/ul>\n\n\n\n<p class=\"has-text-color\" style=\"color:#42a2a4\"><strong>Les m\u00e9tiers<\/strong><\/p>\n\n\n\n<ul class=\"wp-block-list\"><li>monteur-c\u00e2bleur ou monteuse-c\u00e2bleuse ;<\/li><li>op\u00e9rateur ou op\u00e9ratrice en production sur machine CMS ;<\/li><li>technicien ou technicienne en design de cartes \u00e9lectroniques ;<\/li><li>technicien ou technicienne de c\u00e2blage et d\u2019int\u00e9gration d\u2019\u00e9quipements \u00e9lectroniques ;<\/li><li>technicien ou technicienne de r\u00e9paration d\u2019\u00e9quipements \u00e9lectroniques ;<\/li><li>agent de contr\u00f4le et de montage en \u00e9lectronique ;<\/li><li>agent de support technique client ;<\/li><li>technicien ou technicienne d\u2019installation (t\u00e9l\u00e9communications et radio, r\u00e9seaux informatiques, syst\u00e8mes de<\/li><li>s\u00e9curit\u00e9, alarme et d\u00e9tection incendie, etc.) ;<\/li><li>technicien ou technicienne de maintenance (r\u00e9seaux c\u00e2bl\u00e9s de communication en fibre optique, r\u00e9seaux<\/li><li>informatiques, syst\u00e8mes d\u2019alarme et de s\u00e9curit\u00e9 et de t\u00e9l\u00e9surveillance, syst\u00e8me de t\u00e9l\u00e9phonie IP et salle de<\/li><li>visio-conf\u00e9rence IP, etc.) ;<\/li><li>technicien ou technicienne en t\u00e9l\u00e9communications et r\u00e9seaux d\u2019entreprise.<\/li><\/ul>\n\n\n\n<p class=\"has-text-color\" style=\"color:#42a2a4\"><strong>Et apr\u00e8s quelques ann\u00e9es d\u2019exp\u00e9rience<\/strong><\/p>\n\n\n\n<ul class=\"has-text-color wp-block-list\" style=\"color:#333333\"><li>Chef d\u2019\u00e9quipe<\/li><li>Chef d\u2019atelier<\/li><\/ul>\n\n\n\n<p class=\"has-text-color\" style=\"color:#42a2a4\"><strong>Les poursuites d\u2019\u00e9tudes<\/strong><\/p>\n\n\n\n<ul class=\"has-text-color wp-block-list\" style=\"color:#333333\"><li>Divers BTS en informatique<\/li><li>Divers BUT en informatique<\/li><\/ul>\n\n\n\n<h3 class=\"has-text-color wp-block-heading\" style=\"color:#42a2a4\">Fiche m\u00e9tier <\/h3>\n\n\n\n<p class=\"has-text-color\" style=\"color:#42a2a4\"><a href=\"https:\/\/www.onisep.fr\/ressources\/univers-formation\/formations\/lycees\/bac-pro-cybersecurite-informatique-et-reseaux-electronique\">Fiche m\u00e9tier<\/a><\/p>\n","protected":false},"excerpt":{"rendered":"<p>Cybers\u00e9curit\u00e9 Informatique et r\u00e9seaux ELectronique Formation en 3 ans Les baccalaur\u00e9ats professionnels se pr\u00e9parent en 3 ans apr\u00e8s la 3e&nbsp;(2de&nbsp;pro, 1re&nbsp;pro et Tle&nbsp;pro) en lyc\u00e9e professionnel. Le cursus commence par une classe de 2de&nbsp;pro commune \u00e0 plusieurs sp\u00e9cialit\u00e9s de baccalaur\u00e9ats professionnels&#8230; Le titulaire du bac professionnel&nbsp;CIEL &#8211; Cybers\u00e9curit\u00e9, Informatique et r\u00e9seaux ELectroniques&nbsp;est un technicien capable [&hellip;]<\/p>\n","protected":false},"author":2,"featured_media":0,"parent":0,"menu_order":0,"comment_status":"closed","ping_status":"closed","template":"","meta":{"footnotes":""},"class_list":["post-439","page","type-page","status-publish","hentry","entry"],"_links":{"self":[{"href":"https:\/\/sites.ac-nancy-metz.fr\/lyc-jean-prouve-nancy\/wp-json\/wp\/v2\/pages\/439","targetHints":{"allow":["GET"]}}],"collection":[{"href":"https:\/\/sites.ac-nancy-metz.fr\/lyc-jean-prouve-nancy\/wp-json\/wp\/v2\/pages"}],"about":[{"href":"https:\/\/sites.ac-nancy-metz.fr\/lyc-jean-prouve-nancy\/wp-json\/wp\/v2\/types\/page"}],"author":[{"embeddable":true,"href":"https:\/\/sites.ac-nancy-metz.fr\/lyc-jean-prouve-nancy\/wp-json\/wp\/v2\/users\/2"}],"replies":[{"embeddable":true,"href":"https:\/\/sites.ac-nancy-metz.fr\/lyc-jean-prouve-nancy\/wp-json\/wp\/v2\/comments?post=439"}],"version-history":[{"count":61,"href":"https:\/\/sites.ac-nancy-metz.fr\/lyc-jean-prouve-nancy\/wp-json\/wp\/v2\/pages\/439\/revisions"}],"predecessor-version":[{"id":1303,"href":"https:\/\/sites.ac-nancy-metz.fr\/lyc-jean-prouve-nancy\/wp-json\/wp\/v2\/pages\/439\/revisions\/1303"}],"wp:attachment":[{"href":"https:\/\/sites.ac-nancy-metz.fr\/lyc-jean-prouve-nancy\/wp-json\/wp\/v2\/media?parent=439"}],"curies":[{"name":"wp","href":"https:\/\/api.w.org\/{rel}","templated":true}]}}