{"id":544,"date":"2022-06-16T09:13:55","date_gmt":"2022-06-16T07:13:55","guid":{"rendered":"https:\/\/sites.ac-nancy-metz.fr\/lyc-jean-prouve-nancy\/?page_id=544"},"modified":"2024-06-10T11:37:31","modified_gmt":"2024-06-10T09:37:31","slug":"transitions-numerique-et-energetique","status":"publish","type":"page","link":"https:\/\/sites.ac-nancy-metz.fr\/lyc-jean-prouve-nancy\/transitions-numerique-et-energetique\/","title":{"rendered":"Transitions Num\u00e9rique et Energ\u00e9tique"},"content":{"rendered":"\n<h1 class=\"has-text-color wp-block-heading\" style=\"color:#42a2a4\">Seconde TNE<\/h1>\n\n\n\n<p>M\u00e9tiers des Transitions Num\u00e9rique et Energ\u00e9tique<\/p>\n\n\n\n<p class=\"has-text-color\" style=\"color:#42a2a4\"><strong>L\u2019entr\u00e9e en seconde&nbsp;<em>TNE<\/em><\/strong><\/p>\n\n\n\n<p class=\"has-black-color has-text-color\">L\u2019ann\u00e9e de seconde est maintenant commune aux cinq sp\u00e9cialit\u00e9s MFER, CIEL et MELEC.<br>Le choix de la sp\u00e9cialit\u00e9 du bac pro ne se fait qu\u2019\u00e0 la fin de la seconde.<\/p>\n\n\n\n<p>Ton parcours est donc le suivant&nbsp;:<\/p>\n\n\n\n<p class=\"has-black-color has-text-color\">A la fin de la troisi\u00e8me au coll\u00e8ge, tu t\u2019inscris au lyc\u00e9e en seconde des M\u00e9tiers des Transitions Num\u00e9rique et Energ\u00e9tique ( 2nde TNE ).<\/p>\n\n\n\n<p class=\"has-black-color has-text-color\">Puis pendant l\u2019ann\u00e9e de 2nde TNE, tu effectues des TP et des activit\u00e9s pratiques dans le domaine de l\u2019\u00e9lectricit\u00e9 (MELEC), de l\u2019\u00e9nerg\u00e9tique (MFER) et des syst\u00e8mes num\u00e9riques (SN). Cela te permet de te d\u00e9terminer quel domaine tu pr\u00e9f\u00e8res.<\/p>\n\n\n\n<p class=\"has-black-color has-text-color\">En fin d\u2019ann\u00e9e de seconde tu fais des v\u0153ux dans un des trois baccalaur\u00e9ats correspondant \u00e0 cette famille de m\u00e9tiers, soit&nbsp;:<\/p>\n\n\n\n<ul class=\"wp-block-list\"><li><a href=\"https:\/\/sites.ac-nancy-metz.fr\/lyc-jean-prouve-nancy\/systemes-numeriques\/\">Le bac pro CIEL (Cybers\u00e9curit\u00e9 Informatique Et R\u00e9seaux \u00c9lectroniques) <\/a><\/li><li><a href=\"https:\/\/sites.ac-nancy-metz.fr\/lyc-jean-prouve-nancy\/melec\/\">Le bac pro MELEC (M\u00e9tiers de l\u2019Electricit\u00e9 et de ses Environnements Connect\u00e9s)<\/a><\/li><li><a href=\"https:\/\/sites.ac-nancy-metz.fr\/lyc-jean-prouve-nancy\/mfer\/\">Le bac pro MFER (M\u00e9tiers du Froid et des \u00c9nergies Renouvelables)<\/a><\/li><li>Le bac pro ICCER (Installateur en Chauffage, Climatisation et Energies Renouvelables)<\/li><li>Le bac pro MEE (Maintenance et Efficacit\u00e9 Energ\u00e9tique)<\/li><\/ul>\n\n\n\n<style>\n    .textWithBlurredBg{\n        width:160px; \n        height:auto;\n        display:inline-block;\n        position:relative;\n        transition:.3s;\n        margin:4px;\n     }\n\n      .textWithBlurredBg img{\n        width:100%;\n        height:100%;\n        transition:.3s;\n        border-radius:50%;\n     }\n\n      .textWithBlurredBg img{\n        filter:blur(1px) brightness(80%);\n        box-shadow:0 0 16px cyan;\n\t\ttransition: 1s;\n    }\n\t.textWithBlurredBg:hover img{\n        filter:blur(1px) brightness(80%);\n        box-shadow:0 0 16px #c72d16;\n\t\ttransition: 1s;\n    }\n\n      .textWithBlurredBg :not(img){\n        position:absolute;\n        z-index:1;\n        top:50%;\n        left: 50%;\n        width:100%;\n        text-align: center;\n        font-size: 12;\n        color:#fff;\n        opacity:1;\n        transition:.4s;\n        transform: translate(-50%, -50%);\n      }\n\n      .textWithBlurredBg:hover :not(img){\n        opacity:1;\n      }\n    @media (width:320px) {\n        .textWithBlurredBg{\n          left: 50%;\n          top: 50%;\n        transform: translate(-50%,-25%);\n      }\n    }\n    @media (width:345px) {\n      .textWithBlurredBg{\n        left: 50%;\n        top: 50%;\n        transform: translate(-50%,-25%);\n      }\n    }\n    \n    @media (width:425px) {\n        .textWithBlurredBg{\n          left: 25%;\n          top: 50%;\n          transform: translate(-50%,-25%);\n        }\n    }\n    @media (width:768px) {\n        .textWithBlurredBg{\n          left: 36%;\n          top: 50%;\n          transform: translate(-50%,-25%);\n          \n        }\n    }\n\t@media (hover:none){.textWithBlurredBg :not(img){\n        opacity:1;\n      }\n\t}\n\t@media(hover:none){.textWithBlurredBg img{\n        filter:blur(1px) brightness(80%);\n        box-shadow:0 0 16px cyan;\n    }\n}\n\n@media (width:375px){\n\t.textWithBlurredBg{\n\t\tleft: 25%;\n\t}\n}\n\n\n\n .centrer{text-align:center;}\n  <\/style>\n<br><a href=\"https:\/\/sites.ac-nancy-metz.fr\/lyc-jean-prouve-nancy\/systemes-numeriques\/\" class=\"textWithBlurredBg\">\n        <img decoding=\"async\" src=\"..\/mini-sn.jpg\">\n        <p>Cybers\u00e9curit\u00e9 Informatique et r\u00e9seaux ELectroniques<\/p>\n    <\/a>\n    <a href=\"les-formations-de-l-ufa\/\" class=\"textWithBlurredBg\">\n        <img decoding=\"async\" src=\"..\/mini-melec.jpg\">\n        <p>M\u00e9tiers de l&rsquo;\u00e9lectricit\u00e9 et de ses Environnements Connect\u00e9s<\/p>\n    <\/a>\n<a href=\"les-formations-du-lycee\/\" class=\"textWithBlurredBg\">\n        <img decoding=\"async\" src=\"..\/mini-mfer.jpg\">\n        <p>M\u00e9tiers du Froid des Energies Renouvelables<\/p>\n    <\/a>\n    <br><p> <\/p>\n\n\n\n<p class=\"has-text-color\" style=\"color:#42a2a4\"><strong>Toujours 3 ans pour te&nbsp;<em>former<\/em><\/strong><\/p>\n\n\n\n<p class=\"has-black-color has-text-color\">La nouvelle classe de seconde professionnelle, permet d\u2019\u00e9tudier les points communs aux diff\u00e9rentes formations dans la famille de m\u00e9tiers TNE.<br>Par exemple :<\/p>\n\n\n\n<ul class=\"wp-block-list\"><li>Le d\u00e9ploiement de la fibre optique et des c\u00e2blages informatiques VDI<\/li><li>La domotique et les objets connect\u00e9s num\u00e9riques<\/li><li>Le fonctionnement de base des r\u00e9seaux informatiques<\/li><li>Les bases du c\u00e2blage \u00e9lectrique et des syst\u00e8mes connect\u00e9s \u00e0 domicile ou dans l\u2019industrie<\/li><li>la gestion de l\u2019\u00e9nergie et la transformation des syst\u00e8mes pour tenir compte des enjeux climatiques&nbsp;: la transition \u00e9nerg\u00e9tique.<\/li><\/ul>\n\n\n\n<p class=\"has-text-color\" style=\"color:#42a2a4\"><strong>Des stages en entreprise (PFMP)&nbsp;:<\/strong><\/p>\n\n\n\n<p class=\"has-black-color has-text-color\">Afin de consolider le choix d\u2019orientation, 2 p\u00e9riodes de stages de 3 semaines sont organis\u00e9es dans le champ de ton choix.<\/p>\n\n\n\n<h3 class=\"has-text-color wp-block-heading\" style=\"color:#42a2a4\">Fiche m\u00e9tier<\/h3>\n\n\n\n<p><a href=\"https:\/\/www.onisep.fr\/ressources\/univers-formation\/formations\/lycees\/classe-de-2de-professionnelle-metiers-des-transitions-numerique-et-energetique\">Fiche Onisep<\/a><\/p>\n","protected":false},"excerpt":{"rendered":"<p>Seconde TNE M\u00e9tiers des Transitions Num\u00e9rique et Energ\u00e9tique L\u2019entr\u00e9e en seconde&nbsp;TNE L\u2019ann\u00e9e de seconde est maintenant commune aux cinq sp\u00e9cialit\u00e9s MFER, CIEL et MELEC.Le choix de la sp\u00e9cialit\u00e9 du bac pro ne se fait qu\u2019\u00e0 la fin de la seconde. Ton parcours est donc le suivant&nbsp;: A la fin de la troisi\u00e8me au coll\u00e8ge, tu [&hellip;]<\/p>\n","protected":false},"author":2,"featured_media":0,"parent":0,"menu_order":0,"comment_status":"closed","ping_status":"closed","template":"","meta":{"footnotes":""},"class_list":["post-544","page","type-page","status-publish","hentry","entry"],"_links":{"self":[{"href":"https:\/\/sites.ac-nancy-metz.fr\/lyc-jean-prouve-nancy\/wp-json\/wp\/v2\/pages\/544","targetHints":{"allow":["GET"]}}],"collection":[{"href":"https:\/\/sites.ac-nancy-metz.fr\/lyc-jean-prouve-nancy\/wp-json\/wp\/v2\/pages"}],"about":[{"href":"https:\/\/sites.ac-nancy-metz.fr\/lyc-jean-prouve-nancy\/wp-json\/wp\/v2\/types\/page"}],"author":[{"embeddable":true,"href":"https:\/\/sites.ac-nancy-metz.fr\/lyc-jean-prouve-nancy\/wp-json\/wp\/v2\/users\/2"}],"replies":[{"embeddable":true,"href":"https:\/\/sites.ac-nancy-metz.fr\/lyc-jean-prouve-nancy\/wp-json\/wp\/v2\/comments?post=544"}],"version-history":[{"count":29,"href":"https:\/\/sites.ac-nancy-metz.fr\/lyc-jean-prouve-nancy\/wp-json\/wp\/v2\/pages\/544\/revisions"}],"predecessor-version":[{"id":1309,"href":"https:\/\/sites.ac-nancy-metz.fr\/lyc-jean-prouve-nancy\/wp-json\/wp\/v2\/pages\/544\/revisions\/1309"}],"wp:attachment":[{"href":"https:\/\/sites.ac-nancy-metz.fr\/lyc-jean-prouve-nancy\/wp-json\/wp\/v2\/media?parent=544"}],"curies":[{"name":"wp","href":"https:\/\/api.w.org\/{rel}","templated":true}]}}