{"id":718,"date":"2022-06-23T14:12:22","date_gmt":"2022-06-23T12:12:22","guid":{"rendered":"https:\/\/sites.ac-nancy-metz.fr\/lyc-jean-prouve-nancy\/?page_id=718"},"modified":"2024-05-23T13:25:52","modified_gmt":"2024-05-23T11:25:52","slug":"melec","status":"publish","type":"page","link":"https:\/\/sites.ac-nancy-metz.fr\/lyc-jean-prouve-nancy\/melec\/","title":{"rendered":"MELEC"},"content":{"rendered":"\n<h1 class=\"has-text-color wp-block-heading\" style=\"color:#42a2a4\">M\u00e9tiers de l&rsquo;\u00c9lectricit\u00e9 et de ses Environnements Connect\u00e9s<\/h1>\n\n\n\n<p><a href=\"http:\/\/www4.ac-nancy-metz.fr\/lyc-jeanprouvenancy\/spip.php?article171\"><\/a><\/p>\n\n\n\n<figure class=\"wp-block-image size-full\"><img loading=\"lazy\" decoding=\"async\" width=\"1024\" height=\"346\" src=\"https:\/\/sites.ac-nancy-metz.fr\/lyc-jean-prouve-nancy\/wp-content\/uploads\/2022\/06\/imagemelec.png\" alt=\"\" class=\"wp-image-905\" srcset=\"https:\/\/sites.ac-nancy-metz.fr\/lyc-jean-prouve-nancy\/wp-content\/uploads\/2022\/06\/imagemelec.png 1024w, https:\/\/sites.ac-nancy-metz.fr\/lyc-jean-prouve-nancy\/wp-content\/uploads\/2022\/06\/imagemelec-300x101.png 300w, https:\/\/sites.ac-nancy-metz.fr\/lyc-jean-prouve-nancy\/wp-content\/uploads\/2022\/06\/imagemelec-768x260.png 768w\" sizes=\"auto, (max-width: 1024px) 100vw, 1024px\" \/><\/figure>\n\n\n\n<h3 class=\"has-text-color wp-block-heading\" style=\"color:#42a2a4\">Formation en 3 ans<\/h3>\n\n\n\n<p>Le titulaire du Bac Pro MELEC intervient dans la production, le transport, la distribution et la transformation de l\u2019\u00e9nergie.<br>Ses activit\u00e9s s\u2019ex\u00e9cutent dans la mise en \u0153uvre, l\u2019utilisation et la maintenance des installations et des \u00e9quipements \u00e9lectriques. Il s\u2019ex\u00e9cute \u00e9galement dans les r\u00e9seaux v\u00e9hiculant les donn\u00e9es, les images et la voix.<br>Ses comp\u00e9tences lui permettent de travailler en autonomie et mener une \u00e9quipe.<\/p>\n\n\n\n<h3 class=\"has-text-color wp-block-heading\" style=\"color:#42a2a4\">Formation en milieu professionnel<\/h3>\n\n\n\n<p>La p\u00e9riode de formation en milieu professionnel est de 20 semaines sur 3 ans.<\/p>\n\n\n\n<h3 class=\"has-text-color wp-block-heading\" style=\"color:#42a2a4\">Mati\u00e8res enseign\u00e9es<\/h3>\n\n\n\n<ul class=\"wp-block-list\"><li>Fran\u00e7ais<\/li><li>Histoire \u2013 g\u00e9ographie<\/li><li>Math\u00e9matiques \/ Sciences<\/li><li>Anglais<\/li><li>Arts appliqu\u00e9s et Cultures Artistiques<\/li><li>Economie et Gestion<\/li><li>Education physique et sportive<\/li><li>Pr\u00e9vention Sant\u00e9 et Environnement<\/li><li>Construction<\/li><li>Enseignement professionnel<\/li><\/ul>\n\n\n\n<h3 class=\"has-text-color wp-block-heading\" style=\"color:#42a2a4\">Les conditions d\u2019admission<\/h3>\n\n\n\n<p>A partir de la troisi\u00e8me ou apr\u00e8s une seconde technologique<\/p>\n\n\n\n<h3 class=\"has-text-color wp-block-heading\" style=\"color:#42a2a4\">Aptitudes<\/h3>\n\n\n\n<p>Respectueux de la s\u00e9curit\u00e9<br>Dynamique, soigneux et pr\u00e9cis<br>Rigoureux et m\u00e9thodique<\/p>\n\n\n\n<h3 class=\"has-text-color wp-block-heading\" style=\"color:#42a2a4\"><strong>Les m\u00e9tiers<\/strong><\/h3>\n\n\n\n<ul class=\"wp-block-list\"><li>Installation domestique<\/li><li>Installation industrielle<\/li><li>T\u00e9l\u00e9communications et r\u00e9seaux \u00e9lectrodomestiques<\/li><li>Installateur d\u2019alarmes<\/li><li>Technique de mise en service<\/li><li>Technicien de maintenance<\/li><\/ul>\n\n\n\n<p class=\"has-text-color\" style=\"color:#42a2a4\"><strong>Les poursuites d\u2019\u00e9tudes<\/strong><\/p>\n\n\n\n<ul class=\"wp-block-list\"><li>BTS<\/li><li>BUT<\/li><\/ul>\n\n\n\n<h3 class=\"has-text-color wp-block-heading\" style=\"color:#42a2a4\">Fiche m\u00e9tier<\/h3>\n\n\n\n<p><a href=\"http:\/\/www.onisep.fr\/Ressources\/Univers-Metier\/Metiers\/electricien-ne-installateur-trice\">Fiche m\u00e9tier<\/a><\/p>\n\n\n\n<h2 class=\"has-text-color wp-block-heading\" style=\"color:#42a2a4\">Documents joints<\/h2>\n\n\n\n<div class=\"wp-block-file\"><a id=\"wp-block-file--media-0f1a7c51-e3de-4f76-bcbb-735b41400eaa\" href=\"https:\/\/sites.ac-nancy-metz.fr\/lyc-jean-prouve-nancy\/wp-content\/uploads\/2022\/06\/melec.pdf\">melec<\/a><a href=\"https:\/\/sites.ac-nancy-metz.fr\/lyc-jean-prouve-nancy\/wp-content\/uploads\/2022\/06\/melec.pdf\" class=\"wp-block-file__button\" download aria-describedby=\"wp-block-file--media-0f1a7c51-e3de-4f76-bcbb-735b41400eaa\">T\u00e9l\u00e9charger<\/a><\/div>\n","protected":false},"excerpt":{"rendered":"<p>M\u00e9tiers de l&rsquo;\u00c9lectricit\u00e9 et de ses Environnements Connect\u00e9s Formation en 3 ans Le titulaire du Bac Pro MELEC intervient dans la production, le transport, la distribution et la transformation de l\u2019\u00e9nergie.Ses activit\u00e9s s\u2019ex\u00e9cutent dans la mise en \u0153uvre, l\u2019utilisation et la maintenance des installations et des \u00e9quipements \u00e9lectriques. Il s\u2019ex\u00e9cute \u00e9galement dans les r\u00e9seaux v\u00e9hiculant [&hellip;]<\/p>\n","protected":false},"author":2,"featured_media":0,"parent":0,"menu_order":0,"comment_status":"closed","ping_status":"closed","template":"","meta":{"footnotes":""},"class_list":["post-718","page","type-page","status-publish","hentry","entry"],"_links":{"self":[{"href":"https:\/\/sites.ac-nancy-metz.fr\/lyc-jean-prouve-nancy\/wp-json\/wp\/v2\/pages\/718","targetHints":{"allow":["GET"]}}],"collection":[{"href":"https:\/\/sites.ac-nancy-metz.fr\/lyc-jean-prouve-nancy\/wp-json\/wp\/v2\/pages"}],"about":[{"href":"https:\/\/sites.ac-nancy-metz.fr\/lyc-jean-prouve-nancy\/wp-json\/wp\/v2\/types\/page"}],"author":[{"embeddable":true,"href":"https:\/\/sites.ac-nancy-metz.fr\/lyc-jean-prouve-nancy\/wp-json\/wp\/v2\/users\/2"}],"replies":[{"embeddable":true,"href":"https:\/\/sites.ac-nancy-metz.fr\/lyc-jean-prouve-nancy\/wp-json\/wp\/v2\/comments?post=718"}],"version-history":[{"count":10,"href":"https:\/\/sites.ac-nancy-metz.fr\/lyc-jean-prouve-nancy\/wp-json\/wp\/v2\/pages\/718\/revisions"}],"predecessor-version":[{"id":1208,"href":"https:\/\/sites.ac-nancy-metz.fr\/lyc-jean-prouve-nancy\/wp-json\/wp\/v2\/pages\/718\/revisions\/1208"}],"wp:attachment":[{"href":"https:\/\/sites.ac-nancy-metz.fr\/lyc-jean-prouve-nancy\/wp-json\/wp\/v2\/media?parent=718"}],"curies":[{"name":"wp","href":"https:\/\/api.w.org\/{rel}","templated":true}]}}