{"id":725,"date":"2022-06-23T14:19:30","date_gmt":"2022-06-23T12:19:30","guid":{"rendered":"https:\/\/sites.ac-nancy-metz.fr\/lyc-jean-prouve-nancy\/?page_id=725"},"modified":"2024-06-13T22:30:58","modified_gmt":"2024-06-13T20:30:58","slug":"mfer","status":"publish","type":"page","link":"https:\/\/sites.ac-nancy-metz.fr\/lyc-jean-prouve-nancy\/mfer\/","title":{"rendered":"MFER"},"content":{"rendered":"\n<h1 class=\"has-text-color wp-block-heading\" style=\"color:#42a2a4\">Bac pro M\u00e9tiers du Froid et des Energies Renouvelables<\/h1>\n\n\n\n<p>Ex Technicien du Froid et du Conditionnement de l\u2019Air (TFCA)<a href=\"http:\/\/www4.ac-nancy-metz.fr\/lyc-jeanprouvenancy\/spip.php?article170\"><\/a><\/p>\n\n\n\n<figure class=\"wp-block-image size-large\"><img loading=\"lazy\" decoding=\"async\" width=\"1024\" height=\"346\" src=\"https:\/\/sites.ac-nancy-metz.fr\/lyc-jean-prouve-nancy\/wp-content\/uploads\/2022\/06\/imagemfer-1024x346.jpg\" alt=\"\" class=\"wp-image-908\" srcset=\"https:\/\/sites.ac-nancy-metz.fr\/lyc-jean-prouve-nancy\/wp-content\/uploads\/2022\/06\/imagemfer-1024x346.jpg 1024w, https:\/\/sites.ac-nancy-metz.fr\/lyc-jean-prouve-nancy\/wp-content\/uploads\/2022\/06\/imagemfer-300x101.jpg 300w, https:\/\/sites.ac-nancy-metz.fr\/lyc-jean-prouve-nancy\/wp-content\/uploads\/2022\/06\/imagemfer-768x259.jpg 768w, https:\/\/sites.ac-nancy-metz.fr\/lyc-jean-prouve-nancy\/wp-content\/uploads\/2022\/06\/imagemfer-1536x518.jpg 1536w, https:\/\/sites.ac-nancy-metz.fr\/lyc-jean-prouve-nancy\/wp-content\/uploads\/2022\/06\/imagemfer-2048x691.jpg 2048w\" sizes=\"auto, (max-width: 1024px) 100vw, 1024px\" \/><\/figure>\n\n\n\n<h3 class=\"has-text-color wp-block-heading\" style=\"color:#42a2a4\">Formation en 3 ans<\/h3>\n\n\n\n<p>Les syst\u00e8mes de production de froid et de traitement d\u2019air sont des machines de haute technologie.<br>Le titulaire du Bac Pro TFCA intervient dans la production de froid commercial et industriel. Ses activit\u00e9s consistent \u00e0 installer, d\u00e9panner et maintenir en bon \u00e9tat de fonctionnement les \u00e9quipements de types chambres froides et meubles r\u00e9frig\u00e9r\u00e9s ainsi que les centrales de traitement d\u2019air industrielles et de confort. Ses comp\u00e9tences lui permettent de travailler en autonomie ou d\u2019encadrer une \u00e9quipe.<\/p>\n\n\n\n<iframe loading=\"lazy\" width=\"560\" height=\"370\" src=\"https:\/\/www.youtube.com\/embed\/O0yk9RW_7NM\" title=\"YouTube video player\" frameborder=\"0\" allow=\"accelerometer; autoplay; clipboard-write; encrypted-media; gyroscope; picture-in-picture\" allowfullscreen=\"\"><\/iframe>\n\n\n\n<h3 class=\"has-text-color wp-block-heading\" style=\"color:#42a2a4\">Formation en milieu professionnel<\/h3>\n\n\n\n<p>La p\u00e9riode de formation en milieu professionnel est de 20 semaines sur 3 ans.<\/p>\n\n\n\n<h3 class=\"has-text-color wp-block-heading\" style=\"color:#42a2a4\">Aptitudes<\/h3>\n\n\n\n<p>Autonome, volontaire<br>Dynamique, soigneux et pr\u00e9cis<br>Rigoureux et m\u00e9thodique<\/p>\n\n\n\n<h3 class=\"has-text-color wp-block-heading\" style=\"color:#42a2a4\">Les conditions d\u2019admission<\/h3>\n\n\n\n<p>A partir de la troisi\u00e8me ou apr\u00e8s une seconde technologique<\/p>\n\n\n\n<h3 class=\"has-text-color wp-block-heading\" style=\"color:#42a2a4\">Mati\u00e8res enseign\u00e9es<\/h3>\n\n\n\n<ul class=\"wp-block-list\"><li>Fran\u00e7ais<\/li><li>Histoire \u2013 g\u00e9ographie<\/li><li>Math\u00e9matiques \/ Sciences<\/li><li>Anglais<\/li><li>Pr\u00e9vention sant\u00e9 environnement<\/li><li>Arts appliqu\u00e9s et Cultures Artistiques<\/li><li>Economie et Gestion<\/li><li>Education physique et sportive<\/li><li>Construction<\/li><li>Enseignement professionnel<\/li><\/ul>\n\n\n\n<p class=\"has-text-color\" style=\"color:#42a2a4\"><strong>Les m\u00e9tiers<\/strong><\/p>\n\n\n\n<ul class=\"wp-block-list\"><li>Technicien monteur en froid<\/li><li>Technicien d\u00e9panneur<\/li><li>Technicien de maintenance<\/li><\/ul>\n\n\n\n<p class=\"has-text-color\" style=\"color:#42a2a4\"><strong>Et apr\u00e8s quelques ann\u00e9es d\u2019exp\u00e9rience<\/strong><\/p>\n\n\n\n<ul class=\"wp-block-list\"><li>Chef d\u2019\u00e9quipe<\/li><li>Chef de chantier<\/li><li>Charg\u00e9 d\u2019affaires<\/li><\/ul>\n\n\n\n<p class=\"has-text-color\" style=\"color:#42a2a4\"><strong>Les poursuites d\u2019\u00e9tudes<\/strong><\/p>\n\n\n\n<ul class=\"wp-block-list\"><li>BTS<\/li><li>DUT<\/li><\/ul>\n\n\n\n<h3 class=\"has-text-color wp-block-heading\" style=\"color:#42a2a4\">Fiche m\u00e9tier<\/h3>\n\n\n\n<p><a href=\"https:\/\/www.onisep.fr\/ressources\/univers-formation\/formations\/lycees\/bac-pro-metiers-du-froid-et-des-energies-renouvelables\">Fiche m\u00e9tier<\/a><\/p>\n\n\n\n<h2 class=\"has-text-color wp-block-heading\" style=\"color:#42a2a4\">Documents joints<\/h2>\n\n\n\n<div class=\"wp-block-file\"><a id=\"wp-block-file--media-0bc2656e-beac-48a1-a41d-a73c5f8d4651\" href=\"https:\/\/sites.ac-nancy-metz.fr\/lyc-jean-prouve-nancy\/wp-content\/uploads\/2022\/06\/tfca.pdf\">MFER<\/a><a href=\"https:\/\/sites.ac-nancy-metz.fr\/lyc-jean-prouve-nancy\/wp-content\/uploads\/2022\/06\/tfca.pdf\" class=\"wp-block-file__button\" download aria-describedby=\"wp-block-file--media-0bc2656e-beac-48a1-a41d-a73c5f8d4651\">T\u00e9l\u00e9charger<\/a><\/div>\n","protected":false},"excerpt":{"rendered":"<p>Bac pro M\u00e9tiers du Froid et des Energies Renouvelables Ex Technicien du Froid et du Conditionnement de l\u2019Air (TFCA) Formation en 3 ans Les syst\u00e8mes de production de froid et de traitement d\u2019air sont des machines de haute technologie.Le titulaire du Bac Pro TFCA intervient dans la production de froid commercial et industriel. Ses activit\u00e9s [&hellip;]<\/p>\n","protected":false},"author":2,"featured_media":0,"parent":0,"menu_order":0,"comment_status":"closed","ping_status":"closed","template":"","meta":{"footnotes":""},"class_list":["post-725","page","type-page","status-publish","hentry","entry"],"_links":{"self":[{"href":"https:\/\/sites.ac-nancy-metz.fr\/lyc-jean-prouve-nancy\/wp-json\/wp\/v2\/pages\/725","targetHints":{"allow":["GET"]}}],"collection":[{"href":"https:\/\/sites.ac-nancy-metz.fr\/lyc-jean-prouve-nancy\/wp-json\/wp\/v2\/pages"}],"about":[{"href":"https:\/\/sites.ac-nancy-metz.fr\/lyc-jean-prouve-nancy\/wp-json\/wp\/v2\/types\/page"}],"author":[{"embeddable":true,"href":"https:\/\/sites.ac-nancy-metz.fr\/lyc-jean-prouve-nancy\/wp-json\/wp\/v2\/users\/2"}],"replies":[{"embeddable":true,"href":"https:\/\/sites.ac-nancy-metz.fr\/lyc-jean-prouve-nancy\/wp-json\/wp\/v2\/comments?post=725"}],"version-history":[{"count":14,"href":"https:\/\/sites.ac-nancy-metz.fr\/lyc-jean-prouve-nancy\/wp-json\/wp\/v2\/pages\/725\/revisions"}],"predecessor-version":[{"id":1340,"href":"https:\/\/sites.ac-nancy-metz.fr\/lyc-jean-prouve-nancy\/wp-json\/wp\/v2\/pages\/725\/revisions\/1340"}],"wp:attachment":[{"href":"https:\/\/sites.ac-nancy-metz.fr\/lyc-jean-prouve-nancy\/wp-json\/wp\/v2\/media?parent=725"}],"curies":[{"name":"wp","href":"https:\/\/api.w.org\/{rel}","templated":true}]}}