{"id":729,"date":"2022-06-23T14:23:39","date_gmt":"2022-06-23T12:23:39","guid":{"rendered":"https:\/\/sites.ac-nancy-metz.fr\/lyc-jean-prouve-nancy\/?page_id=729"},"modified":"2024-06-10T10:25:04","modified_gmt":"2024-06-10T08:25:04","slug":"prd","status":"publish","type":"page","link":"https:\/\/sites.ac-nancy-metz.fr\/lyc-jean-prouve-nancy\/prd\/","title":{"rendered":"PRD"},"content":{"rendered":"\n<h1 class=\"has-text-color wp-block-heading\" style=\"color:#42a2a4\">Proth\u00e9siste Dentaire<\/h1>\n\n\n\n<p><a href=\"http:\/\/www4.ac-nancy-metz.fr\/lyc-jeanprouvenancy\/spip.php?article165\"><\/a><\/p>\n\n\n\n<figure class=\"wp-block-image size-full\"><img loading=\"lazy\" decoding=\"async\" width=\"1024\" height=\"268\" src=\"https:\/\/sites.ac-nancy-metz.fr\/lyc-jean-prouve-nancy\/wp-content\/uploads\/2022\/06\/imageprd.png\" alt=\"\" class=\"wp-image-900\" srcset=\"https:\/\/sites.ac-nancy-metz.fr\/lyc-jean-prouve-nancy\/wp-content\/uploads\/2022\/06\/imageprd.png 1024w, https:\/\/sites.ac-nancy-metz.fr\/lyc-jean-prouve-nancy\/wp-content\/uploads\/2022\/06\/imageprd-300x79.png 300w, https:\/\/sites.ac-nancy-metz.fr\/lyc-jean-prouve-nancy\/wp-content\/uploads\/2022\/06\/imageprd-768x201.png 768w\" sizes=\"auto, (max-width: 1024px) 100vw, 1024px\" \/><\/figure>\n\n\n\n<iframe loading=\"lazy\" width=\"560\" height=\"370\" src=\"https:\/\/www.youtube.com\/embed\/pHAO53aX0zA\" title=\"YouTube video player\" frameborder=\"0\" allow=\"accelerometer; autoplay; clipboard-write; encrypted-media; gyroscope; picture-in-picture\" allowfullscreen=\"\"><\/iframe>\n\n\n\n<h3 class=\"has-text-color wp-block-heading\" style=\"color:#42a2a4\">Formation en 3 ans<\/h3>\n\n\n\n<p>Le proth\u00e9siste dentaire con\u00e7oit et fabrique les proth\u00e8ses dentaires \u00e0 partir des empreintes qu\u2019il re\u00e7oit d\u2019un dentiste.<br>Il peut aussi une fois la proth\u00e8se termin\u00e9e, intervenir \u00e0 nouveau pour des finitions, des modifications ou des r\u00e9parations.<br>Le BAC Pro de Proth\u00e9siste Dentaire permet d\u2019exercer dans un laboratoire.<br>Le programme d\u2019enseignement comprend notamment des mati\u00e8res telles que l\u2019anatomie dentaire, l\u2019\u00e9tude des mat\u00e9riaux, le dessin technique, la gestion de l\u2019entreprise.<\/p>\n\n\n\n<h3 class=\"has-text-color wp-block-heading\" style=\"color:#42a2a4\">Formation en milieu professionnel<\/h3>\n\n\n\n<p>La p\u00e9riode de formation en milieu professionnel est de 20 semaines sur 3 ans.<\/p>\n\n\n\n<h3 class=\"has-text-color wp-block-heading\" style=\"color:#42a2a4\">Aptitudes<\/h3>\n\n\n\n<p>Dynamique, soigneux et pr\u00e9cis<br>Rigoureux et m\u00e9thodique<\/p>\n\n\n\n<h3 class=\"has-text-color wp-block-heading\" style=\"color:#42a2a4\">Les conditions d\u2019admission<\/h3>\n\n\n\n<p>A partir de la troisi\u00e8me ou apr\u00e8s une seconde technologique<\/p>\n\n\n\n<h3 class=\"has-text-color wp-block-heading\" style=\"color:#42a2a4\">Mati\u00e8res enseign\u00e9es<\/h3>\n\n\n\n<ul class=\"wp-block-list\"><li>Fran\u00e7ais<\/li><li>Histoire \u2013 g\u00e9ographie<\/li><li>Math\u00e9matiques \/ Sciences<\/li><li>Anglais<\/li><li>Pr\u00e9vention sant\u00e9 environnement<\/li><li>Arts appliqu\u00e9s et Cultures Artistiques<\/li><li>Education physique et sportive<\/li><li>Pr\u00e9vention Sant\u00e9 et Environnement<\/li><li>Hygi\u00e8ne Sant\u00e9 et Condition de Travail<\/li><li>Proth\u00e8se Dentaire<\/li><\/ul>\n\n\n\n<p class=\"has-text-color\" style=\"color:#42a2a4\"><strong>Les m\u00e9tiers<\/strong><\/p>\n\n\n\n<ul class=\"wp-block-list\"><li>Proth\u00e9siste Dentaire en Laboratoire<\/li><li>Proth\u00e9siste Dentaire en tant que lib\u00e9ral<\/li><\/ul>\n\n\n\n<p class=\"has-text-color\" style=\"color:#42a2a4\"><strong>Les poursuites d\u2019\u00e9tudes<\/strong><\/p>\n\n\n\n<ul class=\"wp-block-list\"><li>BTM Proth\u00e9siste Dentaire (formation en Alternance)<\/li><li>BTS Proth\u00e9siste Dentaire (depuis 2012)<\/li><\/ul>\n\n\n\n<h3 class=\"has-text-color wp-block-heading\" style=\"color:#42a2a4\">Fiche m\u00e9tier &amp; Vid\u00e9o<\/h3>\n\n\n\n<p><a href=\"http:\/\/www.onisep.fr\/Ressources\/Univers-Metier\/Metiers\/prothesiste-dentaire\">Video + Fiche Onisep<\/a><\/p>\n\n\n\n<h2 class=\"has-text-color wp-block-heading\" style=\"color:#42a2a4\">Documents joints<\/h2>\n\n\n\n<div class=\"wp-block-file\"><a id=\"wp-block-file--media-8817377f-f8a7-4e72-b232-8c8ebd93b95e\" href=\"https:\/\/sites.ac-nancy-metz.fr\/lyc-jean-prouve-nancy\/wp-content\/uploads\/2022\/06\/prd.pdf\">prd<\/a><a href=\"https:\/\/sites.ac-nancy-metz.fr\/lyc-jean-prouve-nancy\/wp-content\/uploads\/2022\/06\/prd.pdf\" class=\"wp-block-file__button\" download aria-describedby=\"wp-block-file--media-8817377f-f8a7-4e72-b232-8c8ebd93b95e\">T\u00e9l\u00e9charger<\/a><\/div>\n","protected":false},"excerpt":{"rendered":"<p>Proth\u00e9siste Dentaire Formation en 3 ans Le proth\u00e9siste dentaire con\u00e7oit et fabrique les proth\u00e8ses dentaires \u00e0 partir des empreintes qu\u2019il re\u00e7oit d\u2019un dentiste.Il peut aussi une fois la proth\u00e8se termin\u00e9e, intervenir \u00e0 nouveau pour des finitions, des modifications ou des r\u00e9parations.Le BAC Pro de Proth\u00e9siste Dentaire permet d\u2019exercer dans un laboratoire.Le programme d\u2019enseignement comprend notamment [&hellip;]<\/p>\n","protected":false},"author":2,"featured_media":0,"parent":0,"menu_order":0,"comment_status":"closed","ping_status":"closed","template":"","meta":{"footnotes":""},"class_list":["post-729","page","type-page","status-publish","hentry","entry"],"_links":{"self":[{"href":"https:\/\/sites.ac-nancy-metz.fr\/lyc-jean-prouve-nancy\/wp-json\/wp\/v2\/pages\/729","targetHints":{"allow":["GET"]}}],"collection":[{"href":"https:\/\/sites.ac-nancy-metz.fr\/lyc-jean-prouve-nancy\/wp-json\/wp\/v2\/pages"}],"about":[{"href":"https:\/\/sites.ac-nancy-metz.fr\/lyc-jean-prouve-nancy\/wp-json\/wp\/v2\/types\/page"}],"author":[{"embeddable":true,"href":"https:\/\/sites.ac-nancy-metz.fr\/lyc-jean-prouve-nancy\/wp-json\/wp\/v2\/users\/2"}],"replies":[{"embeddable":true,"href":"https:\/\/sites.ac-nancy-metz.fr\/lyc-jean-prouve-nancy\/wp-json\/wp\/v2\/comments?post=729"}],"version-history":[{"count":8,"href":"https:\/\/sites.ac-nancy-metz.fr\/lyc-jean-prouve-nancy\/wp-json\/wp\/v2\/pages\/729\/revisions"}],"predecessor-version":[{"id":1299,"href":"https:\/\/sites.ac-nancy-metz.fr\/lyc-jean-prouve-nancy\/wp-json\/wp\/v2\/pages\/729\/revisions\/1299"}],"wp:attachment":[{"href":"https:\/\/sites.ac-nancy-metz.fr\/lyc-jean-prouve-nancy\/wp-json\/wp\/v2\/media?parent=729"}],"curies":[{"name":"wp","href":"https:\/\/api.w.org\/{rel}","templated":true}]}}