{"id":735,"date":"2022-06-23T14:27:28","date_gmt":"2022-06-23T12:27:28","guid":{"rendered":"https:\/\/sites.ac-nancy-metz.fr\/lyc-jean-prouve-nancy\/?page_id=735"},"modified":"2024-05-23T11:09:48","modified_gmt":"2024-05-23T09:09:48","slug":"fonderie","status":"publish","type":"page","link":"https:\/\/sites.ac-nancy-metz.fr\/lyc-jean-prouve-nancy\/fonderie\/","title":{"rendered":"Fonderie"},"content":{"rendered":"\n<h1 class=\"has-text-color wp-block-heading\" style=\"color:#42a2a4\">Fonderie<\/h1>\n\n\n\n<p><a href=\"http:\/\/www4.ac-nancy-metz.fr\/lyc-jeanprouvenancy\/spip.php?article168\"><\/a><\/p>\n\n\n\n<figure class=\"wp-block-image size-large\"><img loading=\"lazy\" decoding=\"async\" width=\"1024\" height=\"346\" src=\"https:\/\/sites.ac-nancy-metz.fr\/lyc-jean-prouve-nancy\/wp-content\/uploads\/2022\/06\/imagefonderie-1024x346.jpg\" alt=\"\" class=\"wp-image-916\" srcset=\"https:\/\/sites.ac-nancy-metz.fr\/lyc-jean-prouve-nancy\/wp-content\/uploads\/2022\/06\/imagefonderie-1024x346.jpg 1024w, https:\/\/sites.ac-nancy-metz.fr\/lyc-jean-prouve-nancy\/wp-content\/uploads\/2022\/06\/imagefonderie-300x101.jpg 300w, https:\/\/sites.ac-nancy-metz.fr\/lyc-jean-prouve-nancy\/wp-content\/uploads\/2022\/06\/imagefonderie-768x259.jpg 768w, https:\/\/sites.ac-nancy-metz.fr\/lyc-jean-prouve-nancy\/wp-content\/uploads\/2022\/06\/imagefonderie-1536x518.jpg 1536w, https:\/\/sites.ac-nancy-metz.fr\/lyc-jean-prouve-nancy\/wp-content\/uploads\/2022\/06\/imagefonderie-2048x691.jpg 2048w\" sizes=\"auto, (max-width: 1024px) 100vw, 1024px\" \/><\/figure>\n\n\n\n<h3 class=\"has-text-color wp-block-heading\" style=\"color:#42a2a4\">Formation en 3 ans<\/h3>\n\n\n\n<p>Les activit\u00e9s du titulaire du baccalaur\u00e9at professionnel \u00ab&nbsp;Fonderie&nbsp;\u00bb s\u2019exercent dans tout ou partie des secteurs suivants&nbsp;:<\/p>\n\n\n\n<ul class=\"wp-block-list\"><li>Pr\u00e9paration de la production.<\/li><li>Production de moules, de noyaux&nbsp;; \u00e9laboration d\u2019alliages et obtention de pi\u00e8ces parachev\u00e9es.<\/li><li>Contr\u00f4le.<\/li><\/ul>\n\n\n\n<p>Il peut \u00eatre amen\u00e9 \u00e0 coordonner une \u00e9quipe d\u2019op\u00e9rateurs et participer \u00e0 l\u2019organisation de leurs activit\u00e9s.<br>Il peut mettre en \u0153uvre diff\u00e9rents types de mat\u00e9riaux&nbsp;: alliages ferreux, l\u00e9gers, cuivreux et de zinc.<\/p>\n\n\n\n<h3 class=\"has-text-color wp-block-heading\" style=\"color:#42a2a4\">Formation en milieu professionnel<\/h3>\n\n\n\n<p>La p\u00e9riode de formation en milieu professionnel est de 20 semaines sur 3 ans.<\/p>\n\n\n\n<h3 class=\"has-text-color wp-block-heading\" style=\"color:#42a2a4\">Aptitudes<\/h3>\n\n\n\n<p>Sens du contact<br>Minutieux<br>Respectueux des r\u00e8gles de s\u00e9curit\u00e9<\/p>\n\n\n\n<h3 class=\"has-text-color wp-block-heading\" style=\"color:#42a2a4\">Les conditions d\u2019admission<\/h3>\n\n\n\n<p>A partir de la troisi\u00e8me ou apr\u00e8s une seconde technologique<\/p>\n\n\n\n<h3 class=\"has-text-color wp-block-heading\" style=\"color:#42a2a4\">Mati\u00e8res enseign\u00e9es<\/h3>\n\n\n\n<ul class=\"wp-block-list\"><li>Fran\u00e7ais<\/li><li>Histoire \u2013 g\u00e9ographie<\/li><li>Math\u00e9matiques \/ Sciences<\/li><li>Anglais<\/li><li>Pr\u00e9vention sant\u00e9 environnement<\/li><li>Arts appliqu\u00e9s et Cultures Artistiques<\/li><li>Economie et Gestion<\/li><li>Education physique et sportive<\/li><li>Pr\u00e9vention Sant\u00e9 et Environnement<\/li><li>Construction<\/li><li>Enseignement professionnel<\/li><\/ul>\n\n\n\n<p class=\"has-text-color\" style=\"color:#42a2a4\"><strong>Les m\u00e9tiers<\/strong><\/p>\n\n\n\n<ul class=\"wp-block-list\"><li>Bronzier<\/li><li>Mouleur<\/li><li>R\u00e9gleur<\/li><li>M\u00e9tiers d\u2019Art<\/li><\/ul>\n\n\n\n<p class=\"has-text-color\" style=\"color:#42a2a4\"><strong>Et apr\u00e8s quelques ann\u00e9es d\u2019exp\u00e9rience<\/strong><\/p>\n\n\n\n<ul class=\"wp-block-list\"><li>Chef d\u2019\u00e9quipe<\/li><\/ul>\n\n\n\n<p class=\"has-text-color\" style=\"color:#42a2a4\"><strong>Les poursuites d\u2019\u00e9tudes<\/strong><\/p>\n\n\n\n<ul class=\"wp-block-list\"><li>BTS Fonderie<\/li><\/ul>\n\n\n\n<h3 class=\"has-text-color wp-block-heading\" style=\"color:#42a2a4\">Fiche m\u00e9tier<\/h3>\n\n\n\n<p><a href=\"https:\/\/www.onisep.fr\/ressources\/univers-formation\/formations\/lycees\/bac-pro-fonderie\">Fiche Onisep<\/a><\/p>\n\n\n\n<h2 class=\"has-text-color wp-block-heading\" style=\"color:#42a2a4\">Documents joints<\/h2>\n\n\n\n<div class=\"wp-block-file\"><a id=\"wp-block-file--media-cbabaab8-0676-47ef-bba3-d15bc4344cdb\" href=\"https:\/\/sites.ac-nancy-metz.fr\/lyc-jean-prouve-nancy\/wp-content\/uploads\/2022\/06\/7_fondeur.pdf\">fondeur<\/a><a href=\"https:\/\/sites.ac-nancy-metz.fr\/lyc-jean-prouve-nancy\/wp-content\/uploads\/2022\/06\/7_fondeur.pdf\" class=\"wp-block-file__button\" download aria-describedby=\"wp-block-file--media-cbabaab8-0676-47ef-bba3-d15bc4344cdb\">T\u00e9l\u00e9charger<\/a><\/div>\n","protected":false},"excerpt":{"rendered":"<p>Fonderie Formation en 3 ans Les activit\u00e9s du titulaire du baccalaur\u00e9at professionnel \u00ab&nbsp;Fonderie&nbsp;\u00bb s\u2019exercent dans tout ou partie des secteurs suivants&nbsp;: Pr\u00e9paration de la production. Production de moules, de noyaux&nbsp;; \u00e9laboration d\u2019alliages et obtention de pi\u00e8ces parachev\u00e9es. Contr\u00f4le. Il peut \u00eatre amen\u00e9 \u00e0 coordonner une \u00e9quipe d\u2019op\u00e9rateurs et participer \u00e0 l\u2019organisation de leurs activit\u00e9s.Il peut [&hellip;]<\/p>\n","protected":false},"author":2,"featured_media":0,"parent":0,"menu_order":0,"comment_status":"closed","ping_status":"closed","template":"","meta":{"footnotes":""},"class_list":["post-735","page","type-page","status-publish","hentry","entry"],"_links":{"self":[{"href":"https:\/\/sites.ac-nancy-metz.fr\/lyc-jean-prouve-nancy\/wp-json\/wp\/v2\/pages\/735","targetHints":{"allow":["GET"]}}],"collection":[{"href":"https:\/\/sites.ac-nancy-metz.fr\/lyc-jean-prouve-nancy\/wp-json\/wp\/v2\/pages"}],"about":[{"href":"https:\/\/sites.ac-nancy-metz.fr\/lyc-jean-prouve-nancy\/wp-json\/wp\/v2\/types\/page"}],"author":[{"embeddable":true,"href":"https:\/\/sites.ac-nancy-metz.fr\/lyc-jean-prouve-nancy\/wp-json\/wp\/v2\/users\/2"}],"replies":[{"embeddable":true,"href":"https:\/\/sites.ac-nancy-metz.fr\/lyc-jean-prouve-nancy\/wp-json\/wp\/v2\/comments?post=735"}],"version-history":[{"count":6,"href":"https:\/\/sites.ac-nancy-metz.fr\/lyc-jean-prouve-nancy\/wp-json\/wp\/v2\/pages\/735\/revisions"}],"predecessor-version":[{"id":1207,"href":"https:\/\/sites.ac-nancy-metz.fr\/lyc-jean-prouve-nancy\/wp-json\/wp\/v2\/pages\/735\/revisions\/1207"}],"wp:attachment":[{"href":"https:\/\/sites.ac-nancy-metz.fr\/lyc-jean-prouve-nancy\/wp-json\/wp\/v2\/media?parent=735"}],"curies":[{"name":"wp","href":"https:\/\/api.w.org\/{rel}","templated":true}]}}