{"id":739,"date":"2022-06-23T14:30:01","date_gmt":"2022-06-23T12:30:01","guid":{"rendered":"https:\/\/sites.ac-nancy-metz.fr\/lyc-jean-prouve-nancy\/?page_id=739"},"modified":"2024-06-10T10:27:48","modified_gmt":"2024-06-10T08:27:48","slug":"chaudronnerie-industrielle","status":"publish","type":"page","link":"https:\/\/sites.ac-nancy-metz.fr\/lyc-jean-prouve-nancy\/chaudronnerie-industrielle\/","title":{"rendered":"Chaudronnerie industrielle"},"content":{"rendered":"\n<h1 class=\"has-text-color wp-block-heading\" style=\"color:#42a2a4\">Technicien en Chaudronnerie Industrielle<\/h1>\n\n\n\n<p><a href=\"http:\/\/www4.ac-nancy-metz.fr\/lyc-jeanprouvenancy\/spip.php?article172\"><\/a><\/p>\n\n\n\n<figure class=\"wp-block-image size-large\"><img loading=\"lazy\" decoding=\"async\" width=\"1024\" height=\"346\" src=\"https:\/\/sites.ac-nancy-metz.fr\/lyc-jean-prouve-nancy\/wp-content\/uploads\/2022\/06\/imagetci-1024x346.jpg\" alt=\"\" class=\"wp-image-910\" srcset=\"https:\/\/sites.ac-nancy-metz.fr\/lyc-jean-prouve-nancy\/wp-content\/uploads\/2022\/06\/imagetci-1024x346.jpg 1024w, https:\/\/sites.ac-nancy-metz.fr\/lyc-jean-prouve-nancy\/wp-content\/uploads\/2022\/06\/imagetci-300x101.jpg 300w, https:\/\/sites.ac-nancy-metz.fr\/lyc-jean-prouve-nancy\/wp-content\/uploads\/2022\/06\/imagetci-768x259.jpg 768w, https:\/\/sites.ac-nancy-metz.fr\/lyc-jean-prouve-nancy\/wp-content\/uploads\/2022\/06\/imagetci-1536x518.jpg 1536w, https:\/\/sites.ac-nancy-metz.fr\/lyc-jean-prouve-nancy\/wp-content\/uploads\/2022\/06\/imagetci-2048x691.jpg 2048w\" sizes=\"auto, (max-width: 1024px) 100vw, 1024px\" \/><\/figure>\n\n\n\n<iframe loading=\"lazy\" width=\"560\" height=\"370\" src=\"https:\/\/www.youtube.com\/embed\/EmrNFP_VNSU\" title=\"YouTube video player\" frameborder=\"0\" allow=\"accelerometer; autoplay; clipboard-write; encrypted-media; gyroscope; picture-in-picture\" allowfullscreen=\"\"><\/iframe>\n\n\n\n<h3 class=\"has-text-color wp-block-heading\" style=\"color:#42a2a4\">Formation en 3 ans<\/h3>\n\n\n\n<p>Il est sp\u00e9cialiste de la fabrication d\u2019ensembles chaudronn\u00e9s, d\u2019ensembles de t\u00f4leries et de tuyauteries industrielles. Il intervient essentiellement en atelier, mais aussi sur chantier pour installer ou entretenir. Il sait utiliser les machines adapt\u00e9es.<br>Il ma\u00eetrise \u00e9galement les logiciels de DAO pour analyser et exploiter les sp\u00e9- cifications techniques d\u2019une pi\u00e8ce et les logiciels de FAO.<\/p>\n\n\n\n<h3 class=\"has-text-color wp-block-heading\" style=\"color:#42a2a4\">Formation en milieu professionnel<\/h3>\n\n\n\n<p>La p\u00e9riode de formation en milieu professionnel est de 20 semaines sur 3 ans.<\/p>\n\n\n\n<h3 class=\"has-text-color wp-block-heading\" style=\"color:#42a2a4\">Aptitudes<\/h3>\n\n\n\n<p>Respectueux de la s\u00e9curit\u00e9<br>Dynamique, soigneux et pr\u00e9cis<br>Rigoureux et m\u00e9thodique<\/p>\n\n\n\n<h3 class=\"has-text-color wp-block-heading\" style=\"color:#42a2a4\">Les conditions d\u2019admission<\/h3>\n\n\n\n<p>A partir de la troisi\u00e8me ou apr\u00e8s une seconde technologique<\/p>\n\n\n\n<h3 class=\"has-text-color wp-block-heading\" style=\"color:#42a2a4\">Mati\u00e8res enseign\u00e9es<\/h3>\n\n\n\n<ul class=\"wp-block-list\"><li>Fran\u00e7ais<\/li><li>Histoire \u2013 g\u00e9ographie<\/li><li>Math\u00e9matiques \/ Sciences<\/li><li>Anglais<\/li><li>Arts appliqu\u00e9s et Cultures Artistiques<\/li><li>Economie et Gestion<\/li><li>Education physique et sportive<\/li><li>Pr\u00e9vention Sant\u00e9 et Environnement<\/li><li>Construction<\/li><li>Enseignement professionnel<\/li><\/ul>\n\n\n\n<p class=\"has-text-color\" style=\"color:#42a2a4\"><strong>Les m\u00e9tiers<\/strong><\/p>\n\n\n\n<ul class=\"wp-block-list\"><li>Ouvrier Chaudronnier en atelier Assembleur \/ Monteur au plan<\/li><li>Conducteur de machine \u00e0 commande num\u00e9rique<\/li><li>Tuyauteur<\/li><\/ul>\n\n\n\n<p class=\"has-text-color\" style=\"color:#42a2a4\"><strong>Et apr\u00e8s quelques ann\u00e9es d\u2019exp\u00e9rience<\/strong><\/p>\n\n\n\n<ul class=\"wp-block-list\"><li>Chef d\u2019\u00e9quipe<\/li><li>Chef d\u2019atelier<\/li><\/ul>\n\n\n\n<p class=\"has-text-color\" style=\"color:#42a2a4\"><strong>Les poursuites d\u2019\u00e9tudes<\/strong><\/p>\n\n\n\n<ul class=\"wp-block-list\"><li>BTS<\/li><li><a href=\"https:\/\/sites.ac-nancy-metz.fr\/lyc-jean-prouve-nancy\/soudage\/\">MC Soudage <\/a><\/li><\/ul>\n\n\n\n<h3 class=\"has-text-color wp-block-heading\" style=\"color:#42a2a4\">Fiche m\u00e9tier<\/h3>\n\n\n\n<p><a href=\"http:\/\/www.onisep.fr\/Ressources\/Univers-Metier\/Metiers\/chaudronnier-iere\/\">Fiche Onisep<\/a><\/p>\n\n\n\n<h2 class=\"has-text-color wp-block-heading\" style=\"color:#42a2a4\">Documents joints<\/h2>\n\n\n\n<div class=\"wp-block-file\"><a id=\"wp-block-file--media-d97e9bcb-7a4e-40ea-9d17-993ba253a4d6\" href=\"https:\/\/sites.ac-nancy-metz.fr\/lyc-jean-prouve-nancy\/wp-content\/uploads\/2022\/06\/tci.pdf\">Chaudronnerie industrielle<\/a><a href=\"https:\/\/sites.ac-nancy-metz.fr\/lyc-jean-prouve-nancy\/wp-content\/uploads\/2022\/06\/tci.pdf\" class=\"wp-block-file__button\" download aria-describedby=\"wp-block-file--media-d97e9bcb-7a4e-40ea-9d17-993ba253a4d6\">T\u00e9l\u00e9charger<\/a><\/div>\n","protected":false},"excerpt":{"rendered":"<p>Technicien en Chaudronnerie Industrielle Formation en 3 ans Il est sp\u00e9cialiste de la fabrication d\u2019ensembles chaudronn\u00e9s, d\u2019ensembles de t\u00f4leries et de tuyauteries industrielles. Il intervient essentiellement en atelier, mais aussi sur chantier pour installer ou entretenir. Il sait utiliser les machines adapt\u00e9es.Il ma\u00eetrise \u00e9galement les logiciels de DAO pour analyser et exploiter les sp\u00e9- cifications [&hellip;]<\/p>\n","protected":false},"author":2,"featured_media":0,"parent":0,"menu_order":0,"comment_status":"closed","ping_status":"closed","template":"","meta":{"footnotes":""},"class_list":["post-739","page","type-page","status-publish","hentry","entry"],"_links":{"self":[{"href":"https:\/\/sites.ac-nancy-metz.fr\/lyc-jean-prouve-nancy\/wp-json\/wp\/v2\/pages\/739","targetHints":{"allow":["GET"]}}],"collection":[{"href":"https:\/\/sites.ac-nancy-metz.fr\/lyc-jean-prouve-nancy\/wp-json\/wp\/v2\/pages"}],"about":[{"href":"https:\/\/sites.ac-nancy-metz.fr\/lyc-jean-prouve-nancy\/wp-json\/wp\/v2\/types\/page"}],"author":[{"embeddable":true,"href":"https:\/\/sites.ac-nancy-metz.fr\/lyc-jean-prouve-nancy\/wp-json\/wp\/v2\/users\/2"}],"replies":[{"embeddable":true,"href":"https:\/\/sites.ac-nancy-metz.fr\/lyc-jean-prouve-nancy\/wp-json\/wp\/v2\/comments?post=739"}],"version-history":[{"count":8,"href":"https:\/\/sites.ac-nancy-metz.fr\/lyc-jean-prouve-nancy\/wp-json\/wp\/v2\/pages\/739\/revisions"}],"predecessor-version":[{"id":1300,"href":"https:\/\/sites.ac-nancy-metz.fr\/lyc-jean-prouve-nancy\/wp-json\/wp\/v2\/pages\/739\/revisions\/1300"}],"wp:attachment":[{"href":"https:\/\/sites.ac-nancy-metz.fr\/lyc-jean-prouve-nancy\/wp-json\/wp\/v2\/media?parent=739"}],"curies":[{"name":"wp","href":"https:\/\/api.w.org\/{rel}","templated":true}]}}