{"id":743,"date":"2022-06-23T14:32:51","date_gmt":"2022-06-23T12:32:51","guid":{"rendered":"https:\/\/sites.ac-nancy-metz.fr\/lyc-jean-prouve-nancy\/?page_id=743"},"modified":"2024-06-17T17:24:39","modified_gmt":"2024-06-17T15:24:39","slug":"soudage","status":"publish","type":"page","link":"https:\/\/sites.ac-nancy-metz.fr\/lyc-jean-prouve-nancy\/soudage\/","title":{"rendered":"Soudage"},"content":{"rendered":"\n<h1 class=\"has-text-color wp-block-heading\" style=\"color:#42a2a4\"><strong>Certificat de Sp\u00e9cialisation<\/strong> Soudage<\/h1>\n\n\n\n<p>Ex Mention Compl\u00e9mentaire Soudage<a href=\"http:\/\/www4.ac-nancy-metz.fr\/lyc-jeanprouvenancy\/spip.php?article164\"><\/a><\/p>\n\n\n\n<figure class=\"wp-block-image size-large\"><img loading=\"lazy\" decoding=\"async\" width=\"1024\" height=\"349\" src=\"https:\/\/sites.ac-nancy-metz.fr\/lyc-jean-prouve-nancy\/wp-content\/uploads\/2022\/06\/imagesoud-1024x349.jpg\" alt=\"\" class=\"wp-image-925\" srcset=\"https:\/\/sites.ac-nancy-metz.fr\/lyc-jean-prouve-nancy\/wp-content\/uploads\/2022\/06\/imagesoud-1024x349.jpg 1024w, https:\/\/sites.ac-nancy-metz.fr\/lyc-jean-prouve-nancy\/wp-content\/uploads\/2022\/06\/imagesoud-300x102.jpg 300w, https:\/\/sites.ac-nancy-metz.fr\/lyc-jean-prouve-nancy\/wp-content\/uploads\/2022\/06\/imagesoud-768x262.jpg 768w, https:\/\/sites.ac-nancy-metz.fr\/lyc-jean-prouve-nancy\/wp-content\/uploads\/2022\/06\/imagesoud.jpg 1192w\" sizes=\"auto, (max-width: 1024px) 100vw, 1024px\" \/><\/figure>\n\n\n\n<h3 class=\"has-text-color wp-block-heading\" style=\"color:#42a2a4\">Formation en 1 an<\/h3>\n\n\n\n<p>Le soudeur assemble des pi\u00e8ces m\u00e9talliques par soudage avec ou sans contraintes m\u00e9caniques, du chauffe-eau \u00e0 la baignoire, en passant par les pi\u00e8ces automobiles, les tuyauteries industrielles, les rails ferroviaires, certaines toitures, des pi\u00e8ces navales, ou a\u00e9ronautiques.<br>Le soudeur \u00e9tudie les documents techniques, qui lui permettent notamment de conna\u00eetre la nature et les caract\u00e9ristiques physiques des mat\u00e9riaux \u00e0 souder. Il d\u00e9termine ensuite l\u2019ordre de montage et l\u2019outil le plus appropri\u00e9 pour r\u00e9aliser la soudure. Prot\u00e9g\u00e9 par un masque, des gants et parfois un v\u00eatement sp\u00e9cial, il soude les mat\u00e9riaux \u00e0 l\u2019aide d\u2019un proc\u00e9d\u00e9 le plus souvent \u00e0 arc \u00e9lectrique, afin de les assembler d\u00e9finitivement. L\u2019automatisation des machines demande de plus en plus de qualification et une capacit\u00e9 d\u2019adaptation aux nouvelles technologies.<\/p>\n\n\n\n<h3 class=\"has-text-color wp-block-heading\" style=\"color:#42a2a4\">Formation en milieu professionnel<\/h3>\n\n\n\n<p>La p\u00e9riode de formation en milieu professionnel est de 12 semaines sur 1 an.<\/p>\n\n\n\n<h3 class=\"has-text-color wp-block-heading\" style=\"color:#42a2a4\">Aptitudes<\/h3>\n\n\n\n<p>Respectueux de la s\u00e9curit\u00e9<br>Dynamique, soigneux et pr\u00e9cis<br>Rigoureux et m\u00e9thodique<\/p>\n\n\n\n<h3 class=\"has-text-color wp-block-heading\" style=\"color:#42a2a4\">Les conditions d\u2019admission<\/h3>\n\n\n\n<p>Bac Pro en m\u00e9canique<\/p>\n\n\n\n<h3 class=\"has-text-color wp-block-heading\" style=\"color:#42a2a4\">Formation au Lyc\u00e9e Professionnel<\/h3>\n\n\n\n<p>20 heures d\u2019enseignement professionnel<\/p>\n\n\n\n<p class=\"has-text-color\" style=\"color:#42a2a4\"><strong>Les m\u00e9tiers<\/strong><\/p>\n\n\n\n<ul class=\"wp-block-list\"><li>Soudeur en atelier ou en chantier<\/li><li>Conducteur de banc de soudage automatis\u00e9<\/li><\/ul>\n\n\n\n<p class=\"has-text-color\" style=\"color:#42a2a4\"><strong>Et apr\u00e8s quelques ann\u00e9es d\u2019exp\u00e9rience&nbsp;:<\/strong><\/p>\n\n\n\n<ul class=\"wp-block-list\"><li>Chef d\u2019\u00e9quipe<\/li><\/ul>\n\n\n\n<p class=\"has-text-color\" style=\"color:#42a2a4\"><strong>Les poursuites d\u2019\u00e9tudes<\/strong><\/p>\n\n\n\n<ul class=\"wp-block-list\"><li><a href=\"https:\/\/sites.ac-nancy-metz.fr\/lyc-jean-prouve-nancy\/chaudronnerie-industrielle\/\">Bac professionnel Technicien en chaudronnerie Industrielle<\/a><\/li><\/ul>\n\n\n\n<h3 class=\"has-text-color wp-block-heading\" style=\"color:#42a2a4\">Fiche m\u00e9tier<\/h3>\n\n\n\n<p><a href=\"https:\/\/www.onisep.fr\/ressources\/univers-formation\/formations\/post-bac\/mc-futur-cs-technicien-en-soudage\">Fiche Onisep<\/a><\/p>\n\n\n\n<h2 class=\"has-text-color wp-block-heading\" style=\"color:#42a2a4\">Documents joints<\/h2>\n\n\n\n<div class=\"wp-block-file\"><a id=\"wp-block-file--media-09951180-0f1e-4199-9340-fcfbeec11602\" href=\"https:\/\/sites.ac-nancy-metz.fr\/lyc-jean-prouve-nancy\/wp-content\/uploads\/2022\/06\/mc_soudage-2.pdf\">CS soudage<\/a><a href=\"https:\/\/sites.ac-nancy-metz.fr\/lyc-jean-prouve-nancy\/wp-content\/uploads\/2022\/06\/mc_soudage-2.pdf\" class=\"wp-block-file__button\" download aria-describedby=\"wp-block-file--media-09951180-0f1e-4199-9340-fcfbeec11602\">T\u00e9l\u00e9charger<\/a><\/div>\n","protected":false},"excerpt":{"rendered":"<p>Certificat de Sp\u00e9cialisation Soudage Ex Mention Compl\u00e9mentaire Soudage Formation en 1 an Le soudeur assemble des pi\u00e8ces m\u00e9talliques par soudage avec ou sans contraintes m\u00e9caniques, du chauffe-eau \u00e0 la baignoire, en passant par les pi\u00e8ces automobiles, les tuyauteries industrielles, les rails ferroviaires, certaines toitures, des pi\u00e8ces navales, ou a\u00e9ronautiques.Le soudeur \u00e9tudie les documents techniques, qui [&hellip;]<\/p>\n","protected":false},"author":2,"featured_media":0,"parent":0,"menu_order":0,"comment_status":"closed","ping_status":"closed","template":"","meta":{"footnotes":""},"class_list":["post-743","page","type-page","status-publish","hentry","entry"],"_links":{"self":[{"href":"https:\/\/sites.ac-nancy-metz.fr\/lyc-jean-prouve-nancy\/wp-json\/wp\/v2\/pages\/743","targetHints":{"allow":["GET"]}}],"collection":[{"href":"https:\/\/sites.ac-nancy-metz.fr\/lyc-jean-prouve-nancy\/wp-json\/wp\/v2\/pages"}],"about":[{"href":"https:\/\/sites.ac-nancy-metz.fr\/lyc-jean-prouve-nancy\/wp-json\/wp\/v2\/types\/page"}],"author":[{"embeddable":true,"href":"https:\/\/sites.ac-nancy-metz.fr\/lyc-jean-prouve-nancy\/wp-json\/wp\/v2\/users\/2"}],"replies":[{"embeddable":true,"href":"https:\/\/sites.ac-nancy-metz.fr\/lyc-jean-prouve-nancy\/wp-json\/wp\/v2\/comments?post=743"}],"version-history":[{"count":10,"href":"https:\/\/sites.ac-nancy-metz.fr\/lyc-jean-prouve-nancy\/wp-json\/wp\/v2\/pages\/743\/revisions"}],"predecessor-version":[{"id":1513,"href":"https:\/\/sites.ac-nancy-metz.fr\/lyc-jean-prouve-nancy\/wp-json\/wp\/v2\/pages\/743\/revisions\/1513"}],"wp:attachment":[{"href":"https:\/\/sites.ac-nancy-metz.fr\/lyc-jean-prouve-nancy\/wp-json\/wp\/v2\/media?parent=743"}],"curies":[{"name":"wp","href":"https:\/\/api.w.org\/{rel}","templated":true}]}}