{"id":811,"date":"2022-06-29T09:53:23","date_gmt":"2022-06-29T07:53:23","guid":{"rendered":"https:\/\/sites.ac-nancy-metz.fr\/lyc-jean-prouve-nancy\/?page_id=811"},"modified":"2024-06-17T19:04:21","modified_gmt":"2024-06-17T17:04:21","slug":"cap-maintenance-des-vehicules-option-a","status":"publish","type":"page","link":"https:\/\/sites.ac-nancy-metz.fr\/lyc-jean-prouve-nancy\/cap-maintenance-des-vehicules-option-a\/","title":{"rendered":"CAP Maintenance des V\u00e9hicules Option A"},"content":{"rendered":"\n<h1 class=\"has-text-color wp-block-heading\" style=\"color:#42a2a4\">CAP Maintenance des V\u00e9hicules Option A&nbsp;: Voitures Particuli\u00e8res<\/h1>\n\n\n\n<figure class=\"wp-block-image size-large\"><img loading=\"lazy\" decoding=\"async\" width=\"1024\" height=\"346\" src=\"https:\/\/sites.ac-nancy-metz.fr\/lyc-jean-prouve-nancy\/wp-content\/uploads\/2022\/06\/image-9-1024x346.png\" alt=\"\" class=\"wp-image-812\" srcset=\"https:\/\/sites.ac-nancy-metz.fr\/lyc-jean-prouve-nancy\/wp-content\/uploads\/2022\/06\/image-9-1024x346.png 1024w, https:\/\/sites.ac-nancy-metz.fr\/lyc-jean-prouve-nancy\/wp-content\/uploads\/2022\/06\/image-9-300x101.png 300w, https:\/\/sites.ac-nancy-metz.fr\/lyc-jean-prouve-nancy\/wp-content\/uploads\/2022\/06\/image-9-768x259.png 768w, https:\/\/sites.ac-nancy-metz.fr\/lyc-jean-prouve-nancy\/wp-content\/uploads\/2022\/06\/image-9-1536x518.png 1536w, https:\/\/sites.ac-nancy-metz.fr\/lyc-jean-prouve-nancy\/wp-content\/uploads\/2022\/06\/image-9-2048x691.png 2048w\" sizes=\"auto, (max-width: 1024px) 100vw, 1024px\" \/><\/figure>\n\n\n\n<h3 class=\"has-text-color wp-block-heading\" style=\"color:#42a2a4\">Formation Initiale en 2 ans sous contrat d\u2019apprentissage<\/h3>\n\n\n\n<p>Le m\u00e9canicien automobile assure l\u2019entretien courant des v\u00e9hicules. Son travail consiste \u00e0 \u00e9tablir un diagnostic de premier niveau, \u00e0 identifier les probl\u00e8mes m\u00e9caniques\/\u00e9lectroniques complexes, \u00e0 accueillir et conseiller le client, \u00e0 assurer les interventions courantes&nbsp;: d\u00e9monter\/remplacer le mat\u00e9riel d\u00e9fectueux et \u00e0 effectuer les r\u00e9visions r\u00e9guli\u00e8res.<\/p>\n\n\n\n<h3 class=\"has-text-color wp-block-heading\" style=\"color:#42a2a4\">Mati\u00e8res enseign\u00e9es<\/h3>\n\n\n\n<ul class=\"wp-block-list\"><li>Fran\u00e7ais \/ Histoire \u2013 g\u00e9ographie<\/li><li>Math\u00e9matiques \/ Sciences<\/li><li>Anglais<\/li><li>Pr\u00e9vention sant\u00e9 environnement<\/li><li>Arts appliqu\u00e9s<\/li><li>\u00c9ducation physique et sportive<\/li><li>Analyse fonctionnelle et structurelle<\/li><li>Enseignement professionnel<\/li><\/ul>\n\n\n\n<h3 class=\"has-text-color wp-block-heading\" style=\"color:#42a2a4\">Formation technique<\/h3>\n\n\n\n<p>La formation au CFA, d\u2019une dur\u00e9e de 840 heures, se d\u00e9roule sur 2 ann\u00e9es.<\/p>\n\n\n\n<h3 class=\"has-text-color wp-block-heading\" style=\"color:#42a2a4\">Les conditions d\u2019admission<\/h3>\n\n\n\n<p>Avoir entre 16 et 29 ans \u00e0 la date de signature du contrat d\u2019apprentissage. Avoir 15 ans \u00e0 condition de sortir de 3\u00e8me.<\/p>\n\n\n\n<h3 class=\"has-text-color wp-block-heading\" style=\"color:#42a2a4\">Aptitudes<\/h3>\n\n\n\n<p>Rigueur. Pr\u00e9cision.<br>Sens du contact. Curieux.<br>Organis\u00e9. Go\u00fbt pour les nouvelles technologies.<\/p>\n\n\n\n<h3 class=\"has-text-color wp-block-heading\" style=\"color:#42a2a4\">Caract\u00e9ristiques<\/h3>\n\n\n\n<p><strong>Dur\u00e9e&nbsp;:<\/strong>&nbsp;2 ans<br><strong>Statut&nbsp;:&nbsp;<\/strong>Apprenti<br><strong>Alternance&nbsp;:&nbsp;<\/strong>12 semaines par an en centre<br><strong>Internat \/ Demi-pension<\/strong><br><em>R\u00e9mun\u00e9ration de l\u2019apprenti dans le cadre du contrat d\u2019apprentissage<\/em><\/p>\n\n\n\n<p class=\"has-text-color\" style=\"color:#42a2a4\"><strong>Les m\u00e9tiers proches ou associ\u00e9s<\/strong><\/p>\n\n\n\n<ul class=\"wp-block-list\"><li>M\u00e9canicien service rapide, technicien de maintenance, d\u00e9panneur,&#8230;<\/li><\/ul>\n\n\n\n<p class=\"has-text-color\" style=\"color:#42a2a4\"><strong>Et apr\u00e8s quelques ann\u00e9es d\u2019exp\u00e9rience&nbsp;:<\/strong><\/p>\n\n\n\n<p>Avec de l\u2019exp\u00e9rience et une formation, le m\u00e9canicien peut devenir&nbsp;:<\/p>\n\n\n\n<ul class=\"wp-block-list\"><li>technicien \u00e9lectricien<\/li><li>\u00e9lectronicien<\/li><li>expert apr\u00e8s-vente automobile&#8230;<\/li><\/ul>\n\n\n\n<p class=\"has-text-color\" style=\"color:#42a2a4\"><strong>Les poursuites d\u2019\u00e9tudes<\/strong><\/p>\n\n\n\n<p><a href=\"https:\/\/sites.ac-nancy-metz.fr\/lyc-jean-prouve-nancy\/bac-maintenance-des-vehicules-option-a\/\/\">BAC PRO Maintenance des V\u00e9hicules Option A&nbsp;: Voitures Particuli\u00e8res<\/a><\/p>\n\n\n\n<h3 class=\"has-text-color wp-block-heading\" style=\"color:#42a2a4\">Satisfaction et r\u00e9ussite des apprentis <\/h3>\n\n\n\n<p>59% : Satisfaisant<br>32% : Tr\u00e8s satisfaisant<\/p>\n\n\n\n<p>100% de r\u00e9ussite aux examens en 2023<\/p>\n\n\n\n<h3 class=\"has-text-color wp-block-heading\" style=\"color:#42a2a4\">Fiche m\u00e9tier<\/h3>\n\n\n\n<p><a href=\"http:\/\/www.onisep.fr\/Ressources\/Univers-Metier\/Metiers\/mecanicien-ne-et-technicien-ne-moto\/\">Vid\u00e9o + Fiche Onisep<\/a><\/p>\n\n\n\n<h2 class=\"has-text-color wp-block-heading\" style=\"color:#42a2a4\">Documents joints<\/h2>\n\n\n\n<div class=\"wp-block-file\"><a id=\"wp-block-file--media-fa9f209b-cff6-4937-be51-caf3bf27af01\" href=\"https:\/\/sites.ac-nancy-metz.fr\/lyc-jean-prouve-nancy\/wp-content\/uploads\/2024\/06\/UFA-Jean-prouve-Fiche-produit-CAP-MVA.pdf\">CAP Maintenance des V\u00e9hicules Option A<\/a><a href=\"https:\/\/sites.ac-nancy-metz.fr\/lyc-jean-prouve-nancy\/wp-content\/uploads\/2024\/06\/UFA-Jean-prouve-Fiche-produit-CAP-MVA.pdf\" class=\"wp-block-file__button\" download aria-describedby=\"wp-block-file--media-fa9f209b-cff6-4937-be51-caf3bf27af01\">T\u00e9l\u00e9charger<\/a><\/div>\n\n\n\n<h2 class=\"has-text-color wp-block-heading\" style=\"color:#42a2a4\">Pr\u00e9 candidater<\/h2>\n\n\n\n<p>La pr\u00e9 candidature peut \u00eatre effectu\u00e9e m\u00eame si le jeune n&rsquo;a pas encore trouv\u00e9 de lieu d&rsquo;apprentissage<\/p>\n\n\n\n<div class=\"wp-block-file\"><a id=\"wp-block-file--media-98193eaa-f683-400e-8c4d-949356e58fac\" href=\"https:\/\/sites.ac-nancy-metz.fr\/lyc-jean-prouve-nancy\/wp-content\/uploads\/2024\/06\/pre-candidature.docx\">Plus d&rsquo;informations<\/a><a href=\"https:\/\/sites.ac-nancy-metz.fr\/lyc-jean-prouve-nancy\/wp-content\/uploads\/2024\/06\/pre-candidature.docx\" class=\"wp-block-file__button\" download aria-describedby=\"wp-block-file--media-98193eaa-f683-400e-8c4d-949356e58fac\">T\u00e9l\u00e9charger<\/a><\/div>\n\n\n<div class=\"wp-block-image\">\n<figure class=\"alignleft is-resized\"><img loading=\"lazy\" decoding=\"async\" src=\"https:\/\/sites.ac-nancy-metz.fr\/lyc-jean-prouve-nancy\/wp-content\/uploads\/2024\/06\/QR-CODE-Portail-pre-candidature-netypareo-1.png\" alt=\"\" class=\"wp-image-1558\" width=\"183\" height=\"183\" srcset=\"https:\/\/sites.ac-nancy-metz.fr\/lyc-jean-prouve-nancy\/wp-content\/uploads\/2024\/06\/QR-CODE-Portail-pre-candidature-netypareo-1.png 834w, https:\/\/sites.ac-nancy-metz.fr\/lyc-jean-prouve-nancy\/wp-content\/uploads\/2024\/06\/QR-CODE-Portail-pre-candidature-netypareo-1-300x300.png 300w, https:\/\/sites.ac-nancy-metz.fr\/lyc-jean-prouve-nancy\/wp-content\/uploads\/2024\/06\/QR-CODE-Portail-pre-candidature-netypareo-1-150x150.png 150w, https:\/\/sites.ac-nancy-metz.fr\/lyc-jean-prouve-nancy\/wp-content\/uploads\/2024\/06\/QR-CODE-Portail-pre-candidature-netypareo-1-768x768.png 768w, https:\/\/sites.ac-nancy-metz.fr\/lyc-jean-prouve-nancy\/wp-content\/uploads\/2024\/06\/QR-CODE-Portail-pre-candidature-netypareo-1-600x600.png 600w\" sizes=\"auto, (max-width: 183px) 100vw, 183px\" \/><\/figure>\n<\/div>","protected":false},"excerpt":{"rendered":"<p>CAP Maintenance des V\u00e9hicules Option A&nbsp;: Voitures Particuli\u00e8res Formation Initiale en 2 ans sous contrat d\u2019apprentissage Le m\u00e9canicien automobile assure l\u2019entretien courant des v\u00e9hicules. Son travail consiste \u00e0 \u00e9tablir un diagnostic de premier niveau, \u00e0 identifier les probl\u00e8mes m\u00e9caniques\/\u00e9lectroniques complexes, \u00e0 accueillir et conseiller le client, \u00e0 assurer les interventions courantes&nbsp;: d\u00e9monter\/remplacer le mat\u00e9riel d\u00e9fectueux [&hellip;]<\/p>\n","protected":false},"author":2,"featured_media":0,"parent":0,"menu_order":0,"comment_status":"closed","ping_status":"closed","template":"","meta":{"footnotes":""},"class_list":["post-811","page","type-page","status-publish","hentry","entry"],"_links":{"self":[{"href":"https:\/\/sites.ac-nancy-metz.fr\/lyc-jean-prouve-nancy\/wp-json\/wp\/v2\/pages\/811","targetHints":{"allow":["GET"]}}],"collection":[{"href":"https:\/\/sites.ac-nancy-metz.fr\/lyc-jean-prouve-nancy\/wp-json\/wp\/v2\/pages"}],"about":[{"href":"https:\/\/sites.ac-nancy-metz.fr\/lyc-jean-prouve-nancy\/wp-json\/wp\/v2\/types\/page"}],"author":[{"embeddable":true,"href":"https:\/\/sites.ac-nancy-metz.fr\/lyc-jean-prouve-nancy\/wp-json\/wp\/v2\/users\/2"}],"replies":[{"embeddable":true,"href":"https:\/\/sites.ac-nancy-metz.fr\/lyc-jean-prouve-nancy\/wp-json\/wp\/v2\/comments?post=811"}],"version-history":[{"count":10,"href":"https:\/\/sites.ac-nancy-metz.fr\/lyc-jean-prouve-nancy\/wp-json\/wp\/v2\/pages\/811\/revisions"}],"predecessor-version":[{"id":1565,"href":"https:\/\/sites.ac-nancy-metz.fr\/lyc-jean-prouve-nancy\/wp-json\/wp\/v2\/pages\/811\/revisions\/1565"}],"wp:attachment":[{"href":"https:\/\/sites.ac-nancy-metz.fr\/lyc-jean-prouve-nancy\/wp-json\/wp\/v2\/media?parent=811"}],"curies":[{"name":"wp","href":"https:\/\/api.w.org\/{rel}","templated":true}]}}