{"id":939,"date":"2022-07-01T11:01:49","date_gmt":"2022-07-01T09:01:49","guid":{"rendered":"https:\/\/sites.ac-nancy-metz.fr\/lyc-jean-prouve-nancy\/?page_id=939"},"modified":"2024-06-17T19:18:17","modified_gmt":"2024-06-17T17:18:17","slug":"bac-maintenance-des-vehicules-option-a","status":"publish","type":"page","link":"https:\/\/sites.ac-nancy-metz.fr\/lyc-jean-prouve-nancy\/bac-maintenance-des-vehicules-option-a\/","title":{"rendered":"Bac Maintenance des v\u00e9hicules option A"},"content":{"rendered":"\n<h1 class=\"has-text-color wp-block-heading\" style=\"color:#42a2a4\">Bac Maintenance des v\u00e9hicules option A : Voitures particuli\u00e8res<\/h1>\n\n\n\n<figure class=\"wp-block-image size-large\"><img decoding=\"async\" src=\"https:\/\/sites.ac-nancy-metz.fr\/lyc-jean-prouve-nancy\/wp-content\/uploads\/2022\/06\/image-9-1024x346.png\" alt=\"\"\/><\/figure>\n\n\n\n<h3 class=\"has-text-color wp-block-heading\" style=\"color:#42a2a4\">Formation Initiale en 3 ans sous contrat d\u2019apprentissage<\/h3>\n\n\n\n<p>Le m\u00e9canicien automobile r\u00e9alise des diagnostics, d\u00e9cide de l\u2019intervention \u00e0 effectuer, change, r\u00e9pare, r\u00e8gle des syst\u00e8mes m\u00e9caniques ou \u00e9lectroniques et effectue des essais.<br>Il est en contact avec les clients pour un premier diagnostic ou pour le compte rendu des travaux effectu\u00e9s.<\/p>\n\n\n\n<h3 class=\"has-text-color wp-block-heading\" style=\"color:#42a2a4\">Mati\u00e8res enseign\u00e9es<\/h3>\n\n\n\n<ul class=\"wp-block-list\"><li>Fran\u00e7ais \/ Histoire \u2013 g\u00e9ographie<\/li><li>Math\u00e9matiques \/ Sciences<\/li><li>Anglais<\/li><li>Pr\u00e9vention sant\u00e9 environnement<\/li><li>Arts appliqu\u00e9s<\/li><li>\u00c9ducation physique et sportive<\/li><li>Analyse fonctionnelle et structurelle<\/li><li>\u00c9conomie &#8211; Gestion<\/li><li>Enseignement professionnel<\/li><\/ul>\n\n\n\n<h3 class=\"has-text-color wp-block-heading\" style=\"color:#42a2a4\">Formation technique<\/h3>\n\n\n\n<p>La formation au CFA, d\u2019une dur\u00e9e de 2025 heures, se d\u00e9roule sur 3 ann\u00e9es.<\/p>\n\n\n\n<h3 class=\"has-text-color wp-block-heading\" style=\"color:#42a2a4\">Les conditions d\u2019admission<\/h3>\n\n\n\n<p>Avoir entre 16 et 29 ans \u00e0 la date de signature du contrat d\u2019apprentissage.<br>Avoir 15 ans \u00e0 condition de sortir de 3\u00e8me.<\/p>\n\n\n\n<h3 class=\"has-text-color wp-block-heading\" style=\"color:#42a2a4\">Aptitudes<\/h3>\n\n\n\n<p>Rigueur. Pr\u00e9cision. <br>Sens du contact. Curieux. <br>Organis\u00e9. Go\u00fbt pour les nouvelles technologies.<\/p>\n\n\n\n<h3 class=\"has-text-color wp-block-heading\" style=\"color:#42a2a4\">Caract\u00e9ristiques<\/h3>\n\n\n\n<p><strong>Dur\u00e9e&nbsp;:<\/strong>&nbsp;3 ans<br><strong>Statut&nbsp;:&nbsp;<\/strong>Apprenti<br><strong>Alternance&nbsp;:&nbsp;<\/strong>20 semaines par an en centre<br><strong>Internat \/ Demi-pension<\/strong><br><em>R\u00e9mun\u00e9ration de l\u2019apprenti dans le cadre du contrat d\u2019apprentissage<\/em><\/p>\n\n\n\n<p class=\"has-text-color\" style=\"color:#42a2a4\"><strong>Les m\u00e9tiers proches ou associ\u00e9s<\/strong><\/p>\n\n\n\n<ul class=\"wp-block-list\"><li>Technicien de maintenance, technicien expert apr\u00e8s-vente<\/li><\/ul>\n\n\n\n<h3 class=\"has-text-color wp-block-heading\" style=\"color:#42a2a4\"><strong>Les poursuites d\u2019\u00e9tudes<\/strong><\/h3>\n\n\n\n<p>Le technicien de maintenance automobile peut \u00e9voluer vers un poste de chef d\u2019atelier, vers des responsabilit\u00e9s de r\u00e9ceptionnaire ou de conseiller technique.<\/p>\n\n\n\n<h3 class=\"has-text-color wp-block-heading\" style=\"color:#42a2a4\"><strong>Et apr\u00e8s quelques ann\u00e9es d\u2019exp\u00e9rience&nbsp;:<\/strong><\/h3>\n\n\n\n<p><a href=\"https:\/\/sites.ac-nancy-metz.fr\/lyc-jean-prouve-nancy\/bts-maintenances-des-vehicules-option-a\/\">BTS Maintenance des v\u00e9hicules option A&nbsp;: voitures particuli\u00e8res<\/a><\/p>\n\n\n\n<h3 class=\"has-text-color wp-block-heading\" style=\"color:#42a2a4\">Satisfaction et r\u00e9ussite des apprentis <\/h3>\n\n\n\n<p>62% : Satisfaisant<br>31% : Tr\u00e8s satisfaisant<\/p>\n\n\n\n<p>78.57% de r\u00e9ussite aux examens en 2023<\/p>\n\n\n\n<h3 class=\"has-text-color wp-block-heading\" style=\"color:#42a2a4\">Fiche m\u00e9tier &amp; Vid\u00e9o<\/h3>\n\n\n\n<p><a href=\"http:\/\/www.onisep.fr\/Ressources\/Univers-Metier\/Metiers\/technicien-ne-automobile\/\">Vid\u00e9o + Fiche Onisep<\/a><br><a href=\"http:\/\/www.auto-moto.com\/dossiers\/dossier\/dossier-adresses-incontournables-by-auto-moto-2\/cfa-ami-formation-apprentis-aux-metiers-de-lindustrie-154465.html\">Reportage AUTO-MOTO<\/a><\/p>\n\n\n\n<h2 class=\"has-text-color wp-block-heading\" style=\"color:#42a2a4\">Documents joints<\/h2>\n\n\n\n<div class=\"wp-block-file\"><a id=\"wp-block-file--media-40b483a7-55b4-41d9-b474-c0f164d1142b\" href=\"https:\/\/sites.ac-nancy-metz.fr\/lyc-jean-prouve-nancy\/wp-content\/uploads\/2024\/06\/UFA-Jean-prouve-Fiche-produit-BAC-PRO-MVA.pdf\">Bac Maintenance des v\u00e9hicules option A<\/a><a href=\"https:\/\/sites.ac-nancy-metz.fr\/lyc-jean-prouve-nancy\/wp-content\/uploads\/2024\/06\/UFA-Jean-prouve-Fiche-produit-BAC-PRO-MVA.pdf\" class=\"wp-block-file__button\" download aria-describedby=\"wp-block-file--media-40b483a7-55b4-41d9-b474-c0f164d1142b\">T\u00e9l\u00e9charger<\/a><\/div>\n\n\n\n<h2 class=\"has-text-color wp-block-heading\" style=\"color:#42a2a4\">Pr\u00e9 candidater<\/h2>\n\n\n\n<p>La pr\u00e9 candidature peut \u00eatre effectu\u00e9e m\u00eame si le jeune n&rsquo;a pas encore trouv\u00e9 de lieu d&rsquo;apprentissage<\/p>\n\n\n\n<div class=\"wp-block-file\"><a id=\"wp-block-file--media-98193eaa-f683-400e-8c4d-949356e58fac\" href=\"https:\/\/sites.ac-nancy-metz.fr\/lyc-jean-prouve-nancy\/wp-content\/uploads\/2024\/06\/pre-candidature.docx\">Plus d&rsquo;informations<\/a><a href=\"https:\/\/sites.ac-nancy-metz.fr\/lyc-jean-prouve-nancy\/wp-content\/uploads\/2024\/06\/pre-candidature.docx\" class=\"wp-block-file__button\" download aria-describedby=\"wp-block-file--media-98193eaa-f683-400e-8c4d-949356e58fac\">T\u00e9l\u00e9charger<\/a><\/div>\n\n\n<div class=\"wp-block-image\">\n<figure class=\"alignleft is-resized\"><img loading=\"lazy\" decoding=\"async\" src=\"https:\/\/sites.ac-nancy-metz.fr\/lyc-jean-prouve-nancy\/wp-content\/uploads\/2024\/06\/QR-CODE-Portail-pre-candidature-netypareo-1.png\" alt=\"\" class=\"wp-image-1558\" width=\"183\" height=\"183\" srcset=\"https:\/\/sites.ac-nancy-metz.fr\/lyc-jean-prouve-nancy\/wp-content\/uploads\/2024\/06\/QR-CODE-Portail-pre-candidature-netypareo-1.png 834w, https:\/\/sites.ac-nancy-metz.fr\/lyc-jean-prouve-nancy\/wp-content\/uploads\/2024\/06\/QR-CODE-Portail-pre-candidature-netypareo-1-300x300.png 300w, https:\/\/sites.ac-nancy-metz.fr\/lyc-jean-prouve-nancy\/wp-content\/uploads\/2024\/06\/QR-CODE-Portail-pre-candidature-netypareo-1-150x150.png 150w, https:\/\/sites.ac-nancy-metz.fr\/lyc-jean-prouve-nancy\/wp-content\/uploads\/2024\/06\/QR-CODE-Portail-pre-candidature-netypareo-1-768x768.png 768w, https:\/\/sites.ac-nancy-metz.fr\/lyc-jean-prouve-nancy\/wp-content\/uploads\/2024\/06\/QR-CODE-Portail-pre-candidature-netypareo-1-600x600.png 600w\" sizes=\"auto, (max-width: 183px) 100vw, 183px\" \/><\/figure>\n<\/div>","protected":false},"excerpt":{"rendered":"<p>Bac Maintenance des v\u00e9hicules option A : Voitures particuli\u00e8res Formation Initiale en 3 ans sous contrat d\u2019apprentissage Le m\u00e9canicien automobile r\u00e9alise des diagnostics, d\u00e9cide de l\u2019intervention \u00e0 effectuer, change, r\u00e9pare, r\u00e8gle des syst\u00e8mes m\u00e9caniques ou \u00e9lectroniques et effectue des essais.Il est en contact avec les clients pour un premier diagnostic ou pour le compte rendu [&hellip;]<\/p>\n","protected":false},"author":2,"featured_media":0,"parent":0,"menu_order":0,"comment_status":"closed","ping_status":"closed","template":"","meta":{"footnotes":""},"class_list":["post-939","page","type-page","status-publish","hentry","entry"],"_links":{"self":[{"href":"https:\/\/sites.ac-nancy-metz.fr\/lyc-jean-prouve-nancy\/wp-json\/wp\/v2\/pages\/939","targetHints":{"allow":["GET"]}}],"collection":[{"href":"https:\/\/sites.ac-nancy-metz.fr\/lyc-jean-prouve-nancy\/wp-json\/wp\/v2\/pages"}],"about":[{"href":"https:\/\/sites.ac-nancy-metz.fr\/lyc-jean-prouve-nancy\/wp-json\/wp\/v2\/types\/page"}],"author":[{"embeddable":true,"href":"https:\/\/sites.ac-nancy-metz.fr\/lyc-jean-prouve-nancy\/wp-json\/wp\/v2\/users\/2"}],"replies":[{"embeddable":true,"href":"https:\/\/sites.ac-nancy-metz.fr\/lyc-jean-prouve-nancy\/wp-json\/wp\/v2\/comments?post=939"}],"version-history":[{"count":7,"href":"https:\/\/sites.ac-nancy-metz.fr\/lyc-jean-prouve-nancy\/wp-json\/wp\/v2\/pages\/939\/revisions"}],"predecessor-version":[{"id":1567,"href":"https:\/\/sites.ac-nancy-metz.fr\/lyc-jean-prouve-nancy\/wp-json\/wp\/v2\/pages\/939\/revisions\/1567"}],"wp:attachment":[{"href":"https:\/\/sites.ac-nancy-metz.fr\/lyc-jean-prouve-nancy\/wp-json\/wp\/v2\/media?parent=939"}],"curies":[{"name":"wp","href":"https:\/\/api.w.org\/{rel}","templated":true}]}}