{"id":940,"date":"2022-07-01T10:03:30","date_gmt":"2022-07-01T08:03:30","guid":{"rendered":"https:\/\/sites.ac-nancy-metz.fr\/lyc-jean-prouve-nancy\/?page_id=940"},"modified":"2024-05-21T16:29:44","modified_gmt":"2024-05-21T14:29:44","slug":"temoignages","status":"publish","type":"page","link":"https:\/\/sites.ac-nancy-metz.fr\/lyc-jean-prouve-nancy\/temoignages\/","title":{"rendered":"T\u00e9moignages"},"content":{"rendered":"\n<h1 class=\"has-text-color wp-block-heading\" style=\"color:#42a2a4\">T\u00e9moignages<\/h1>\n\n\n\n<p>cette page regroupe l&rsquo;ensembles des t\u00e9moignages des anciens \u00e9l\u00e8ves <\/p>\n","protected":false},"excerpt":{"rendered":"<p>T\u00e9moignages cette page regroupe l&rsquo;ensembles des t\u00e9moignages des anciens \u00e9l\u00e8ves<\/p>\n","protected":false},"author":2,"featured_media":0,"parent":0,"menu_order":0,"comment_status":"closed","ping_status":"closed","template":"","meta":{"footnotes":""},"class_list":["post-940","page","type-page","status-publish","hentry","entry"],"_links":{"self":[{"href":"https:\/\/sites.ac-nancy-metz.fr\/lyc-jean-prouve-nancy\/wp-json\/wp\/v2\/pages\/940","targetHints":{"allow":["GET"]}}],"collection":[{"href":"https:\/\/sites.ac-nancy-metz.fr\/lyc-jean-prouve-nancy\/wp-json\/wp\/v2\/pages"}],"about":[{"href":"https:\/\/sites.ac-nancy-metz.fr\/lyc-jean-prouve-nancy\/wp-json\/wp\/v2\/types\/page"}],"author":[{"embeddable":true,"href":"https:\/\/sites.ac-nancy-metz.fr\/lyc-jean-prouve-nancy\/wp-json\/wp\/v2\/users\/2"}],"replies":[{"embeddable":true,"href":"https:\/\/sites.ac-nancy-metz.fr\/lyc-jean-prouve-nancy\/wp-json\/wp\/v2\/comments?post=940"}],"version-history":[{"count":2,"href":"https:\/\/sites.ac-nancy-metz.fr\/lyc-jean-prouve-nancy\/wp-json\/wp\/v2\/pages\/940\/revisions"}],"predecessor-version":[{"id":1166,"href":"https:\/\/sites.ac-nancy-metz.fr\/lyc-jean-prouve-nancy\/wp-json\/wp\/v2\/pages\/940\/revisions\/1166"}],"wp:attachment":[{"href":"https:\/\/sites.ac-nancy-metz.fr\/lyc-jean-prouve-nancy\/wp-json\/wp\/v2\/media?parent=940"}],"curies":[{"name":"wp","href":"https:\/\/api.w.org\/{rel}","templated":true}]}}