{"id":948,"date":"2022-07-01T11:10:17","date_gmt":"2022-07-01T09:10:17","guid":{"rendered":"https:\/\/sites.ac-nancy-metz.fr\/lyc-jean-prouve-nancy\/?page_id=948"},"modified":"2024-06-17T19:18:37","modified_gmt":"2024-06-17T17:18:37","slug":"bts-maintenances-des-vehicules-option-a","status":"publish","type":"page","link":"https:\/\/sites.ac-nancy-metz.fr\/lyc-jean-prouve-nancy\/bts-maintenances-des-vehicules-option-a\/","title":{"rendered":"BTS Maintenances des v\u00e9hicules option A"},"content":{"rendered":"\n<h1 class=\"has-text-color wp-block-heading\" style=\"color:#42a2a4\">BTS Maintenance des v\u00e9hicules Option A<\/h1>\n\n\n\n<figure class=\"wp-block-image size-large\"><img loading=\"lazy\" decoding=\"async\" width=\"1024\" height=\"346\" src=\"https:\/\/sites.ac-nancy-metz.fr\/lyc-jean-prouve-nancy\/wp-content\/uploads\/2022\/06\/image-9-1024x346.png\" alt=\"\" class=\"wp-image-812\" srcset=\"https:\/\/sites.ac-nancy-metz.fr\/lyc-jean-prouve-nancy\/wp-content\/uploads\/2022\/06\/image-9-1024x346.png 1024w, https:\/\/sites.ac-nancy-metz.fr\/lyc-jean-prouve-nancy\/wp-content\/uploads\/2022\/06\/image-9-300x101.png 300w, https:\/\/sites.ac-nancy-metz.fr\/lyc-jean-prouve-nancy\/wp-content\/uploads\/2022\/06\/image-9-768x259.png 768w, https:\/\/sites.ac-nancy-metz.fr\/lyc-jean-prouve-nancy\/wp-content\/uploads\/2022\/06\/image-9-1536x518.png 1536w, https:\/\/sites.ac-nancy-metz.fr\/lyc-jean-prouve-nancy\/wp-content\/uploads\/2022\/06\/image-9-2048x691.png 2048w\" sizes=\"auto, (max-width: 1024px) 100vw, 1024px\" \/><\/figure>\n\n\n\n<h3 class=\"has-text-color wp-block-heading\" style=\"color:#42a2a4\"><strong>Objectifs professionnels<\/strong><\/h3>\n\n\n\n<p>Le\/la titulaire d\u2019un BTS Maintenance des v\u00e9hicules option A&nbsp;: voitures particuli\u00e8res&nbsp;:<\/p>\n\n\n\n<ul class=\"wp-block-list\"><li>effectue un diagnostic complexe,<\/li><li>r\u00e9alise les op\u00e9rations de maintenance et de r\u00e9parations complexes,<\/li><li>organise les activit\u00e9s de maintenance et de r\u00e9paration,<\/li><li>assure la relation client.<\/li><\/ul>\n\n\n\n<h3 class=\"has-text-color wp-block-heading\" style=\"color:#42a2a4\"><strong>Contenu<\/strong><\/h3>\n\n\n\n<p>Le-la titulaire du BTS Maintenance des v\u00e9hicules option A&nbsp;: voitures particuli\u00e8res doit mobiliser des comp\u00e9tences&nbsp;:<\/p>\n\n\n\n<ul class=\"wp-block-list\"><li>techniques dans diff\u00e9rents aspects de la maintenance,<\/li><li>en organisation, en gestion et en communication commerciale<\/li><li>dans le respect de la r\u00e9glementation aussi bien technique qu\u2019environnementale et en veillant \u00e0 la qualit\u00e9 du service apr\u00e8s-vente.<\/li><\/ul>\n\n\n\n<h3 class=\"has-text-color wp-block-heading\" style=\"color:#42a2a4\"><strong>Pr\u00e9requis<\/strong><\/h3>\n\n\n\n<p>Etre titulaire d\u2019un&nbsp;:<\/p>\n\n\n\n<ul class=\"wp-block-list\"><li>BAC PRO Maintenance des v\u00e9hicules,<\/li><li>BAC STI2D,<\/li><li>BAC g\u00e9n\u00e9ral \u00e0 dominante scientifique.<\/li><\/ul>\n\n\n\n<h3 class=\"has-text-color wp-block-heading\" style=\"color:#42a2a4\"><strong>Validation<\/strong><\/h3>\n\n\n\n<ul class=\"wp-block-list\"><li>Brevet de Technicien Sup\u00e9rieur (BTS).<\/li><li>Dipl\u00f4me de niveau 5.<\/li><\/ul>\n\n\n\n<h3 class=\"has-text-color wp-block-heading\" style=\"color:#42a2a4\"><strong>Modalit\u00e9 de validation et reconnaissance des acquis<\/strong><\/h3>\n\n\n\n<ul class=\"wp-block-list\"><li>Contr\u00f4le en Cours de Formation (CCF).<\/li><li>Epreuves ponctuelles \u00e9crites ou orales.<\/li><\/ul>\n\n\n\n<h3 class=\"has-text-color wp-block-heading\" style=\"color:#42a2a4\"><strong>Modalit\u00e9s p\u00e9dagogiques (m\u00e9thodes, moyens, rythme de l\u2019alternance, suivi, \u2026)<\/strong><\/h3>\n\n\n\n<ul class=\"wp-block-list\"><li>Formation bas\u00e9e sur la p\u00e9dagogie d\u2019alternance avec des p\u00e9riodes de formation en centre compl\u00e9t\u00e9e par des p\u00e9riodes de formation en entreprise dont les objectifs ont \u00e9t\u00e9 d\u00e9finis en d\u00e9but de formation.<\/li><li>20 semaines de pr\u00e9sence en centre par ann\u00e9e de formation.<\/li><li>Cours, travaux dirig\u00e9s, travaux pratiques, suivi individualis\u00e9 \u2026<\/li><li>Mise \u00e0 disposition de l\u2019outil de e-learning Electude.<\/li><li>Formation en pr\u00e9sentiel.<\/li><\/ul>\n\n\n\n<h3 class=\"has-text-color wp-block-heading\" style=\"color:#42a2a4\"><strong>Profil des intervenants<\/strong><\/h3>\n\n\n\n<ul class=\"wp-block-list\"><li>Equipe pluridisciplinaire exp\u00e9riment\u00e9e, personnel de l\u2019\u00e9ducation nationale connaissant parfaitement les objectifs du dipl\u00f4me propos\u00e9.<\/li><li>R\u00e9f\u00e9rent, expert en apprentissage, en charge de votre parcours en centre et de votre suivi pour les p\u00e9riodes en entreprise.<\/li><\/ul>\n\n\n\n<h3 class=\"has-text-color wp-block-heading\" style=\"color:#42a2a4\"><strong>Modalit\u00e9s et d\u00e9lai(s) d\u2019acc\u00e8s<\/strong><\/h3>\n\n\n\n<ul class=\"wp-block-list\"><li>Proc\u00e9dure de pr\u00e9inscription sur la plateforme PARCOURSUP.<\/li><li>La signature d\u2019un contrat d\u2019apprentissage est un pr\u00e9alable \u00e0 l\u2019inscription en centre.<\/li><li>Il est possible, sous conditions, de d\u00e9buter une formation en apprentissage sans employeur, pr\u00e9alablement \u00e0 la conclusion d\u2019un contrat d\u2019apprentissage. Se renseigner aupr\u00e8s de l\u2019\u00e9tablissement r\u00e9alisateur.<\/li><li>Restauration possible au lyc\u00e9e Jean Prouv\u00e9.<\/li><li>H\u00e9bergement possible au lyc\u00e9e Loritz.<\/li><\/ul>\n\n\n\n<h3 class=\"has-text-color wp-block-heading\" style=\"color:#42a2a4\"><strong>Public vis\u00e9<\/strong><\/h3>\n\n\n\n<p>Les jeunes&nbsp;\u00e2g\u00e9s de 16 \u00e0 29 ans r\u00e9volus.<\/p>\n\n\n\n<h3 class=\"has-text-color wp-block-heading\" style=\"color:#42a2a4\"><strong>Personne en situation de handicap<\/strong><\/h3>\n\n\n\n<p>Nos r\u00e9f\u00e9rents handicap sont \u00e0 votre \u00e9coute pour l\u2019analyse de vos besoins sp\u00e9cifiques et l\u2019adaptation de votre formation<\/p>\n\n\n\n<h3 class=\"has-text-color wp-block-heading\" style=\"color:#42a2a4\"><strong>Dur\u00e9e du parcours<\/strong><\/h3>\n\n\n\n<p>Apprentissage&nbsp;:<br>Dur\u00e9e du contrat&nbsp;: 24 mois<br>Dur\u00e9e en centre&nbsp;: 1350 heures<\/p>\n\n\n\n<h3 class=\"has-text-color wp-block-heading\" style=\"color:#42a2a4\"><strong>Lieu de formation<\/strong><\/h3>\n\n\n\n<p>UFA JEAN PROUV\u00c9<br>53 rue de Bonsecours<br>54000 NANCY<br>T\u00e9l&nbsp;: 03.83.37.99.45<br>Courriel&nbsp;: ce.0542414@ac-nancy-metz.fr<\/p>\n\n\n\n<h3 class=\"has-text-color wp-block-heading\" style=\"color:#42a2a4\"><strong>Tarif horaire<\/strong><\/h3>\n\n\n\n<p>Apprentissage&nbsp;:<br>Formation gratuite pour l\u2019apprenti \u2013 Prise en charge par l\u2019OPCO<\/p>\n\n\n\n<h3 class=\"has-text-color wp-block-heading\" style=\"color:#42a2a4\">Satisfaction et r\u00e9ussite des apprentis <\/h3>\n\n\n\n<p>50% : Satisfaisant<br>33% : Tr\u00e8s satisfaisant<\/p>\n\n\n\n<p>100% de r\u00e9ussite aux examens en 2023<\/p>\n\n\n\n<h2 class=\"has-text-color wp-block-heading\" style=\"color:#42a2a4\">Documents joints<\/h2>\n\n\n\n<div class=\"wp-block-file\"><a id=\"wp-block-file--media-33f1d6f4-764f-4232-82fb-de2360240ab0\" href=\"https:\/\/sites.ac-nancy-metz.fr\/lyc-jean-prouve-nancy\/wp-content\/uploads\/2024\/06\/UFA-Jean-prouve-Fiche-produit-BTS-MVA.pdf\">BTS Maintenance des v\u00e9hicules Option A<\/a><a href=\"https:\/\/sites.ac-nancy-metz.fr\/lyc-jean-prouve-nancy\/wp-content\/uploads\/2024\/06\/UFA-Jean-prouve-Fiche-produit-BTS-MVA.pdf\" class=\"wp-block-file__button\" download aria-describedby=\"wp-block-file--media-33f1d6f4-764f-4232-82fb-de2360240ab0\">T\u00e9l\u00e9charger<\/a><\/div>\n\n\n\n<h2 class=\"has-text-color wp-block-heading\" style=\"color:#42a2a4\">Pr\u00e9 candidater<\/h2>\n\n\n\n<p>La pr\u00e9 candidature peut \u00eatre effectu\u00e9e m\u00eame si le jeune n&rsquo;a pas encore trouv\u00e9 de lieu d&rsquo;apprentissage<\/p>\n\n\n\n<div class=\"wp-block-file\"><a id=\"wp-block-file--media-98193eaa-f683-400e-8c4d-949356e58fac\" href=\"https:\/\/sites.ac-nancy-metz.fr\/lyc-jean-prouve-nancy\/wp-content\/uploads\/2024\/06\/pre-candidature.docx\">Plus d&rsquo;informations<\/a><a href=\"https:\/\/sites.ac-nancy-metz.fr\/lyc-jean-prouve-nancy\/wp-content\/uploads\/2024\/06\/pre-candidature.docx\" class=\"wp-block-file__button\" download aria-describedby=\"wp-block-file--media-98193eaa-f683-400e-8c4d-949356e58fac\">T\u00e9l\u00e9charger<\/a><\/div>\n\n\n<div class=\"wp-block-image\">\n<figure class=\"alignleft is-resized\"><img loading=\"lazy\" decoding=\"async\" src=\"https:\/\/sites.ac-nancy-metz.fr\/lyc-jean-prouve-nancy\/wp-content\/uploads\/2024\/06\/QR-CODE-Portail-pre-candidature-netypareo-1.png\" alt=\"\" class=\"wp-image-1558\" width=\"183\" height=\"183\" srcset=\"https:\/\/sites.ac-nancy-metz.fr\/lyc-jean-prouve-nancy\/wp-content\/uploads\/2024\/06\/QR-CODE-Portail-pre-candidature-netypareo-1.png 834w, https:\/\/sites.ac-nancy-metz.fr\/lyc-jean-prouve-nancy\/wp-content\/uploads\/2024\/06\/QR-CODE-Portail-pre-candidature-netypareo-1-300x300.png 300w, https:\/\/sites.ac-nancy-metz.fr\/lyc-jean-prouve-nancy\/wp-content\/uploads\/2024\/06\/QR-CODE-Portail-pre-candidature-netypareo-1-150x150.png 150w, https:\/\/sites.ac-nancy-metz.fr\/lyc-jean-prouve-nancy\/wp-content\/uploads\/2024\/06\/QR-CODE-Portail-pre-candidature-netypareo-1-768x768.png 768w, https:\/\/sites.ac-nancy-metz.fr\/lyc-jean-prouve-nancy\/wp-content\/uploads\/2024\/06\/QR-CODE-Portail-pre-candidature-netypareo-1-600x600.png 600w\" sizes=\"auto, (max-width: 183px) 100vw, 183px\" \/><\/figure>\n<\/div>","protected":false},"excerpt":{"rendered":"<p>BTS Maintenance des v\u00e9hicules Option A Objectifs professionnels Le\/la titulaire d\u2019un BTS Maintenance des v\u00e9hicules option A&nbsp;: voitures particuli\u00e8res&nbsp;: effectue un diagnostic complexe, r\u00e9alise les op\u00e9rations de maintenance et de r\u00e9parations complexes, organise les activit\u00e9s de maintenance et de r\u00e9paration, assure la relation client. Contenu Le-la titulaire du BTS Maintenance des v\u00e9hicules option A&nbsp;: voitures [&hellip;]<\/p>\n","protected":false},"author":2,"featured_media":0,"parent":0,"menu_order":0,"comment_status":"closed","ping_status":"closed","template":"","meta":{"footnotes":""},"class_list":["post-948","page","type-page","status-publish","hentry","entry"],"_links":{"self":[{"href":"https:\/\/sites.ac-nancy-metz.fr\/lyc-jean-prouve-nancy\/wp-json\/wp\/v2\/pages\/948","targetHints":{"allow":["GET"]}}],"collection":[{"href":"https:\/\/sites.ac-nancy-metz.fr\/lyc-jean-prouve-nancy\/wp-json\/wp\/v2\/pages"}],"about":[{"href":"https:\/\/sites.ac-nancy-metz.fr\/lyc-jean-prouve-nancy\/wp-json\/wp\/v2\/types\/page"}],"author":[{"embeddable":true,"href":"https:\/\/sites.ac-nancy-metz.fr\/lyc-jean-prouve-nancy\/wp-json\/wp\/v2\/users\/2"}],"replies":[{"embeddable":true,"href":"https:\/\/sites.ac-nancy-metz.fr\/lyc-jean-prouve-nancy\/wp-json\/wp\/v2\/comments?post=948"}],"version-history":[{"count":10,"href":"https:\/\/sites.ac-nancy-metz.fr\/lyc-jean-prouve-nancy\/wp-json\/wp\/v2\/pages\/948\/revisions"}],"predecessor-version":[{"id":1568,"href":"https:\/\/sites.ac-nancy-metz.fr\/lyc-jean-prouve-nancy\/wp-json\/wp\/v2\/pages\/948\/revisions\/1568"}],"wp:attachment":[{"href":"https:\/\/sites.ac-nancy-metz.fr\/lyc-jean-prouve-nancy\/wp-json\/wp\/v2\/media?parent=948"}],"curies":[{"name":"wp","href":"https:\/\/api.w.org\/{rel}","templated":true}]}}