{"id":953,"date":"2022-07-01T11:27:41","date_gmt":"2022-07-01T09:27:41","guid":{"rendered":"https:\/\/sites.ac-nancy-metz.fr\/lyc-jean-prouve-nancy\/?page_id=953"},"modified":"2024-06-17T19:19:58","modified_gmt":"2024-06-17T17:19:58","slug":"reparation-des-carrosseries","status":"publish","type":"page","link":"https:\/\/sites.ac-nancy-metz.fr\/lyc-jean-prouve-nancy\/reparation-des-carrosseries\/","title":{"rendered":"R\u00e9paration des carrosseries"},"content":{"rendered":"\n<h1 class=\"has-text-color wp-block-heading\" style=\"color:#42a2a4\">BAC PRO Carrossier peintre automobile<\/h1>\n\n\n\n<p><a href=\"http:\/\/www4.ac-nancy-metz.fr\/lyc-jeanprouvenancy\/spip.php?article166\"><\/a><\/p>\n\n\n\n<figure class=\"wp-block-image size-large\"><img loading=\"lazy\" decoding=\"async\" width=\"1024\" height=\"346\" src=\"https:\/\/sites.ac-nancy-metz.fr\/lyc-jean-prouve-nancy\/wp-content\/uploads\/2022\/07\/imagerep-1024x346.jpg\" alt=\"\" class=\"wp-image-955\" srcset=\"https:\/\/sites.ac-nancy-metz.fr\/lyc-jean-prouve-nancy\/wp-content\/uploads\/2022\/07\/imagerep-1024x346.jpg 1024w, https:\/\/sites.ac-nancy-metz.fr\/lyc-jean-prouve-nancy\/wp-content\/uploads\/2022\/07\/imagerep-300x101.jpg 300w, https:\/\/sites.ac-nancy-metz.fr\/lyc-jean-prouve-nancy\/wp-content\/uploads\/2022\/07\/imagerep-768x259.jpg 768w, https:\/\/sites.ac-nancy-metz.fr\/lyc-jean-prouve-nancy\/wp-content\/uploads\/2022\/07\/imagerep-1536x518.jpg 1536w, https:\/\/sites.ac-nancy-metz.fr\/lyc-jean-prouve-nancy\/wp-content\/uploads\/2022\/07\/imagerep-2048x691.jpg 2048w\" sizes=\"auto, (max-width: 1024px) 100vw, 1024px\" \/><\/figure>\n\n\n\n<h3 class=\"has-text-color wp-block-heading\" style=\"color:#42a2a4\">Formation Initiale en 2 ans (sous conditions) sous contrat d\u2019apprentissage<\/h3>\n\n\n\n<p>Le carrossier peintre r\u00e9pare ou remplace des \u00e9l\u00e9ments de carrosserie et parechocs des v\u00e9hicules et effectue les finitions de peinture sur les parties endommag\u00e9es. Il r\u00e9alise des contr\u00f4les \u00e0 l\u2019aide d\u2019un banc de mesure pour respecter les normes fix\u00e9es par le constructeur. Il est \u00e9galement amen\u00e9 \u00e0 d\u00e9monter des \u00e9quipements \u00e9lectriques ou \u00e9lectroniques. Il rencontre les clients pour leur demande ou leur pr\u00e9senter les travaux effectu\u00e9s.<\/p>\n\n\n\n<h3 class=\"has-text-color wp-block-heading\" style=\"color:#42a2a4\">Formation technique<\/h3>\n\n\n\n<p>La formation au CFA, d\u2019une dur\u00e9e de 1350 heures, se d\u00e9roule sur 2 ann\u00e9es.<\/p>\n\n\n\n<h3 class=\"has-text-color wp-block-heading\" style=\"color:#42a2a4\">Les conditions d\u2019admission<\/h3>\n\n\n\n<p>Avoir entre 16 et 29 ans \u00e0 la date de signature du contrat d\u2019apprentissage.<br>\u00catre titulaire du CAP R\u00e9paration des carrosseries ou du CAP Peinture en carrosserie..<\/p>\n\n\n\n<h3 class=\"has-text-color wp-block-heading\" style=\"color:#42a2a4\">Aptitudes<\/h3>\n\n\n\n<p>Rigueur. Pr\u00e9cision. Sens du contact. Curieux. Organis\u00e9. Go\u00fbt pour les nouvelles technologies.<br><em>R\u00e9mun\u00e9ration de l\u2019apprenti dans le cadre du contrat d\u2019apprentissage<\/em><\/p>\n\n\n\n<h3 class=\"has-text-color wp-block-heading\" style=\"color:#42a2a4\">Mati\u00e8res enseign\u00e9es<\/h3>\n\n\n\n<ul class=\"wp-block-list\"><li>Fran\u00e7ais \/ Histoire \u2013 g\u00e9ographie<\/li><li>Math\u00e9matiques \/ Sciences<\/li><li>Anglais<\/li><li>Pr\u00e9vention sant\u00e9 environnement<\/li><li>Arts appliqu\u00e9s<\/li><li>\u00c9ducation physique et sportive<\/li><li>Analyse fonctionnelle<\/li><li>\u00c9conomie &#8211; Gestion<\/li><li>Enseignement professionnel<\/li><\/ul>\n\n\n\n<p class=\"has-text-color\" style=\"color:#42a2a4\"><strong>Les m\u00e9tiers proches ou associ\u00e9s<\/strong><\/p>\n\n\n\n<ul class=\"wp-block-list\"><li>Peintre en carrosserie, carrossier r\u00e9parateur, technicien en carrosserie&#8230;<\/li><\/ul>\n\n\n\n<h3 class=\"has-text-color wp-block-heading\" style=\"color:#42a2a4\">Et apr\u00e8s quelques ann\u00e9es d&rsquo;exp\u00e9rience :<\/h3>\n\n\n\n<p>Avec de l\u2019exp\u00e9rience, le carrossier r\u00e9parateur peut devenir chef d\u2019atelier, responsable d\u2019atelier ou s\u2019installer \u00e0 son compte comme carrossier.<\/p>\n\n\n\n<h3 class=\"has-text-color wp-block-heading\" style=\"color:#42a2a4\">Les poursuites d&rsquo;\u00e9tudes<\/h3>\n\n\n\n<p>CQP Peintre confirm\u00e9.<br>CQP Carrossier r\u00e9parateur.<\/p>\n\n\n\n<h3 class=\"has-text-color wp-block-heading\" style=\"color:#42a2a4\">Satisfaction et r\u00e9ussite des apprentis <\/h3>\n\n\n\n<p>69% : Satisfaisant<br>31% : Tr\u00e8s satisfaisant<\/p>\n\n\n\n<p>100% de r\u00e9ussite aux examens en 2023<\/p>\n\n\n\n<h3 class=\"has-text-color wp-block-heading\" style=\"color:#42a2a4\">Fiche m\u00e9tier &amp; Vid\u00e9os<\/h3>\n\n\n\n<p><a href=\"http:\/\/www.onisep.fr\/Ressources\/Univers-Metier\/Metiers\/carrossier-iere\">Fiche m\u00e9tier<\/a><br><a href=\"http:\/\/www.auto-moto.com\/dossiers\/dossier\/dossier-adresses-incontournables-by-auto-moto-2\/cfa-ami-formation-apprentis-aux-metiers-de-lindustrie-154465.html\">Reportage AUTO-MOTO<\/a><\/p>\n\n\n\n<h2 class=\"has-text-color wp-block-heading\" style=\"color:#42a2a4\">Documents joints<\/h2>\n\n\n\n<div class=\"wp-block-file\"><a id=\"wp-block-file--media-98193eaa-f683-400e-8c4d-949356e58fac\" href=\"https:\/\/sites.ac-nancy-metz.fr\/lyc-jean-prouve-nancy\/wp-content\/uploads\/2024\/06\/UFA-Jean-prouve-Fiche-produit-BAC-PRO-CPA.pdf\">BAC PRO Carrossier peintre automobile<\/a><a href=\"https:\/\/sites.ac-nancy-metz.fr\/lyc-jean-prouve-nancy\/wp-content\/uploads\/2024\/06\/UFA-Jean-prouve-Fiche-produit-BAC-PRO-CPA.pdf\" class=\"wp-block-file__button\" download aria-describedby=\"wp-block-file--media-98193eaa-f683-400e-8c4d-949356e58fac\">T\u00e9l\u00e9charger<\/a><\/div>\n\n\n\n<h2 class=\"has-text-color wp-block-heading\" style=\"color:#42a2a4\">Pr\u00e9 candidater<\/h2>\n\n\n\n<p>La pr\u00e9 candidature peut \u00eatre effectu\u00e9e m\u00eame si le jeune n&rsquo;a pas encore trouv\u00e9 de lieu d&rsquo;apprentissage<\/p>\n\n\n\n<div class=\"wp-block-file\"><a id=\"wp-block-file--media-98193eaa-f683-400e-8c4d-949356e58fac\" href=\"https:\/\/sites.ac-nancy-metz.fr\/lyc-jean-prouve-nancy\/wp-content\/uploads\/2024\/06\/pre-candidature.docx\">Plus d&rsquo;informations<\/a><a href=\"https:\/\/sites.ac-nancy-metz.fr\/lyc-jean-prouve-nancy\/wp-content\/uploads\/2024\/06\/pre-candidature.docx\" class=\"wp-block-file__button\" download aria-describedby=\"wp-block-file--media-98193eaa-f683-400e-8c4d-949356e58fac\">T\u00e9l\u00e9charger<\/a><\/div>\n\n\n<div class=\"wp-block-image\">\n<figure class=\"alignleft is-resized\"><img loading=\"lazy\" decoding=\"async\" src=\"https:\/\/sites.ac-nancy-metz.fr\/lyc-jean-prouve-nancy\/wp-content\/uploads\/2024\/06\/QR-CODE-Portail-pre-candidature-netypareo-1.png\" alt=\"\" class=\"wp-image-1558\" width=\"183\" height=\"183\" srcset=\"https:\/\/sites.ac-nancy-metz.fr\/lyc-jean-prouve-nancy\/wp-content\/uploads\/2024\/06\/QR-CODE-Portail-pre-candidature-netypareo-1.png 834w, https:\/\/sites.ac-nancy-metz.fr\/lyc-jean-prouve-nancy\/wp-content\/uploads\/2024\/06\/QR-CODE-Portail-pre-candidature-netypareo-1-300x300.png 300w, https:\/\/sites.ac-nancy-metz.fr\/lyc-jean-prouve-nancy\/wp-content\/uploads\/2024\/06\/QR-CODE-Portail-pre-candidature-netypareo-1-150x150.png 150w, https:\/\/sites.ac-nancy-metz.fr\/lyc-jean-prouve-nancy\/wp-content\/uploads\/2024\/06\/QR-CODE-Portail-pre-candidature-netypareo-1-768x768.png 768w, https:\/\/sites.ac-nancy-metz.fr\/lyc-jean-prouve-nancy\/wp-content\/uploads\/2024\/06\/QR-CODE-Portail-pre-candidature-netypareo-1-600x600.png 600w\" sizes=\"auto, (max-width: 183px) 100vw, 183px\" \/><\/figure>\n<\/div>","protected":false},"excerpt":{"rendered":"<p>BAC PRO Carrossier peintre automobile Formation Initiale en 2 ans (sous conditions) sous contrat d\u2019apprentissage Le carrossier peintre r\u00e9pare ou remplace des \u00e9l\u00e9ments de carrosserie et parechocs des v\u00e9hicules et effectue les finitions de peinture sur les parties endommag\u00e9es. Il r\u00e9alise des contr\u00f4les \u00e0 l\u2019aide d\u2019un banc de mesure pour respecter les normes fix\u00e9es par [&hellip;]<\/p>\n","protected":false},"author":2,"featured_media":0,"parent":0,"menu_order":0,"comment_status":"closed","ping_status":"closed","template":"","meta":{"footnotes":""},"class_list":["post-953","page","type-page","status-publish","hentry","entry"],"_links":{"self":[{"href":"https:\/\/sites.ac-nancy-metz.fr\/lyc-jean-prouve-nancy\/wp-json\/wp\/v2\/pages\/953","targetHints":{"allow":["GET"]}}],"collection":[{"href":"https:\/\/sites.ac-nancy-metz.fr\/lyc-jean-prouve-nancy\/wp-json\/wp\/v2\/pages"}],"about":[{"href":"https:\/\/sites.ac-nancy-metz.fr\/lyc-jean-prouve-nancy\/wp-json\/wp\/v2\/types\/page"}],"author":[{"embeddable":true,"href":"https:\/\/sites.ac-nancy-metz.fr\/lyc-jean-prouve-nancy\/wp-json\/wp\/v2\/users\/2"}],"replies":[{"embeddable":true,"href":"https:\/\/sites.ac-nancy-metz.fr\/lyc-jean-prouve-nancy\/wp-json\/wp\/v2\/comments?post=953"}],"version-history":[{"count":10,"href":"https:\/\/sites.ac-nancy-metz.fr\/lyc-jean-prouve-nancy\/wp-json\/wp\/v2\/pages\/953\/revisions"}],"predecessor-version":[{"id":1570,"href":"https:\/\/sites.ac-nancy-metz.fr\/lyc-jean-prouve-nancy\/wp-json\/wp\/v2\/pages\/953\/revisions\/1570"}],"wp:attachment":[{"href":"https:\/\/sites.ac-nancy-metz.fr\/lyc-jean-prouve-nancy\/wp-json\/wp\/v2\/media?parent=953"}],"curies":[{"name":"wp","href":"https:\/\/api.w.org\/{rel}","templated":true}]}}