{"id":150,"date":"2022-12-21T18:49:33","date_gmt":"2022-12-21T17:49:33","guid":{"rendered":"https:\/\/sites.ac-nancy-metz.fr\/lyc-p-montigny-les-metz\/?page_id=150"},"modified":"2022-12-21T19:11:01","modified_gmt":"2022-12-21T18:11:01","slug":"travaux-publics","status":"publish","type":"page","link":"https:\/\/sites.ac-nancy-metz.fr\/lyc-p-montigny-les-metz\/formations\/formations\/travaux-publics\/","title":{"rendered":"Travaux Publics (Bac Pro)"},"content":{"rendered":"<style id=\"kb-rowlayout_7298a1-b9\">#kt-layout-id_7298a1-b9 > .kt-row-column-wrap.kb-theme-content-width{max-width:1290px;}.kt-layout-id_7298a1-b9 > .kb-theme-content-width{padding-left:var(--global-content-edge-padding);padding-right:var(--global-content-edge-padding);}#kt-layout-id_7298a1-b9 > .kt-row-column-wrap{padding-top:50px;padding-bottom:50px;}<\/style>\n<div class=\"wp-block-kadence-rowlayout alignnone\"><div id=\"kt-layout-id_7298a1-b9\" class=\"kt-row-layout-inner kt-layout-id_7298a1-b9\"><div class=\"kt-row-column-wrap kt-has-1-columns kt-gutter-default kt-v-gutter-default kt-row-valign-top kt-row-layout-equal kt-tab-layout-inherit kt-m-colapse-left-to-right kt-mobile-layout-row kb-theme-content-width\">\n<div class=\"wp-block-kadence-column inner-column-1 kadence-column_bd73d4-55\"><div class=\"kt-inside-inner-col\"><style id=\"kb-tabs_a2ba27-da\">.kt-tabs-id_a2ba27-da > .kt-tabs-content-wrap > .wp-block-kadence-tab {border-width:1px 0px 0px 0px;min-height:510px;border-color:#eee;background:#fff;}.wp-block-kadence-tabs .kt-tabs-id_a2ba27-da > .kt-tabs-title-list li {margin:0px 4px 0px 4px;}.wp-block-kadence-tabs .kt-tabs-id_a2ba27-da > .kt-tabs-title-list li .kt-tab-title, .wp-block-kadence-tabs .kt-tabs-id_a2ba27-da > .kt-tabs-content-wrap > .kt-tabs-accordion-title .kt-tab-title {font-size:22px;line-height:35px;font-family:Playball;font-weight:400;border-width:0px 0px 5px 0px ;border-radius:0px 0px 0px 0px ;padding:10px 20px 10px 20px ;border-color:#fff;color:#575757;background:#fff;}.wp-block-kadence-tabs .kt-tabs-id_a2ba27-da > .kt-tabs-title-list li .kt-tab-title:hover, .wp-block-kadence-tabs .kt-tabs-id_a2ba27-da > .kt-tabs-content-wrap > .kt-tabs-accordion-title .kt-tab-title:hover {border-color:#eee;color:#444;background:#fff;}.wp-block-kadence-tabs .kt-tabs-id_a2ba27-da > .kt-tabs-title-list li.kt-tab-title-active .kt-tab-title, .wp-block-kadence-tabs .kt-tabs-id_a2ba27-da > .kt-tabs-content-wrap > .kt-tabs-accordion-title.kt-tab-title-active .kt-tab-title  {border-color:#00b5e2;color:#00b5e2;background:#fff;}<\/style>\n<div class=\"wp-block-kadence-tabs alignnone layout-tabs\"><div class=\"kt-tabs-wrap kt-tabs-id_a2ba27-da kt-tabs-has-1-tabs kt-active-tab-1 kt-tabs-layout-tabs kt-tabs-tablet-layout-inherit kt-tabs-mobile-layout-accordion kt-tab-alignment-center kt-create-accordion\" style=\"max-width:none\"><ul class=\"kt-tabs-title-list\"><li id=\"tab-bacprotp\" class=\"kt-title-item kt-title-item-1 kt-tabs-svg-show-always kt-tabs-icon-side-left kt-tab-title-active\"><a href=\"#tab-bacprotp\" data-tab=\"1\" class=\"kt-tab-title kt-tab-title-1 \"><span class=\"kt-title-text\">Bac Pro TP<\/span><\/a><\/li><\/ul><div class=\"kt-tabs-content-wrap\">\n<div class=\"wp-block-kadence-tab kt-tab-inner-content kt-inner-tab-1 kt-inner-tab_90f1e4-0d\"><div class=\"kt-tab-inner-content-inner\">\n<div class=\"wp-block-kadence-rowlayout alignnone\"><div id=\"kt-layout-id_eace53-63\" class=\"kt-row-layout-inner kt-layout-id_eace53-63\"><div class=\"kt-row-column-wrap kt-has-4-columns kt-gutter-default kt-v-gutter-default kt-row-valign-top kt-row-layout-left-forty kt-tab-layout-inherit kt-m-colapse-left-to-right kt-mobile-layout-row\">\n<div class=\"wp-block-kadence-column inner-column-1 kadence-column_4bb33e-dc\"><div class=\"kt-inside-inner-col\">\n<figure class=\"wp-block-image size-full\"><img loading=\"lazy\" decoding=\"async\" width=\"600\" height=\"450\" src=\"https:\/\/sites.ac-nancy-metz.fr\/lyc-p-montigny-les-metz\/wp-content\/uploads\/2022\/12\/TP10.jpg\" alt=\"\" class=\"wp-image-151\"\/><\/figure>\n<\/div><\/div>\n\n\n\n<div class=\"wp-block-kadence-column inner-column-2 kadence-column_08faef-a7\"><div class=\"kt-inside-inner-col\">\n<p>LE METIER<\/p>\n\n\n\n<p class=\"has-small-font-size\">Le titulaire du Bac Pro T.P. est un technicien sur un chantier.<br>Il construit des routes, des ouvrages d\u2019art (ponts, barrages, tunnels), r\u00e9alise des terrassements, pose des canalisations.<br>Ses comp\u00e9tences s\u2019\u00e9tendent de l\u2019organisation \u00e0 l\u2019encadrement et \u00e0 la gestion.<br>Il collabore au bon d\u00e9roulement du chantier jusqu\u2019\u00e0 sa remise au client :<br>pr\u00e9paration technique, d\u00e9fi nition des t\u00e2ches, de leur temps de r\u00e9alisation, de leur ordre d\u2019ex\u00e9cution. Il contr\u00f4le l\u2019approvisionnement et le bon emploi des mat\u00e9riaux et des mat\u00e9riels.<br>Tout au long du chantier, il veille \u00e0 respecter le calendrier d\u2019ex\u00e9cution et les r\u00e8gles de s\u00e9curit\u00e9.<\/p>\n\n\n\n<p class=\"has-small-font-size\"><strong>Secteurs d\u2019activit\u00e9 :<\/strong><br>Entreprises de Travaux Publics<br>Grandes entreprises nationales<br>Soci\u00e9t\u00e9s concessionnaires<br>Services de l\u2019Etat ou collectivit\u00e9s territoriales<\/p>\n<\/div><\/div>\n\n\n\n<div class=\"wp-block-kadence-column inner-column-3 kadence-column_26a0bb-67\"><div class=\"kt-inside-inner-col\">\n<p>LA FORMATION<\/p>\n\n\n\n<p class=\"has-small-font-size\">Ce bac pro se pr\u00e9pare en trois apr\u00e8s la classe de troisi\u00e8me. La formation comprend 6 p\u00e9riodes de formation en entreprises, soit 22 semaines r\u00e9parties sur les trois ann\u00e9es.<br><strong><br>Programme d\u2019\u00e9tudes du BAC PRO&nbsp;T.P.<\/strong><br><strong>Enseignement G\u00e9n\u00e9ral :<\/strong><br>Math\u00e9matiques, Sciences physiques, Langue vivante, Fran\u00e7ais, Histoire g\u00e9ographie, Education artistique-arts appliqu\u00e9s, Education Physique et<br>Sportive, Hygi\u00e8ne pr\u00e9vention secourisme.<\/p>\n\n\n\n<p class=\"has-small-font-size\"><strong>Enseignement Professionnel :<\/strong><br>\u2022 Topographie<br>\u2022 Laboratoire g\u00e9otechnique<br>\u2022 R\u00e9sistance des mat\u00e9riaux<br>\u2022 M\u00e9tr\u00e9 et \u00e9tude de prix<br>\u2022 Gestion quantitative des besoins et des moyens<br>\u2022 Etude d\u2019ouvrages<br>\u2022 Organisation des travaux et suivi de la r\u00e9alisation<\/p>\n<\/div><\/div>\n\n\n\n<div class=\"wp-block-kadence-column inner-column-4 kadence-column_6b0551-1c\"><div class=\"kt-inside-inner-col\">\n<p>LES DEBOUCHES<\/p>\n\n\n\n<p class=\"has-small-font-size\">Alors que le secteur du BTP emploie d\u00e9j\u00e0 1,5 millions de personnes, il reste malgr\u00e9 tout 100 000 offres d\u2019emplois non pourvues chaque ann\u00e9e. Il s\u2019agit en majorit\u00e9 d\u2019emplois ouvriers mais aussi de postes plus qualifi\u00e9s d\u2019ing\u00e9nieurs, d\u2019artisans, de ma\u00eetres d\u2019oeuvres ou de coordinateurs de chantiers.<br>Le Bac Pro Travaux Publics forme aux m\u00e9tiers de chef de chantier, conducteur d\u2019engins de travaux<br>publics, canalisateur et constructeurs de routes. Il forme des techniciens qui seront amen\u00e9s \u00e0 travailler sur un chantier et \u00e0 veiller \u00e0 son bon d\u00e9roulement<br>via la gestion d\u2019\u00e9quipe et l\u2019approvisionnement du mat\u00e9riel.<\/p>\n\n\n\n<p class=\"has-small-font-size\"><strong>Poursuite d\u2019\u00e9tudes apr\u00e8s le Bac Professionnel Travaux Publics :<br><\/strong>BTS Travaux Publics<\/p>\n<\/div><\/div>\n<\/div><\/div><\/div>\n<\/div><\/div>\n<\/div><\/div><\/div>\n<\/div><\/div>\n<\/div><\/div><\/div>\n","protected":false},"excerpt":{"rendered":"","protected":false},"author":1,"featured_media":0,"parent":117,"menu_order":0,"comment_status":"closed","ping_status":"closed","template":"","meta":{"_kad_post_transparent":"","_kad_post_title":"","_kad_post_layout":"","_kad_post_sidebar_id":"","_kad_post_content_style":"","_kad_post_vertical_padding":"","_kad_post_feature":"","_kad_post_feature_position":"","_kad_post_header":false,"_kad_post_footer":false,"footnotes":""},"class_list":["post-150","page","type-page","status-publish","hentry"],"_links":{"self":[{"href":"https:\/\/sites.ac-nancy-metz.fr\/lyc-p-montigny-les-metz\/wp-json\/wp\/v2\/pages\/150","targetHints":{"allow":["GET"]}}],"collection":[{"href":"https:\/\/sites.ac-nancy-metz.fr\/lyc-p-montigny-les-metz\/wp-json\/wp\/v2\/pages"}],"about":[{"href":"https:\/\/sites.ac-nancy-metz.fr\/lyc-p-montigny-les-metz\/wp-json\/wp\/v2\/types\/page"}],"author":[{"embeddable":true,"href":"https:\/\/sites.ac-nancy-metz.fr\/lyc-p-montigny-les-metz\/wp-json\/wp\/v2\/users\/1"}],"replies":[{"embeddable":true,"href":"https:\/\/sites.ac-nancy-metz.fr\/lyc-p-montigny-les-metz\/wp-json\/wp\/v2\/comments?post=150"}],"version-history":[{"count":2,"href":"https:\/\/sites.ac-nancy-metz.fr\/lyc-p-montigny-les-metz\/wp-json\/wp\/v2\/pages\/150\/revisions"}],"predecessor-version":[{"id":162,"href":"https:\/\/sites.ac-nancy-metz.fr\/lyc-p-montigny-les-metz\/wp-json\/wp\/v2\/pages\/150\/revisions\/162"}],"up":[{"embeddable":true,"href":"https:\/\/sites.ac-nancy-metz.fr\/lyc-p-montigny-les-metz\/wp-json\/wp\/v2\/pages\/117"}],"wp:attachment":[{"href":"https:\/\/sites.ac-nancy-metz.fr\/lyc-p-montigny-les-metz\/wp-json\/wp\/v2\/media?parent=150"}],"curies":[{"name":"wp","href":"https:\/\/api.w.org\/{rel}","templated":true}]}}