{"id":171,"date":"2022-12-21T19:20:49","date_gmt":"2022-12-21T18:20:49","guid":{"rendered":"https:\/\/sites.ac-nancy-metz.fr\/lyc-p-montigny-les-metz\/?page_id=171"},"modified":"2025-06-03T13:40:24","modified_gmt":"2025-06-03T11:40:24","slug":"technicien-de-maintenance-des-systemes-energetiques-climatiques-bac-pro","status":"publish","type":"page","link":"https:\/\/sites.ac-nancy-metz.fr\/lyc-p-montigny-les-metz\/formations\/formations\/technicien-de-maintenance-des-systemes-energetiques-climatiques-bac-pro\/","title":{"rendered":"Maintenance et Efficacit\u00e9 Energ\u00e9tique (Bac Pro)"},"content":{"rendered":"<style id=\"kb-rowlayout_7298a1-b9\">#kt-layout-id_7298a1-b9 > .kt-row-column-wrap.kb-theme-content-width{max-width:1290px;}.kt-layout-id_7298a1-b9 > .kb-theme-content-width{padding-left:var(--global-content-edge-padding);padding-right:var(--global-content-edge-padding);}#kt-layout-id_7298a1-b9 > .kt-row-column-wrap{padding-top:50px;padding-bottom:50px;}<\/style>\n<div class=\"wp-block-kadence-rowlayout alignnone\"><div id=\"kt-layout-id_7298a1-b9\" class=\"kt-row-layout-inner kt-layout-id_7298a1-b9\"><div class=\"kt-row-column-wrap kt-has-1-columns kt-gutter-default kt-v-gutter-default kt-row-valign-top kt-row-layout-equal kt-tab-layout-inherit kt-m-colapse-left-to-right kt-mobile-layout-row kb-theme-content-width\">\n<div class=\"wp-block-kadence-column inner-column-1 kadence-column_bd73d4-55\"><div class=\"kt-inside-inner-col\"><style id=\"kb-tabs_a2ba27-da\">.kt-tabs-id_a2ba27-da > .kt-tabs-content-wrap > .wp-block-kadence-tab {border-width:1px 0px 0px 0px;min-height:510px;border-color:#eee;background:#fff;}.wp-block-kadence-tabs .kt-tabs-id_a2ba27-da > .kt-tabs-title-list li {margin:0px 4px 0px 4px;}.wp-block-kadence-tabs .kt-tabs-id_a2ba27-da > .kt-tabs-title-list li .kt-tab-title, .wp-block-kadence-tabs .kt-tabs-id_a2ba27-da > .kt-tabs-content-wrap > .kt-tabs-accordion-title .kt-tab-title {font-size:22px;line-height:35px;font-family:Playball;font-weight:400;border-width:0px 0px 5px 0px ;border-radius:0px 0px 0px 0px ;padding:10px 20px 10px 20px ;border-color:#fff;color:#575757;background:#fff;}.wp-block-kadence-tabs .kt-tabs-id_a2ba27-da > .kt-tabs-title-list li .kt-tab-title:hover, .wp-block-kadence-tabs .kt-tabs-id_a2ba27-da > .kt-tabs-content-wrap > .kt-tabs-accordion-title .kt-tab-title:hover {border-color:#eee;color:#444;background:#fff;}.wp-block-kadence-tabs .kt-tabs-id_a2ba27-da > .kt-tabs-title-list li.kt-tab-title-active .kt-tab-title, .wp-block-kadence-tabs .kt-tabs-id_a2ba27-da > .kt-tabs-content-wrap > .kt-tabs-accordion-title.kt-tab-title-active .kt-tab-title  {border-color:#00b5e2;color:#00b5e2;background:#fff;}<\/style>\n<div class=\"wp-block-kadence-tabs alignnone layout-tabs\"><div class=\"kt-tabs-wrap kt-tabs-id_a2ba27-da kt-tabs-has-1-tabs kt-active-tab-1 kt-tabs-layout-tabs kt-tabs-tablet-layout-inherit kt-tabs-mobile-layout-accordion kt-tab-alignment-center kt-create-accordion\" style=\"max-width:none\"><ul class=\"kt-tabs-title-list\"><li id=\"tab-bacpromee\" class=\"kt-title-item kt-title-item-1 kt-tabs-svg-show-always kt-tabs-icon-side-left kt-tab-title-active\"><a href=\"#tab-bacpromee\" data-tab=\"1\" class=\"kt-tab-title kt-tab-title-1 \"><span class=\"kt-title-text\">Bac Pro MEE<\/span><\/a><\/li><\/ul><div class=\"kt-tabs-content-wrap\">\n<div class=\"wp-block-kadence-tab kt-tab-inner-content kt-inner-tab-1 kt-inner-tab_90f1e4-0d\"><div class=\"kt-tab-inner-content-inner\">\n<div class=\"wp-block-kadence-rowlayout alignnone\"><div id=\"kt-layout-id_eace53-63\" class=\"kt-row-layout-inner kt-layout-id_eace53-63\"><div class=\"kt-row-column-wrap kt-has-4-columns kt-gutter-default kt-v-gutter-default kt-row-valign-top kt-row-layout-left-forty kt-tab-layout-inherit kt-m-colapse-left-to-right kt-mobile-layout-row\">\n<div class=\"wp-block-kadence-column inner-column-1 kadence-column_4bb33e-dc\"><div class=\"kt-inside-inner-col\">\n<figure class=\"wp-block-image size-full\"><img loading=\"lazy\" decoding=\"async\" width=\"500\" height=\"332\" src=\"https:\/\/sites.ac-nancy-metz.fr\/lyc-p-montigny-les-metz\/wp-content\/uploads\/2022\/12\/TMSEC9.jpg\" alt=\"\" class=\"wp-image-181\"\/><\/figure>\n\n\n\n<h3 class=\"wp-block-heading\">UNE CLASSE EUROPEENNE<\/h3>\n\n\n\n<p class=\"has-small-font-size\"><strong>Depuis la rentr\u00e9e de septembre 2018, cette section est une section europ\u00e9enne.<\/strong><\/p>\n\n\n\n<p class=\"has-small-font-size\">Cette section europ\u00e9enne vise un niveau proche du bilinguisme notamment gr\u00e2ce \u00e0 l&rsquo;enseignement en langue \u00e9trang\u00e8re : l&rsquo;anglais, d&rsquo;une ou plusieurs disciplines non linguistiques, assorti d&rsquo;une connaissance approfondie de la culture des pays \u00e9trangers (\u00e9changes, partenariats, \u00e9tude de la civilisation et de la culture).<\/p>\n\n\n\n<p class=\"has-small-font-size\">A partir de la classe de 2nde, une ou plusieurs disciplines non linguistiques sont enseign\u00e9es dans la langue \u00e9trang\u00e8re de la section.<\/p>\n\n\n\n<p class=\"has-small-font-size\">Plus de d\u00e9tails dans la rubrique INTERNATIONAL.<\/p>\n<\/div><\/div>\n\n\n\n<div class=\"wp-block-kadence-column inner-column-2 kadence-column_08faef-a7\"><div class=\"kt-inside-inner-col\">\n<p>LE METIER<\/p>\n\n\n\n<p class=\"has-small-font-size\">Le titulaire du&nbsp;<strong>BAC PRO MME <\/strong>sp\u00e9cialit\u00e9 Technicien de maintenance des syst\u00e8mes \u00e9nerg\u00e9tiques et climatiques est un professionnel charg\u00e9 de la maintenance pr\u00e9ventive et corrective des installations \u00e9nerg\u00e9tiques et climatiques.<\/p>\n\n\n\n<p class=\"has-small-font-size\">Il travaille soit dans une entreprise sp\u00e9cialis\u00e9e, et dans ce cas, il se voit confi er un ensemble de clients chez qui il effectue les visites techniques aux fr\u00e9quences contractuellement pr\u00e9vues et les \u00e9ventuels d\u00e9pannages.<br>Sur un site industriel ou dans une grande entreprise, il intervient sur place et travaille dans un service en \u00e9quipe sous l&rsquo;autorit\u00e9 d&rsquo;un responsable de site : mise au point, mise en service, maintenance.<\/p>\n\n\n\n<p class=\"has-small-font-size\"><strong>Secteurs d&rsquo;activit\u00e9 :<\/strong><br>Entreprises ayant un service maintenance, d\u00e9pannage ou SAV, entreprises sp\u00e9cialis\u00e9es en exploitation et en maintenance, constructeurs d&rsquo;\u00e9quipements \u00e9nerg\u00e9tiques et climatiques&#8230;<\/p>\n<\/div><\/div>\n\n\n\n<div class=\"wp-block-kadence-column inner-column-3 kadence-column_26a0bb-67\"><div class=\"kt-inside-inner-col\">\n<p>LA FORMATION<\/p>\n\n\n\n<p class=\"has-small-font-size\">Ce bac pro se pr\u00e9pare en trois apr\u00e8s la classe de troisi\u00e8me. Les \u00e9l\u00e8ves titulaires de certains CAP du m\u00eame secteur peuvent \u00e9galement le pr\u00e9parer en 2 ans sous certaines conditions.<br><strong><br><\/strong><strong>BAC PRO ETE<\/strong>&nbsp;(\u00e9quipement technique et \u00e9nergie)<strong><\/strong><br><strong>Enseignement G\u00e9n\u00e9ral :<\/strong><br>Math\u00e9matiques, Sciences physiques, Langue vivante, Fran\u00e7ais, Histoire g\u00e9ographie, Education artistique, arts appliqu\u00e9s, Education Physique et Sportive, Hygi\u00e8ne pr\u00e9vention secourisme.<\/p>\n\n\n\n<p class=\"has-small-font-size\"><strong>Enseignement Professionnel :<\/strong><\/p>\n\n\n\n<ul class=\"has-small-font-size wp-block-list\">\n<li>Dessin technique<\/li>\n\n\n\n<li>M\u00e9canique des fluides,<\/li>\n\n\n\n<li>Mesure des pressions et d\u00e9bits des fl uides<\/li>\n\n\n\n<li>Automatisme,informatique,<\/li>\n\n\n\n<li>Rr\u00e9seaux \u00e9lectriques, thermique,froid,<\/li>\n\n\n\n<li>Gestion, r\u00e9glementation, r\u00e8gles de s\u00e9curit\u00e9.<\/li>\n<\/ul>\n<\/div><\/div>\n\n\n\n<div class=\"wp-block-kadence-column inner-column-4 kadence-column_6b0551-1c\"><div class=\"kt-inside-inner-col\">\n<p>LES DEBOUCHES<\/p>\n\n\n\n<p class=\"has-small-font-size\">Les secteurs \u00e9nerg\u00e9tique et climatique sont porteurs d&#8217;emplois nouveaux. Ils r\u00e9pondent \u00e0 de nouveaux besoins et offrent donc des perspectives de carri\u00e8res.<br>Le titulaire du Bac pro TMSEC pourra entrer rapidement dans la vie active et travailler dans les services de maintenance, d\u00e9pannage ou SAV des entreprises, chez des constructeurs d&rsquo;\u00e9quipements \u00e9nerg\u00e9tiques et climatiques, dans le secteur industriel, etc. &#8230;<br>Exemples de m\u00e9tiers : technicien d&rsquo;exploitation, technicien de maintenance en g\u00e9nie climatique, technicien de maintenance, technicien frigoriste, conseiller en ma\u00eetrise de l&rsquo;\u00e9nergie et \u00e9nergie renouvelable, plombier-chauffagiste, vendeur, conseil en chauffage sanitaire et climatique.<\/p>\n\n\n\n<p class=\"has-small-font-size\"><strong>Poursuite d&rsquo;\u00e9tudes apr\u00e8s le&nbsp;<\/strong><strong>&nbsp;<\/strong><strong>BAC PRO ETE<\/strong>&nbsp;(\u00e9quipement technique et \u00e9nergie)<strong><\/strong><strong><\/strong><br>BTS Fluides, \u00e9nergies, domotique option A g\u00e9nie climatique et fluidique<br>BTS Fluides, \u00e9nergies, domotique option B froid et conditionnement d&rsquo;air<br>BTS Maintenance des syst\u00e8mes option B syst\u00e8mes \u00e9nerg\u00e9tiques et fluidiques<\/p>\n<\/div><\/div>\n<\/div><\/div><\/div>\n<\/div><\/div>\n<\/div><\/div><\/div>\n<\/div><\/div>\n<\/div><\/div><\/div>\n","protected":false},"excerpt":{"rendered":"","protected":false},"author":1,"featured_media":0,"parent":117,"menu_order":0,"comment_status":"closed","ping_status":"closed","template":"","meta":{"_kad_post_transparent":"","_kad_post_title":"","_kad_post_layout":"","_kad_post_sidebar_id":"","_kad_post_content_style":"","_kad_post_vertical_padding":"","_kad_post_feature":"","_kad_post_feature_position":"","_kad_post_header":false,"_kad_post_footer":false,"footnotes":""},"class_list":["post-171","page","type-page","status-publish","hentry"],"_links":{"self":[{"href":"https:\/\/sites.ac-nancy-metz.fr\/lyc-p-montigny-les-metz\/wp-json\/wp\/v2\/pages\/171","targetHints":{"allow":["GET"]}}],"collection":[{"href":"https:\/\/sites.ac-nancy-metz.fr\/lyc-p-montigny-les-metz\/wp-json\/wp\/v2\/pages"}],"about":[{"href":"https:\/\/sites.ac-nancy-metz.fr\/lyc-p-montigny-les-metz\/wp-json\/wp\/v2\/types\/page"}],"author":[{"embeddable":true,"href":"https:\/\/sites.ac-nancy-metz.fr\/lyc-p-montigny-les-metz\/wp-json\/wp\/v2\/users\/1"}],"replies":[{"embeddable":true,"href":"https:\/\/sites.ac-nancy-metz.fr\/lyc-p-montigny-les-metz\/wp-json\/wp\/v2\/comments?post=171"}],"version-history":[{"count":10,"href":"https:\/\/sites.ac-nancy-metz.fr\/lyc-p-montigny-les-metz\/wp-json\/wp\/v2\/pages\/171\/revisions"}],"predecessor-version":[{"id":618,"href":"https:\/\/sites.ac-nancy-metz.fr\/lyc-p-montigny-les-metz\/wp-json\/wp\/v2\/pages\/171\/revisions\/618"}],"up":[{"embeddable":true,"href":"https:\/\/sites.ac-nancy-metz.fr\/lyc-p-montigny-les-metz\/wp-json\/wp\/v2\/pages\/117"}],"wp:attachment":[{"href":"https:\/\/sites.ac-nancy-metz.fr\/lyc-p-montigny-les-metz\/wp-json\/wp\/v2\/media?parent=171"}],"curies":[{"name":"wp","href":"https:\/\/api.w.org\/{rel}","templated":true}]}}