{"id":215,"date":"2022-12-21T22:11:14","date_gmt":"2022-12-21T21:11:14","guid":{"rendered":"https:\/\/sites.ac-nancy-metz.fr\/lyc-p-montigny-les-metz\/?page_id=215"},"modified":"2022-12-21T22:11:55","modified_gmt":"2022-12-21T21:11:55","slug":"technicien-detudes-du-batiment-bac-pro","status":"publish","type":"page","link":"https:\/\/sites.ac-nancy-metz.fr\/lyc-p-montigny-les-metz\/formations\/formations\/technicien-detudes-du-batiment-bac-pro\/","title":{"rendered":"Technicien d&rsquo;\u00e9tudes du b\u00e2timent (Bac Pro)"},"content":{"rendered":"<style id=\"kb-rowlayout_7298a1-b9\">#kt-layout-id_7298a1-b9 > .kt-row-column-wrap.kb-theme-content-width{max-width:1290px;}.kt-layout-id_7298a1-b9 > .kb-theme-content-width{padding-left:var(--global-content-edge-padding);padding-right:var(--global-content-edge-padding);}#kt-layout-id_7298a1-b9 > .kt-row-column-wrap{padding-top:50px;padding-bottom:50px;}<\/style>\n<div class=\"wp-block-kadence-rowlayout alignnone\"><div id=\"kt-layout-id_7298a1-b9\" class=\"kt-row-layout-inner kt-layout-id_7298a1-b9\"><div class=\"kt-row-column-wrap kt-has-1-columns kt-gutter-default kt-v-gutter-default kt-row-valign-top kt-row-layout-equal kt-tab-layout-inherit kt-m-colapse-left-to-right kt-mobile-layout-row kb-theme-content-width\">\n<div class=\"wp-block-kadence-column inner-column-1 kadence-column_bd73d4-55\"><div class=\"kt-inside-inner-col\"><style id=\"kb-tabs_a2ba27-da\">.kt-tabs-id_a2ba27-da > .kt-tabs-content-wrap > .wp-block-kadence-tab {border-width:1px 0px 0px 0px;min-height:510px;border-color:#eee;background:#fff;}.wp-block-kadence-tabs .kt-tabs-id_a2ba27-da > .kt-tabs-title-list li {margin:0px 4px 0px 4px;}.wp-block-kadence-tabs .kt-tabs-id_a2ba27-da > .kt-tabs-title-list li .kt-tab-title, .wp-block-kadence-tabs .kt-tabs-id_a2ba27-da > .kt-tabs-content-wrap > .kt-tabs-accordion-title .kt-tab-title {font-size:22px;line-height:35px;font-family:Playball;font-weight:400;border-width:0px 0px 5px 0px ;border-radius:0px 0px 0px 0px ;padding:10px 20px 10px 20px ;border-color:#fff;color:#575757;background:#fff;}.wp-block-kadence-tabs .kt-tabs-id_a2ba27-da > .kt-tabs-title-list li .kt-tab-title:hover, .wp-block-kadence-tabs .kt-tabs-id_a2ba27-da > .kt-tabs-content-wrap > .kt-tabs-accordion-title .kt-tab-title:hover {border-color:#eee;color:#444;background:#fff;}.wp-block-kadence-tabs .kt-tabs-id_a2ba27-da > .kt-tabs-title-list li.kt-tab-title-active .kt-tab-title, .wp-block-kadence-tabs .kt-tabs-id_a2ba27-da > .kt-tabs-content-wrap > .kt-tabs-accordion-title.kt-tab-title-active .kt-tab-title  {border-color:#00b5e2;color:#00b5e2;background:#fff;}<\/style>\n<div class=\"wp-block-kadence-tabs alignnone layout-tabs\"><div class=\"kt-tabs-wrap kt-tabs-id_a2ba27-da kt-tabs-has-1-tabs kt-active-tab-1 kt-tabs-layout-tabs kt-tabs-tablet-layout-inherit kt-tabs-mobile-layout-accordion kt-tab-alignment-center kt-create-accordion\" style=\"max-width:none\"><ul class=\"kt-tabs-title-list\"><li id=\"tab-bacprotbee\" class=\"kt-title-item kt-title-item-1 kt-tabs-svg-show-always kt-tabs-icon-side-left kt-tab-title-active\"><a href=\"#tab-bacprotbee\" data-tab=\"1\" class=\"kt-tab-title kt-tab-title-1 \"><span class=\"kt-title-text\">Bac Pro TBEE<\/span><\/a><\/li><\/ul><div class=\"kt-tabs-content-wrap\">\n<div class=\"wp-block-kadence-tab kt-tab-inner-content kt-inner-tab-1 kt-inner-tab_90f1e4-0d\"><div class=\"kt-tab-inner-content-inner\">\n<div class=\"wp-block-kadence-rowlayout alignnone\"><div id=\"kt-layout-id_eace53-63\" class=\"kt-row-layout-inner kt-layout-id_eace53-63\"><div class=\"kt-row-column-wrap kt-has-4-columns kt-gutter-default kt-v-gutter-default kt-row-valign-top kt-row-layout-left-forty kt-tab-layout-inherit kt-m-colapse-left-to-right kt-mobile-layout-row\">\n<div class=\"wp-block-kadence-column inner-column-1 kadence-column_4bb33e-dc\"><div class=\"kt-inside-inner-col\">\n<figure class=\"wp-block-image size-full\"><img loading=\"lazy\" decoding=\"async\" width=\"500\" height=\"333\" src=\"https:\/\/sites.ac-nancy-metz.fr\/lyc-p-montigny-les-metz\/wp-content\/uploads\/2022\/12\/TBEE7.jpg\" alt=\"\" class=\"wp-image-216\"\/><\/figure>\n<\/div><\/div>\n\n\n\n<div class=\"wp-block-kadence-column inner-column-2 kadence-column_08faef-a7\"><div class=\"kt-inside-inner-col\">\n<p>LE METIER<\/p>\n\n\n\n<p class=\"has-small-font-size\">Le titulaire du&nbsp;<strong>BAC PRO Technicien du B\u00e2timent Etudes et Economie<\/strong>&nbsp;est un technicien qui joint \u00e0 ses qualit\u00e9s de dessinateur des connaissances techniques, \u00e9conomiques et l\u00e9gislatives en architecture.<br>A l&rsquo;aide de documents graphiques (plans, coupes), de documents \u00e9crits (permis de construire, devis descriptifs, march\u00e9s), de documentations techniques, de normes et r\u00e8glements, il doit \u00eatre capable d&rsquo;analyser un dossier contractuel de construction du b\u00e2timent, d&rsquo;\u00e9tudier et de dessiner des d\u00e9tails techniques, d&rsquo;\u00e9tablir un devis quantitatif et estimatif, de participer \u00e0 l&rsquo;implantation d&rsquo;un ouvrage sur le terrain, de participer \u00e0 l&rsquo;organisation et \u00e0 la gestion d&rsquo;un chantier, de contr\u00f4ler la r\u00e9alisation de l&rsquo;ouvrage.<\/p>\n\n\n\n<p class=\"has-small-font-size\"><strong>Secteurs d&rsquo;activit\u00e9 :<\/strong><\/p>\n\n\n\n<ul class=\"has-small-font-size wp-block-list\">\n<li>Entreprises du b\u00e2timent<\/li>\n\n\n\n<li>Cabinets d&rsquo;architecte<\/li>\n\n\n\n<li>Collectivit\u00e9s Territoriales<\/li>\n<\/ul>\n<\/div><\/div>\n\n\n\n<div class=\"wp-block-kadence-column inner-column-3 kadence-column_26a0bb-67\"><div class=\"kt-inside-inner-col\">\n<p>LA FORMATION<\/p>\n\n\n\n<p class=\"has-small-font-size\">Le Bac Pro TBEE s&rsquo;adresse \u00e0 l&rsquo;issue de la troisi\u00e8me \u00e0 des \u00e9l\u00e8ves qui veulent d\u00e9velopper leurs qualit\u00e9s pratiques, qui savent communiquer, respecter des consignes et faire preuve de curiosit\u00e9.<br><strong><br>Programme d&rsquo;\u00e9tudes du Bac Professionnel Technicien du B\u00e2timent Etudes et Economie<\/strong><br>Math\u00e9matiques, Sciences physiques, Langue vivante, Fran\u00e7ais, Histoire g\u00e9ographie, Education artistique, arts appliqu\u00e9s, Education Physique et Sportive, Hygi\u00e8ne pr\u00e9vention secourisme.<\/p>\n\n\n\n<p class=\"has-small-font-size\"><strong>Enseignement Professionnel :<\/strong><br>Analyse technique d&rsquo;un ouvrage<\/p>\n\n\n\n<ul class=\"has-small-font-size wp-block-list\">\n<li>Dessin technique (plans de construction)<\/li>\n\n\n\n<li>\u00c9tude des mat\u00e9riaux et des proc\u00e9d\u00e9s de construction<\/li>\n\n\n\n<li>Informatique, gestion, comptabilit\u00e9, l\u00e9gis- lation du travail, histoire de l&rsquo;architecture et sensibilisation \u00e0 l&rsquo;architecture contem- poraine<\/li>\n\n\n\n<li>R\u00e8gles de s\u00e9curit\u00e9.<\/li>\n<\/ul>\n<\/div><\/div>\n\n\n\n<div class=\"wp-block-kadence-column inner-column-4 kadence-column_6b0551-1c\"><div class=\"kt-inside-inner-col\">\n<p>LES DEBOUCHES<\/p>\n\n\n\n<p class=\"has-small-font-size\">Le technicien du b\u00e2timent titulaire de l&rsquo;option Etudes et Economie travaille dans le cadre des programmes publics ou priv\u00e9s de construction neuve, de r\u00e9novation ou de r\u00e9habilitation.<br>Les m\u00e9tiers accessibles sont, entre autres, m\u00e9treur ou technicien d&rsquo;\u00e9tudes de prix en entreprise ou en cabinet d&rsquo;\u00e9conomie de la construction ainsi que dessinateur DAO en cabinet de ma\u00eetrise d&rsquo;oeuvre ou en bureau d&rsquo;\u00e9tudes techniques.<br>Dans les entreprises artisanales et services techniques de collectivit\u00e9 territoriale, il peut exercer comme technicien charg\u00e9 du suivi des travaux.<\/p>\n\n\n\n<p class=\"has-small-font-size\"><strong>Poursuite d&rsquo;\u00e9tudes apr\u00e8s le BAC PRO Technicien du B\u00e2timent Etudes et Economie<\/strong><\/p>\n\n\n\n<ul class=\"has-small-font-size wp-block-list\">\n<li>BTS B\u00e2timent<\/li>\n\n\n\n<li>BTS Etudes et Economie du B\u00e2timent<\/li>\n<\/ul>\n<\/div><\/div>\n<\/div><\/div><\/div>\n<\/div><\/div>\n<\/div><\/div><\/div>\n<\/div><\/div>\n<\/div><\/div><\/div>\n","protected":false},"excerpt":{"rendered":"","protected":false},"author":1,"featured_media":0,"parent":117,"menu_order":0,"comment_status":"closed","ping_status":"closed","template":"","meta":{"_kad_post_transparent":"","_kad_post_title":"","_kad_post_layout":"","_kad_post_sidebar_id":"","_kad_post_content_style":"","_kad_post_vertical_padding":"","_kad_post_feature":"","_kad_post_feature_position":"","_kad_post_header":false,"_kad_post_footer":false,"footnotes":""},"class_list":["post-215","page","type-page","status-publish","hentry"],"_links":{"self":[{"href":"https:\/\/sites.ac-nancy-metz.fr\/lyc-p-montigny-les-metz\/wp-json\/wp\/v2\/pages\/215","targetHints":{"allow":["GET"]}}],"collection":[{"href":"https:\/\/sites.ac-nancy-metz.fr\/lyc-p-montigny-les-metz\/wp-json\/wp\/v2\/pages"}],"about":[{"href":"https:\/\/sites.ac-nancy-metz.fr\/lyc-p-montigny-les-metz\/wp-json\/wp\/v2\/types\/page"}],"author":[{"embeddable":true,"href":"https:\/\/sites.ac-nancy-metz.fr\/lyc-p-montigny-les-metz\/wp-json\/wp\/v2\/users\/1"}],"replies":[{"embeddable":true,"href":"https:\/\/sites.ac-nancy-metz.fr\/lyc-p-montigny-les-metz\/wp-json\/wp\/v2\/comments?post=215"}],"version-history":[{"count":2,"href":"https:\/\/sites.ac-nancy-metz.fr\/lyc-p-montigny-les-metz\/wp-json\/wp\/v2\/pages\/215\/revisions"}],"predecessor-version":[{"id":219,"href":"https:\/\/sites.ac-nancy-metz.fr\/lyc-p-montigny-les-metz\/wp-json\/wp\/v2\/pages\/215\/revisions\/219"}],"up":[{"embeddable":true,"href":"https:\/\/sites.ac-nancy-metz.fr\/lyc-p-montigny-les-metz\/wp-json\/wp\/v2\/pages\/117"}],"wp:attachment":[{"href":"https:\/\/sites.ac-nancy-metz.fr\/lyc-p-montigny-les-metz\/wp-json\/wp\/v2\/media?parent=215"}],"curies":[{"name":"wp","href":"https:\/\/api.w.org\/{rel}","templated":true}]}}