{"id":256,"date":"2022-12-26T13:57:42","date_gmt":"2022-12-26T12:57:42","guid":{"rendered":"https:\/\/sites.ac-nancy-metz.fr\/lyc-p-montigny-les-metz\/?page_id=256"},"modified":"2024-08-31T11:05:25","modified_gmt":"2024-08-31T09:05:25","slug":"lequipe-de-direction","status":"publish","type":"page","link":"https:\/\/sites.ac-nancy-metz.fr\/lyc-p-montigny-les-metz\/administration\/lequipe-de-direction\/","title":{"rendered":"L&rsquo;\u00e9quipe de direction"},"content":{"rendered":"\n<div class=\"wp-block-kadence-rowlayout alignnone\"><div id=\"kt-layout-id_43d369-98\" class=\"kt-row-layout-inner kt-layout-id_43d369-98\"><div class=\"kt-row-column-wrap kt-has-2-columns kt-gutter-default kt-v-gutter-default kt-row-valign-top kt-row-layout-left-golden kt-tab-layout-inherit kt-m-colapse-left-to-right kt-mobile-layout-row\">\n<div class=\"wp-block-kadence-column inner-column-1 kadence-column_8c132e-6e\"><div class=\"kt-inside-inner-col\"><style id=\"kb-rowlayout_d7ed48-46\">@media all and (min-width: 768px){#kt-layout-id_d7ed48-46 > .kt-row-column-wrap > .inner-column-1{flex:0 1 20%;-webkit-flex:0 1 20%;}#kt-layout-id_d7ed48-46 > .kt-row-column-wrap > .inner-column-2{flex:0 1 20%;-webkit-flex:0 1 20%;}#kt-layout-id_d7ed48-46 > .kt-row-column-wrap > .inner-column-3{flex:0 1 60%;-webkit-flex:0 1 60%;}}<\/style>\n<div class=\"wp-block-kadence-rowlayout alignnone\"><div id=\"kt-layout-id_d7ed48-46\" class=\"kt-row-layout-inner kt-layout-id_d7ed48-46\"><div class=\"kt-row-column-wrap kt-has-3-columns kt-gutter-default kt-v-gutter-default kt-row-valign-top kt-row-layout-equal kt-tab-layout-inherit kt-m-colapse-left-to-right kt-mobile-layout-row  kt-custom-first-width-20  kt-custom-second-width-20  kt-custom-third-width-60\">\n<div class=\"wp-block-kadence-column inner-column-1 kadence-column_ddf187-cf\"><div class=\"kt-inside-inner-col\">\n<p><strong>La Proviseure<\/strong><\/p>\n<\/div><\/div>\n\n\n\n<div class=\"wp-block-kadence-column inner-column-2 kadence-column_a3170b-fd\"><div class=\"kt-inside-inner-col\">\n<p class=\"has-theme-palette-1-color has-text-color\">Isabelle ORSI<\/p>\n\n\n\n<figure class=\"wp-block-kadence-image kb-image_5181b4-42 size-full\"><img loading=\"lazy\" decoding=\"async\" width=\"354\" height=\"531\" src=\"https:\/\/sites.ac-nancy-metz.fr\/lyc-p-montigny-les-metz\/wp-content\/uploads\/2022\/12\/Isabelle_ORSI.jpg\" alt=\"\" class=\"kb-img wp-image-257\"\/><\/figure>\n<\/div><\/div>\n\n\n\n<div class=\"wp-block-kadence-column inner-column-3 kadence-column_42e6d3-e6\"><div class=\"kt-inside-inner-col\">\n<p class=\"has-small-font-size\"><strong>Le Chef d&rsquo;\u00e9tablissement &nbsp;<\/strong>:<br><br>En tant que repr\u00e9sentant de l&rsquo;Etat dans l&rsquo;\u00e9tablissement :<br>&#8211; elle a autorit\u00e9 sur l&rsquo;ensemble des personnels affect\u00e9s mis \u00e0 disposition de l&rsquo;\u00e9tablissement<br>&#8211; elle assure le bon fonctionnement de l&rsquo;\u00e9tablissement en ce qui concerne l&rsquo;action \u00e9ducative, le maintien de l&rsquo;ordre, la discipline, la s\u00e9curit\u00e9 et l&rsquo;hygi\u00e8ne<br>&#8211; elle pilote le projet d&rsquo;\u00e9tablissement et la politique p\u00e9dagogique de l&rsquo;\u00e9tablissement.<br><br><\/p>\n<\/div><\/div>\n<\/div><\/div><\/div>\n\n\n<style id=\"kb-rowlayout_411d76-28\">@media all and (min-width: 768px){#kt-layout-id_411d76-28 > .kt-row-column-wrap > .inner-column-1{flex:0 1 20%;-webkit-flex:0 1 20%;}#kt-layout-id_411d76-28 > .kt-row-column-wrap > .inner-column-2{flex:0 1 20%;-webkit-flex:0 1 20%;}#kt-layout-id_411d76-28 > .kt-row-column-wrap > .inner-column-3{flex:0 1 60%;-webkit-flex:0 1 60%;}}<\/style>\n<div class=\"wp-block-kadence-rowlayout alignnone\"><div id=\"kt-layout-id_411d76-28\" class=\"kt-row-layout-inner kt-layout-id_411d76-28\"><div class=\"kt-row-column-wrap kt-has-3-columns kt-gutter-default kt-v-gutter-default kt-row-valign-top kt-row-layout-equal kt-tab-layout-inherit kt-m-colapse-left-to-right kt-mobile-layout-row  kt-custom-first-width-20  kt-custom-second-width-20  kt-custom-third-width-60\">\n<div class=\"wp-block-kadence-column inner-column-1 kadence-column_d69bb4-26\"><div class=\"kt-inside-inner-col\">\n<p><strong>La Proviseure Adjointe<\/strong><\/p>\n<\/div><\/div>\n\n\n\n<div class=\"wp-block-kadence-column inner-column-2 kadence-column_6f71c6-7f\"><div class=\"kt-inside-inner-col\">\n<p class=\"has-theme-palette-1-color has-text-color\">Sabine PEDRAZZINI-KICIAK<\/p>\n\n\n\n<figure class=\"wp-block-kadence-image kb-image_6a50f9-01 size-full\"><img loading=\"lazy\" decoding=\"async\" width=\"354\" height=\"531\" src=\"https:\/\/sites.ac-nancy-metz.fr\/lyc-p-montigny-les-metz\/wp-content\/uploads\/2022\/12\/Sabine_PEDRAZZINI.jpg\" alt=\"\" class=\"kb-img wp-image-260\"\/><\/figure>\n<\/div><\/div>\n\n\n\n<div class=\"wp-block-kadence-column inner-column-3 kadence-column_759c20-d7\"><div class=\"kt-inside-inner-col\">\n<p class=\"has-small-font-size\">Personnel de Direction, elle seconde le chef d\u2019\u00e9tablissement dans ses t\u00e2ches p\u00e9dagogiques, \u00e9ducatives et administratives. Elle la suppl\u00e9e en cas d\u2019absence ou d\u2019emp\u00eachement.<\/p>\n\n\n\n<p class=\"has-small-font-size\">Elle s\u2019occupe plus particuli\u00e8rement de la partie organisationnelle&nbsp;: emplois du temps des classes, services des enseignants, mise en place et gestion des examens, centralisation et gestion des notes et des bulletins scolaires\u2026<\/p>\n<\/div><\/div>\n<\/div><\/div><\/div>\n\n\n<style id=\"kb-rowlayout_d35397-75\">@media all and (min-width: 768px){#kt-layout-id_d35397-75 > .kt-row-column-wrap > .inner-column-1{flex:0 1 20%;-webkit-flex:0 1 20%;}#kt-layout-id_d35397-75 > .kt-row-column-wrap > .inner-column-2{flex:0 1 20%;-webkit-flex:0 1 20%;}#kt-layout-id_d35397-75 > .kt-row-column-wrap > .inner-column-3{flex:0 1 60%;-webkit-flex:0 1 60%;}}<\/style>\n<div class=\"wp-block-kadence-rowlayout alignnone\"><div id=\"kt-layout-id_d35397-75\" class=\"kt-row-layout-inner kt-layout-id_d35397-75\"><div class=\"kt-row-column-wrap kt-has-3-columns kt-gutter-default kt-v-gutter-default kt-row-valign-top kt-row-layout-equal kt-tab-layout-inherit kt-m-colapse-left-to-right kt-mobile-layout-row  kt-custom-first-width-20  kt-custom-second-width-20  kt-custom-third-width-60\">\n<div class=\"wp-block-kadence-column inner-column-1 kadence-column_f67d82-d3\"><div class=\"kt-inside-inner-col\">\n<p><strong>L&rsquo;adjointe Gestionnaire<\/strong><\/p>\n<\/div><\/div>\n\n\n\n<div class=\"wp-block-kadence-column inner-column-2 kadence-column_987beb-c0\"><div class=\"kt-inside-inner-col\">\n<p class=\"has-theme-palette-1-color has-text-color\">Clarisse BOURGUIGNON<\/p>\n<\/div><\/div>\n\n\n\n<div class=\"wp-block-kadence-column inner-column-3 kadence-column_72a30f-a1\"><div class=\"kt-inside-inner-col\">\n<p class=\"has-small-font-size\">La Gestionnaire seconde le chef d\u2019\u00e9tablissement dans les t\u00e2ches de gestion administrative, mat\u00e9rielle et financi\u00e8re.<\/p>\n\n\n\n<p class=\"has-small-font-size\">Elle participe \u00e0 la d\u00e9finition des politiques budg\u00e9taire et financi\u00e8re, des priorit\u00e9s d\u2019investissement. Elle suit \u00e9galement l\u2019utilisation des cr\u00e9dits p\u00e9dagogiques, les demandes d&rsquo;aide \u00e0 la restauration, les bourses de coll\u00e8ge, ou encore des aides ponctuelles avec le fond social.<\/p>\n\n\n\n<p class=\"has-small-font-size\">Elle g\u00e8re aussi tous les personnels dits ATEE (cuisine, entretien, accueil).<\/p>\n\n\n\n<p class=\"has-small-font-size\">Elle s&rsquo;occupe \u00e9galement, avec le chef de cuisine, de la gestion de la restauration scolaire (achat des denr\u00e9es, stocks, composition des menus, paiement de la demi-pension,&#8230;).<\/p>\n<\/div><\/div>\n<\/div><\/div><\/div>\n<\/div><\/div>\n\n\n\n<div class=\"wp-block-kadence-column inner-column-2 kadence-column_d6c774-07\"><div class=\"kt-inside-inner-col\">\n<figure class=\"wp-block-kadence-image kb-image_303f01-c1 size-full\"><img loading=\"lazy\" decoding=\"async\" width=\"1050\" height=\"663\" src=\"https:\/\/sites.ac-nancy-metz.fr\/lyc-p-montigny-les-metz\/wp-content\/uploads\/2022\/12\/lycee_3.jpg\" alt=\"\" class=\"kb-img wp-image-290\"\/><\/figure>\n<\/div><\/div>\n<\/div><\/div><\/div>\n","protected":false},"excerpt":{"rendered":"<p>La Proviseure Isabelle ORSI Le Chef d&rsquo;\u00e9tablissement &nbsp;: En tant que repr\u00e9sentant de l&rsquo;Etat dans l&rsquo;\u00e9tablissement :&#8211; elle a autorit\u00e9 sur l&rsquo;ensemble des personnels affect\u00e9s mis \u00e0 disposition de l&rsquo;\u00e9tablissement&#8211; elle assure le bon fonctionnement de l&rsquo;\u00e9tablissement en ce qui concerne l&rsquo;action \u00e9ducative, le maintien de l&rsquo;ordre, la discipline, la s\u00e9curit\u00e9 et l&rsquo;hygi\u00e8ne&#8211; elle pilote&#8230;<\/p>\n","protected":false},"author":1,"featured_media":0,"parent":17,"menu_order":0,"comment_status":"closed","ping_status":"closed","template":"","meta":{"_kad_post_transparent":"","_kad_post_title":"","_kad_post_layout":"fullwidth","_kad_post_sidebar_id":"","_kad_post_content_style":"","_kad_post_vertical_padding":"","_kad_post_feature":"","_kad_post_feature_position":"","_kad_post_header":false,"_kad_post_footer":false,"footnotes":""},"class_list":["post-256","page","type-page","status-publish","hentry"],"_links":{"self":[{"href":"https:\/\/sites.ac-nancy-metz.fr\/lyc-p-montigny-les-metz\/wp-json\/wp\/v2\/pages\/256","targetHints":{"allow":["GET"]}}],"collection":[{"href":"https:\/\/sites.ac-nancy-metz.fr\/lyc-p-montigny-les-metz\/wp-json\/wp\/v2\/pages"}],"about":[{"href":"https:\/\/sites.ac-nancy-metz.fr\/lyc-p-montigny-les-metz\/wp-json\/wp\/v2\/types\/page"}],"author":[{"embeddable":true,"href":"https:\/\/sites.ac-nancy-metz.fr\/lyc-p-montigny-les-metz\/wp-json\/wp\/v2\/users\/1"}],"replies":[{"embeddable":true,"href":"https:\/\/sites.ac-nancy-metz.fr\/lyc-p-montigny-les-metz\/wp-json\/wp\/v2\/comments?post=256"}],"version-history":[{"count":10,"href":"https:\/\/sites.ac-nancy-metz.fr\/lyc-p-montigny-les-metz\/wp-json\/wp\/v2\/pages\/256\/revisions"}],"predecessor-version":[{"id":611,"href":"https:\/\/sites.ac-nancy-metz.fr\/lyc-p-montigny-les-metz\/wp-json\/wp\/v2\/pages\/256\/revisions\/611"}],"up":[{"embeddable":true,"href":"https:\/\/sites.ac-nancy-metz.fr\/lyc-p-montigny-les-metz\/wp-json\/wp\/v2\/pages\/17"}],"wp:attachment":[{"href":"https:\/\/sites.ac-nancy-metz.fr\/lyc-p-montigny-les-metz\/wp-json\/wp\/v2\/media?parent=256"}],"curies":[{"name":"wp","href":"https:\/\/api.w.org\/{rel}","templated":true}]}}