{"id":280,"date":"2022-12-26T16:14:19","date_gmt":"2022-12-26T15:14:19","guid":{"rendered":"https:\/\/sites.ac-nancy-metz.fr\/lyc-p-montigny-les-metz\/?page_id=280"},"modified":"2024-08-31T11:04:52","modified_gmt":"2024-08-31T09:04:52","slug":"lequipe-administrative","status":"publish","type":"page","link":"https:\/\/sites.ac-nancy-metz.fr\/lyc-p-montigny-les-metz\/administration\/lequipe-administrative\/","title":{"rendered":"L&rsquo;\u00e9quipe administrative"},"content":{"rendered":"\n<div class=\"wp-block-kadence-rowlayout alignnone\"><div id=\"kt-layout-id_c8899d-8d\" class=\"kt-row-layout-inner kt-layout-id_c8899d-8d\"><div class=\"kt-row-column-wrap kt-has-2-columns kt-gutter-default kt-v-gutter-default kt-row-valign-top kt-row-layout-left-golden kt-tab-layout-inherit kt-m-colapse-left-to-right kt-mobile-layout-row\">\n<div class=\"wp-block-kadence-column inner-column-1 kadence-column_5eceb6-7e\"><div class=\"kt-inside-inner-col\"><style id=\"kb-rowlayout_d4ad1d-56\">@media all and (min-width: 768px){#kt-layout-id_d4ad1d-56 > .kt-row-column-wrap > .inner-column-1{flex:0 1 20%;-webkit-flex:0 1 20%;}#kt-layout-id_d4ad1d-56 > .kt-row-column-wrap > .inner-column-2{flex:0 1 20%;-webkit-flex:0 1 20%;}#kt-layout-id_d4ad1d-56 > .kt-row-column-wrap > .inner-column-3{flex:0 1 60%;-webkit-flex:0 1 60%;}}<\/style>\n<div class=\"wp-block-kadence-rowlayout alignnone\"><div id=\"kt-layout-id_d4ad1d-56\" class=\"kt-row-layout-inner kt-layout-id_d4ad1d-56\"><div class=\"kt-row-column-wrap kt-has-3-columns kt-gutter-default kt-v-gutter-default kt-row-valign-top kt-row-layout-equal kt-tab-layout-inherit kt-m-colapse-left-to-right kt-mobile-layout-row  kt-custom-first-width-20  kt-custom-second-width-20  kt-custom-third-width-60\">\n<div class=\"wp-block-kadence-column inner-column-1 kadence-column_d14668-d0\"><div class=\"kt-inside-inner-col\">\n<p><strong>Secr\u00e9tariat Administratif<\/strong><\/p>\n<\/div><\/div>\n\n\n\n<div class=\"wp-block-kadence-column inner-column-2 kadence-column_69f583-60\"><div class=\"kt-inside-inner-col\">\n<p class=\"has-theme-palette-1-color has-text-color\">Evelyne LAMBERT<\/p>\n<\/div><\/div>\n\n\n\n<div class=\"wp-block-kadence-column inner-column-3 kadence-column_71d1e6-1a\"><div class=\"kt-inside-inner-col\">\n<p class=\"has-small-font-size\">Elle s&rsquo;occupe des dossiers des \u00e9l\u00e8ves et des examens.<\/p>\n<\/div><\/div>\n<\/div><\/div><\/div>\n\n\n<style id=\"kb-rowlayout_411d76-28\">@media all and (min-width: 768px){#kt-layout-id_411d76-28 > .kt-row-column-wrap > .inner-column-1{flex:0 1 20%;-webkit-flex:0 1 20%;}#kt-layout-id_411d76-28 > .kt-row-column-wrap > .inner-column-2{flex:0 1 20%;-webkit-flex:0 1 20%;}#kt-layout-id_411d76-28 > .kt-row-column-wrap > .inner-column-3{flex:0 1 60%;-webkit-flex:0 1 60%;}}<\/style>\n<div class=\"wp-block-kadence-rowlayout alignnone\"><div id=\"kt-layout-id_411d76-28\" class=\"kt-row-layout-inner kt-layout-id_411d76-28\"><div class=\"kt-row-column-wrap kt-has-3-columns kt-gutter-default kt-v-gutter-default kt-row-valign-top kt-row-layout-equal kt-tab-layout-inherit kt-m-colapse-left-to-right kt-mobile-layout-row  kt-custom-first-width-20  kt-custom-second-width-20  kt-custom-third-width-60\">\n<div class=\"wp-block-kadence-column inner-column-1 kadence-column_d69bb4-26\"><div class=\"kt-inside-inner-col\">\n<p><\/p>\n<\/div><\/div>\n\n\n\n<div class=\"wp-block-kadence-column inner-column-2 kadence-column_6f71c6-7f\"><div class=\"kt-inside-inner-col\">\n<p class=\"has-theme-palette-1-color has-text-color\">Virginie JEGOU<\/p>\n<\/div><\/div>\n\n\n\n<div class=\"wp-block-kadence-column inner-column-3 kadence-column_759c20-d7\"><div class=\"kt-inside-inner-col\">\n<p class=\"has-small-font-size\">Elle s&rsquo;occupe de la gestion des dossiers administratifs et du secr\u00e9tariat des personnels<\/p>\n<\/div><\/div>\n<\/div><\/div><\/div>\n\n\n<style id=\"kb-rowlayout_38bb3a-8a\">@media all and (min-width: 768px){#kt-layout-id_38bb3a-8a > .kt-row-column-wrap > .inner-column-1{flex:0 1 20%;-webkit-flex:0 1 20%;}#kt-layout-id_38bb3a-8a > .kt-row-column-wrap > .inner-column-2{flex:0 1 20%;-webkit-flex:0 1 20%;}#kt-layout-id_38bb3a-8a > .kt-row-column-wrap > .inner-column-3{flex:0 1 60%;-webkit-flex:0 1 60%;}}<\/style>\n<div class=\"wp-block-kadence-rowlayout alignnone\"><div id=\"kt-layout-id_38bb3a-8a\" class=\"kt-row-layout-inner kt-layout-id_38bb3a-8a\"><div class=\"kt-row-column-wrap kt-has-3-columns kt-gutter-default kt-v-gutter-default kt-row-valign-top kt-row-layout-equal kt-tab-layout-inherit kt-m-colapse-left-to-right kt-mobile-layout-row  kt-custom-first-width-20  kt-custom-second-width-20  kt-custom-third-width-60\">\n<div class=\"wp-block-kadence-column inner-column-1 kadence-column_727e55-fa\"><div class=\"kt-inside-inner-col\">\n<p><strong>Secr\u00e9tariat d&rsquo;intendance<\/strong><\/p>\n<\/div><\/div>\n\n\n\n<div class=\"wp-block-kadence-column inner-column-2 kadence-column_8b3a92-10\"><div class=\"kt-inside-inner-col\">\n<p class=\"has-theme-palette-1-color has-text-color\"><\/p>\n<\/div><\/div>\n\n\n\n<div class=\"wp-block-kadence-column inner-column-3 kadence-column_ecbfe3-ad\"><div class=\"kt-inside-inner-col\">\n<p class=\"has-small-font-size\">&#8211; Droits scolaires et bourses<\/p>\n\n\n\n<p class=\"has-small-font-size\">&#8211; Gestion de l\u2019\u00e9tablissement<\/p>\n<\/div><\/div>\n<\/div><\/div><\/div>\n<\/div><\/div>\n\n\n\n<div class=\"wp-block-kadence-column inner-column-2 kadence-column_83404f-af\"><div class=\"kt-inside-inner-col\">\n<figure class=\"wp-block-kadence-image kb-image_454d16-97 size-full\"><img loading=\"lazy\" decoding=\"async\" width=\"751\" height=\"450\" src=\"https:\/\/sites.ac-nancy-metz.fr\/lyc-p-montigny-les-metz\/wp-content\/uploads\/2022\/12\/lycee_f3.jpg\" alt=\"\" class=\"kb-img wp-image-281\"\/><\/figure>\n<\/div><\/div>\n<\/div><\/div><\/div>\n","protected":false},"excerpt":{"rendered":"<p>Secr\u00e9tariat Administratif Evelyne LAMBERT Elle s&rsquo;occupe des dossiers des \u00e9l\u00e8ves et des examens. Virginie JEGOU Elle s&rsquo;occupe de la gestion des dossiers administratifs et du secr\u00e9tariat des personnels Secr\u00e9tariat d&rsquo;intendance &#8211; Droits scolaires et bourses &#8211; Gestion de l\u2019\u00e9tablissement<\/p>\n","protected":false},"author":1,"featured_media":0,"parent":17,"menu_order":0,"comment_status":"closed","ping_status":"closed","template":"","meta":{"_kad_post_transparent":"","_kad_post_title":"","_kad_post_layout":"","_kad_post_sidebar_id":"","_kad_post_content_style":"","_kad_post_vertical_padding":"","_kad_post_feature":"","_kad_post_feature_position":"","_kad_post_header":false,"_kad_post_footer":false,"footnotes":""},"class_list":["post-280","page","type-page","status-publish","hentry"],"_links":{"self":[{"href":"https:\/\/sites.ac-nancy-metz.fr\/lyc-p-montigny-les-metz\/wp-json\/wp\/v2\/pages\/280","targetHints":{"allow":["GET"]}}],"collection":[{"href":"https:\/\/sites.ac-nancy-metz.fr\/lyc-p-montigny-les-metz\/wp-json\/wp\/v2\/pages"}],"about":[{"href":"https:\/\/sites.ac-nancy-metz.fr\/lyc-p-montigny-les-metz\/wp-json\/wp\/v2\/types\/page"}],"author":[{"embeddable":true,"href":"https:\/\/sites.ac-nancy-metz.fr\/lyc-p-montigny-les-metz\/wp-json\/wp\/v2\/users\/1"}],"replies":[{"embeddable":true,"href":"https:\/\/sites.ac-nancy-metz.fr\/lyc-p-montigny-les-metz\/wp-json\/wp\/v2\/comments?post=280"}],"version-history":[{"count":4,"href":"https:\/\/sites.ac-nancy-metz.fr\/lyc-p-montigny-les-metz\/wp-json\/wp\/v2\/pages\/280\/revisions"}],"predecessor-version":[{"id":610,"href":"https:\/\/sites.ac-nancy-metz.fr\/lyc-p-montigny-les-metz\/wp-json\/wp\/v2\/pages\/280\/revisions\/610"}],"up":[{"embeddable":true,"href":"https:\/\/sites.ac-nancy-metz.fr\/lyc-p-montigny-les-metz\/wp-json\/wp\/v2\/pages\/17"}],"wp:attachment":[{"href":"https:\/\/sites.ac-nancy-metz.fr\/lyc-p-montigny-les-metz\/wp-json\/wp\/v2\/media?parent=280"}],"curies":[{"name":"wp","href":"https:\/\/api.w.org\/{rel}","templated":true}]}}