{"id":289,"date":"2022-12-26T16:30:27","date_gmt":"2022-12-26T15:30:27","guid":{"rendered":"https:\/\/sites.ac-nancy-metz.fr\/lyc-p-montigny-les-metz\/?page_id=289"},"modified":"2024-08-31T11:06:51","modified_gmt":"2024-08-31T09:06:51","slug":"socio","status":"publish","type":"page","link":"https:\/\/sites.ac-nancy-metz.fr\/lyc-p-montigny-les-metz\/administration\/socio\/","title":{"rendered":"Service M\u00e9dico-Social"},"content":{"rendered":"\n<div class=\"wp-block-kadence-rowlayout alignnone\"><div id=\"kt-layout-id_43d369-98\" class=\"kt-row-layout-inner kt-layout-id_43d369-98\"><div class=\"kt-row-column-wrap kt-has-2-columns kt-gutter-default kt-v-gutter-default kt-row-valign-top kt-row-layout-left-golden kt-tab-layout-inherit kt-m-colapse-left-to-right kt-mobile-layout-row\">\n<div class=\"wp-block-kadence-column inner-column-1 kadence-column_8c132e-6e\"><div class=\"kt-inside-inner-col\"><style id=\"kb-rowlayout_d7ed48-46\">@media all and (min-width: 768px){#kt-layout-id_d7ed48-46 > .kt-row-column-wrap > .inner-column-1{flex:0 1 20%;-webkit-flex:0 1 20%;}#kt-layout-id_d7ed48-46 > .kt-row-column-wrap > .inner-column-2{flex:0 1 20%;-webkit-flex:0 1 20%;}#kt-layout-id_d7ed48-46 > .kt-row-column-wrap > .inner-column-3{flex:0 1 60%;-webkit-flex:0 1 60%;}}<\/style>\n<div class=\"wp-block-kadence-rowlayout alignnone\"><div id=\"kt-layout-id_d7ed48-46\" class=\"kt-row-layout-inner kt-layout-id_d7ed48-46\"><div class=\"kt-row-column-wrap kt-has-3-columns kt-gutter-default kt-v-gutter-default kt-row-valign-top kt-row-layout-equal kt-tab-layout-inherit kt-m-colapse-left-to-right kt-mobile-layout-row  kt-custom-first-width-20  kt-custom-second-width-20  kt-custom-third-width-60\">\n<div class=\"wp-block-kadence-column inner-column-1 kadence-column_ddf187-cf\"><div class=\"kt-inside-inner-col\">\n<p><strong>M\u00e9decin scolaire<\/strong><\/p>\n<\/div><\/div>\n\n\n\n<div class=\"wp-block-kadence-column inner-column-2 kadence-column_a3170b-fd\"><div class=\"kt-inside-inner-col\">\n<p class=\"has-theme-palette-1-color has-text-color\">Docteur HARO<\/p>\n<\/div><\/div>\n\n\n\n<div class=\"wp-block-kadence-column inner-column-3 kadence-column_42e6d3-e6\"><div class=\"kt-inside-inner-col\">\n<p class=\"has-small-font-size\">Conseill\u00e8re technique en pr\u00e9vention individuelle et collective aupr\u00e8s du chef d\u2019\u00e9tablissement, elle a pour objectifs de favoriser la r\u00e9ussite scolaire et professionnelle des \u00e9l\u00e8ves (d\u00e9pistage pr\u00e9coce des difficult\u00e9s, suivi des \u00e9l\u00e8ves en difficult\u00e9, protection de l\u2019enfance en danger,\u2026), de d\u00e9velopper une dynamique d\u2019\u00e9ducation \u00e0 la sant\u00e9 et \u00e0 la citoyennet\u00e9 et de d\u00e9velopper la formation des personnels.<\/p>\n<\/div><\/div>\n<\/div><\/div><\/div>\n\n\n<style id=\"kb-rowlayout_411d76-28\">@media all and (min-width: 768px){#kt-layout-id_411d76-28 > .kt-row-column-wrap > .inner-column-1{flex:0 1 20%;-webkit-flex:0 1 20%;}#kt-layout-id_411d76-28 > .kt-row-column-wrap > .inner-column-2{flex:0 1 20%;-webkit-flex:0 1 20%;}#kt-layout-id_411d76-28 > .kt-row-column-wrap > .inner-column-3{flex:0 1 60%;-webkit-flex:0 1 60%;}}<\/style>\n<div class=\"wp-block-kadence-rowlayout alignnone\"><div id=\"kt-layout-id_411d76-28\" class=\"kt-row-layout-inner kt-layout-id_411d76-28\"><div class=\"kt-row-column-wrap kt-has-3-columns kt-gutter-default kt-v-gutter-default kt-row-valign-top kt-row-layout-equal kt-tab-layout-inherit kt-m-colapse-left-to-right kt-mobile-layout-row  kt-custom-first-width-20  kt-custom-second-width-20  kt-custom-third-width-60\">\n<div class=\"wp-block-kadence-column inner-column-1 kadence-column_d69bb4-26\"><div class=\"kt-inside-inner-col\">\n<p><strong>L&rsquo;infirmi\u00e8re<\/strong><\/p>\n<\/div><\/div>\n\n\n\n<div class=\"wp-block-kadence-column inner-column-2 kadence-column_6f71c6-7f\"><div class=\"kt-inside-inner-col\">\n<p class=\"has-theme-palette-1-color has-text-color\">Evelyne CONTADIN<\/p>\n<\/div><\/div>\n\n\n\n<div class=\"wp-block-kadence-column inner-column-3 kadence-column_759c20-d7\"><div class=\"kt-inside-inner-col\">\n<p class=\"has-small-font-size\">Elle est la r\u00e9f\u00e9rente Sant\u00e9 au sein de l\u2019\u00e9tablissement. Ses missions&nbsp;: conduire les \u00e9l\u00e8ves \u00e0 l\u2019autonomie, am\u00e9liorer leurs capacit\u00e9s \u00e0 mettre en valeur leur sant\u00e9 par des choix de comportements libres et responsables, contribuer \u00e0 la formation des jeunes dans le domaine des sciences de la vie et des premiers gestes de secours.<\/p>\n<\/div><\/div>\n<\/div><\/div><\/div>\n\n\n<style id=\"kb-rowlayout_d35397-75\">@media all and (min-width: 768px){#kt-layout-id_d35397-75 > .kt-row-column-wrap > .inner-column-1{flex:0 1 20%;-webkit-flex:0 1 20%;}#kt-layout-id_d35397-75 > .kt-row-column-wrap > .inner-column-2{flex:0 1 20%;-webkit-flex:0 1 20%;}#kt-layout-id_d35397-75 > .kt-row-column-wrap > .inner-column-3{flex:0 1 60%;-webkit-flex:0 1 60%;}}<\/style>\n<div class=\"wp-block-kadence-rowlayout alignnone\"><div id=\"kt-layout-id_d35397-75\" class=\"kt-row-layout-inner kt-layout-id_d35397-75\"><div class=\"kt-row-column-wrap kt-has-3-columns kt-gutter-default kt-v-gutter-default kt-row-valign-top kt-row-layout-equal kt-tab-layout-inherit kt-m-colapse-left-to-right kt-mobile-layout-row  kt-custom-first-width-20  kt-custom-second-width-20  kt-custom-third-width-60\">\n<div class=\"wp-block-kadence-column inner-column-1 kadence-column_f67d82-d3\"><div class=\"kt-inside-inner-col\">\n<p><strong>L&rsquo;assistante sociale<\/strong><\/p>\n<\/div><\/div>\n\n\n\n<div class=\"wp-block-kadence-column inner-column-2 kadence-column_987beb-c0\"><div class=\"kt-inside-inner-col\">\n<p class=\"has-theme-palette-1-color has-text-color\">Mich\u00e8le JOUBERT-TIRONI<\/p>\n<\/div><\/div>\n\n\n\n<div class=\"wp-block-kadence-column inner-column-3 kadence-column_72a30f-a1\"><div class=\"kt-inside-inner-col\">\n<p class=\"has-small-font-size\">Elle a un r\u00f4le de conseil, d\u2019aide et de suivi aupr\u00e8s des jeunes. Ses missions s\u2019inscrivent dans le cadre d\u2019une pr\u00e9vention globale en faveur des \u00e9l\u00e8ves.<\/p>\n<\/div><\/div>\n<\/div><\/div><\/div>\n<\/div><\/div>\n\n\n\n<div class=\"wp-block-kadence-column inner-column-2 kadence-column_d6c774-07\"><div class=\"kt-inside-inner-col\">\n<figure class=\"wp-block-kadence-image kb-image_303f01-c1 size-full\"><img loading=\"lazy\" decoding=\"async\" width=\"1050\" height=\"663\" src=\"https:\/\/sites.ac-nancy-metz.fr\/lyc-p-montigny-les-metz\/wp-content\/uploads\/2022\/12\/lycee_3.jpg\" alt=\"\" class=\"kb-img wp-image-290\"\/><\/figure>\n<\/div><\/div>\n<\/div><\/div><\/div>\n","protected":false},"excerpt":{"rendered":"<p>M\u00e9decin scolaire Docteur HARO Conseill\u00e8re technique en pr\u00e9vention individuelle et collective aupr\u00e8s du chef d\u2019\u00e9tablissement, elle a pour objectifs de favoriser la r\u00e9ussite scolaire et professionnelle des \u00e9l\u00e8ves (d\u00e9pistage pr\u00e9coce des difficult\u00e9s, suivi des \u00e9l\u00e8ves en difficult\u00e9, protection de l\u2019enfance en danger,\u2026), de d\u00e9velopper une dynamique d\u2019\u00e9ducation \u00e0 la sant\u00e9 et \u00e0 la citoyennet\u00e9 et&#8230;<\/p>\n","protected":false},"author":1,"featured_media":0,"parent":17,"menu_order":0,"comment_status":"closed","ping_status":"closed","template":"","meta":{"_kad_post_transparent":"","_kad_post_title":"","_kad_post_layout":"","_kad_post_sidebar_id":"","_kad_post_content_style":"","_kad_post_vertical_padding":"","_kad_post_feature":"","_kad_post_feature_position":"","_kad_post_header":false,"_kad_post_footer":false,"footnotes":""},"class_list":["post-289","page","type-page","status-publish","hentry"],"_links":{"self":[{"href":"https:\/\/sites.ac-nancy-metz.fr\/lyc-p-montigny-les-metz\/wp-json\/wp\/v2\/pages\/289","targetHints":{"allow":["GET"]}}],"collection":[{"href":"https:\/\/sites.ac-nancy-metz.fr\/lyc-p-montigny-les-metz\/wp-json\/wp\/v2\/pages"}],"about":[{"href":"https:\/\/sites.ac-nancy-metz.fr\/lyc-p-montigny-les-metz\/wp-json\/wp\/v2\/types\/page"}],"author":[{"embeddable":true,"href":"https:\/\/sites.ac-nancy-metz.fr\/lyc-p-montigny-les-metz\/wp-json\/wp\/v2\/users\/1"}],"replies":[{"embeddable":true,"href":"https:\/\/sites.ac-nancy-metz.fr\/lyc-p-montigny-les-metz\/wp-json\/wp\/v2\/comments?post=289"}],"version-history":[{"count":6,"href":"https:\/\/sites.ac-nancy-metz.fr\/lyc-p-montigny-les-metz\/wp-json\/wp\/v2\/pages\/289\/revisions"}],"predecessor-version":[{"id":612,"href":"https:\/\/sites.ac-nancy-metz.fr\/lyc-p-montigny-les-metz\/wp-json\/wp\/v2\/pages\/289\/revisions\/612"}],"up":[{"embeddable":true,"href":"https:\/\/sites.ac-nancy-metz.fr\/lyc-p-montigny-les-metz\/wp-json\/wp\/v2\/pages\/17"}],"wp:attachment":[{"href":"https:\/\/sites.ac-nancy-metz.fr\/lyc-p-montigny-les-metz\/wp-json\/wp\/v2\/media?parent=289"}],"curies":[{"name":"wp","href":"https:\/\/api.w.org\/{rel}","templated":true}]}}