{"id":298,"date":"2022-12-26T16:42:30","date_gmt":"2022-12-26T15:42:30","guid":{"rendered":"https:\/\/sites.ac-nancy-metz.fr\/lyc-p-montigny-les-metz\/?page_id=298"},"modified":"2023-01-24T17:18:09","modified_gmt":"2023-01-24T16:18:09","slug":"info-et-orientation","status":"publish","type":"page","link":"https:\/\/sites.ac-nancy-metz.fr\/lyc-p-montigny-les-metz\/administration\/info-et-orientation\/","title":{"rendered":"Psychologue de l&rsquo;Education Nationale"},"content":{"rendered":"\n<div class=\"wp-block-kadence-rowlayout alignnone\"><div id=\"kt-layout-id_43d369-98\" class=\"kt-row-layout-inner kt-layout-id_43d369-98\"><div class=\"kt-row-column-wrap kt-has-2-columns kt-gutter-default kt-v-gutter-default kt-row-valign-top kt-row-layout-left-golden kt-tab-layout-inherit kt-m-colapse-left-to-right kt-mobile-layout-row\">\n<div class=\"wp-block-kadence-column inner-column-1 kadence-column_8c132e-6e\"><div class=\"kt-inside-inner-col\"><style id=\"kb-rowlayout_d7ed48-46\">@media all and (min-width: 768px){#kt-layout-id_d7ed48-46 > .kt-row-column-wrap > .inner-column-1{flex:0 1 20%;-webkit-flex:0 1 20%;}#kt-layout-id_d7ed48-46 > .kt-row-column-wrap > .inner-column-2{flex:0 1 20%;-webkit-flex:0 1 20%;}#kt-layout-id_d7ed48-46 > .kt-row-column-wrap > .inner-column-3{flex:0 1 60%;-webkit-flex:0 1 60%;}}<\/style>\n<div class=\"wp-block-kadence-rowlayout alignnone\"><div id=\"kt-layout-id_d7ed48-46\" class=\"kt-row-layout-inner kt-layout-id_d7ed48-46\"><div class=\"kt-row-column-wrap kt-has-3-columns kt-gutter-default kt-v-gutter-default kt-row-valign-top kt-row-layout-equal kt-tab-layout-inherit kt-m-colapse-left-to-right kt-mobile-layout-row  kt-custom-first-width-20  kt-custom-second-width-20  kt-custom-third-width-60\">\n<div class=\"wp-block-kadence-column inner-column-1 kadence-column_ddf187-cf\"><div class=\"kt-inside-inner-col\">\n<p><strong><small>La Psychologue de l&rsquo;Education Nationale<\/small><\/strong><\/p>\n<\/div><\/div>\n\n\n\n<div class=\"wp-block-kadence-column inner-column-2 kadence-column_a3170b-fd\"><div class=\"kt-inside-inner-col\">\n<p class=\"has-theme-palette-1-color has-text-color\">Marjorie FINICKEL<\/p>\n<\/div><\/div>\n\n\n\n<div class=\"wp-block-kadence-column inner-column-3 kadence-column_42e6d3-e6\"><div class=\"kt-inside-inner-col\">\n<p class=\"has-small-font-size\">Membre de l&rsquo;\u00e9quipe \u00e9ducative, Marjorie FINICKEL, travaille en \u00e9troite collaboration avec l&rsquo;\u00e9quipe de direction, la vie scolaire et les enseignants sur les questions de scolarit\u00e9, d&rsquo;orientation et de psychologie de l&rsquo;adolescent. Elle assure \u00e9galement des permanences au\u00a0<a href=\"https:\/\/www.ac-nancy-metz.fr\/cio-metz\" target=\"_blank\" rel=\"noreferrer noopener\">Centre d\u2019Information et d\u2019Orientation<\/a>\u00a0(CIO) de Metz.<\/p>\n<\/div><\/div>\n<\/div><\/div><\/div>\n<\/div><\/div>\n\n\n\n<div class=\"wp-block-kadence-column inner-column-2 kadence-column_d6c774-07\"><div class=\"kt-inside-inner-col\">\n<figure class=\"wp-block-kadence-image kb-image_303f01-c1 size-full\"><img loading=\"lazy\" decoding=\"async\" width=\"1050\" height=\"663\" src=\"https:\/\/sites.ac-nancy-metz.fr\/lyc-p-montigny-les-metz\/wp-content\/uploads\/2022\/12\/lycee_3.jpg\" alt=\"\" class=\"kb-img wp-image-290\"\/><\/figure>\n<\/div><\/div>\n<\/div><\/div><\/div>\n","protected":false},"excerpt":{"rendered":"<p>La Psychologue de l&rsquo;Education Nationale Marjorie FINICKEL Membre de l&rsquo;\u00e9quipe \u00e9ducative, Marjorie FINICKEL, travaille en \u00e9troite collaboration avec l&rsquo;\u00e9quipe de direction, la vie scolaire et les enseignants sur les questions de scolarit\u00e9, d&rsquo;orientation et de psychologie de l&rsquo;adolescent. Elle assure \u00e9galement des permanences au\u00a0Centre d\u2019Information et d\u2019Orientation\u00a0(CIO) de Metz.<\/p>\n","protected":false},"author":1,"featured_media":0,"parent":17,"menu_order":0,"comment_status":"closed","ping_status":"closed","template":"","meta":{"_kad_post_transparent":"","_kad_post_title":"","_kad_post_layout":"","_kad_post_sidebar_id":"","_kad_post_content_style":"","_kad_post_vertical_padding":"","_kad_post_feature":"","_kad_post_feature_position":"","_kad_post_header":false,"_kad_post_footer":false,"footnotes":""},"class_list":["post-298","page","type-page","status-publish","hentry"],"_links":{"self":[{"href":"https:\/\/sites.ac-nancy-metz.fr\/lyc-p-montigny-les-metz\/wp-json\/wp\/v2\/pages\/298","targetHints":{"allow":["GET"]}}],"collection":[{"href":"https:\/\/sites.ac-nancy-metz.fr\/lyc-p-montigny-les-metz\/wp-json\/wp\/v2\/pages"}],"about":[{"href":"https:\/\/sites.ac-nancy-metz.fr\/lyc-p-montigny-les-metz\/wp-json\/wp\/v2\/types\/page"}],"author":[{"embeddable":true,"href":"https:\/\/sites.ac-nancy-metz.fr\/lyc-p-montigny-les-metz\/wp-json\/wp\/v2\/users\/1"}],"replies":[{"embeddable":true,"href":"https:\/\/sites.ac-nancy-metz.fr\/lyc-p-montigny-les-metz\/wp-json\/wp\/v2\/comments?post=298"}],"version-history":[{"count":8,"href":"https:\/\/sites.ac-nancy-metz.fr\/lyc-p-montigny-les-metz\/wp-json\/wp\/v2\/pages\/298\/revisions"}],"predecessor-version":[{"id":530,"href":"https:\/\/sites.ac-nancy-metz.fr\/lyc-p-montigny-les-metz\/wp-json\/wp\/v2\/pages\/298\/revisions\/530"}],"up":[{"embeddable":true,"href":"https:\/\/sites.ac-nancy-metz.fr\/lyc-p-montigny-les-metz\/wp-json\/wp\/v2\/pages\/17"}],"wp:attachment":[{"href":"https:\/\/sites.ac-nancy-metz.fr\/lyc-p-montigny-les-metz\/wp-json\/wp\/v2\/media?parent=298"}],"curies":[{"name":"wp","href":"https:\/\/api.w.org\/{rel}","templated":true}]}}