{"id":301,"date":"2022-12-26T17:09:04","date_gmt":"2022-12-26T16:09:04","guid":{"rendered":"https:\/\/sites.ac-nancy-metz.fr\/lyc-p-montigny-les-metz\/?page_id=301"},"modified":"2023-01-24T17:21:35","modified_gmt":"2023-01-24T16:21:35","slug":"mon-bureau-numerique","status":"publish","type":"page","link":"https:\/\/sites.ac-nancy-metz.fr\/lyc-p-montigny-les-metz\/le-lycee\/mon-bureau-numerique\/","title":{"rendered":"Mon Bureau Num\u00e9rique"},"content":{"rendered":"\n<div class=\"wp-block-kadence-rowlayout alignnone\"><div id=\"kt-layout-id_f6681e-f3\" class=\"kt-row-layout-inner kt-layout-id_f6681e-f3\"><div class=\"kt-row-column-wrap kt-has-2-columns kt-gutter-default kt-v-gutter-default kt-row-valign-top kt-row-layout-left-golden kt-tab-layout-inherit kt-m-colapse-left-to-right kt-mobile-layout-row\">\n<div class=\"wp-block-kadence-column inner-column-1 kadence-column_85542a-56\"><div class=\"kt-inside-inner-col\">\n<p>Mon Bureau Num\u00e9rique est un Portail, un espace \u00ab virtuel \u00bb, personnel, s\u00e9curis\u00e9, convivial et intuitif,<\/p>\n\n\n\n<p>Il s\u2019agit d\u2019un environnement num\u00e9rique pour tous les acteurs de la communaut\u00e9 \u00e9ducative (familles, \u00e9l\u00e8ves, enseignants et personnels des \u00e9tablissements). Pour r\u00e9pondre aux attentes et exigences de chacun, MON BUREAU NUMERIQUE est un espace s\u00e9curis\u00e9 de ressources, d\u2019informations, de communication, de collaboration et de travail personnalis\u00e9. Il permet \u00e9galement d\u2019acc\u00e9der &nbsp;aux manuels et ressources num\u00e9riques \u00e9ducatives et permet l&rsquo;acc\u00e8s \u00e0 Pronote (cahier de texte enrichi&#8230;.)<\/p>\n<\/div><\/div>\n\n\n\n<div class=\"wp-block-kadence-column inner-column-2 kadence-column_ea2109-9f\"><div class=\"kt-inside-inner-col\">\n<figure class=\"wp-block-kadence-image kb-image_f47094-5f size-full\"><img loading=\"lazy\" decoding=\"async\" width=\"597\" height=\"400\" src=\"https:\/\/sites.ac-nancy-metz.fr\/lyc-p-montigny-les-metz\/wp-content\/uploads\/2022\/12\/chimere.jpg\" alt=\"\" class=\"kb-img wp-image-302\"\/><\/figure>\n<\/div><\/div>\n<\/div><\/div><\/div>\n\n\n<style id=\"kb-image_7574b6-7f\">.kb-image_7574b6-7f.kb-image-is-ratio-size, .kb-image_7574b6-7f .kb-image-is-ratio-size{max-width:587px;width:100%;}.kb-image_7574b6-7f{max-width:587px;}.image-is-svg.kb-image_7574b6-7f img{width:100%;}<\/style>\n<figure class=\"wp-block-kadence-image kb-image_7574b6-7f size-full\"><a href=\"https:\/\/lyc-batiment-tp.monbureaunumerique.fr\/\" class=\"kb-advanced-image-link\" target=\"_blank\" rel=\"noopener noreferrer\"><img loading=\"lazy\" decoding=\"async\" width=\"754\" height=\"520\" src=\"https:\/\/sites.ac-nancy-metz.fr\/lyc-p-montigny-les-metz\/wp-content\/uploads\/2022\/12\/MonBureau.png\" alt=\"\" class=\"kb-img wp-image-303\"\/><\/a><figcaption>Cliquez sur l&rsquo;image pour acc\u00e9der \u00e0 Mon Bureau Num\u00e9rique de l&rsquo;\u00e9tablissement<\/figcaption><\/figure>\n","protected":false},"excerpt":{"rendered":"<p>Mon Bureau Num\u00e9rique est un Portail, un espace \u00ab virtuel \u00bb, personnel, s\u00e9curis\u00e9, convivial et intuitif, Il s\u2019agit d\u2019un environnement num\u00e9rique pour tous les acteurs de la communaut\u00e9 \u00e9ducative (familles, \u00e9l\u00e8ves, enseignants et personnels des \u00e9tablissements). Pour r\u00e9pondre aux attentes et exigences de chacun, MON BUREAU NUMERIQUE est un espace s\u00e9curis\u00e9 de ressources, d\u2019informations, de&#8230;<\/p>\n","protected":false},"author":1,"featured_media":0,"parent":12,"menu_order":0,"comment_status":"closed","ping_status":"closed","template":"","meta":{"_kad_post_transparent":"","_kad_post_title":"","_kad_post_layout":"","_kad_post_sidebar_id":"","_kad_post_content_style":"","_kad_post_vertical_padding":"","_kad_post_feature":"","_kad_post_feature_position":"","_kad_post_header":false,"_kad_post_footer":false,"footnotes":""},"class_list":["post-301","page","type-page","status-publish","hentry"],"_links":{"self":[{"href":"https:\/\/sites.ac-nancy-metz.fr\/lyc-p-montigny-les-metz\/wp-json\/wp\/v2\/pages\/301","targetHints":{"allow":["GET"]}}],"collection":[{"href":"https:\/\/sites.ac-nancy-metz.fr\/lyc-p-montigny-les-metz\/wp-json\/wp\/v2\/pages"}],"about":[{"href":"https:\/\/sites.ac-nancy-metz.fr\/lyc-p-montigny-les-metz\/wp-json\/wp\/v2\/types\/page"}],"author":[{"embeddable":true,"href":"https:\/\/sites.ac-nancy-metz.fr\/lyc-p-montigny-les-metz\/wp-json\/wp\/v2\/users\/1"}],"replies":[{"embeddable":true,"href":"https:\/\/sites.ac-nancy-metz.fr\/lyc-p-montigny-les-metz\/wp-json\/wp\/v2\/comments?post=301"}],"version-history":[{"count":5,"href":"https:\/\/sites.ac-nancy-metz.fr\/lyc-p-montigny-les-metz\/wp-json\/wp\/v2\/pages\/301\/revisions"}],"predecessor-version":[{"id":532,"href":"https:\/\/sites.ac-nancy-metz.fr\/lyc-p-montigny-les-metz\/wp-json\/wp\/v2\/pages\/301\/revisions\/532"}],"up":[{"embeddable":true,"href":"https:\/\/sites.ac-nancy-metz.fr\/lyc-p-montigny-les-metz\/wp-json\/wp\/v2\/pages\/12"}],"wp:attachment":[{"href":"https:\/\/sites.ac-nancy-metz.fr\/lyc-p-montigny-les-metz\/wp-json\/wp\/v2\/media?parent=301"}],"curies":[{"name":"wp","href":"https:\/\/api.w.org\/{rel}","templated":true}]}}