{"id":306,"date":"2022-12-26T17:17:00","date_gmt":"2022-12-26T16:17:00","guid":{"rendered":"https:\/\/sites.ac-nancy-metz.fr\/lyc-p-montigny-les-metz\/?page_id=306"},"modified":"2022-12-26T17:18:05","modified_gmt":"2022-12-26T16:18:05","slug":"la-maison-des-lyceens","status":"publish","type":"page","link":"https:\/\/sites.ac-nancy-metz.fr\/lyc-p-montigny-les-metz\/vie-scolaire\/la-maison-des-lyceens\/","title":{"rendered":"La Maison des Lyc\u00e9ens"},"content":{"rendered":"\n<div class=\"wp-block-kadence-rowlayout alignnone\"><div id=\"kt-layout-id_f6681e-f3\" class=\"kt-row-layout-inner kt-layout-id_f6681e-f3\"><div class=\"kt-row-column-wrap kt-has-2-columns kt-gutter-default kt-v-gutter-default kt-row-valign-top kt-row-layout-left-golden kt-tab-layout-inherit kt-m-colapse-left-to-right kt-mobile-layout-row\">\n<div class=\"wp-block-kadence-column inner-column-1 kadence-column_85542a-56\"><div class=\"kt-inside-inner-col\">\n<p>La Maison des Lyc\u00e9ens est une association ayant pour but essentiel de prolonger l&rsquo;action \u00e9ducative de l&rsquo;\u00e9ducation nationale en d\u00e9veloppant, entre autres, le sens des responsabilit\u00e9s de l&rsquo;\u00e9l\u00e8ve, en faisant de lui un acteur dans la construction de son environnement imm\u00e9diat. Cette association est un v\u00e9ritable vecteur de l&rsquo;\u00e9ducation \u00e0 la citoyennet\u00e9, en permettant aux \u00e9l\u00e8ves et \u00e9tudiants de s&rsquo;engager dans des projets.<\/p>\n\n\n\n<p>Officiellement cr\u00e9\u00e9e en octobre 2018, elle est g\u00e9r\u00e9e par des \u00e9l\u00e8ves \u00e9lus encadr\u00e9s par des adultes r\u00e9f\u00e9rents (AED, enseignants\u2026). Elle a mis en place un service de vente de boissons froides et chaudes, et de divers biscuits. Le b\u00e9n\u00e9fice de cette vente permet de r\u00e9aliser des projets plus importants tels que :<\/p>\n\n\n\n<ul class=\"wp-block-list\">\n<li>Achat de raquettes de ping pong<br><\/li>\n\n\n\n<li>Achat de mati\u00e8re premi\u00e8re pour les diff\u00e9rents ateliers propos\u00e9s aux \u00e9l\u00e8ves (mod\u00e9lisme, peinture d\u2019art\u2026)<br><\/li>\n\n\n\n<li>Achat de d\u00e9coration pour les foyers (internat et externat)<br><\/li>\n\n\n\n<li>Achat de petit mobilier<br><\/li>\n\n\n\n<li>Financement d\u2019activit\u00e9s extra-scolaires (bowling, cin\u00e9ma, laser game, soir\u00e9e pizza\u2026)<br><\/li>\n\n\n\n<li>R\u00e9alisation d\u2019une salle de vie r\u00e9serv\u00e9e aux lyc\u00e9ennes (minoritaires dans l\u2019\u00e9tablissement)<\/li>\n<\/ul>\n<\/div><\/div>\n\n\n\n<div class=\"wp-block-kadence-column inner-column-2 kadence-column_ea2109-9f\"><div class=\"kt-inside-inner-col\">\n<figure class=\"wp-block-kadence-image kb-image_f47094-5f size-full\"><img loading=\"lazy\" decoding=\"async\" width=\"500\" height=\"621\" src=\"https:\/\/sites.ac-nancy-metz.fr\/lyc-p-montigny-les-metz\/wp-content\/uploads\/2022\/12\/logoMDL.jpg\" alt=\"\" class=\"kb-img wp-image-307\"\/><\/figure>\n<\/div><\/div>\n<\/div><\/div><\/div>\n","protected":false},"excerpt":{"rendered":"<p>La Maison des Lyc\u00e9ens est une association ayant pour but essentiel de prolonger l&rsquo;action \u00e9ducative de l&rsquo;\u00e9ducation nationale en d\u00e9veloppant, entre autres, le sens des responsabilit\u00e9s de l&rsquo;\u00e9l\u00e8ve, en faisant de lui un acteur dans la construction de son environnement imm\u00e9diat. Cette association est un v\u00e9ritable vecteur de l&rsquo;\u00e9ducation \u00e0 la citoyennet\u00e9, en permettant aux&#8230;<\/p>\n","protected":false},"author":1,"featured_media":0,"parent":19,"menu_order":0,"comment_status":"closed","ping_status":"closed","template":"","meta":{"_kad_post_transparent":"","_kad_post_title":"","_kad_post_layout":"","_kad_post_sidebar_id":"","_kad_post_content_style":"","_kad_post_vertical_padding":"","_kad_post_feature":"","_kad_post_feature_position":"","_kad_post_header":false,"_kad_post_footer":false,"footnotes":""},"class_list":["post-306","page","type-page","status-publish","hentry"],"_links":{"self":[{"href":"https:\/\/sites.ac-nancy-metz.fr\/lyc-p-montigny-les-metz\/wp-json\/wp\/v2\/pages\/306","targetHints":{"allow":["GET"]}}],"collection":[{"href":"https:\/\/sites.ac-nancy-metz.fr\/lyc-p-montigny-les-metz\/wp-json\/wp\/v2\/pages"}],"about":[{"href":"https:\/\/sites.ac-nancy-metz.fr\/lyc-p-montigny-les-metz\/wp-json\/wp\/v2\/types\/page"}],"author":[{"embeddable":true,"href":"https:\/\/sites.ac-nancy-metz.fr\/lyc-p-montigny-les-metz\/wp-json\/wp\/v2\/users\/1"}],"replies":[{"embeddable":true,"href":"https:\/\/sites.ac-nancy-metz.fr\/lyc-p-montigny-les-metz\/wp-json\/wp\/v2\/comments?post=306"}],"version-history":[{"count":1,"href":"https:\/\/sites.ac-nancy-metz.fr\/lyc-p-montigny-les-metz\/wp-json\/wp\/v2\/pages\/306\/revisions"}],"predecessor-version":[{"id":308,"href":"https:\/\/sites.ac-nancy-metz.fr\/lyc-p-montigny-les-metz\/wp-json\/wp\/v2\/pages\/306\/revisions\/308"}],"up":[{"embeddable":true,"href":"https:\/\/sites.ac-nancy-metz.fr\/lyc-p-montigny-les-metz\/wp-json\/wp\/v2\/pages\/19"}],"wp:attachment":[{"href":"https:\/\/sites.ac-nancy-metz.fr\/lyc-p-montigny-les-metz\/wp-json\/wp\/v2\/media?parent=306"}],"curies":[{"name":"wp","href":"https:\/\/api.w.org\/{rel}","templated":true}]}}