{"id":310,"date":"2022-12-26T17:26:46","date_gmt":"2022-12-26T16:26:46","guid":{"rendered":"https:\/\/sites.ac-nancy-metz.fr\/lyc-p-montigny-les-metz\/?page_id=310"},"modified":"2023-01-03T11:47:52","modified_gmt":"2023-01-03T10:47:52","slug":"le-c-d-i","status":"publish","type":"page","link":"https:\/\/sites.ac-nancy-metz.fr\/lyc-p-montigny-les-metz\/le-lycee\/le-c-d-i\/","title":{"rendered":"Le C.D.I."},"content":{"rendered":"\n<div class=\"wp-block-kadence-rowlayout alignnone\"><div id=\"kt-layout-id_f6681e-f3\" class=\"kt-row-layout-inner kt-layout-id_f6681e-f3\"><div class=\"kt-row-column-wrap kt-has-2-columns kt-gutter-default kt-v-gutter-default kt-row-valign-top kt-row-layout-left-golden kt-tab-layout-inherit kt-m-colapse-left-to-right kt-mobile-layout-row\">\n<div class=\"wp-block-kadence-column inner-column-1 kadence-column_85542a-56\"><div class=\"kt-inside-inner-col\">\n<ul class=\"wp-block-list\">\n<li>Le Centre de documentation et d\u2019Information permet \u00e0 tous les \u00e9l\u00e8ves de trouver toutes les informations n\u00e9cessaires \u00e0 la r\u00e9alisation de leur travail, qu\u2019ils soient sous forme papier ou num\u00e9ris\u00e9s.<\/li>\n\n\n\n<li>Le CDI, c\u2019est plus de 6000 ouvrages dont une bonne part est consacr\u00e9e aux sp\u00e9cialit\u00e9s du b\u00e2timent.<\/li>\n\n\n\n<li>C\u2019est aussi 12 postes informatiques pour les recherches et la production de documents num\u00e9riques. Ils sont aid\u00e9s en cela par le professeur documentaliste qui peut aussi les conseiller pour choisir un livre.<\/li>\n\n\n\n<li>Le CDI est \u00e9galement un espace de d\u00e9tente o\u00f9 les \u00e9l\u00e8ves peuvent lire une bande dessin\u00e9e ou une revue parmi la trentaine d\u2019abonnements propos\u00e9s.<\/li>\n\n\n\n<li>Le CDI a la particularit\u00e9 d\u2019\u00eatre en partie meubl\u00e9 avec des r\u00e9alisations des \u00e9l\u00e8ves de la section menuiserie: le coin lecture propose des fauteuils design et les ordinateurs sont group\u00e9s sur deux \u00eelots ergonomiques.<\/li>\n<\/ul>\n<\/div><\/div>\n\n\n\n<div class=\"wp-block-kadence-column inner-column-2 kadence-column_ea2109-9f\"><div class=\"kt-inside-inner-col\">\n<figure class=\"wp-block-kadence-image kb-image_f47094-5f size-full\"><img loading=\"lazy\" decoding=\"async\" width=\"774\" height=\"510\" src=\"https:\/\/sites.ac-nancy-metz.fr\/lyc-p-montigny-les-metz\/wp-content\/uploads\/2022\/12\/cdi.jpg\" alt=\"\" class=\"kb-img wp-image-311\"\/><\/figure>\n<\/div><\/div>\n<\/div><\/div><\/div>\n","protected":false},"excerpt":{"rendered":"","protected":false},"author":1,"featured_media":0,"parent":12,"menu_order":0,"comment_status":"closed","ping_status":"closed","template":"","meta":{"_kad_post_transparent":"","_kad_post_title":"","_kad_post_layout":"","_kad_post_sidebar_id":"","_kad_post_content_style":"","_kad_post_vertical_padding":"","_kad_post_feature":"","_kad_post_feature_position":"","_kad_post_header":false,"_kad_post_footer":false,"footnotes":""},"class_list":["post-310","page","type-page","status-publish","hentry"],"_links":{"self":[{"href":"https:\/\/sites.ac-nancy-metz.fr\/lyc-p-montigny-les-metz\/wp-json\/wp\/v2\/pages\/310","targetHints":{"allow":["GET"]}}],"collection":[{"href":"https:\/\/sites.ac-nancy-metz.fr\/lyc-p-montigny-les-metz\/wp-json\/wp\/v2\/pages"}],"about":[{"href":"https:\/\/sites.ac-nancy-metz.fr\/lyc-p-montigny-les-metz\/wp-json\/wp\/v2\/types\/page"}],"author":[{"embeddable":true,"href":"https:\/\/sites.ac-nancy-metz.fr\/lyc-p-montigny-les-metz\/wp-json\/wp\/v2\/users\/1"}],"replies":[{"embeddable":true,"href":"https:\/\/sites.ac-nancy-metz.fr\/lyc-p-montigny-les-metz\/wp-json\/wp\/v2\/comments?post=310"}],"version-history":[{"count":1,"href":"https:\/\/sites.ac-nancy-metz.fr\/lyc-p-montigny-les-metz\/wp-json\/wp\/v2\/pages\/310\/revisions"}],"predecessor-version":[{"id":312,"href":"https:\/\/sites.ac-nancy-metz.fr\/lyc-p-montigny-les-metz\/wp-json\/wp\/v2\/pages\/310\/revisions\/312"}],"up":[{"embeddable":true,"href":"https:\/\/sites.ac-nancy-metz.fr\/lyc-p-montigny-les-metz\/wp-json\/wp\/v2\/pages\/12"}],"wp:attachment":[{"href":"https:\/\/sites.ac-nancy-metz.fr\/lyc-p-montigny-les-metz\/wp-json\/wp\/v2\/media?parent=310"}],"curies":[{"name":"wp","href":"https:\/\/api.w.org\/{rel}","templated":true}]}}