{"id":328,"date":"2022-12-26T19:32:01","date_gmt":"2022-12-26T18:32:01","guid":{"rendered":"https:\/\/sites.ac-nancy-metz.fr\/lyc-p-montigny-les-metz\/?page_id=328"},"modified":"2022-12-26T19:32:01","modified_gmt":"2022-12-26T18:32:01","slug":"linternat","status":"publish","type":"page","link":"https:\/\/sites.ac-nancy-metz.fr\/lyc-p-montigny-les-metz\/linternat\/","title":{"rendered":"L&rsquo;Internat"},"content":{"rendered":"\n<div class=\"wp-block-kadence-rowlayout alignnone\"><div id=\"kt-layout-id_9bf3ec-bb\" class=\"kt-row-layout-inner kt-layout-id_9bf3ec-bb\"><div class=\"kt-row-column-wrap kt-has-2-columns kt-gutter-default kt-v-gutter-default kt-row-valign-top kt-row-layout-left-golden kt-tab-layout-inherit kt-m-colapse-left-to-right kt-mobile-layout-row\">\n<div class=\"wp-block-kadence-column inner-column-1 kadence-column_85542a-56\"><div class=\"kt-inside-inner-col\">\n<p>L\u2019internat occupe un b\u00e2timent de trois \u00e9tages.<\/p>\n\n\n\n<p>Un \u00e9tage est r\u00e9serv\u00e9 aux filles. Il y a trente et une chambres \u00e0 trois lits, neuf chambres \u00e0 deux lits et cinq chambres \u00e0 un lit (accessibles sous certaines conditions).<\/p>\n\n\n\n<p>A chaque \u00e9tage se trouvent une salle de travail et une salle multim\u00e9dia. Chaque \u00e9tage est plac\u00e9 sous l\u2019autorit\u00e9 d\u2019un ma\u00eetre d\u2019internat.<\/p>\n\n\n\n<p>Au rez-de-chauss\u00e9e les \u00e9l\u00e8ves peuvent aussi se d\u00e9tendre au foyer ou dans la salle t\u00e9l\u00e9vision.<\/p>\n\n\n\n<p>Sur pr\u00e8s de 700 m\u00b2, la demi-pension permet \u00e0 tous les membres de la communaut\u00e9 de se restaurer dans un cadre accueillant et moderne. Les menus sont \u00e9labor\u00e9s dans le respect des r\u00e8gles de di\u00e9t\u00e9tique et r\u00e9guli\u00e8rement, la commission repas, compos\u00e9e d\u2019\u00e9l\u00e8ves et de membres du personnel, se r\u00e9unit afin de proposer des am\u00e9liorations ou des modifications. La demi-pension est associ\u00e9e \u00e0 certains projets du lyc\u00e9e comme la semaine sant\u00e9-citoyennet\u00e9 par des actions centr\u00e9es sur l\u2019\u00e9quilibre alimentaire ou le r\u00f4le du petit-d\u00e9jeuner.<\/p>\n\n\n\n<p>La restauration participe chaque ann\u00e9e \u00e0 la semaine du go\u00fbt et \u00e0 l\u2019occasion, organise des op\u00e9rations sp\u00e9ciales comme la d\u00e9gustation de glaces bio ou une pr\u00e9sentation de fromages b\u00e9n\u00e9ficiant d\u2019une appellation d\u2019origine prot\u00e9g\u00e9e.<\/p>\n<\/div><\/div>\n\n\n\n<div class=\"wp-block-kadence-column inner-column-2 kadence-column_ea2109-9f\"><div class=\"kt-inside-inner-col\">\n<figure class=\"wp-block-kadence-image kb-image_f47094-5f size-full\"><img loading=\"lazy\" decoding=\"async\" width=\"2249\" height=\"1500\" src=\"https:\/\/sites.ac-nancy-metz.fr\/lyc-p-montigny-les-metz\/wp-content\/uploads\/2022\/12\/internat.jpg\" alt=\"\" class=\"kb-img wp-image-329\"\/><\/figure>\n<\/div><\/div>\n<\/div><\/div><\/div>\n","protected":false},"excerpt":{"rendered":"<p>L\u2019internat occupe un b\u00e2timent de trois \u00e9tages. Un \u00e9tage est r\u00e9serv\u00e9 aux filles. Il y a trente et une chambres \u00e0 trois lits, neuf chambres \u00e0 deux lits et cinq chambres \u00e0 un lit (accessibles sous certaines conditions). A chaque \u00e9tage se trouvent une salle de travail et une salle multim\u00e9dia. Chaque \u00e9tage est plac\u00e9&#8230;<\/p>\n","protected":false},"author":1,"featured_media":0,"parent":0,"menu_order":0,"comment_status":"closed","ping_status":"closed","template":"","meta":{"_kad_post_transparent":"","_kad_post_title":"","_kad_post_layout":"","_kad_post_sidebar_id":"","_kad_post_content_style":"","_kad_post_vertical_padding":"","_kad_post_feature":"","_kad_post_feature_position":"","_kad_post_header":false,"_kad_post_footer":false,"footnotes":""},"class_list":["post-328","page","type-page","status-publish","hentry"],"_links":{"self":[{"href":"https:\/\/sites.ac-nancy-metz.fr\/lyc-p-montigny-les-metz\/wp-json\/wp\/v2\/pages\/328","targetHints":{"allow":["GET"]}}],"collection":[{"href":"https:\/\/sites.ac-nancy-metz.fr\/lyc-p-montigny-les-metz\/wp-json\/wp\/v2\/pages"}],"about":[{"href":"https:\/\/sites.ac-nancy-metz.fr\/lyc-p-montigny-les-metz\/wp-json\/wp\/v2\/types\/page"}],"author":[{"embeddable":true,"href":"https:\/\/sites.ac-nancy-metz.fr\/lyc-p-montigny-les-metz\/wp-json\/wp\/v2\/users\/1"}],"replies":[{"embeddable":true,"href":"https:\/\/sites.ac-nancy-metz.fr\/lyc-p-montigny-les-metz\/wp-json\/wp\/v2\/comments?post=328"}],"version-history":[{"count":1,"href":"https:\/\/sites.ac-nancy-metz.fr\/lyc-p-montigny-les-metz\/wp-json\/wp\/v2\/pages\/328\/revisions"}],"predecessor-version":[{"id":330,"href":"https:\/\/sites.ac-nancy-metz.fr\/lyc-p-montigny-les-metz\/wp-json\/wp\/v2\/pages\/328\/revisions\/330"}],"wp:attachment":[{"href":"https:\/\/sites.ac-nancy-metz.fr\/lyc-p-montigny-les-metz\/wp-json\/wp\/v2\/media?parent=328"}],"curies":[{"name":"wp","href":"https:\/\/api.w.org\/{rel}","templated":true}]}}