{"id":332,"date":"2022-12-26T19:38:33","date_gmt":"2022-12-26T18:38:33","guid":{"rendered":"https:\/\/sites.ac-nancy-metz.fr\/lyc-p-montigny-les-metz\/?page_id=332"},"modified":"2022-12-26T19:40:57","modified_gmt":"2022-12-26T18:40:57","slug":"c-v-l","status":"publish","type":"page","link":"https:\/\/sites.ac-nancy-metz.fr\/lyc-p-montigny-les-metz\/vie-scolaire\/c-v-l\/","title":{"rendered":"C.V.L."},"content":{"rendered":"\n<div class=\"wp-block-kadence-rowlayout alignnone\"><div id=\"kt-layout-id_f6681e-f3\" class=\"kt-row-layout-inner kt-layout-id_f6681e-f3\"><div class=\"kt-row-column-wrap kt-has-2-columns kt-gutter-default kt-v-gutter-default kt-row-valign-top kt-row-layout-left-golden kt-tab-layout-inherit kt-m-colapse-left-to-right kt-mobile-layout-row\">\n<div class=\"wp-block-kadence-column inner-column-1 kadence-column_85542a-56\"><div class=\"kt-inside-inner-col\">\n<p>Tout au long de l\u2019ann\u00e9e, le CVL (Comit\u00e9 de la Vie Lyc\u00e9enne), compos\u00e9 de repr\u00e9sentants des \u00e9l\u00e8ves soutenus par la CPE, se r\u00e9unit pour proposer des actions destin\u00e9es \u00e0 am\u00e9liorer la vie au lyc\u00e9e.<\/p>\n\n\n\n<p>Le CVL est tr\u00e8s actif et travaille sur des projets tels que le r\u00e9equipement du foyer des \u00e9l\u00e8ves, l\u2019am\u00e9lioration du cadre ext\u00e9rieur, des actions li\u00e9es \u00e0 la pr\u00e9servation de l\u2019environnement, une campagne d\u2019affichage sur le th\u00e8me du respect, la mise en place d\u2019ateliers d\u2019animation pour les \u00e9l\u00e8ves. Les diff\u00e9rents ateliers propos\u00e9s durant les temps libres:<\/p>\n\n\n\n<p>-Diff\u00e9rentes animations et sorties ponctuelles sont propos\u00e9es dans le cadre de l\u2019animation de l\u2019internat (Sortie cin\u00e9ma, th\u00e9\u00e2tre, sport, tournois de foot, de baby-foot&#8230;)<\/p>\n<\/div><\/div>\n\n\n\n<div class=\"wp-block-kadence-column inner-column-2 kadence-column_ea2109-9f\"><div class=\"kt-inside-inner-col\">\n<figure class=\"wp-block-kadence-image kb-image_f47094-5f size-full\"><img loading=\"lazy\" decoding=\"async\" width=\"751\" height=\"513\" src=\"https:\/\/sites.ac-nancy-metz.fr\/lyc-p-montigny-les-metz\/wp-content\/uploads\/2022\/12\/cvl.jpg\" alt=\"\" class=\"kb-img wp-image-333\"\/><\/figure>\n<\/div><\/div>\n<\/div><\/div><\/div>\n","protected":false},"excerpt":{"rendered":"<p>Tout au long de l\u2019ann\u00e9e, le CVL (Comit\u00e9 de la Vie Lyc\u00e9enne), compos\u00e9 de repr\u00e9sentants des \u00e9l\u00e8ves soutenus par la CPE, se r\u00e9unit pour proposer des actions destin\u00e9es \u00e0 am\u00e9liorer la vie au lyc\u00e9e. Le CVL est tr\u00e8s actif et travaille sur des projets tels que le r\u00e9equipement du foyer des \u00e9l\u00e8ves, l\u2019am\u00e9lioration du cadre&#8230;<\/p>\n","protected":false},"author":1,"featured_media":0,"parent":19,"menu_order":0,"comment_status":"closed","ping_status":"closed","template":"","meta":{"_kad_post_transparent":"","_kad_post_title":"","_kad_post_layout":"","_kad_post_sidebar_id":"","_kad_post_content_style":"","_kad_post_vertical_padding":"","_kad_post_feature":"","_kad_post_feature_position":"","_kad_post_header":false,"_kad_post_footer":false,"footnotes":""},"class_list":["post-332","page","type-page","status-publish","hentry"],"_links":{"self":[{"href":"https:\/\/sites.ac-nancy-metz.fr\/lyc-p-montigny-les-metz\/wp-json\/wp\/v2\/pages\/332","targetHints":{"allow":["GET"]}}],"collection":[{"href":"https:\/\/sites.ac-nancy-metz.fr\/lyc-p-montigny-les-metz\/wp-json\/wp\/v2\/pages"}],"about":[{"href":"https:\/\/sites.ac-nancy-metz.fr\/lyc-p-montigny-les-metz\/wp-json\/wp\/v2\/types\/page"}],"author":[{"embeddable":true,"href":"https:\/\/sites.ac-nancy-metz.fr\/lyc-p-montigny-les-metz\/wp-json\/wp\/v2\/users\/1"}],"replies":[{"embeddable":true,"href":"https:\/\/sites.ac-nancy-metz.fr\/lyc-p-montigny-les-metz\/wp-json\/wp\/v2\/comments?post=332"}],"version-history":[{"count":2,"href":"https:\/\/sites.ac-nancy-metz.fr\/lyc-p-montigny-les-metz\/wp-json\/wp\/v2\/pages\/332\/revisions"}],"predecessor-version":[{"id":336,"href":"https:\/\/sites.ac-nancy-metz.fr\/lyc-p-montigny-les-metz\/wp-json\/wp\/v2\/pages\/332\/revisions\/336"}],"up":[{"embeddable":true,"href":"https:\/\/sites.ac-nancy-metz.fr\/lyc-p-montigny-les-metz\/wp-json\/wp\/v2\/pages\/19"}],"wp:attachment":[{"href":"https:\/\/sites.ac-nancy-metz.fr\/lyc-p-montigny-les-metz\/wp-json\/wp\/v2\/media?parent=332"}],"curies":[{"name":"wp","href":"https:\/\/api.w.org\/{rel}","templated":true}]}}