{"id":338,"date":"2022-12-27T09:38:32","date_gmt":"2022-12-27T08:38:32","guid":{"rendered":"https:\/\/sites.ac-nancy-metz.fr\/lyc-p-montigny-les-metz\/?page_id=338"},"modified":"2022-12-27T09:38:56","modified_gmt":"2022-12-27T08:38:56","slug":"ouverture-internationale","status":"publish","type":"page","link":"https:\/\/sites.ac-nancy-metz.fr\/lyc-p-montigny-les-metz\/international\/ouverture-internationale\/","title":{"rendered":"Ouverture Internationale"},"content":{"rendered":"\n<div class=\"wp-block-kadence-rowlayout alignnone\"><div id=\"kt-layout-id_f6681e-f3\" class=\"kt-row-layout-inner kt-layout-id_f6681e-f3\"><div class=\"kt-row-column-wrap kt-has-2-columns kt-gutter-default kt-v-gutter-default kt-row-valign-top kt-row-layout-left-golden kt-tab-layout-inherit kt-m-colapse-left-to-right kt-mobile-layout-row\">\n<div class=\"wp-block-kadence-column inner-column-1 kadence-column_85542a-56\"><div class=\"kt-inside-inner-col\">\n<ul class=\"wp-block-list\"><\/ul>\n\n\n\n<p>L\u2019ouverture internationale du lyc\u00e9e se d\u00e9cline depuis quelques ann\u00e9es avec les diff\u00e9rents projets de mobilit\u00e9 des \u00e9l\u00e8ves et des personnels. Il s\u2019agit de favoriser l\u2019ouverture sur les pays frontaliers (Allemagne, Luxembourg, Belgique) et sur l\u2019Europe tout comme sur les Etats-Unis.<\/p>\n\n\n\n<p>Les partenaires aident au financement et accompagnent les responsables de projets dans les diff\u00e9rentes mobilit\u00e9s, que ce soient les mobilit\u00e9s des \u00e9l\u00e8ves comme celles des personnels du lyc\u00e9e.<\/p>\n\n\n\n<figure class=\"wp-block-kadence-image kb-image_b3cb2d-0e size-full\"><img loading=\"lazy\" decoding=\"async\" width=\"1053\" height=\"140\" src=\"https:\/\/sites.ac-nancy-metz.fr\/lyc-p-montigny-les-metz\/wp-content\/uploads\/2022\/12\/bandelogos.jpg\" alt=\"\" class=\"kb-img wp-image-340\"\/><\/figure>\n<\/div><\/div>\n\n\n\n<div class=\"wp-block-kadence-column inner-column-2 kadence-column_ea2109-9f\"><div class=\"kt-inside-inner-col\">\n<figure class=\"wp-block-kadence-image kb-image_f47094-5f size-full\"><img loading=\"lazy\" decoding=\"async\" width=\"400\" height=\"300\" src=\"https:\/\/sites.ac-nancy-metz.fr\/lyc-p-montigny-les-metz\/wp-content\/uploads\/2022\/12\/ElevesGare.jpg\" alt=\"\" class=\"kb-img wp-image-339\"\/><\/figure>\n<\/div><\/div>\n<\/div><\/div><\/div>\n","protected":false},"excerpt":{"rendered":"<p>L\u2019ouverture internationale du lyc\u00e9e se d\u00e9cline depuis quelques ann\u00e9es avec les diff\u00e9rents projets de mobilit\u00e9 des \u00e9l\u00e8ves et des personnels. Il s\u2019agit de favoriser l\u2019ouverture sur les pays frontaliers (Allemagne, Luxembourg, Belgique) et sur l\u2019Europe tout comme sur les Etats-Unis. Les partenaires aident au financement et accompagnent les responsables de projets dans les diff\u00e9rentes mobilit\u00e9s,&#8230;<\/p>\n","protected":false},"author":1,"featured_media":0,"parent":23,"menu_order":0,"comment_status":"closed","ping_status":"closed","template":"","meta":{"_kad_post_transparent":"","_kad_post_title":"","_kad_post_layout":"","_kad_post_sidebar_id":"","_kad_post_content_style":"","_kad_post_vertical_padding":"","_kad_post_feature":"","_kad_post_feature_position":"","_kad_post_header":false,"_kad_post_footer":false,"footnotes":""},"class_list":["post-338","page","type-page","status-publish","hentry"],"_links":{"self":[{"href":"https:\/\/sites.ac-nancy-metz.fr\/lyc-p-montigny-les-metz\/wp-json\/wp\/v2\/pages\/338","targetHints":{"allow":["GET"]}}],"collection":[{"href":"https:\/\/sites.ac-nancy-metz.fr\/lyc-p-montigny-les-metz\/wp-json\/wp\/v2\/pages"}],"about":[{"href":"https:\/\/sites.ac-nancy-metz.fr\/lyc-p-montigny-les-metz\/wp-json\/wp\/v2\/types\/page"}],"author":[{"embeddable":true,"href":"https:\/\/sites.ac-nancy-metz.fr\/lyc-p-montigny-les-metz\/wp-json\/wp\/v2\/users\/1"}],"replies":[{"embeddable":true,"href":"https:\/\/sites.ac-nancy-metz.fr\/lyc-p-montigny-les-metz\/wp-json\/wp\/v2\/comments?post=338"}],"version-history":[{"count":1,"href":"https:\/\/sites.ac-nancy-metz.fr\/lyc-p-montigny-les-metz\/wp-json\/wp\/v2\/pages\/338\/revisions"}],"predecessor-version":[{"id":341,"href":"https:\/\/sites.ac-nancy-metz.fr\/lyc-p-montigny-les-metz\/wp-json\/wp\/v2\/pages\/338\/revisions\/341"}],"up":[{"embeddable":true,"href":"https:\/\/sites.ac-nancy-metz.fr\/lyc-p-montigny-les-metz\/wp-json\/wp\/v2\/pages\/23"}],"wp:attachment":[{"href":"https:\/\/sites.ac-nancy-metz.fr\/lyc-p-montigny-les-metz\/wp-json\/wp\/v2\/media?parent=338"}],"curies":[{"name":"wp","href":"https:\/\/api.w.org\/{rel}","templated":true}]}}