{"id":343,"date":"2022-12-27T09:41:29","date_gmt":"2022-12-27T08:41:29","guid":{"rendered":"https:\/\/sites.ac-nancy-metz.fr\/lyc-p-montigny-les-metz\/?page_id=343"},"modified":"2022-12-27T09:46:20","modified_gmt":"2022-12-27T08:46:20","slug":"section-europeenne-anglais","status":"publish","type":"page","link":"https:\/\/sites.ac-nancy-metz.fr\/lyc-p-montigny-les-metz\/international\/section-europeenne-anglais\/","title":{"rendered":"Section Europ\u00e9enne Anglais"},"content":{"rendered":"\n<div class=\"wp-block-kadence-rowlayout alignnone\"><div id=\"kt-layout-id_f6681e-f3\" class=\"kt-row-layout-inner kt-layout-id_f6681e-f3\"><div class=\"kt-row-column-wrap kt-has-2-columns kt-gutter-default kt-v-gutter-default kt-row-valign-top kt-row-layout-left-golden kt-tab-layout-inherit kt-m-colapse-left-to-right kt-mobile-layout-row\">\n<div class=\"wp-block-kadence-column inner-column-1 kadence-column_85542a-56\"><div class=\"kt-inside-inner-col\">\n<ul class=\"wp-block-list\"><\/ul>\n\n\n\n<p>La section europ\u00e9enne anglais a \u00e9t\u00e9 mise en place en septembre 2018 et concerne les \u00e9l\u00e8ves de la fili\u00e8re TMSEC (technicien de maintenance des syst\u00e8mes \u00e9nerg\u00e9tiques et climatiques). En 2019, deux classes (2nde bac pro et 1\u00e8re bac pro) suivent un enseignement d\u2019une heure par semaine en discipline non linguistique (=DNL), \u00e0 savoir technologie en langue anglaise.<br>L\u2019objectif principal est de favoriser la ma\u00eetrise avanc\u00e9e de l\u2019anglais par les \u00e9l\u00e8ves. Il est question avant tout de prendre du plaisir \u00e0 communiquer en anglais \u00e0 propos des activit\u00e9s li\u00e9es au m\u00e9tier ou \u00e0 la famille de m\u00e9tiers \u00ab M\u00e9tiers du num\u00e9rique et de la transition \u00e9nerg\u00e9tique \u00bb (entr\u00e9e dans cette famille de m\u00e9tiers en 2021).<\/p>\n\n\n\n<p>La section europ\u00e9enne a pour but la connaissance approfondie de la culture anglaise de m\u00eame que les mobilit\u00e9s \u00e0 l\u2019\u00e9tranger pour les PFMP (p\u00e9riodes de formation en milieu professionnel). A travers la certification internationale du niveau des \u00e9l\u00e8ves en anglais, l\u2019articulation avec l\u2019enseignement sup\u00e9rieur (poursuite d\u2019\u00e9tudes en BTS par exemple) est favoris\u00e9e tout comme leur future insertion professionnelle.<br>En 2019, la section europ\u00e9enne a la particularit\u00e9 de compter un enseignant certifi\u00e9 DNL en g\u00e9nie thermique et 3 enseignants en enseignement g\u00e9n\u00e9ral (math\u00e9matiques- sciences physiques et histoire-g\u00e9ographie).<\/p>\n\n\n\n<p>Les projets p\u00e9dagogiques li\u00e9s \u00e0 la section europ\u00e9enne :<\/p>\n\n\n\n<ul class=\"wp-block-list\">\n<li>En 2018\/19 : s\u00e9jour d\u2019une semaine en famille d\u2019accueil \u00e0 Londres et d\u00e9couverte de la capitale sur le th\u00e8me de l\u2019\u00e9cologie.<\/li>\n\n\n\n<li>En 2019\/20 : s\u00e9jour de 4 jours en auberge de jeunesse \u00e0 Amsterdam sur le th\u00e8me du d\u00e9veloppement durable<\/li>\n<\/ul>\n<\/div><\/div>\n\n\n\n<div class=\"wp-block-kadence-column inner-column-2 kadence-column_ea2109-9f\"><div class=\"kt-inside-inner-col\">\n<figure class=\"wp-block-kadence-image kb-image_f47094-5f size-full\"><img loading=\"lazy\" decoding=\"async\" width=\"400\" height=\"413\" src=\"https:\/\/sites.ac-nancy-metz.fr\/lyc-p-montigny-les-metz\/wp-content\/uploads\/2022\/12\/SectEuroRole.jpg\" alt=\"\" class=\"kb-img wp-image-346\"\/><figcaption>Jeu de r\u00f4le section Euro 2TMSEC d\u00e9cembre 2019<br><\/figcaption><\/figure>\n<\/div><\/div>\n<\/div><\/div><\/div>\n","protected":false},"excerpt":{"rendered":"<p>La section europ\u00e9enne anglais a \u00e9t\u00e9 mise en place en septembre 2018 et concerne les \u00e9l\u00e8ves de la fili\u00e8re TMSEC (technicien de maintenance des syst\u00e8mes \u00e9nerg\u00e9tiques et climatiques). En 2019, deux classes (2nde bac pro et 1\u00e8re bac pro) suivent un enseignement d\u2019une heure par semaine en discipline non linguistique (=DNL), \u00e0 savoir technologie en&#8230;<\/p>\n","protected":false},"author":1,"featured_media":0,"parent":23,"menu_order":0,"comment_status":"closed","ping_status":"closed","template":"","meta":{"_kad_post_transparent":"","_kad_post_title":"","_kad_post_layout":"","_kad_post_sidebar_id":"","_kad_post_content_style":"","_kad_post_vertical_padding":"","_kad_post_feature":"","_kad_post_feature_position":"","_kad_post_header":false,"_kad_post_footer":false,"footnotes":""},"class_list":["post-343","page","type-page","status-publish","hentry"],"_links":{"self":[{"href":"https:\/\/sites.ac-nancy-metz.fr\/lyc-p-montigny-les-metz\/wp-json\/wp\/v2\/pages\/343","targetHints":{"allow":["GET"]}}],"collection":[{"href":"https:\/\/sites.ac-nancy-metz.fr\/lyc-p-montigny-les-metz\/wp-json\/wp\/v2\/pages"}],"about":[{"href":"https:\/\/sites.ac-nancy-metz.fr\/lyc-p-montigny-les-metz\/wp-json\/wp\/v2\/types\/page"}],"author":[{"embeddable":true,"href":"https:\/\/sites.ac-nancy-metz.fr\/lyc-p-montigny-les-metz\/wp-json\/wp\/v2\/users\/1"}],"replies":[{"embeddable":true,"href":"https:\/\/sites.ac-nancy-metz.fr\/lyc-p-montigny-les-metz\/wp-json\/wp\/v2\/comments?post=343"}],"version-history":[{"count":2,"href":"https:\/\/sites.ac-nancy-metz.fr\/lyc-p-montigny-les-metz\/wp-json\/wp\/v2\/pages\/343\/revisions"}],"predecessor-version":[{"id":347,"href":"https:\/\/sites.ac-nancy-metz.fr\/lyc-p-montigny-les-metz\/wp-json\/wp\/v2\/pages\/343\/revisions\/347"}],"up":[{"embeddable":true,"href":"https:\/\/sites.ac-nancy-metz.fr\/lyc-p-montigny-les-metz\/wp-json\/wp\/v2\/pages\/23"}],"wp:attachment":[{"href":"https:\/\/sites.ac-nancy-metz.fr\/lyc-p-montigny-les-metz\/wp-json\/wp\/v2\/media?parent=343"}],"curies":[{"name":"wp","href":"https:\/\/api.w.org\/{rel}","templated":true}]}}