{"id":349,"date":"2022-12-27T13:17:12","date_gmt":"2022-12-27T12:17:12","guid":{"rendered":"https:\/\/sites.ac-nancy-metz.fr\/lyc-p-montigny-les-metz\/?page_id=349"},"modified":"2022-12-27T13:23:04","modified_gmt":"2022-12-27T12:23:04","slug":"melyprolor","status":"publish","type":"page","link":"https:\/\/sites.ac-nancy-metz.fr\/lyc-p-montigny-les-metz\/international\/melyprolor\/","title":{"rendered":"MELYPROLOR"},"content":{"rendered":"\n<div class=\"wp-block-kadence-rowlayout alignnone\"><div id=\"kt-layout-id_f6681e-f3\" class=\"kt-row-layout-inner kt-layout-id_f6681e-f3\"><div class=\"kt-row-column-wrap kt-has-2-columns kt-gutter-default kt-v-gutter-default kt-row-valign-top kt-row-layout-left-golden kt-tab-layout-inherit kt-m-colapse-left-to-right kt-mobile-layout-row\">\n<div class=\"wp-block-kadence-column inner-column-1 kadence-column_85542a-56\"><div class=\"kt-inside-inner-col\">\n<ul class=\"wp-block-list\"><\/ul>\n\n\n\n<p>MELYPROLOR (Mobilit\u00e9 Europ\u00e9enne des Lyc\u00e9ens des Lyc\u00e9es Professionnels Lorrains) est un projet pour faciliter la mobilit\u00e9 europ\u00e9enne des lyc\u00e9ens en formation professionnelle group\u00e9 pilot\u00e9 par la DAREIC et par le GIP Formation tout au long de la vie. Il est financ\u00e9 par des fonds europ\u00e9ens du programme Education et Formation Tout au Long de la Vie.<\/p>\n\n\n\n<p>La mobilit\u00e9 europ\u00e9enne entre dans la strat\u00e9gie de r\u00e9ussite des \u00e9l\u00e8ves des fili\u00e8res professionnelles ; elle repr\u00e9sente une v\u00e9ritable opportunit\u00e9 pour les jeunes de lyc\u00e9es professionnels et technologiques de vivre une exp\u00e9rience professionnelle et humaine enrichissante, et ce dans des fili\u00e8res tr\u00e8s vari\u00e9es : industrie, am\u00e9nagement de b\u00e2timents, \u00e9lectrotechnique, soins \u00e0 la personne&#8230; Elle d\u00e9veloppe aussi la confiance en soi, l\u2019autonomie, l\u2019ouverture d&rsquo;esprit et les capacit\u00e9s \u00e0 prendre des initiatives. Ce sont toutes des aptitudes qui permettront aux lyc\u00e9ens une meilleure insertion professionnelle future.<\/p>\n\n\n\n<ul class=\"wp-block-list\">\n<li>3 \u00e9l\u00e8ves de terminale bac pro TMSEC (Technicien de Maintenance des Syst\u00e8mes Energ\u00e9tiques et Climatiques) ont effectu\u00e9 leur PFMP dans le sud ouest de l\u2019Angleterre, dans la r\u00e9gion du Devon en mars\/avril 2018.<\/li>\n\n\n\n<li>3 autres \u00e9l\u00e8ves de de terminale bac pro TMSEC ont effectu\u00e9 leur PFMP dans le sud ouest de l\u2019Angleterre, dans la r\u00e9gion du Devon en mars\/avril 2019. Ces six \u00e9l\u00e8ves ont re\u00e7u le certificat Europass mobilit\u00e9.<\/li>\n<\/ul>\n<\/div><\/div>\n\n\n<style id=\"kb-column_ea2109-9f\">.kadence-column_ea2109-9f > .kt-inside-inner-col{justify-content:center;flex-direction:column;display:flex;}.kadence-column_ea2109-9f > .kt-inside-inner-col > .aligncenter{width:100%;}.kt-row-column-wrap > .kadence-column_ea2109-9f{align-self:center;}.kt-inner-column-height-full:not(.kt-has-1-columns) > .wp-block-kadence-column.kadence-column_ea2109-9f{align-self:auto;}.kt-inner-column-height-full:not(.kt-has-1-columns) > .wp-block-kadence-column.kadence-column_ea2109-9f > .kt-inside-inner-col{display:flex;flex-direction:column;justify-content:center;}<\/style>\n<div class=\"wp-block-kadence-column inner-column-2 kadence-column_ea2109-9f\"><div class=\"kt-inside-inner-col\">\n<figure class=\"wp-block-kadence-image kb-image_f47094-5f size-full\"><img loading=\"lazy\" decoding=\"async\" width=\"319\" height=\"158\" src=\"https:\/\/sites.ac-nancy-metz.fr\/lyc-p-montigny-les-metz\/wp-content\/uploads\/2022\/12\/melyprolor-bis.png\" alt=\"\" class=\"kb-img wp-image-351\"\/><\/figure>\n<\/div><\/div>\n<\/div><\/div><\/div>\n\n\n\n<div class=\"wp-block-kadence-rowlayout alignnone\"><div id=\"kt-layout-id_b7c3ad-3d\" class=\"kt-row-layout-inner kt-layout-id_b7c3ad-3d\"><div class=\"kt-row-column-wrap kt-has-3-columns kt-gutter-default kt-v-gutter-default kt-row-valign-top kt-row-layout-equal kt-tab-layout-inherit kt-m-colapse-left-to-right kt-mobile-layout-row\">\n<div class=\"wp-block-kadence-column inner-column-1 kadence-column_6b68ba-67\"><div class=\"kt-inside-inner-col\">\n<figure class=\"wp-block-kadence-image kb-image_5bed70-86 size-full\"><img loading=\"lazy\" decoding=\"async\" width=\"400\" height=\"438\" src=\"https:\/\/sites.ac-nancy-metz.fr\/lyc-p-montigny-les-metz\/wp-content\/uploads\/2022\/12\/RLEngland.jpg\" alt=\"\" class=\"kb-img wp-image-353\"\/><\/figure>\n<\/div><\/div>\n\n\n\n<div class=\"wp-block-kadence-column inner-column-2 kadence-column_06120c-68\"><div class=\"kt-inside-inner-col\">\n<figure class=\"wp-block-kadence-image kb-image_ac2515-ff size-full\"><img loading=\"lazy\" decoding=\"async\" width=\"400\" height=\"533\" src=\"https:\/\/sites.ac-nancy-metz.fr\/lyc-p-montigny-les-metz\/wp-content\/uploads\/2022\/12\/Europass2019.jpg\" alt=\"\" class=\"kb-img wp-image-354\"\/><\/figure>\n<\/div><\/div>\n\n\n\n<div class=\"wp-block-kadence-column inner-column-3 kadence-column_bcecaa-b6\"><div class=\"kt-inside-inner-col\">\n<figure class=\"wp-block-kadence-image kb-image_1e1b5f-3f size-full\"><img loading=\"lazy\" decoding=\"async\" width=\"400\" height=\"255\" src=\"https:\/\/sites.ac-nancy-metz.fr\/lyc-p-montigny-les-metz\/wp-content\/uploads\/2022\/12\/Mely1.jpg\" alt=\"\" class=\"kb-img wp-image-355\"\/><figcaption>Les \u00e9l\u00e8ves des lyc\u00e9es Cormontaigne de Metz, Gustave Eiffel de Talange et du BTP de Montigny-l\u00e8s Metz f\u00eatent leur retour de PFMP effectu\u00e9e en Angleterre ou en Finlande<\/figcaption><\/figure>\n<\/div><\/div>\n<\/div><\/div><\/div>\n","protected":false},"excerpt":{"rendered":"<p>MELYPROLOR (Mobilit\u00e9 Europ\u00e9enne des Lyc\u00e9ens des Lyc\u00e9es Professionnels Lorrains) est un projet pour faciliter la mobilit\u00e9 europ\u00e9enne des lyc\u00e9ens en formation professionnelle group\u00e9 pilot\u00e9 par la DAREIC et par le GIP Formation tout au long de la vie. Il est financ\u00e9 par des fonds europ\u00e9ens du programme Education et Formation Tout au Long de la&#8230;<\/p>\n","protected":false},"author":1,"featured_media":0,"parent":23,"menu_order":0,"comment_status":"closed","ping_status":"closed","template":"","meta":{"_kad_post_transparent":"","_kad_post_title":"","_kad_post_layout":"","_kad_post_sidebar_id":"","_kad_post_content_style":"","_kad_post_vertical_padding":"","_kad_post_feature":"","_kad_post_feature_position":"","_kad_post_header":false,"_kad_post_footer":false,"footnotes":""},"class_list":["post-349","page","type-page","status-publish","hentry"],"_links":{"self":[{"href":"https:\/\/sites.ac-nancy-metz.fr\/lyc-p-montigny-les-metz\/wp-json\/wp\/v2\/pages\/349","targetHints":{"allow":["GET"]}}],"collection":[{"href":"https:\/\/sites.ac-nancy-metz.fr\/lyc-p-montigny-les-metz\/wp-json\/wp\/v2\/pages"}],"about":[{"href":"https:\/\/sites.ac-nancy-metz.fr\/lyc-p-montigny-les-metz\/wp-json\/wp\/v2\/types\/page"}],"author":[{"embeddable":true,"href":"https:\/\/sites.ac-nancy-metz.fr\/lyc-p-montigny-les-metz\/wp-json\/wp\/v2\/users\/1"}],"replies":[{"embeddable":true,"href":"https:\/\/sites.ac-nancy-metz.fr\/lyc-p-montigny-les-metz\/wp-json\/wp\/v2\/comments?post=349"}],"version-history":[{"count":3,"href":"https:\/\/sites.ac-nancy-metz.fr\/lyc-p-montigny-les-metz\/wp-json\/wp\/v2\/pages\/349\/revisions"}],"predecessor-version":[{"id":357,"href":"https:\/\/sites.ac-nancy-metz.fr\/lyc-p-montigny-les-metz\/wp-json\/wp\/v2\/pages\/349\/revisions\/357"}],"up":[{"embeddable":true,"href":"https:\/\/sites.ac-nancy-metz.fr\/lyc-p-montigny-les-metz\/wp-json\/wp\/v2\/pages\/23"}],"wp:attachment":[{"href":"https:\/\/sites.ac-nancy-metz.fr\/lyc-p-montigny-les-metz\/wp-json\/wp\/v2\/media?parent=349"}],"curies":[{"name":"wp","href":"https:\/\/api.w.org\/{rel}","templated":true}]}}