{"id":359,"date":"2022-12-27T13:24:57","date_gmt":"2022-12-27T12:24:57","guid":{"rendered":"https:\/\/sites.ac-nancy-metz.fr\/lyc-p-montigny-les-metz\/?page_id=359"},"modified":"2022-12-27T13:27:51","modified_gmt":"2022-12-27T12:27:51","slug":"mirabeel","status":"publish","type":"page","link":"https:\/\/sites.ac-nancy-metz.fr\/lyc-p-montigny-les-metz\/international\/mirabeel\/","title":{"rendered":"MIRABEEL"},"content":{"rendered":"\n<div class=\"wp-block-kadence-rowlayout alignnone\"><div id=\"kt-layout-id_f6681e-f3\" class=\"kt-row-layout-inner kt-layout-id_f6681e-f3\"><div class=\"kt-row-column-wrap kt-has-2-columns kt-gutter-default kt-v-gutter-default kt-row-valign-top kt-row-layout-left-golden kt-tab-layout-inherit kt-m-colapse-left-to-right kt-mobile-layout-row\">\n<div class=\"wp-block-kadence-column inner-column-1 kadence-column_85542a-56\"><div class=\"kt-inside-inner-col\">\n<ul class=\"wp-block-list\"><\/ul>\n\n\n\n<p>Le programme Erasmus + met l\u2019accent sur les mobilit\u00e9s pour les professionnels de l&rsquo;\u00e9ducation.<br>Dans le cadre des priorit\u00e9s d\u00e9finies dans le projet acad\u00e9mique 2014-2018, et plus particuli\u00e8rement l\u2019am\u00e9lioration du niveau en langues vivantes \u00e9trang\u00e8res des \u00e9l\u00e8ves, la DAREIC, en partenariat avec le GIP FTLV, porte depuis 2015 un consortium de Mobilit\u00e9 Enseignement scolaire Erasmus+ intitul\u00e9 \u00ab\u00a0MIRABEEL\u00a0\u00bb qui permet aux professeurs du premier et du second degr\u00e9 volontaires de r\u00e9aliser une p\u00e9riode de formation -cours structur\u00e9s ou stage d&rsquo;observation- dans un pays europ\u00e9en.<\/p>\n\n\n\n<ul class=\"wp-block-list\">\n<li>Afin de pouvoir dispenser tout ou partie de leur cours en anglais, les enseignants certifi\u00e9s DNL (Discipline Non Linguistique, comme maths-sciences, histoire-g\u00e9ographie, g\u00e9nie climatique) ont b\u00e9n\u00e9fici\u00e9 de cours d\u2019anglais en situation en Angleterre et en Irlande.<\/li>\n\n\n\n<li>Par ailleurs, des enseignants ont pu se rendre dans un lyc\u00e9e professionnel finlandais (Joensuu) pour assister \u00e0 des cours, observer et \u00e9changer avec les \u00e9l\u00e8ves et leurs homologues finlandais \u00e0 propos des deux syst\u00e8mes \u00e9ducatifs (2018 et 2019). Un partenariat entre les deux lyc\u00e9es (accueil d\u2019\u00e9l\u00e8ves en PFMP) est en cours de finalisation.<\/li>\n<\/ul>\n<\/div><\/div>\n\n\n<style id=\"kb-column_ea2109-9f\">.kadence-column_ea2109-9f > .kt-inside-inner-col{justify-content:center;flex-direction:column;display:flex;}.kadence-column_ea2109-9f > .kt-inside-inner-col > .aligncenter{width:100%;}.kt-row-column-wrap > .kadence-column_ea2109-9f{align-self:center;}.kt-inner-column-height-full:not(.kt-has-1-columns) > .wp-block-kadence-column.kadence-column_ea2109-9f{align-self:auto;}.kt-inner-column-height-full:not(.kt-has-1-columns) > .wp-block-kadence-column.kadence-column_ea2109-9f > .kt-inside-inner-col{display:flex;flex-direction:column;justify-content:center;}<\/style>\n<div class=\"wp-block-kadence-column inner-column-2 kadence-column_ea2109-9f\"><div class=\"kt-inside-inner-col\">\n<figure class=\"wp-block-kadence-image kb-image_87dbda-fa size-full\"><img loading=\"lazy\" decoding=\"async\" width=\"274\" height=\"270\" src=\"https:\/\/sites.ac-nancy-metz.fr\/lyc-p-montigny-les-metz\/wp-content\/uploads\/2022\/12\/LogoMirabeel.jpg\" alt=\"\" class=\"kb-img wp-image-362\"\/><\/figure>\n<\/div><\/div>\n<\/div><\/div><\/div>\n","protected":false},"excerpt":{"rendered":"<p>Le programme Erasmus + met l\u2019accent sur les mobilit\u00e9s pour les professionnels de l&rsquo;\u00e9ducation.Dans le cadre des priorit\u00e9s d\u00e9finies dans le projet acad\u00e9mique 2014-2018, et plus particuli\u00e8rement l\u2019am\u00e9lioration du niveau en langues vivantes \u00e9trang\u00e8res des \u00e9l\u00e8ves, la DAREIC, en partenariat avec le GIP FTLV, porte depuis 2015 un consortium de Mobilit\u00e9 Enseignement scolaire Erasmus+ intitul\u00e9&#8230;<\/p>\n","protected":false},"author":1,"featured_media":0,"parent":23,"menu_order":0,"comment_status":"closed","ping_status":"closed","template":"","meta":{"_kad_post_transparent":"","_kad_post_title":"","_kad_post_layout":"","_kad_post_sidebar_id":"","_kad_post_content_style":"","_kad_post_vertical_padding":"","_kad_post_feature":"","_kad_post_feature_position":"","_kad_post_header":false,"_kad_post_footer":false,"footnotes":""},"class_list":["post-359","page","type-page","status-publish","hentry"],"_links":{"self":[{"href":"https:\/\/sites.ac-nancy-metz.fr\/lyc-p-montigny-les-metz\/wp-json\/wp\/v2\/pages\/359","targetHints":{"allow":["GET"]}}],"collection":[{"href":"https:\/\/sites.ac-nancy-metz.fr\/lyc-p-montigny-les-metz\/wp-json\/wp\/v2\/pages"}],"about":[{"href":"https:\/\/sites.ac-nancy-metz.fr\/lyc-p-montigny-les-metz\/wp-json\/wp\/v2\/types\/page"}],"author":[{"embeddable":true,"href":"https:\/\/sites.ac-nancy-metz.fr\/lyc-p-montigny-les-metz\/wp-json\/wp\/v2\/users\/1"}],"replies":[{"embeddable":true,"href":"https:\/\/sites.ac-nancy-metz.fr\/lyc-p-montigny-les-metz\/wp-json\/wp\/v2\/comments?post=359"}],"version-history":[{"count":2,"href":"https:\/\/sites.ac-nancy-metz.fr\/lyc-p-montigny-les-metz\/wp-json\/wp\/v2\/pages\/359\/revisions"}],"predecessor-version":[{"id":363,"href":"https:\/\/sites.ac-nancy-metz.fr\/lyc-p-montigny-les-metz\/wp-json\/wp\/v2\/pages\/359\/revisions\/363"}],"up":[{"embeddable":true,"href":"https:\/\/sites.ac-nancy-metz.fr\/lyc-p-montigny-les-metz\/wp-json\/wp\/v2\/pages\/23"}],"wp:attachment":[{"href":"https:\/\/sites.ac-nancy-metz.fr\/lyc-p-montigny-les-metz\/wp-json\/wp\/v2\/media?parent=359"}],"curies":[{"name":"wp","href":"https:\/\/api.w.org\/{rel}","templated":true}]}}