{"id":38,"date":"2022-12-20T16:37:17","date_gmt":"2022-12-20T15:37:17","guid":{"rendered":"https:\/\/sites.ac-nancy-metz.fr\/lyc-p-montigny-les-metz\/?page_id=38"},"modified":"2024-08-31T11:02:58","modified_gmt":"2024-08-31T09:02:58","slug":"coordonnees","status":"publish","type":"page","link":"https:\/\/sites.ac-nancy-metz.fr\/lyc-p-montigny-les-metz\/le-lycee\/coordonnees\/","title":{"rendered":"Coordonn\u00e9es"},"content":{"rendered":"\n<div class=\"wp-block-kadence-rowlayout alignnone\"><div id=\"kt-layout-id_7bef70-d8\" class=\"kt-row-layout-inner kt-layout-id_7bef70-d8\"><div class=\"kt-row-column-wrap kt-has-2-columns kt-gutter-default kt-v-gutter-default kt-row-valign-top kt-row-layout-left-golden kt-tab-layout-inherit kt-m-colapse-left-to-right kt-mobile-layout-row\">\n<div class=\"wp-block-kadence-column inner-column-1 kadence-column_c1fb15-4c\"><div class=\"kt-inside-inner-col\">\n<h2 class=\"alignfull has-text-align-center has-text-color has-larger-font-size wp-block-heading\" style=\"color:#f6744c\">Lyc\u00e9e Professionnel L\u00e9onard DE VINCI<br><\/h2>\n\n\n<style id=\"kb-advancedheading_0d8d9e-3e\">#kt-adv-heading_0d8d9e-3e, #kt-adv-heading_0d8d9e-3e .wp-block-kadence-advancedheading, .wp-block-kadence-advancedheading.kt-adv-heading_0d8d9e-3e[data-kb-block=\"kb-adv-heading_0d8d9e-3e\"], .kadence-advanced-heading-wrapper .kt-adv-heading_0d8d9e-3e[data-kb-block=\"kb-adv-heading_0d8d9e-3e\"]{text-align:center;}<\/style>\n<h2 class=\"kt-adv-heading_0d8d9e-3e wp-block-kadence-advancedheading\" data-kb-block=\"kb-adv-heading_0d8d9e-3e\">154 CHEMIN DE BLORY<br>57950 MONTIGNY LES METZ<\/h2>\n\n\n\n<p class=\"has-text-align-center\">T\u00e9l. : 03 87 62 26 79<br>Fax : 03 87 62 13 89<\/p>\n\n\n\n<p class=\"has-text-align-center\">ce.0570144@ac-nancy-metz.fr<\/p>\n\n\n\n<p class=\"has-text-align-center\">site internet : lybat.com<\/p>\n<\/div><\/div>\n\n\n<style id=\"kb-column_3ac0c7-b8\">.kadence-column_3ac0c7-b8 > .kt-inside-inner-col{justify-content:center;flex-direction:column;display:flex;}.kadence-column_3ac0c7-b8 > .kt-inside-inner-col > .aligncenter{width:100%;}.kt-row-column-wrap > .kadence-column_3ac0c7-b8{align-self:center;}.kt-inner-column-height-full:not(.kt-has-1-columns) > .wp-block-kadence-column.kadence-column_3ac0c7-b8{align-self:auto;}.kt-inner-column-height-full:not(.kt-has-1-columns) > .wp-block-kadence-column.kadence-column_3ac0c7-b8 > .kt-inside-inner-col{display:flex;flex-direction:column;justify-content:center;}<\/style>\n<div class=\"wp-block-kadence-column inner-column-2 kadence-column_3ac0c7-b8\"><div class=\"kt-inside-inner-col\">\n<figure class=\"wp-block-kadence-image kb-image_db4de9-c7 size-full\"><img loading=\"lazy\" decoding=\"async\" width=\"600\" height=\"400\" src=\"https:\/\/sites.ac-nancy-metz.fr\/lyc-p-montigny-les-metz\/wp-content\/uploads\/2022\/12\/lycee_f1.jpg\" alt=\"\" class=\"kb-img wp-image-233\"\/><\/figure>\n<\/div><\/div>\n<\/div><\/div><\/div>\n","protected":false},"excerpt":{"rendered":"<p>Lyc\u00e9e Professionnel L\u00e9onard DE VINCI 154 CHEMIN DE BLORY57950 MONTIGNY LES METZ T\u00e9l. : 03 87 62 26 79Fax : 03 87 62 13 89 ce.0570144@ac-nancy-metz.fr site internet : lybat.com<\/p>\n","protected":false},"author":1,"featured_media":0,"parent":12,"menu_order":0,"comment_status":"closed","ping_status":"closed","template":"","meta":{"_kad_post_transparent":"","_kad_post_title":"","_kad_post_layout":"fullwidth","_kad_post_sidebar_id":"","_kad_post_content_style":"","_kad_post_vertical_padding":"","_kad_post_feature":"","_kad_post_feature_position":"","_kad_post_header":false,"_kad_post_footer":false,"footnotes":""},"class_list":["post-38","page","type-page","status-publish","hentry"],"_links":{"self":[{"href":"https:\/\/sites.ac-nancy-metz.fr\/lyc-p-montigny-les-metz\/wp-json\/wp\/v2\/pages\/38","targetHints":{"allow":["GET"]}}],"collection":[{"href":"https:\/\/sites.ac-nancy-metz.fr\/lyc-p-montigny-les-metz\/wp-json\/wp\/v2\/pages"}],"about":[{"href":"https:\/\/sites.ac-nancy-metz.fr\/lyc-p-montigny-les-metz\/wp-json\/wp\/v2\/types\/page"}],"author":[{"embeddable":true,"href":"https:\/\/sites.ac-nancy-metz.fr\/lyc-p-montigny-les-metz\/wp-json\/wp\/v2\/users\/1"}],"replies":[{"embeddable":true,"href":"https:\/\/sites.ac-nancy-metz.fr\/lyc-p-montigny-les-metz\/wp-json\/wp\/v2\/comments?post=38"}],"version-history":[{"count":8,"href":"https:\/\/sites.ac-nancy-metz.fr\/lyc-p-montigny-les-metz\/wp-json\/wp\/v2\/pages\/38\/revisions"}],"predecessor-version":[{"id":609,"href":"https:\/\/sites.ac-nancy-metz.fr\/lyc-p-montigny-les-metz\/wp-json\/wp\/v2\/pages\/38\/revisions\/609"}],"up":[{"embeddable":true,"href":"https:\/\/sites.ac-nancy-metz.fr\/lyc-p-montigny-les-metz\/wp-json\/wp\/v2\/pages\/12"}],"wp:attachment":[{"href":"https:\/\/sites.ac-nancy-metz.fr\/lyc-p-montigny-les-metz\/wp-json\/wp\/v2\/media?parent=38"}],"curies":[{"name":"wp","href":"https:\/\/api.w.org\/{rel}","templated":true}]}}