{"id":380,"date":"2022-12-27T20:13:11","date_gmt":"2022-12-27T19:13:11","guid":{"rendered":"https:\/\/sites.ac-nancy-metz.fr\/lyc-p-montigny-les-metz\/?page_id=380"},"modified":"2024-08-31T10:58:30","modified_gmt":"2024-08-31T08:58:30","slug":"lybat-tv","status":"publish","type":"page","link":"https:\/\/sites.ac-nancy-metz.fr\/lyc-p-montigny-les-metz\/actions\/lybat-tv\/","title":{"rendered":"LYBAT TV"},"content":{"rendered":"\n<p class=\"has-text-align-center\">Le premier Journal T\u00e9l\u00e9 des \u00e9l\u00e8ves de 2TEB (BacPro Technicien d&rsquo;Etudes du B\u00e2timent)<br>du Lyc\u00e9e Professionnel L\u00e9onard DE VINCI de Montigny-l\u00e8s-Metz<\/p>\n\n\n\n<div class=\"wp-block-kadence-rowlayout alignnone\"><div id=\"kt-layout-id_b75256-bc\" class=\"kt-row-layout-inner kt-layout-id_b75256-bc\"><div class=\"kt-row-column-wrap kt-has-2-columns kt-gutter-default kt-v-gutter-default kt-row-valign-top kt-row-layout-left-golden kt-tab-layout-inherit kt-m-colapse-left-to-right kt-mobile-layout-row\">\n<div class=\"wp-block-kadence-column inner-column-1 kadence-column_c68772-16\"><div class=\"kt-inside-inner-col\">\n<div class=\"wp-block-kadence-rowlayout alignnone\"><div id=\"kt-layout-id_b2b91b-2d\" class=\"kt-row-layout-inner kt-layout-id_b2b91b-2d\"><div class=\"kt-row-column-wrap kt-has-2-columns kt-gutter-default kt-v-gutter-default kt-row-valign-top kt-row-layout-equal kt-tab-layout-inherit kt-m-colapse-left-to-right kt-mobile-layout-row\">\n<div class=\"wp-block-kadence-column inner-column-1 kadence-column_2a2a84-42\"><div class=\"kt-inside-inner-col\">\n<figure class=\"wp-block-kadence-image kb-image_d1f4d9-a0 size-full\"><img loading=\"lazy\" decoding=\"async\" width=\"835\" height=\"469\" src=\"https:\/\/sites.ac-nancy-metz.fr\/lyc-p-montigny-les-metz\/wp-content\/uploads\/2022\/12\/lybat_tv.jpg\" alt=\"\" class=\"kb-img wp-image-385\"\/><\/figure>\n<\/div><\/div>\n\n\n\n<div class=\"wp-block-kadence-column inner-column-2 kadence-column_fcba1a-92\"><div class=\"kt-inside-inner-col\">\n<p>Le JOURNAL t\u00e9l\u00e9vis\u00e9 du Lyc\u00e9e :<\/p>\n\n\n\n<p class=\"has-small-font-size\"><a href=\"https:\/\/www.youtube.com\/watch?v=xiJ19-8MfIg&amp;feature=youtu.be\" target=\"_blank\" rel=\"noreferrer noopener\">N\u00b0 1 &nbsp;(du 1er septembre au 19 d\u00e9cembre 2016)<\/a><br><a href=\"https:\/\/www.youtube.com\/watch?v=BBW2XQB0PzY&amp;feature=youtu.be\" target=\"_blank\" rel=\"noreferrer noopener\">N\u00b0 2 (du 03 janvier au 10 mars 2017)<\/a><br><a href=\"https:\/\/vimeo.com\/224527631\" target=\"_blank\" rel=\"noreferrer noopener\">N\u00b03 (De fin mars \u00e0 fin juin)<\/a><\/p>\n<\/div><\/div>\n<\/div><\/div><\/div>\n\n\n\n<div class=\"wp-block-kadence-rowlayout alignnone\"><div id=\"kt-layout-id_17ff6e-55\" class=\"kt-row-layout-inner kt-layout-id_17ff6e-55\"><div class=\"kt-row-column-wrap kt-has-2-columns kt-gutter-default kt-v-gutter-default kt-row-valign-top kt-row-layout-equal kt-tab-layout-inherit kt-m-colapse-left-to-right kt-mobile-layout-row\">\n<div class=\"wp-block-kadence-column inner-column-1 kadence-column_be5783-d0\"><div class=\"kt-inside-inner-col\">\n<figure class=\"wp-block-kadence-image kb-image_d4fbb6-bf size-full\"><img loading=\"lazy\" decoding=\"async\" width=\"835\" height=\"469\" src=\"https:\/\/sites.ac-nancy-metz.fr\/lyc-p-montigny-les-metz\/wp-content\/uploads\/2022\/12\/lybat_tv_compl.jpg\" alt=\"\" class=\"kb-img wp-image-386\"\/><\/figure>\n<\/div><\/div>\n\n\n\n<div class=\"wp-block-kadence-column inner-column-2 kadence-column_0bf37f-aa\"><div class=\"kt-inside-inner-col\">\n<p>Le SUPPLEMENT au journal t\u00e9l\u00e9vis\u00e9 :<\/p>\n\n\n\n<p class=\"has-small-font-size\"><a rel=\"noreferrer noopener\" href=\"https:\/\/www.youtube.com\/watch?v=Pp8jo5w4bHg&amp;feature=youtu.be\" target=\"_blank\">Le 1er suppl\u00e9ment<\/a> (La classe UPE2A)<br><a rel=\"noreferrer noopener\" href=\"https:\/\/www.youtube.com\/watch?v=8ByxkedP1bU&amp;feature=youtu.be\" target=\"_blank\">Le 2eme suppl\u00e9ment<\/a> (le livre des cinquante ans et les animations du CESC)<br><a rel=\"noreferrer noopener\" href=\"https:\/\/vimeo.com\/224525301\" target=\"_blank\">Le 3\u00e8me suppl\u00e9ment<\/a> (Le Conseil de Vie Lyc\u00e9enne et une initiation \u00e0 la plong\u00e9e)<\/p>\n<\/div><\/div>\n<\/div><\/div><\/div>\n<\/div><\/div>\n\n\n\n<div class=\"wp-block-kadence-column inner-column-2 kadence-column_bd85f1-72\"><div class=\"kt-inside-inner-col\">\n<figure class=\"wp-block-kadence-image kb-image_ee7736-90 size-full\"><img loading=\"lazy\" decoding=\"async\" width=\"298\" height=\"450\" src=\"https:\/\/sites.ac-nancy-metz.fr\/lyc-p-montigny-les-metz\/wp-content\/uploads\/2022\/12\/lycee_8.jpg\" alt=\"\" class=\"kb-img wp-image-387\"\/><\/figure>\n<\/div><\/div>\n<\/div><\/div><\/div>\n","protected":false},"excerpt":{"rendered":"<p>Le premier Journal T\u00e9l\u00e9 des \u00e9l\u00e8ves de 2TEB (BacPro Technicien d&rsquo;Etudes du B\u00e2timent)du Lyc\u00e9e Professionnel L\u00e9onard DE VINCI de Montigny-l\u00e8s-Metz Le JOURNAL t\u00e9l\u00e9vis\u00e9 du Lyc\u00e9e : N\u00b0 1 &nbsp;(du 1er septembre au 19 d\u00e9cembre 2016)N\u00b0 2 (du 03 janvier au 10 mars 2017)N\u00b03 (De fin mars \u00e0 fin juin) Le SUPPLEMENT au journal t\u00e9l\u00e9vis\u00e9 :&#8230;<\/p>\n","protected":false},"author":1,"featured_media":0,"parent":21,"menu_order":0,"comment_status":"closed","ping_status":"closed","template":"","meta":{"_kad_post_transparent":"","_kad_post_title":"","_kad_post_layout":"fullwidth","_kad_post_sidebar_id":"","_kad_post_content_style":"","_kad_post_vertical_padding":"","_kad_post_feature":"","_kad_post_feature_position":"","_kad_post_header":false,"_kad_post_footer":false,"footnotes":""},"class_list":["post-380","page","type-page","status-publish","hentry"],"_links":{"self":[{"href":"https:\/\/sites.ac-nancy-metz.fr\/lyc-p-montigny-les-metz\/wp-json\/wp\/v2\/pages\/380","targetHints":{"allow":["GET"]}}],"collection":[{"href":"https:\/\/sites.ac-nancy-metz.fr\/lyc-p-montigny-les-metz\/wp-json\/wp\/v2\/pages"}],"about":[{"href":"https:\/\/sites.ac-nancy-metz.fr\/lyc-p-montigny-les-metz\/wp-json\/wp\/v2\/types\/page"}],"author":[{"embeddable":true,"href":"https:\/\/sites.ac-nancy-metz.fr\/lyc-p-montigny-les-metz\/wp-json\/wp\/v2\/users\/1"}],"replies":[{"embeddable":true,"href":"https:\/\/sites.ac-nancy-metz.fr\/lyc-p-montigny-les-metz\/wp-json\/wp\/v2\/comments?post=380"}],"version-history":[{"count":18,"href":"https:\/\/sites.ac-nancy-metz.fr\/lyc-p-montigny-les-metz\/wp-json\/wp\/v2\/pages\/380\/revisions"}],"predecessor-version":[{"id":608,"href":"https:\/\/sites.ac-nancy-metz.fr\/lyc-p-montigny-les-metz\/wp-json\/wp\/v2\/pages\/380\/revisions\/608"}],"up":[{"embeddable":true,"href":"https:\/\/sites.ac-nancy-metz.fr\/lyc-p-montigny-les-metz\/wp-json\/wp\/v2\/pages\/21"}],"wp:attachment":[{"href":"https:\/\/sites.ac-nancy-metz.fr\/lyc-p-montigny-les-metz\/wp-json\/wp\/v2\/media?parent=380"}],"curies":[{"name":"wp","href":"https:\/\/api.w.org\/{rel}","templated":true}]}}