{"id":44,"date":"2022-12-20T16:58:12","date_gmt":"2022-12-20T15:58:12","guid":{"rendered":"https:\/\/sites.ac-nancy-metz.fr\/lyc-p-montigny-les-metz\/?page_id=44"},"modified":"2022-12-21T12:06:05","modified_gmt":"2022-12-21T11:06:05","slug":"le-lycee-en-chiffres","status":"publish","type":"page","link":"https:\/\/sites.ac-nancy-metz.fr\/lyc-p-montigny-les-metz\/le-lycee\/le-lycee-en-chiffres\/","title":{"rendered":"Le lyc\u00e9e en chiffres"},"content":{"rendered":"<style id=\"kb-rowlayout_b7b9de-53\">@media all and (min-width: 768px){#kt-layout-id_b7b9de-53 > .kt-row-column-wrap > .inner-column-1{flex:0 1 58.5%;-webkit-flex:0 1 58.5%;}#kt-layout-id_b7b9de-53 > .kt-row-column-wrap > .inner-column-2{flex:0 1 16.5%;-webkit-flex:0 1 16.5%;}#kt-layout-id_b7b9de-53 > .kt-row-column-wrap > .inner-column-3{flex:0 1 25%;-webkit-flex:0 1 25%;}}<\/style>\n<div class=\"wp-block-kadence-rowlayout alignnone\"><div id=\"kt-layout-id_b7b9de-53\" class=\"kt-row-layout-inner kt-layout-id_b7b9de-53\"><div class=\"kt-row-column-wrap kt-has-3-columns kt-gutter-skinny kt-v-gutter-default kt-row-valign-top kt-row-layout-left-half kt-tab-layout-inherit kt-m-colapse-left-to-right kt-mobile-layout-row  kt-custom-first-width-58.5  kt-custom-second-width-16.5  kt-custom-third-width-25\">\n<div class=\"wp-block-kadence-column inner-column-1 kadence-column_1e86bc-d8\"><div class=\"kt-inside-inner-col\">\n<figure class=\"wp-block-kadence-image kb-image_4a3dcd-8b size-full\"><img loading=\"lazy\" decoding=\"async\" width=\"725\" height=\"450\" src=\"https:\/\/sites.ac-nancy-metz.fr\/lyc-p-montigny-les-metz\/wp-content\/uploads\/2022\/12\/plan_lycee.jpg\" alt=\"\" class=\"kb-img wp-image-79\"\/><\/figure>\n<\/div><\/div>\n\n\n\n<div class=\"wp-block-kadence-column inner-column-2 kadence-column_e21869-0f\"><div class=\"kt-inside-inner-col\"><style id=\"kb-advancedheading_a42f65-9b\">#kt-adv-heading_a42f65-9b, #kt-adv-heading_a42f65-9b .wp-block-kadence-advancedheading, .wp-block-kadence-advancedheading.kt-adv-heading_a42f65-9b[data-kb-block=\"kb-adv-heading_a42f65-9b\"], .kadence-advanced-heading-wrapper .kt-adv-heading_a42f65-9b[data-kb-block=\"kb-adv-heading_a42f65-9b\"]{font-size:10px;}<\/style>\n<h6 class=\"kt-adv-heading_a42f65-9b wp-block-kadence-advancedheading\" data-kb-block=\"kb-adv-heading_a42f65-9b\">B\u00c2TIMENTS<br>19\u00a0277m\u00b2 de b\u00e2timents dont<br>Administration\u00a0: 181 m\u00b2<br>Enseignement g\u00e9n\u00e9ral : 6064 m\u00b2<br>Ateliers : 8882 m\u00b2<br>Cour de r\u00e9cr\u00e9ation\u00a0: 7\u00a0500 m\u00b2<br>Parkings : 4160 m\u00b2<br>Espaces verts\u00a0: 2500 m\u00b2<br>Restauration\u00a0: \u00a0692 m\u00b2<br>Gymnase : 1058 m\u00b2<br>Internat\u00a0: 1560 m\u00b2<br>Logements\u00a0: 840 m\u00b2<\/h6>\n<\/div><\/div>\n\n\n\n<div class=\"wp-block-kadence-column inner-column-3 kadence-column_e29526-36\"><div class=\"kt-inside-inner-col\">\n<figure class=\"wp-block-table\" style=\"font-size:10px\"><table><tbody><tr><td>PERSONNEL ADMINISTRATIF<br>10 personnes<br><br>CORPS ENSEIGNANT<br>75 professeurs au lyc\u00e9e professionnel<br><br>PERSONNEL TECHNIQUE<br>18 personnes<br><br>CONSEILLER D&rsquo;ORIENTATION<br>1 personne<br><br>C.D.I.<br>1 personne<\/td><td>ASSISTANT SOCIAL<br>1 personne<br><br>GRETA<br>1 personne<br><br>VIE SCOLAIRE<br>10 Assistants d&rsquo;\u00e9ducation<br><br>\u00c9L\u00c8VES<br>460 \u00e9l\u00e8ves dont<br>90 internes<br>300 demi-pensionnaires<br>et 25 filles<\/td><\/tr><\/tbody><\/table><\/figure>\n<\/div><\/div>\n<\/div><\/div><\/div>\n","protected":false},"excerpt":{"rendered":"<p>B\u00c2TIMENTS19\u00a0277m\u00b2 de b\u00e2timents dontAdministration\u00a0: 181 m\u00b2Enseignement g\u00e9n\u00e9ral : 6064 m\u00b2Ateliers : 8882 m\u00b2Cour de r\u00e9cr\u00e9ation\u00a0: 7\u00a0500 m\u00b2Parkings : 4160 m\u00b2Espaces verts\u00a0: 2500 m\u00b2Restauration\u00a0: \u00a0692 m\u00b2Gymnase : 1058 m\u00b2Internat\u00a0: 1560 m\u00b2Logements\u00a0: 840 m\u00b2 PERSONNEL ADMINISTRATIF10 personnes CORPS ENSEIGNANT75 professeurs au lyc\u00e9e professionnel PERSONNEL TECHNIQUE18 personnes CONSEILLER D&rsquo;ORIENTATION1 personne C.D.I.1 personne ASSISTANT SOCIAL1 personne GRETA1 personne VIE&#8230;<\/p>\n","protected":false},"author":1,"featured_media":0,"parent":12,"menu_order":0,"comment_status":"closed","ping_status":"closed","template":"","meta":{"_kad_post_transparent":"","_kad_post_title":"","_kad_post_layout":"fullwidth","_kad_post_sidebar_id":"","_kad_post_content_style":"default","_kad_post_vertical_padding":"","_kad_post_feature":"","_kad_post_feature_position":"","_kad_post_header":false,"_kad_post_footer":false,"footnotes":""},"class_list":["post-44","page","type-page","status-publish","hentry"],"_links":{"self":[{"href":"https:\/\/sites.ac-nancy-metz.fr\/lyc-p-montigny-les-metz\/wp-json\/wp\/v2\/pages\/44","targetHints":{"allow":["GET"]}}],"collection":[{"href":"https:\/\/sites.ac-nancy-metz.fr\/lyc-p-montigny-les-metz\/wp-json\/wp\/v2\/pages"}],"about":[{"href":"https:\/\/sites.ac-nancy-metz.fr\/lyc-p-montigny-les-metz\/wp-json\/wp\/v2\/types\/page"}],"author":[{"embeddable":true,"href":"https:\/\/sites.ac-nancy-metz.fr\/lyc-p-montigny-les-metz\/wp-json\/wp\/v2\/users\/1"}],"replies":[{"embeddable":true,"href":"https:\/\/sites.ac-nancy-metz.fr\/lyc-p-montigny-les-metz\/wp-json\/wp\/v2\/comments?post=44"}],"version-history":[{"count":14,"href":"https:\/\/sites.ac-nancy-metz.fr\/lyc-p-montigny-les-metz\/wp-json\/wp\/v2\/pages\/44\/revisions"}],"predecessor-version":[{"id":94,"href":"https:\/\/sites.ac-nancy-metz.fr\/lyc-p-montigny-les-metz\/wp-json\/wp\/v2\/pages\/44\/revisions\/94"}],"up":[{"embeddable":true,"href":"https:\/\/sites.ac-nancy-metz.fr\/lyc-p-montigny-les-metz\/wp-json\/wp\/v2\/pages\/12"}],"wp:attachment":[{"href":"https:\/\/sites.ac-nancy-metz.fr\/lyc-p-montigny-les-metz\/wp-json\/wp\/v2\/media?parent=44"}],"curies":[{"name":"wp","href":"https:\/\/api.w.org\/{rel}","templated":true}]}}