{"id":7,"date":"2022-12-01T21:17:08","date_gmt":"2022-12-01T20:17:08","guid":{"rendered":"https:\/\/sites.ac-nancy-metz.fr\/lyc-p-montigny-les-metz\/home\/"},"modified":"2025-01-31T14:40:26","modified_gmt":"2025-01-31T13:40:26","slug":"home","status":"publish","type":"page","link":"https:\/\/sites.ac-nancy-metz.fr\/lyc-p-montigny-les-metz\/","title":{"rendered":"Accueil"},"content":{"rendered":"\n<div class=\"wp-block-kadence-rowlayout alignnone\"><div id=\"kt-layout-id_037fc2-f3\" class=\"kt-row-layout-inner kt-layout-id_037fc2-f3\"><div class=\"kt-row-column-wrap kt-has-2-columns kt-gutter-default kt-v-gutter-default kt-row-valign-top kt-row-layout-left-golden kt-tab-layout-inherit kt-m-colapse-left-to-right kt-mobile-layout-row\">\n<div class=\"wp-block-kadence-column inner-column-1 kadence-column_ade6c2-10\"><div class=\"kt-inside-inner-col\">\n<h2 class=\"alignfull has-text-align-center has-text-color has-larger-font-size wp-block-heading\" style=\"color:#f6744c\">Lyc\u00e9e Professionnel L\u00e9onard DE VINCI<br><\/h2>\n\n\n\n<h2 class=\"has-text-align-center wp-block-heading\">MONTIGNY LES METZ<\/h2>\n\n\n\n<h1 class=\"has-text-align-center wp-block-heading\">Bienvenue<\/h1>\n\n\n\n<p class=\"has-text-align-center\">Vous trouverez ici toutes les informations qui vous permettront de mieux conna\u00eetre le Lyc\u00e9e Professionnel L\u00e9onard DE VINCI, son fonctionnement, ses formations et bien d&rsquo;autres choses. \u00a0<strong><br>Vous pouvez retrouver toute l&rsquo;actualit\u00e9 du lyc\u00e9e sur<br><br>la page\u00a0<a rel=\"noreferrer noopener\" href=\"https:\/\/www.facebook.com\/LYBAT-154645088018447\" target=\"_blank\">Facebook du Lyc\u00e9e<\/a><br><br>et sur<br><br>l&rsquo;ENT\u00a0<a href=\"https:\/\/lyc-de-vinci.monbureaunumerique.fr\/\" target=\"_blank\" rel=\"noreferrer noopener\">mon bureau num\u00e9rique<\/a><\/strong><\/p>\n<\/div><\/div>\n\n\n<style id=\"kb-column_2271f5-f9\">.kadence-column_2271f5-f9 > .kt-inside-inner-col{justify-content:center;flex-direction:column;display:flex;}.kadence-column_2271f5-f9 > .kt-inside-inner-col > .aligncenter{width:100%;}.kt-row-column-wrap > .kadence-column_2271f5-f9{align-self:center;}.kt-inner-column-height-full:not(.kt-has-1-columns) > .wp-block-kadence-column.kadence-column_2271f5-f9{align-self:auto;}.kt-inner-column-height-full:not(.kt-has-1-columns) > .wp-block-kadence-column.kadence-column_2271f5-f9 > .kt-inside-inner-col{display:flex;flex-direction:column;justify-content:center;}<\/style>\n<div class=\"wp-block-kadence-column inner-column-2 kadence-column_2271f5-f9\"><div class=\"kt-inside-inner-col\">\n<figure class=\"wp-block-kadence-image kb-image_580cca-0a size-full\"><img loading=\"lazy\" decoding=\"async\" width=\"1050\" height=\"663\" src=\"https:\/\/sites.ac-nancy-metz.fr\/lyc-p-montigny-les-metz\/wp-content\/uploads\/2022\/12\/lycee_3.jpg\" alt=\"\" class=\"kb-img wp-image-290\"\/><\/figure>\n<\/div><\/div>\n<\/div><\/div><\/div>\n","protected":false},"excerpt":{"rendered":"<p>Lyc\u00e9e Professionnel L\u00e9onard DE VINCI MONTIGNY LES METZ Bienvenue Vous trouverez ici toutes les informations qui vous permettront de mieux conna\u00eetre le Lyc\u00e9e Professionnel L\u00e9onard DE VINCI, son fonctionnement, ses formations et bien d&rsquo;autres choses. \u00a0Vous pouvez retrouver toute l&rsquo;actualit\u00e9 du lyc\u00e9e sur la page\u00a0Facebook du Lyc\u00e9e et sur l&rsquo;ENT\u00a0mon bureau num\u00e9rique<\/p>\n","protected":false},"author":1,"featured_media":0,"parent":0,"menu_order":0,"comment_status":"closed","ping_status":"closed","template":"templates\/template-homepage.php","meta":{"_kad_post_transparent":"","_kad_post_title":"hide","_kad_post_layout":"fullwidth","_kad_post_sidebar_id":"","_kad_post_content_style":"","_kad_post_vertical_padding":"","_kad_post_feature":"","_kad_post_feature_position":"","_kad_post_header":false,"_kad_post_footer":false,"footnotes":""},"class_list":["post-7","page","type-page","status-publish","hentry"],"_links":{"self":[{"href":"https:\/\/sites.ac-nancy-metz.fr\/lyc-p-montigny-les-metz\/wp-json\/wp\/v2\/pages\/7","targetHints":{"allow":["GET"]}}],"collection":[{"href":"https:\/\/sites.ac-nancy-metz.fr\/lyc-p-montigny-les-metz\/wp-json\/wp\/v2\/pages"}],"about":[{"href":"https:\/\/sites.ac-nancy-metz.fr\/lyc-p-montigny-les-metz\/wp-json\/wp\/v2\/types\/page"}],"author":[{"embeddable":true,"href":"https:\/\/sites.ac-nancy-metz.fr\/lyc-p-montigny-les-metz\/wp-json\/wp\/v2\/users\/1"}],"replies":[{"embeddable":true,"href":"https:\/\/sites.ac-nancy-metz.fr\/lyc-p-montigny-les-metz\/wp-json\/wp\/v2\/comments?post=7"}],"version-history":[{"count":19,"href":"https:\/\/sites.ac-nancy-metz.fr\/lyc-p-montigny-les-metz\/wp-json\/wp\/v2\/pages\/7\/revisions"}],"predecessor-version":[{"id":614,"href":"https:\/\/sites.ac-nancy-metz.fr\/lyc-p-montigny-les-metz\/wp-json\/wp\/v2\/pages\/7\/revisions\/614"}],"wp:attachment":[{"href":"https:\/\/sites.ac-nancy-metz.fr\/lyc-p-montigny-les-metz\/wp-json\/wp\/v2\/media?parent=7"}],"curies":[{"name":"wp","href":"https:\/\/api.w.org\/{rel}","templated":true}]}}