{"id":100,"date":"2025-07-24T23:25:44","date_gmt":"2025-07-24T21:25:44","guid":{"rendered":"http:\/\/localhost\/STAN-wordpress\/?page_id=100"},"modified":"2025-07-24T23:29:04","modified_gmt":"2025-07-24T21:29:04","slug":"infirmerie","status":"publish","type":"page","link":"https:\/\/sites.ac-nancy-metz.fr\/lyc-stanislas-villers\/00stanwp\/infirmerie\/","title":{"rendered":"Infirmerie"},"content":{"rendered":"\n<p><strong><u>1) Missions de l\u2019infirmi\u00e8re<\/u><\/strong><\/p>\n\n\n\n<p>Pr\u00e9sente au quotidien dans l&rsquo;\u00e9tablissement, l\u2019infirmier(e) est la conseill\u00e8re en mati\u00e8re de sant\u00e9, pr\u00e9vention, d\u2019\u00e9ducation \u00e0 la sant\u00e9, d\u2019hygi\u00e8ne et de s\u00e9curit\u00e9 aupr\u00e8s du chef d\u2019\u00e9tablissement, r\u00e9f\u00e9rente et actrice de sant\u00e9 tant dans le domaine individuel que dans le domaine collectif.<\/p>\n\n\n\n<p>La proximit\u00e9 et la disponibilit\u00e9 qu&rsquo;elle entretient en particulier avec les \u00e9l\u00e8ves mettent en \u00e9vidence son r\u00f4le \u00e0 la fois \u00e9ducatif, relationnel et technique. Elle contribue \u00e0 leur \u00e9panouissement personnel et \u00e0 leur r\u00e9ussite scolaire. Elle travaille en synergie avec les familles et les membres de la communaut\u00e9 \u00e9ducative (CPE, enseignants et \u00e9quipe de direction) dans le respect des comp\u00e9tences de chacun pour un meilleur suivi des \u00e9l\u00e8ves. Son r\u00f4le se situe \u00e9galement dans les domaines de la pr\u00e9vention, de l&rsquo;\u00e9ducation \u00e0 la sant\u00e9, de l&rsquo;hygi\u00e8ne et de la s\u00e9curit\u00e9.<\/p>\n\n\n\n<p>L&rsquo;infirmi\u00e8re assure :<\/p>\n\n\n\n<ul class=\"wp-block-list\">\n<li>L&rsquo;accueil et l&rsquo;\u00e9coute des \u00e9l\u00e8ves qui lui sont confi\u00e9s afin de d\u00e9terminer leur besoin en sant\u00e9, de contribuer \u00e0 leur \u00e9ducation en vue de leur insertion sociale et professionnelle.<\/li>\n\n\n\n<li>La consultation infirmi\u00e8re individuelle en \u00e9ducation \u00e0 la sant\u00e9 centr\u00e9e sur le besoin identifi\u00e9 conform\u00e9ment \u00e0 la loi n\u00b02002-303du 4 mars 2002.<\/li>\n\n\n\n<li>Le d\u00e9pistage infirmier et le suivi n\u00e9cessaire en cas de besoin.<\/li>\n\n\n\n<li>Le suivi des \u00e9l\u00e8ves signal\u00e9s par les membres de l\u2019\u00e9quipe avec un accompagnement individuel et des actes infirmiers de d\u00e9pistage qui sont de sa comp\u00e9tence.<\/li>\n\n\n\n<li>Le suivi de l\u2019\u00e9tat de sant\u00e9 des \u00e9l\u00e8ves du second degr\u00e9 en compl\u00e9ment des visites m\u00e9dicales et d\u00e9pistages obligatoires en vue de rep\u00e9rer les difficult\u00e9s \u00e9ventuelles de sant\u00e9 ou les \u00e9l\u00e8ves fragilis\u00e9s.<\/li>\n\n\n\n<li>Le suivi des enfants malades ou en difficult\u00e9s n\u00e9cessitant des am\u00e9nagements sp\u00e9cifiques (PAI= Projet D\u2019Accueil Individualis\u00e9) ou atteint d&rsquo;un handicap (collaboration avec la MDPH\u00a0: Maison D\u00e9partemental Des Personnes Handicap\u00e9es pour \u00e9laborer un Projet Personnalis\u00e9 de Scolarisation\u00a0: PPS).<\/li>\n\n\n\n<li>La protection de l&rsquo;enfant en danger.<\/li>\n\n\n\n<li>La promotion de la sant\u00e9\u00a0: dans le cadre du CESC (l\u2019\u00e9ducation \u00e0 la sant\u00e9 et citoyennet\u00e9, la pr\u00e9vention des conduites \u00e0 risques, la formation au secourisme (PSC) \u2026<\/li>\n\n\n\n<li>L\u2019organisation des soins et des urgences avec un protocole permettant de r\u00e9pondre au mieux au besoin des \u00e9l\u00e8ves en mati\u00e8re de sant\u00e9 et de s\u00e9curit\u00e9 et elle assure la r\u00e9ponse \u00e0 l\u2019urgence\u00a0: la gestion des \u00e9v\u00e9nements section biologique\u00a0; les accidents de travail.<\/li>\n<\/ul>\n\n\n\n<p class=\"has-text-align-center\"><strong>Dans le respect du secret professionnel<\/strong><\/p>\n\n\n\n<p><strong><u>2) M\u00e9dicaments<\/u><\/strong><strong><\/strong><\/p>\n\n\n\n<p>&nbsp;&nbsp;&nbsp; Le Proviseur rappelle qu&rsquo;il est interdit aux \u00e9l\u00e8ves d&rsquo;avoir des m\u00e9dicaments sur eux.<\/p>\n\n\n\n<p>&nbsp;&nbsp; L&rsquo;infirmier(e) garde en d\u00e9p\u00f4t \u00e0 l\u2019infirmerie et administre les m\u00e9dicaments qui font l&rsquo;objet d&rsquo;une ordonnance du m\u00e9decin de famille et dans le cas d&rsquo;\u00e9l\u00e8ves qui n\u00e9cessitent un traitement sp\u00e9cifique.<\/p>\n\n\n\n<p><strong><u>3) Horaires et contact<\/u><\/strong><strong>&nbsp;:&nbsp;&nbsp; Le service de sant\u00e9 scolaire est assur\u00e9&nbsp;par<\/strong><\/p>\n\n\n\n<p>Infirmi\u00e8res : Mme Catherine Perrin et Mme Virginie Aubry sur rendez-vous: 03 83 91 35 38<\/p>\n\n\n\n<p>M\u00e9decin Education Nationale\u00a0: Centre M\u00e9dico Scolaire de Nancy: 03 83 35 81 64<\/p>\n\n\n\n<p>&nbsp;&nbsp; Ou&nbsp; <strong>ce.ia54-cms-nancy@ac-nancy-metz.fr<\/strong><\/p>\n\n\n\n<p><strong>&nbsp;<\/strong>Horaires d&rsquo;ouverture&nbsp;<strong>:<\/strong><strong>&nbsp; &nbsp;<\/strong>Lundi, mardi, jeudi de 8h00 \u00e0 19h et mercredi, vendredi de 8h00 \u00e0 13h30.<\/p>\n\n\n\n<p>Une infirmi\u00e8re assure les 3 nuits d&rsquo;astreintes pour l&rsquo;internat.<\/p>\n\n\n\n<p><strong>PAS d\u2019assistance sociale au lyc\u00e9e<\/strong>. Face \u00e0 un probl\u00e8me social, un signalement aupr\u00e8s du service social de la DSDEN est fait (Direction des Services D\u00e9partementaux de l\u2019Education Nationale)<\/p>\n","protected":false},"excerpt":{"rendered":"<p>1) Missions de l\u2019infirmi\u00e8re Pr\u00e9sente au quotidien dans l&rsquo;\u00e9tablissement, l\u2019infirmier(e) est la conseill\u00e8re en mati\u00e8re de sant\u00e9, pr\u00e9vention, d\u2019\u00e9ducation \u00e0 la sant\u00e9, d\u2019hygi\u00e8ne et de s\u00e9curit\u00e9 aupr\u00e8s du chef d\u2019\u00e9tablissement, r\u00e9f\u00e9rente et actrice de sant\u00e9 tant dans le domaine individuel que dans le domaine collectif. La proximit\u00e9 et la disponibilit\u00e9 qu&rsquo;elle entretient en particulier avec [&hellip;]<\/p>\n","protected":false},"author":1,"featured_media":0,"parent":0,"menu_order":0,"comment_status":"closed","ping_status":"closed","template":"","meta":{"saved_in_kubio":false,"footnotes":""},"class_list":["post-100","page","type-page","status-publish","hentry"],"kubio_ai_page_context":{"short_desc":"","purpose":"general"},"jetpack_sharing_enabled":true,"_links":{"self":[{"href":"https:\/\/sites.ac-nancy-metz.fr\/lyc-stanislas-villers\/00stanwp\/wp-json\/wp\/v2\/pages\/100","targetHints":{"allow":["GET"]}}],"collection":[{"href":"https:\/\/sites.ac-nancy-metz.fr\/lyc-stanislas-villers\/00stanwp\/wp-json\/wp\/v2\/pages"}],"about":[{"href":"https:\/\/sites.ac-nancy-metz.fr\/lyc-stanislas-villers\/00stanwp\/wp-json\/wp\/v2\/types\/page"}],"author":[{"embeddable":true,"href":"https:\/\/sites.ac-nancy-metz.fr\/lyc-stanislas-villers\/00stanwp\/wp-json\/wp\/v2\/users\/1"}],"replies":[{"embeddable":true,"href":"https:\/\/sites.ac-nancy-metz.fr\/lyc-stanislas-villers\/00stanwp\/wp-json\/wp\/v2\/comments?post=100"}],"version-history":[{"count":4,"href":"https:\/\/sites.ac-nancy-metz.fr\/lyc-stanislas-villers\/00stanwp\/wp-json\/wp\/v2\/pages\/100\/revisions"}],"predecessor-version":[{"id":6164,"href":"https:\/\/sites.ac-nancy-metz.fr\/lyc-stanislas-villers\/00stanwp\/wp-json\/wp\/v2\/pages\/100\/revisions\/6164"}],"wp:attachment":[{"href":"https:\/\/sites.ac-nancy-metz.fr\/lyc-stanislas-villers\/00stanwp\/wp-json\/wp\/v2\/media?parent=100"}],"curies":[{"name":"wp","href":"https:\/\/api.w.org\/{rel}","templated":true}]}}