{"id":1741,"date":"2025-07-24T19:42:36","date_gmt":"2025-07-24T17:42:36","guid":{"rendered":"http:\/\/sites.ac-nancy-metz.fr\/lyc-stanislas-villers\/0stanwp\/?page_id=1741"},"modified":"2025-07-25T15:42:56","modified_gmt":"2025-07-25T13:42:56","slug":"charte-hotellerie","status":"publish","type":"page","link":"https:\/\/sites.ac-nancy-metz.fr\/lyc-stanislas-villers\/00stanwp\/charte-hotellerie\/","title":{"rendered":"Charte de l&rsquo;h\u00f4tellerie \/ Alimentation &#8211; Lyc\u00e9e Stanislas &#8211; 54600 Villers L\u00e8s Nancy"},"content":{"rendered":"\n<p>Les \u00e9l\u00e8ves en formations <strong>H\u00f4tellerie et Boulangerie-P\u00e2tisserie<\/strong> doivent obligatoirement se conformer \u00e0 notre Charte: Tenue vestimentaire, coiffage, rasage, maquillage et bijou(x) \u00e9ventuel(s)<\/p>\n\n\n\n<div data-wp-interactive=\"core\/file\" class=\"wp-block-file\"><object data-wp-bind--hidden=\"!state.hasPdfPreview\" hidden class=\"wp-block-file__embed\" data=\"https:\/\/sites.ac-nancy-metz.fr\/lyc-stanislas-villers\/00stanwp\/wp-content\/uploads\/2025\/07\/Charte-Hotellerie-Stanislas-Charte-2025-1-1.pdf\" type=\"application\/pdf\" style=\"width:100%;height:600px\" aria-label=\"Contenu embarqu\u00e9 Charte H\u00f4tellerie Stanislas - Charte 2025.\"><\/object><a id=\"wp-block-file--media-e80c683a-a546-40a1-9dc6-5d5d08300c9b\" href=\"https:\/\/sites.ac-nancy-metz.fr\/lyc-stanislas-villers\/00stanwp\/wp-content\/uploads\/2025\/07\/Charte-Hotellerie-Stanislas-Charte-2025-1-1.pdf\">Charte H\u00f4tellerie Stanislas &#8211; Charte 2025<\/a><a href=\"https:\/\/sites.ac-nancy-metz.fr\/lyc-stanislas-villers\/00stanwp\/wp-content\/uploads\/2025\/07\/Charte-Hotellerie-Stanislas-Charte-2025-1-1.pdf\" class=\"wp-block-file__button wp-element-button\" download aria-describedby=\"wp-block-file--media-e80c683a-a546-40a1-9dc6-5d5d08300c9b\">T\u00e9l\u00e9charger<\/a><\/div>\n","protected":false},"excerpt":{"rendered":"<p>Les \u00e9l\u00e8ves en formations H\u00f4tellerie et Boulangerie-P\u00e2tisserie doivent obligatoirement se conformer \u00e0 notre Charte: Tenue vestimentaire, coiffage, rasage, maquillage et bijou(x) \u00e9ventuel(s)<\/p>\n","protected":false},"author":1,"featured_media":1746,"parent":0,"menu_order":0,"comment_status":"closed","ping_status":"closed","template":"","meta":{"saved_in_kubio":false,"footnotes":""},"class_list":["post-1741","page","type-page","status-publish","has-post-thumbnail","hentry"],"kubio_ai_page_context":{"short_desc":"","purpose":"general"},"jetpack_sharing_enabled":true,"_links":{"self":[{"href":"https:\/\/sites.ac-nancy-metz.fr\/lyc-stanislas-villers\/00stanwp\/wp-json\/wp\/v2\/pages\/1741","targetHints":{"allow":["GET"]}}],"collection":[{"href":"https:\/\/sites.ac-nancy-metz.fr\/lyc-stanislas-villers\/00stanwp\/wp-json\/wp\/v2\/pages"}],"about":[{"href":"https:\/\/sites.ac-nancy-metz.fr\/lyc-stanislas-villers\/00stanwp\/wp-json\/wp\/v2\/types\/page"}],"author":[{"embeddable":true,"href":"https:\/\/sites.ac-nancy-metz.fr\/lyc-stanislas-villers\/00stanwp\/wp-json\/wp\/v2\/users\/1"}],"replies":[{"embeddable":true,"href":"https:\/\/sites.ac-nancy-metz.fr\/lyc-stanislas-villers\/00stanwp\/wp-json\/wp\/v2\/comments?post=1741"}],"version-history":[{"count":2,"href":"https:\/\/sites.ac-nancy-metz.fr\/lyc-stanislas-villers\/00stanwp\/wp-json\/wp\/v2\/pages\/1741\/revisions"}],"predecessor-version":[{"id":6271,"href":"https:\/\/sites.ac-nancy-metz.fr\/lyc-stanislas-villers\/00stanwp\/wp-json\/wp\/v2\/pages\/1741\/revisions\/6271"}],"wp:featuredmedia":[{"embeddable":true,"href":"https:\/\/sites.ac-nancy-metz.fr\/lyc-stanislas-villers\/00stanwp\/wp-json\/wp\/v2\/media\/1746"}],"wp:attachment":[{"href":"https:\/\/sites.ac-nancy-metz.fr\/lyc-stanislas-villers\/00stanwp\/wp-json\/wp\/v2\/media?parent=1741"}],"curies":[{"name":"wp","href":"https:\/\/api.w.org\/{rel}","templated":true}]}}