{"id":201,"date":"2025-07-24T19:12:33","date_gmt":"2025-07-24T17:12:33","guid":{"rendered":"http:\/\/localhost\/STAN-wordpress\/?page_id=201"},"modified":"2025-07-25T16:52:27","modified_gmt":"2025-07-25T14:52:27","slug":"baccalaureat-scientifique","status":"publish","type":"page","link":"https:\/\/sites.ac-nancy-metz.fr\/lyc-stanislas-villers\/00stanwp\/baccalaureat-scientifique\/","title":{"rendered":"Baccalaur\u00e9at"},"content":{"rendered":"\n<figure class=\"wp-block-image\"><img loading=\"lazy\" decoding=\"async\" width=\"424\" height=\"282\" src=\"http:\/\/sites.ac-nancy-metz.fr\/lyc-stanislas-villers\/0stanwp\/wp-content\/uploads\/2017\/02\/Bac_S.jpg\" alt=\"\" class=\"wp-image-563\" srcset=\"https:\/\/sites.ac-nancy-metz.fr\/lyc-stanislas-villers\/00stanwp\/wp-content\/uploads\/2017\/02\/Bac_S.jpg 424w, https:\/\/sites.ac-nancy-metz.fr\/lyc-stanislas-villers\/00stanwp\/wp-content\/uploads\/2017\/02\/Bac_S-300x200.jpg 300w\" sizes=\"(max-width: 424px) 100vw, 424px\" \/><\/figure>\n\n\n\n<h2 class=\"wp-block-heading\"> Classe de Seconde<\/h2>\n\n\n\n<p><strong>Les enseignements optionnels<\/strong><br><br>En enseignement g\u00e9n\u00e9ral: <\/p>\n\n\n\n<ul class=\"wp-block-list\">\n<li> Langue vivante \u00e9trang\u00e8re 3: Espagnol <\/li>\n<\/ul>\n\n\n\n<p>En enseignement Technologique<\/p>\n\n\n\n<ul class=\"wp-block-list\">\n<li> <a href=\"https:\/\/sites.ac-nancy-metz.fr\/lyc-stanislas-villers\/00stanwp\/wp-content\/uploads\/2020\/03\/2020-Flyer-EO-Biotechnologies-.pdf\">Biotechnologies <\/a><\/li>\n\n\n\n<li> <a aria-label=\"Sciences de Laboratoires   (opens in a new tab)\" href=\"https:\/\/sites.ac-nancy-metz.fr\/lyc-stanislas-villers\/00stanwp\/wp-content\/uploads\/2020\/03\/Sciences-et-laboratoire_2019.pdf\" target=\"_blank\" rel=\"noreferrer noopener\">Sciences de Laboratoires  <\/a><\/li>\n<\/ul>\n\n\n\n<h2 class=\"wp-block-heading\" id=\"mce_12\">Classe de premi\u00e8re<\/h2>\n\n\n\n<p><strong>Les enseignements de sp\u00e9cialit\u00e9<\/strong><\/p>\n\n\n\n<figure class=\"wp-block-image size-full\"><img loading=\"lazy\" decoding=\"async\" width=\"741\" height=\"652\" src=\"https:\/\/sites.ac-nancy-metz.fr\/lyc-stanislas-villers\/00stanwp\/wp-content\/uploads\/2020\/01\/spe-bac1-2020-.jpg\" alt=\"\" class=\"wp-image-2803\" srcset=\"https:\/\/sites.ac-nancy-metz.fr\/lyc-stanislas-villers\/00stanwp\/wp-content\/uploads\/2020\/01\/spe-bac1-2020-.jpg 741w, https:\/\/sites.ac-nancy-metz.fr\/lyc-stanislas-villers\/00stanwp\/wp-content\/uploads\/2020\/01\/spe-bac1-2020--300x264.jpg 300w\" sizes=\"(max-width: 741px) 100vw, 741px\" \/><figcaption class=\"wp-element-caption\"><a aria-label=\" Sp\u00e9cialit\u00e9 Num\u00e9rique et Sciences Informatiques  (opens in a new tab)\" href=\"http:\/\/sites.ac-nancy-metz.fr\/lyc-stanislas-villers\/0stanwp\/wp-content\/uploads\/2020\/03\/flyers_NSI_5.pdf\" target=\"_blank\" rel=\"noreferrer noopener\"> <\/a><strong><a href=\"https:\/\/sites.ac-nancy-metz.fr\/lyc-stanislas-villers\/00stanwp\/wp-content\/uploads\/2025\/07\/flyers_NSI_5.pdf\" target=\"_blank\" rel=\"noreferrer noopener\">Sp\u00e9cialit\u00e9 Num\u00e9rique et Sciences Informatiques<\/a><\/strong><a aria-label=\" Sp\u00e9cialit\u00e9 Num\u00e9rique et Sciences Informatiques  (opens in a new tab)\" href=\"http:\/\/sites.ac-nancy-metz.fr\/lyc-stanislas-villers\/0stanwp\/wp-content\/uploads\/2020\/03\/flyers_NSI_5.pdf\" target=\"_blank\" rel=\"noreferrer noopener\"> <\/a><\/figcaption><\/figure>\n\n\n\n<figure class=\"wp-block-image size-full\"><img loading=\"lazy\" decoding=\"async\" width=\"654\" height=\"429\" src=\"https:\/\/sites.ac-nancy-metz.fr\/lyc-stanislas-villers\/00stanwp\/wp-content\/uploads\/2019\/03\/opt-bac1-2019.jpg\" alt=\"\" class=\"wp-image-2172\" srcset=\"https:\/\/sites.ac-nancy-metz.fr\/lyc-stanislas-villers\/00stanwp\/wp-content\/uploads\/2019\/03\/opt-bac1-2019.jpg 654w, https:\/\/sites.ac-nancy-metz.fr\/lyc-stanislas-villers\/00stanwp\/wp-content\/uploads\/2019\/03\/opt-bac1-2019-300x197.jpg 300w\" sizes=\"(max-width: 654px) 100vw, 654px\" \/><\/figure>\n\n\n\n<h2 class=\"wp-block-heading\" id=\"mce_14\">Classe de Terminale<\/h2>\n\n\n\n<p><strong>Les enseignements de sp\u00e9cialit\u00e9<\/strong><\/p>\n\n\n\n<figure class=\"wp-block-image size-full\"><img loading=\"lazy\" decoding=\"async\" width=\"741\" height=\"652\" src=\"https:\/\/sites.ac-nancy-metz.fr\/lyc-stanislas-villers\/00stanwp\/wp-content\/uploads\/2020\/01\/spe-bac2-2020.jpg\" alt=\"\" class=\"wp-image-2804\" srcset=\"https:\/\/sites.ac-nancy-metz.fr\/lyc-stanislas-villers\/00stanwp\/wp-content\/uploads\/2020\/01\/spe-bac2-2020.jpg 741w, https:\/\/sites.ac-nancy-metz.fr\/lyc-stanislas-villers\/00stanwp\/wp-content\/uploads\/2020\/01\/spe-bac2-2020-300x264.jpg 300w\" sizes=\"(max-width: 741px) 100vw, 741px\" \/><\/figure>\n\n\n\n<figure class=\"wp-block-image size-full\"><img loading=\"lazy\" decoding=\"async\" width=\"654\" height=\"429\" src=\"https:\/\/sites.ac-nancy-metz.fr\/lyc-stanislas-villers\/00stanwp\/wp-content\/uploads\/2019\/03\/opt-bac2-2019.jpg\" alt=\"\" class=\"wp-image-2176\" srcset=\"https:\/\/sites.ac-nancy-metz.fr\/lyc-stanislas-villers\/00stanwp\/wp-content\/uploads\/2019\/03\/opt-bac2-2019.jpg 654w, https:\/\/sites.ac-nancy-metz.fr\/lyc-stanislas-villers\/00stanwp\/wp-content\/uploads\/2019\/03\/opt-bac2-2019-300x197.jpg 300w\" sizes=\"(max-width: 654px) 100vw, 654px\" \/><\/figure>\n","protected":false},"excerpt":{"rendered":"<p>Classe de Seconde Les enseignements optionnels En enseignement g\u00e9n\u00e9ral: En enseignement Technologique Classe de premi\u00e8re Les enseignements de sp\u00e9cialit\u00e9 Classe de Terminale Les enseignements de sp\u00e9cialit\u00e9<\/p>\n","protected":false},"author":1,"featured_media":0,"parent":0,"menu_order":0,"comment_status":"closed","ping_status":"closed","template":"","meta":{"saved_in_kubio":false,"footnotes":""},"class_list":["post-201","page","type-page","status-publish","hentry"],"kubio_ai_page_context":{"short_desc":"","purpose":"general"},"jetpack_sharing_enabled":true,"_links":{"self":[{"href":"https:\/\/sites.ac-nancy-metz.fr\/lyc-stanislas-villers\/00stanwp\/wp-json\/wp\/v2\/pages\/201","targetHints":{"allow":["GET"]}}],"collection":[{"href":"https:\/\/sites.ac-nancy-metz.fr\/lyc-stanislas-villers\/00stanwp\/wp-json\/wp\/v2\/pages"}],"about":[{"href":"https:\/\/sites.ac-nancy-metz.fr\/lyc-stanislas-villers\/00stanwp\/wp-json\/wp\/v2\/types\/page"}],"author":[{"embeddable":true,"href":"https:\/\/sites.ac-nancy-metz.fr\/lyc-stanislas-villers\/00stanwp\/wp-json\/wp\/v2\/users\/1"}],"replies":[{"embeddable":true,"href":"https:\/\/sites.ac-nancy-metz.fr\/lyc-stanislas-villers\/00stanwp\/wp-json\/wp\/v2\/comments?post=201"}],"version-history":[{"count":5,"href":"https:\/\/sites.ac-nancy-metz.fr\/lyc-stanislas-villers\/00stanwp\/wp-json\/wp\/v2\/pages\/201\/revisions"}],"predecessor-version":[{"id":6305,"href":"https:\/\/sites.ac-nancy-metz.fr\/lyc-stanislas-villers\/00stanwp\/wp-json\/wp\/v2\/pages\/201\/revisions\/6305"}],"wp:attachment":[{"href":"https:\/\/sites.ac-nancy-metz.fr\/lyc-stanislas-villers\/00stanwp\/wp-json\/wp\/v2\/media?parent=201"}],"curies":[{"name":"wp","href":"https:\/\/api.w.org\/{rel}","templated":true}]}}