{"id":214,"date":"2017-02-11T23:27:20","date_gmt":"2017-02-11T22:27:20","guid":{"rendered":"http:\/\/localhost\/STAN-wordpress\/?page_id=214"},"modified":"2017-02-11T23:27:20","modified_gmt":"2017-02-11T22:27:20","slug":"ulis","status":"publish","type":"page","link":"https:\/\/sites.ac-nancy-metz.fr\/lyc-stanislas-villers\/00stanwp\/formations\/ulis\/","title":{"rendered":"Dispositif ULIS (unit\u00e9 localis\u00e9e pour l&rsquo;inclusion scolaire)"},"content":{"rendered":"<p>Pour d\u00e9couvrir l ULIS, rendez-vous sur <a href=\"https:\/\/view.genial.ly\/6012c049a2b79f1310eb4952\" target=\"_blank\" rel=\"noopener noreferrer\">notre page dynamique d\u00e9di\u00e9e<\/a><\/p>\n","protected":false},"excerpt":{"rendered":"<p>Pour d\u00e9couvrir l ULIS, rendez-vous sur notre page dynamique d\u00e9di\u00e9e<\/p>\n","protected":false},"author":1,"featured_media":0,"parent":5329,"menu_order":0,"comment_status":"closed","ping_status":"closed","template":"","meta":{"saved_in_kubio":false,"footnotes":""},"class_list":["post-214","page","type-page","status-publish","hentry"],"kubio_ai_page_context":{"short_desc":"","purpose":"general"},"jetpack_sharing_enabled":true,"_links":{"self":[{"href":"https:\/\/sites.ac-nancy-metz.fr\/lyc-stanislas-villers\/00stanwp\/wp-json\/wp\/v2\/pages\/214","targetHints":{"allow":["GET"]}}],"collection":[{"href":"https:\/\/sites.ac-nancy-metz.fr\/lyc-stanislas-villers\/00stanwp\/wp-json\/wp\/v2\/pages"}],"about":[{"href":"https:\/\/sites.ac-nancy-metz.fr\/lyc-stanislas-villers\/00stanwp\/wp-json\/wp\/v2\/types\/page"}],"author":[{"embeddable":true,"href":"https:\/\/sites.ac-nancy-metz.fr\/lyc-stanislas-villers\/00stanwp\/wp-json\/wp\/v2\/users\/1"}],"replies":[{"embeddable":true,"href":"https:\/\/sites.ac-nancy-metz.fr\/lyc-stanislas-villers\/00stanwp\/wp-json\/wp\/v2\/comments?post=214"}],"version-history":[{"count":0,"href":"https:\/\/sites.ac-nancy-metz.fr\/lyc-stanislas-villers\/00stanwp\/wp-json\/wp\/v2\/pages\/214\/revisions"}],"up":[{"embeddable":true,"href":"https:\/\/sites.ac-nancy-metz.fr\/lyc-stanislas-villers\/00stanwp\/wp-json\/wp\/v2\/pages\/5329"}],"wp:attachment":[{"href":"https:\/\/sites.ac-nancy-metz.fr\/lyc-stanislas-villers\/00stanwp\/wp-json\/wp\/v2\/media?parent=214"}],"curies":[{"name":"wp","href":"https:\/\/api.w.org\/{rel}","templated":true}]}}