{"id":2430,"date":"2025-07-26T12:59:34","date_gmt":"2025-07-26T10:59:34","guid":{"rendered":"http:\/\/sites.ac-nancy-metz.fr\/lyc-stanislas-villers\/0stanwp\/adverts\/"},"modified":"2025-07-26T12:59:34","modified_gmt":"2025-07-26T10:59:34","slug":"adverts","status":"publish","type":"page","link":"https:\/\/sites.ac-nancy-metz.fr\/lyc-stanislas-villers\/00stanwp\/adverts\/","title":{"rendered":"Emplois\/Stages"},"content":{"rendered":"\n<p><strong>Quelques informations importantes concernant le service de publication des petites annonces d\u2019offres et de demandes d\u2019emploi&nbsp; ou de stage sur le site du lyc\u00e9e Stanislas<\/strong><\/p>\n\n\n\n<p><strong>Professionnels,<\/strong> vous pouvez d\u00e9poser une offre d\u2019emploi ou de stage&nbsp; \u00e0 destination de nos \u00e9l\u00e8ves en remplissant le formulaire propos\u00e9. <\/p>\n\n\n\n<p><strong>Nos \u00e9l\u00e8ves<\/strong> <strong>majeurs<\/strong> peuvent d\u00e9poser une demande d\u2019emploi ou d\u2019extra \u00e0 destination des professionnels en remplissant le formulaire propos\u00e9.<\/p>\n\n\n\n<blockquote class=\"wp-block-quote is-layout-flow wp-block-quote-is-layout-flow\">\n<blockquote class=\"wp-block-quote is-layout-flow wp-block-quote-is-layout-flow\">\n<h3 class=\"wp-block-heading\">Votre N\u00b0 de SIRET doit obligatoirement appara\u00eetre dans l\u2019annonce d\u00e9pos\u00e9e.<\/h3>\n<\/blockquote>\n<\/blockquote>\n\n\n\n<p>L\u2019acc\u00e8s en consultation est ouvert \u00e0 tous.<\/p>\n\n\n\n<p><a href=\"http:\/\/sites.ac-nancy-metz.fr\/lyc-stanislas-villers\/00stanwp\/adverts\/add\/\"><strong>D\u00e9poser une offre ou une demande d\u2019emploi ou de stage<\/strong><\/a><\/p>\n\n\n\n<p>L\u2019annonce ne sera publi\u00e9e qu\u2019une fois v\u00e9rifi\u00e9e par notre administrateur, nous-nous r\u00e9servons le droit de ne pas publier une annonce qui nous para\u00eetrait inappropri\u00e9e, incompl\u00e8te ou ne correspondant pas aux finalit\u00e9s et aux contraintes l\u00e9gales du service propos\u00e9.<\/p>\n\n\n\n<p>Ce service vous est propos\u00e9 gratuitement, notre responsabilit\u00e9 s\u2019arr\u00eate \u00e0 la publication de l\u2019annonce afin de vous assurer une visibilit\u00e9 aupr\u00e8s de nos \u00e9l\u00e8ves et \u00e9tudiants ou des professionnels du secteur choisi.<\/p>\n\n\n\n<p>Une offre d\u2019emploi ou de stage restera visible sur notre site 2 mois, elle sera automatiquement effac\u00e9e pass\u00e9 ce d\u00e9lai.<\/p>\n\n\n\n<p><\/p>\n\n\n<p class=\"entry-title\"><div class=\"adverts-flexbox adverts-categories-top\">\r\n        <div class=\"adverts-flexbox-item adverts-flexbox-columns-4 adverts-category-slug-demsc\">\r\n        <span class=\"adverts-flexbox-wrap\">\r\n            <span class=\"adverts-flexbox-icon adverts-icon-\"><\/span>\r\n                        <span class=\"adverts-flexbox-title\">\r\n                <a class=\"adverts-category-link\" href=\"https:\/\/sites.ac-nancy-metz.fr\/lyc-stanislas-villers\/00stanwp\/advert-category\/demsc\/\"><\/a>\r\n                Demande d\u2019emploi Biotechnologies \/ Scientifique                                (0)\r\n                            <\/span>\r\n        <\/span>\r\n    <\/div>\r\n\r\n        <div class=\"adverts-flexbox-item adverts-flexbox-columns-4 adverts-category-slug-demboulpat\">\r\n        <span class=\"adverts-flexbox-wrap\">\r\n            <span class=\"adverts-flexbox-icon adverts-icon-\"><\/span>\r\n                        <span class=\"adverts-flexbox-title\">\r\n                <a class=\"adverts-category-link\" href=\"https:\/\/sites.ac-nancy-metz.fr\/lyc-stanislas-villers\/00stanwp\/advert-category\/demboulpat\/\"><\/a>\r\n                Demande d\u2019emploi en Boulangerie-P\u00e2tisserie                                (0)\r\n                            <\/span>\r\n        <\/span>\r\n    <\/div>\r\n\r\n        <div class=\"adverts-flexbox-item adverts-flexbox-columns-4 adverts-category-slug-demcuis\">\r\n        <span class=\"adverts-flexbox-wrap\">\r\n            <span class=\"adverts-flexbox-icon fas fa-burger\"><\/span>\r\n                        <span class=\"adverts-flexbox-title\">\r\n                <a class=\"adverts-category-link\" href=\"https:\/\/sites.ac-nancy-metz.fr\/lyc-stanislas-villers\/00stanwp\/advert-category\/demcuis\/\"><\/a>\r\n                Demande d\u2019emploi en cuisine                                (0)\r\n                            <\/span>\r\n        <\/span>\r\n    <\/div>\r\n\r\n        <div class=\"adverts-flexbox-item adverts-flexbox-columns-4 adverts-category-slug-demserv\">\r\n        <span class=\"adverts-flexbox-wrap\">\r\n            <span class=\"adverts-flexbox-icon fas fa-martini-glass-citrus\"><\/span>\r\n                        <span class=\"adverts-flexbox-title\">\r\n                <a class=\"adverts-category-link\" href=\"https:\/\/sites.ac-nancy-metz.fr\/lyc-stanislas-villers\/00stanwp\/advert-category\/demserv\/\"><\/a>\r\n                Demande d\u2019emploi en service                                (0)\r\n                            <\/span>\r\n        <\/span>\r\n    <\/div>\r\n\r\n        <div class=\"adverts-flexbox-item adverts-flexbox-columns-4 adverts-category-slug-stagboul\">\r\n        <span class=\"adverts-flexbox-wrap\">\r\n            <span class=\"adverts-flexbox-icon fas fa-cake\"><\/span>\r\n                        <span class=\"adverts-flexbox-title\">\r\n                <a class=\"adverts-category-link\" href=\"https:\/\/sites.ac-nancy-metz.fr\/lyc-stanislas-villers\/00stanwp\/advert-category\/stagboul\/\"><\/a>\r\n                Offre de stage en Boulangerie-P\u00e2tisserie                                (0)\r\n                            <\/span>\r\n        <\/span>\r\n    <\/div>\r\n\r\n        <div class=\"adverts-flexbox-item adverts-flexbox-columns-4 adverts-category-slug-stagcuis\">\r\n        <span class=\"adverts-flexbox-wrap\">\r\n            <span class=\"adverts-flexbox-icon fas fa-burger\"><\/span>\r\n                        <span class=\"adverts-flexbox-title\">\r\n                <a class=\"adverts-category-link\" href=\"https:\/\/sites.ac-nancy-metz.fr\/lyc-stanislas-villers\/00stanwp\/advert-category\/stagcuis\/\"><\/a>\r\n                Offre de stage en cuisine                                (0)\r\n                            <\/span>\r\n        <\/span>\r\n    <\/div>\r\n\r\n        <div class=\"adverts-flexbox-item adverts-flexbox-columns-4 adverts-category-slug-stagserv\">\r\n        <span class=\"adverts-flexbox-wrap\">\r\n            <span class=\"adverts-flexbox-icon adverts-icon-\"><\/span>\r\n                        <span class=\"adverts-flexbox-title\">\r\n                <a class=\"adverts-category-link\" href=\"https:\/\/sites.ac-nancy-metz.fr\/lyc-stanislas-villers\/00stanwp\/advert-category\/stagserv\/\"><\/a>\r\n                Offre de stage en service                                (0)\r\n                            <\/span>\r\n        <\/span>\r\n    <\/div>\r\n\r\n        <div class=\"adverts-flexbox-item adverts-flexbox-columns-4 adverts-category-slug-emplbiosc\">\r\n        <span class=\"adverts-flexbox-wrap\">\r\n            <span class=\"adverts-flexbox-icon adverts-icon-\"><\/span>\r\n                        <span class=\"adverts-flexbox-title\">\r\n                <a class=\"adverts-category-link\" href=\"https:\/\/sites.ac-nancy-metz.fr\/lyc-stanislas-villers\/00stanwp\/advert-category\/emplbiosc\/\"><\/a>\r\n                Offres d\u2019emploi Biotechnologies \/ Scientifique                                (0)\r\n                            <\/span>\r\n        <\/span>\r\n    <\/div>\r\n\r\n        <div class=\"adverts-flexbox-item adverts-flexbox-columns-4 adverts-category-slug-emplboulpat\">\r\n        <span class=\"adverts-flexbox-wrap\">\r\n            <span class=\"adverts-flexbox-icon fas fa-cake\"><\/span>\r\n                        <span class=\"adverts-flexbox-title\">\r\n                <a class=\"adverts-category-link\" href=\"https:\/\/sites.ac-nancy-metz.fr\/lyc-stanislas-villers\/00stanwp\/advert-category\/emplboulpat\/\"><\/a>\r\n                Offres d\u2019emploi en Boulangerie-P\u00e2tisserie                                (0)\r\n                            <\/span>\r\n        <\/span>\r\n    <\/div>\r\n\r\n        <div class=\"adverts-flexbox-item adverts-flexbox-columns-4 adverts-category-slug-emplcuis\">\r\n        <span class=\"adverts-flexbox-wrap\">\r\n            <span class=\"adverts-flexbox-icon fas fa-burger\"><\/span>\r\n                        <span class=\"adverts-flexbox-title\">\r\n                <a class=\"adverts-category-link\" href=\"https:\/\/sites.ac-nancy-metz.fr\/lyc-stanislas-villers\/00stanwp\/advert-category\/emplcuis\/\"><\/a>\r\n                Offres d\u2019emploi en cuisine                                (0)\r\n                            <\/span>\r\n        <\/span>\r\n    <\/div>\r\n\r\n        <div class=\"adverts-flexbox-item adverts-flexbox-columns-4 adverts-category-slug-emplserv\">\r\n        <span class=\"adverts-flexbox-wrap\">\r\n            <span class=\"adverts-flexbox-icon fas fa-martini-glass-citrus\"><\/span>\r\n                        <span class=\"adverts-flexbox-title\">\r\n                <a class=\"adverts-category-link\" href=\"https:\/\/sites.ac-nancy-metz.fr\/lyc-stanislas-villers\/00stanwp\/advert-category\/emplserv\/\"><\/a>\r\n                Offres d\u2019emploi en service                                (0)\r\n                            <\/span>\r\n        <\/span>\r\n    <\/div>\r\n\r\n<\/div>\r\n <\/p>","protected":false},"excerpt":{"rendered":"<p>Quelques informations importantes concernant le service de publication des petites annonces d\u2019offres et de demandes d\u2019emploi&nbsp; ou de stage sur le site du lyc\u00e9e Stanislas Professionnels, vous pouvez d\u00e9poser une offre d\u2019emploi ou de stage&nbsp; \u00e0 destination de nos \u00e9l\u00e8ves en remplissant le formulaire propos\u00e9. Nos \u00e9l\u00e8ves majeurs peuvent d\u00e9poser une demande d\u2019emploi ou d\u2019extra [&hellip;]<\/p>\n","protected":false},"author":1,"featured_media":2466,"parent":0,"menu_order":0,"comment_status":"closed","ping_status":"closed","template":"","meta":{"saved_in_kubio":false,"footnotes":""},"class_list":["post-2430","page","type-page","status-publish","has-post-thumbnail","hentry"],"kubio_ai_page_context":{"short_desc":"","purpose":"general"},"jetpack_sharing_enabled":true,"_links":{"self":[{"href":"https:\/\/sites.ac-nancy-metz.fr\/lyc-stanislas-villers\/00stanwp\/wp-json\/wp\/v2\/pages\/2430","targetHints":{"allow":["GET"]}}],"collection":[{"href":"https:\/\/sites.ac-nancy-metz.fr\/lyc-stanislas-villers\/00stanwp\/wp-json\/wp\/v2\/pages"}],"about":[{"href":"https:\/\/sites.ac-nancy-metz.fr\/lyc-stanislas-villers\/00stanwp\/wp-json\/wp\/v2\/types\/page"}],"author":[{"embeddable":true,"href":"https:\/\/sites.ac-nancy-metz.fr\/lyc-stanislas-villers\/00stanwp\/wp-json\/wp\/v2\/users\/1"}],"replies":[{"embeddable":true,"href":"https:\/\/sites.ac-nancy-metz.fr\/lyc-stanislas-villers\/00stanwp\/wp-json\/wp\/v2\/comments?post=2430"}],"version-history":[{"count":6,"href":"https:\/\/sites.ac-nancy-metz.fr\/lyc-stanislas-villers\/00stanwp\/wp-json\/wp\/v2\/pages\/2430\/revisions"}],"predecessor-version":[{"id":6378,"href":"https:\/\/sites.ac-nancy-metz.fr\/lyc-stanislas-villers\/00stanwp\/wp-json\/wp\/v2\/pages\/2430\/revisions\/6378"}],"wp:featuredmedia":[{"embeddable":true,"href":"https:\/\/sites.ac-nancy-metz.fr\/lyc-stanislas-villers\/00stanwp\/wp-json\/wp\/v2\/media\/2466"}],"wp:attachment":[{"href":"https:\/\/sites.ac-nancy-metz.fr\/lyc-stanislas-villers\/00stanwp\/wp-json\/wp\/v2\/media?parent=2430"}],"curies":[{"name":"wp","href":"https:\/\/api.w.org\/{rel}","templated":true}]}}