{"id":329,"date":"2025-07-24T22:58:24","date_gmt":"2025-07-24T20:58:24","guid":{"rendered":"http:\/\/localhost\/STAN-wordpress\/?page_id=329"},"modified":"2025-08-26T12:23:22","modified_gmt":"2025-08-26T10:23:22","slug":"espace-parents-eleves-etudiants","status":"publish","type":"page","link":"https:\/\/sites.ac-nancy-metz.fr\/lyc-stanislas-villers\/00stanwp\/espace-parents-eleves-etudiants\/","title":{"rendered":"Espace parents \/ \u00e9l\u00e8ves \/ \u00e9tudiants"},"content":{"rendered":"<div class=\"wp-block-image\">\n<figure class=\"alignleft\"><img loading=\"lazy\" decoding=\"async\" width=\"512\" height=\"384\" src=\"http:\/\/sites.ac-nancy-metz.fr\/lyc-stanislas-villers\/0stanwp\/wp-content\/uploads\/2017\/02\/ruestan6.jpg\" alt=\"\" class=\"wp-image-170\" srcset=\"https:\/\/sites.ac-nancy-metz.fr\/lyc-stanislas-villers\/00stanwp\/wp-content\/uploads\/2017\/02\/ruestan6.jpg 512w, https:\/\/sites.ac-nancy-metz.fr\/lyc-stanislas-villers\/00stanwp\/wp-content\/uploads\/2017\/02\/ruestan6-300x225.jpg 300w\" sizes=\"(max-width: 512px) 100vw, 512px\" \/><\/figure>\n<\/div>\n\n\n<p class=\"Style33 Style10\"><a href=\"http:\/\/sites.ac-nancy-metz.fr\/lyc-stanislas-villers\/00stanwp\/wp-content\/uploads\/2017\/02\/Charte-de-la-laicite.pdf\" target=\"_blank\" rel=\"noreferrer noopener\">La Charte de la La\u00efcit\u00e9<\/a><span class=\"Style50\"><br><br>Sch\u00e9ma des personnels de l&rsquo;\u00e9tablissement (en attente)<br>Planning de l&rsquo;ann\u00e9e scolaire (en attente)<br><br>Calendrier des semaines A et B (Pronote)<br>Liste des professeurs principaux&nbsp; (en attente)<br>Repr\u00e9sentants des parents d&rsquo;\u00e9l\u00e8ves <em>(en attente)<\/em><\/span><\/p>\n\n\n\n<p class=\"Style33 Style10\"><span class=\"Style10 Style33\">La charte informatique est int\u00e9gr\u00e9e au r\u00e8glement int\u00e9rieur de l&rsquo;\u00e9tablissement<\/span><\/p>\n\n\n\n<p class=\"Style33 Style10\"><span class=\"Style10 Style33\"><a href=\"https:\/\/sites.ac-nancy-metz.fr\/lyc-stanislas-villers\/00stanwp\/reglement-interieur-2\/\" data-type=\"page\" data-id=\"1712\" target=\"_blank\" rel=\"noreferrer noopener\">R\u00e8glement int\u00e9rieur du lyc\u00e9e Stanislas (v. 2025<\/a>)<\/span><\/p>\n\n\n\n<p class=\"Style33 Style10\"><span class=\"Style10 Style33\"><a href=\"https:\/\/sites.ac-nancy-metz.fr\/lyc-stanislas-villers\/00stanwp\/reglement-internat\/\" target=\"_blank\" rel=\"noreferrer noopener\">R\u00e8glement de l&rsquo;internat (v.2025)<\/a><\/span><\/p>\n\n\n\n<p class=\"Style33 Style10\"><span class=\"Style10 Style33\"><a href=\"http:\/\/sites.ac-nancy-metz.fr\/lyc-stanislas-villers\/00stanwp\/charte-hotellerie\/\" target=\"_blank\" rel=\"noreferrer noopener\">Charte des \u00e9l\u00e8ves de l&rsquo;h\u00f4tellerie et de p\u00e2tisserie<\/a><\/span><\/p>\n\n\n\n<p class=\"Style69\"><u>Pour les absences, les retards, merci de contacter le Service <strong>Vie scolaire<\/strong><br><\/u><strong>T\u00e9l\u00e9phone:<\/strong> 03 83 91 35 05 <strong>Fax:<\/strong> 03.83.91.35.37<\/p>\n\n\n\n<p class=\"Style10 Style33\"><u>Pour les Inscriptions, les bourses, les transports&#8230; Merci de contacter le <strong>Secr\u00e9tariat de la scolarit\u00e9<\/strong><\/u><strong><br>T\u00e9l\u00e9phone: <\/strong>03 83 91 35 35 (demander le secr\u00e9tariat de la scolarit\u00e9)<\/p>\n\n\n\n<p class=\"Style10 Style33\"><u>Boite \u00e0 lettre \u00e9lectronique du lyc\u00e9e : <\/u><br>Pour toute demande de renseignements ou d&rsquo;envoi de documentations, vous pouvez \u00e9crire \u00e0 l&rsquo;adresse :<br><a href=\"mailto:ce.0542208@ac-nancy-metz.fr\">ce.0542208@ac-nancy-metz.fr <\/a><\/p>\n","protected":false},"excerpt":{"rendered":"<p>La Charte de la La\u00efcit\u00e9 Sch\u00e9ma des personnels de l&rsquo;\u00e9tablissement (en attente)Planning de l&rsquo;ann\u00e9e scolaire (en attente) Calendrier des semaines A et B (Pronote)Liste des professeurs principaux&nbsp; (en attente)Repr\u00e9sentants des parents d&rsquo;\u00e9l\u00e8ves (en attente) La charte informatique est int\u00e9gr\u00e9e au r\u00e8glement int\u00e9rieur de l&rsquo;\u00e9tablissement R\u00e8glement int\u00e9rieur du lyc\u00e9e Stanislas (v. 2025) R\u00e8glement de l&rsquo;internat (v.2025) [&hellip;]<\/p>\n","protected":false},"author":1,"featured_media":0,"parent":0,"menu_order":0,"comment_status":"closed","ping_status":"closed","template":"","meta":{"saved_in_kubio":false,"footnotes":""},"class_list":["post-329","page","type-page","status-publish","hentry"],"kubio_ai_page_context":{"short_desc":"","purpose":"general"},"jetpack_sharing_enabled":true,"_links":{"self":[{"href":"https:\/\/sites.ac-nancy-metz.fr\/lyc-stanislas-villers\/00stanwp\/wp-json\/wp\/v2\/pages\/329","targetHints":{"allow":["GET"]}}],"collection":[{"href":"https:\/\/sites.ac-nancy-metz.fr\/lyc-stanislas-villers\/00stanwp\/wp-json\/wp\/v2\/pages"}],"about":[{"href":"https:\/\/sites.ac-nancy-metz.fr\/lyc-stanislas-villers\/00stanwp\/wp-json\/wp\/v2\/types\/page"}],"author":[{"embeddable":true,"href":"https:\/\/sites.ac-nancy-metz.fr\/lyc-stanislas-villers\/00stanwp\/wp-json\/wp\/v2\/users\/1"}],"replies":[{"embeddable":true,"href":"https:\/\/sites.ac-nancy-metz.fr\/lyc-stanislas-villers\/00stanwp\/wp-json\/wp\/v2\/comments?post=329"}],"version-history":[{"count":9,"href":"https:\/\/sites.ac-nancy-metz.fr\/lyc-stanislas-villers\/00stanwp\/wp-json\/wp\/v2\/pages\/329\/revisions"}],"predecessor-version":[{"id":6443,"href":"https:\/\/sites.ac-nancy-metz.fr\/lyc-stanislas-villers\/00stanwp\/wp-json\/wp\/v2\/pages\/329\/revisions\/6443"}],"wp:attachment":[{"href":"https:\/\/sites.ac-nancy-metz.fr\/lyc-stanislas-villers\/00stanwp\/wp-json\/wp\/v2\/media?parent=329"}],"curies":[{"name":"wp","href":"https:\/\/api.w.org\/{rel}","templated":true}]}}