{"id":3290,"date":"2025-07-24T19:11:50","date_gmt":"2025-07-24T17:11:50","guid":{"rendered":"http:\/\/sites.ac-nancy-metz.fr\/lyc-stanislas-villers\/0stanwp\/?page_id=3290"},"modified":"2025-07-25T16:41:57","modified_gmt":"2025-07-25T14:41:57","slug":"premiere-generale","status":"publish","type":"page","link":"https:\/\/sites.ac-nancy-metz.fr\/lyc-stanislas-villers\/00stanwp\/premiere-generale\/","title":{"rendered":"Premi\u00e8re g\u00e9n\u00e9rale"},"content":{"rendered":"<div class=\"wp-block-image\">\n<figure class=\"aligncenter\"><img loading=\"lazy\" decoding=\"async\" width=\"1024\" height=\"739\" src=\"https:\/\/sites.ac-nancy-metz.fr\/lyc-stanislas-villers\/00stanwp\/wp-content\/uploads\/2021\/02\/1gt-1-PO-1024x739.jpg\" alt=\"\" class=\"wp-image-3283\" srcset=\"https:\/\/sites.ac-nancy-metz.fr\/lyc-stanislas-villers\/00stanwp\/wp-content\/uploads\/2021\/02\/1gt-1-PO-1024x739.jpg 1024w, https:\/\/sites.ac-nancy-metz.fr\/lyc-stanislas-villers\/00stanwp\/wp-content\/uploads\/2021\/02\/1gt-1-PO-300x216.jpg 300w, https:\/\/sites.ac-nancy-metz.fr\/lyc-stanislas-villers\/00stanwp\/wp-content\/uploads\/2021\/02\/1gt-1-PO-768x554.jpg 768w, https:\/\/sites.ac-nancy-metz.fr\/lyc-stanislas-villers\/00stanwp\/wp-content\/uploads\/2021\/02\/1gt-1-PO.jpg 1063w\" sizes=\"(max-width: 1024px) 100vw, 1024px\" \/><\/figure>\n<\/div>\n\n\n<figure class=\"wp-block-table  aligncenter\"><table class=\"has-fixed-layout\"><tbody><tr><td><span style=\"font-family: arial, helvetica, sans-serif; color: #205720;\"><strong>3 sp\u00e9cialit\u00e9s au choix ; 4h chacune :<\/strong><\/span><br><a href=\"http:\/\/sites.ac-nancy-metz.fr\/lyc-stanislas-villers\/0stanwp\/formations\/spebag-hg\/\" target=\"_blank\" rel=\"noopener noreferrer\"><strong><span style=\"font-family: arial, helvetica, sans-serif; font-size: 8pt;\">Histoire \/ G\u00e9ographie, G\u00e9opolitique et Sciences Politiques<\/span><\/strong><\/a><br><a href=\"http:\/\/sites.ac-nancy-metz.fr\/lyc-stanislas-villers\/0stanwp\/formations\/spebacg-llce\/\" target=\"_blank\" rel=\"noopener noreferrer\"><strong><span style=\"font-family: arial, helvetica, sans-serif; font-size: 8pt;\">Langue, Litt\u00e9rature et Culture \u00c9trang\u00e8re : Anglais<\/span><\/strong><\/a><br><a href=\"http:\/\/sites.ac-nancy-metz.fr\/lyc-stanislas-villers\/0stanwp\/formations\/general-scientifique\/spebacg-maths\/\" target=\"_blank\" rel=\"noopener noreferrer\"><strong><span style=\"font-family: arial, helvetica, sans-serif; font-size: 8pt;\">Math\u00e9matiques<\/span><\/strong><\/a><br><a href=\"http:\/\/sites.ac-nancy-metz.fr\/lyc-stanislas-villers\/0stanwp\/formations\/spebacg-nsi\/\" target=\"_blank\" rel=\"noopener noreferrer\"><strong><span style=\"font-family: arial, helvetica, sans-serif; font-size: 8pt;\">Num\u00e9rique et Sciences Informatiques<\/span><\/strong><\/a><br><a href=\"http:\/\/sites.ac-nancy-metz.fr\/lyc-stanislas-villers\/0stanwp\/formations\/spebag-physchi\/\" target=\"_blank\" rel=\"noopener noreferrer\"><strong><span style=\"font-family: arial, helvetica, sans-serif; font-size: 8pt;\">Physique \/ Chimie<\/span><\/strong><\/a><br><a href=\"http:\/\/sites.ac-nancy-metz.fr\/lyc-stanislas-villers\/0stanwp\/tses\/\" target=\"_blank\" rel=\"noopener noreferrer\"><strong><span style=\"font-family: arial, helvetica, sans-serif; font-size: 8pt;\">Sciences \u00c9conomiques et Sociales<\/span><\/strong><\/a><br><a href=\"http:\/\/sites.ac-nancy-metz.fr\/lyc-stanislas-villers\/0stanwp\/formations\/spebag-svt\/\" target=\"_blank\" rel=\"noopener noreferrer\"><strong><span style=\"font-family: arial, helvetica, sans-serif; font-size: 8pt;\">Sciences et Vie de la Terre<\/span><\/strong><\/a><\/td><td><span style=\"font-size: 12pt;\"><strong><span style=\"color: #205720; font-family: arial, helvetica, sans-serif;\">Les options :<\/span><\/strong><\/span>\n<ul style=\"list-style-type: disc;\">\n<li><strong><span style=\"font-family: arial, helvetica, sans-serif; font-size: 8pt;\">Langue Vivante C : Espagnol&nbsp;&nbsp;&nbsp;&nbsp;&nbsp;&nbsp;&nbsp;&nbsp; &nbsp; &nbsp; 3h<\/span><\/strong><\/li>\n<li><a href=\"http:\/\/sites.ac-nancy-metz.fr\/lyc-stanislas-villers\/0stanwp\/sections-europeenne\/\" target=\"_blank\" rel=\"noopener noreferrer\"><strong><span style=\"font-family: arial, helvetica, sans-serif; font-size: 8pt;\">Euro Allemand dont une DNL :<\/span><\/strong><\/a><\/li>\n<li><strong><span style=\"font-family: arial, helvetica, sans-serif; font-size: 8pt;\">Histoire \/ G\u00e9ographie en Allemand&nbsp;&nbsp; 2h<\/span><\/strong><\/li>\n<li><a href=\"http:\/\/sites.ac-nancy-metz.fr\/lyc-stanislas-villers\/0stanwp\/section-sportive-scolaire-handball\/\" target=\"_blank\" rel=\"noopener noreferrer\"><strong><span style=\"font-family: arial, helvetica, sans-serif; font-size: 8pt;\">Section sportive : Handball&nbsp;&nbsp;&nbsp;&nbsp;&nbsp;&nbsp;&nbsp;&nbsp;&nbsp;&nbsp;&nbsp;&nbsp; &nbsp;&nbsp; 4h<\/span><\/strong><\/a><\/li>\n<\/ul>\n<\/td><\/tr><\/tbody><\/table><\/figure>\n\n\n<div class=\"wp-block-image\">\n<figure class=\"aligncenter size-large\"><img loading=\"lazy\" decoding=\"async\" width=\"1024\" height=\"392\" src=\"https:\/\/sites.ac-nancy-metz.fr\/lyc-stanislas-villers\/00stanwp\/wp-content\/uploads\/2021\/02\/1gt-2-PO-1024x392.jpg\" alt=\"\" class=\"wp-image-3285\" srcset=\"https:\/\/sites.ac-nancy-metz.fr\/lyc-stanislas-villers\/00stanwp\/wp-content\/uploads\/2021\/02\/1gt-2-PO-1024x392.jpg 1024w, https:\/\/sites.ac-nancy-metz.fr\/lyc-stanislas-villers\/00stanwp\/wp-content\/uploads\/2021\/02\/1gt-2-PO-300x115.jpg 300w, https:\/\/sites.ac-nancy-metz.fr\/lyc-stanislas-villers\/00stanwp\/wp-content\/uploads\/2021\/02\/1gt-2-PO-768x294.jpg 768w, https:\/\/sites.ac-nancy-metz.fr\/lyc-stanislas-villers\/00stanwp\/wp-content\/uploads\/2021\/02\/1gt-2-PO.jpg 1057w\" sizes=\"(max-width: 1024px) 100vw, 1024px\" \/><\/figure>\n<\/div>\n\n\n<p><\/p>\n","protected":false},"excerpt":{"rendered":"<p>3 sp\u00e9cialit\u00e9s au choix ; 4h chacune :Histoire \/ G\u00e9ographie, G\u00e9opolitique et Sciences PolitiquesLangue, Litt\u00e9rature et Culture \u00c9trang\u00e8re : AnglaisMath\u00e9matiquesNum\u00e9rique et Sciences InformatiquesPhysique \/ ChimieSciences \u00c9conomiques et SocialesSciences et Vie de la Terre Les options : Langue Vivante C : Espagnol&nbsp;&nbsp;&nbsp;&nbsp;&nbsp;&nbsp;&nbsp;&nbsp; &nbsp; &nbsp; 3h Euro Allemand dont une DNL : Histoire \/ G\u00e9ographie en Allemand&nbsp;&nbsp; [&hellip;]<\/p>\n","protected":false},"author":1,"featured_media":0,"parent":0,"menu_order":0,"comment_status":"closed","ping_status":"closed","template":"","meta":{"saved_in_kubio":false,"footnotes":""},"class_list":["post-3290","page","type-page","status-publish","hentry"],"kubio_ai_page_context":{"short_desc":"","purpose":"general"},"jetpack_sharing_enabled":true,"_links":{"self":[{"href":"https:\/\/sites.ac-nancy-metz.fr\/lyc-stanislas-villers\/00stanwp\/wp-json\/wp\/v2\/pages\/3290","targetHints":{"allow":["GET"]}}],"collection":[{"href":"https:\/\/sites.ac-nancy-metz.fr\/lyc-stanislas-villers\/00stanwp\/wp-json\/wp\/v2\/pages"}],"about":[{"href":"https:\/\/sites.ac-nancy-metz.fr\/lyc-stanislas-villers\/00stanwp\/wp-json\/wp\/v2\/types\/page"}],"author":[{"embeddable":true,"href":"https:\/\/sites.ac-nancy-metz.fr\/lyc-stanislas-villers\/00stanwp\/wp-json\/wp\/v2\/users\/1"}],"replies":[{"embeddable":true,"href":"https:\/\/sites.ac-nancy-metz.fr\/lyc-stanislas-villers\/00stanwp\/wp-json\/wp\/v2\/comments?post=3290"}],"version-history":[{"count":4,"href":"https:\/\/sites.ac-nancy-metz.fr\/lyc-stanislas-villers\/00stanwp\/wp-json\/wp\/v2\/pages\/3290\/revisions"}],"predecessor-version":[{"id":6299,"href":"https:\/\/sites.ac-nancy-metz.fr\/lyc-stanislas-villers\/00stanwp\/wp-json\/wp\/v2\/pages\/3290\/revisions\/6299"}],"wp:attachment":[{"href":"https:\/\/sites.ac-nancy-metz.fr\/lyc-stanislas-villers\/00stanwp\/wp-json\/wp\/v2\/media?parent=3290"}],"curies":[{"name":"wp","href":"https:\/\/api.w.org\/{rel}","templated":true}]}}