{"id":3301,"date":"2025-07-24T19:12:08","date_gmt":"2025-07-24T17:12:08","guid":{"rendered":"http:\/\/sites.ac-nancy-metz.fr\/lyc-stanislas-villers\/0stanwp\/?page_id=3301"},"modified":"2025-07-25T16:43:30","modified_gmt":"2025-07-25T14:43:30","slug":"terminale-generale","status":"publish","type":"page","link":"https:\/\/sites.ac-nancy-metz.fr\/lyc-stanislas-villers\/00stanwp\/terminale-generale\/","title":{"rendered":"Terminale g\u00e9n\u00e9rale"},"content":{"rendered":"\n<p>&nbsp;<\/p>\n\n\n<div class=\"wp-block-image\">\n<figure class=\"aligncenter size-large\"><img loading=\"lazy\" decoding=\"async\" width=\"1024\" height=\"737\" src=\"https:\/\/sites.ac-nancy-metz.fr\/lyc-stanislas-villers\/00stanwp\/wp-content\/uploads\/2021\/02\/tg-1-PO-1024x737.jpg\" alt=\"\" class=\"wp-image-3306\" srcset=\"https:\/\/sites.ac-nancy-metz.fr\/lyc-stanislas-villers\/00stanwp\/wp-content\/uploads\/2021\/02\/tg-1-PO-1024x737.jpg 1024w, https:\/\/sites.ac-nancy-metz.fr\/lyc-stanislas-villers\/00stanwp\/wp-content\/uploads\/2021\/02\/tg-1-PO-300x216.jpg 300w, https:\/\/sites.ac-nancy-metz.fr\/lyc-stanislas-villers\/00stanwp\/wp-content\/uploads\/2021\/02\/tg-1-PO-768x553.jpg 768w, https:\/\/sites.ac-nancy-metz.fr\/lyc-stanislas-villers\/00stanwp\/wp-content\/uploads\/2021\/02\/tg-1-PO.jpg 1070w\" sizes=\"(max-width: 1024px) 100vw, 1024px\" \/><\/figure>\n<\/div>\n\n\n<figure class=\"wp-block-table  aligncenter\"><table class=\"has-fixed-layout\"><tbody><tr><td><span style=\"font-family: arial, helvetica, sans-serif; color: #205720;\"><strong>2 sp\u00e9cialit\u00e9s au choix ; 6h chacune :<\/strong><\/span><br><a href=\"http:\/\/sites.ac-nancy-metz.fr\/lyc-stanislas-villers\/0stanwp\/formations\/spebag-hg\/\" target=\"_blank\" rel=\"noopener noreferrer\"><strong><span style=\"font-family: arial, helvetica, sans-serif; font-size: 8pt;\">Histoire \/ G\u00e9ographie, G\u00e9opolitique et Sciences Politiques<\/span><\/strong><\/a><br><a href=\"http:\/\/sites.ac-nancy-metz.fr\/lyc-stanislas-villers\/0stanwp\/formations\/spebacg-llce\/\" target=\"_blank\" rel=\"noopener noreferrer\"><strong><span style=\"font-family: arial, helvetica, sans-serif; font-size: 8pt;\">Langue, Litt\u00e9rature et Culture \u00c9trang\u00e8re : Anglais<\/span><\/strong><\/a><br><a href=\"http:\/\/sites.ac-nancy-metz.fr\/lyc-stanislas-villers\/0stanwp\/formations\/general-scientifique\/spebacg-maths\/\" target=\"_blank\" rel=\"noopener noreferrer\"><strong><span style=\"font-family: arial, helvetica, sans-serif; font-size: 8pt;\">Math\u00e9matiques<\/span><\/strong><\/a><br><a href=\"http:\/\/sites.ac-nancy-metz.fr\/lyc-stanislas-villers\/0stanwp\/formations\/spebacg-nsi\/\" target=\"_blank\" rel=\"noopener noreferrer\"><strong><span style=\"font-family: arial, helvetica, sans-serif; font-size: 8pt;\">Num\u00e9rique et Sciences Informatiques<\/span><\/strong><\/a><br><a href=\"http:\/\/sites.ac-nancy-metz.fr\/lyc-stanislas-villers\/0stanwp\/formations\/spebag-physchi\/\" target=\"_blank\" rel=\"noopener noreferrer\"><strong><span style=\"font-family: arial, helvetica, sans-serif; font-size: 8pt;\">Physique \/ Chimie<\/span><\/strong><\/a><br><a href=\"http:\/\/sites.ac-nancy-metz.fr\/lyc-stanislas-villers\/0stanwp\/tses\/\" target=\"_blank\" rel=\"noopener noreferrer\"><strong><span style=\"font-family: arial, helvetica, sans-serif; font-size: 8pt;\">Sciences \u00c9conomiques et Sociales<\/span><\/strong><\/a><br><a href=\"http:\/\/sites.ac-nancy-metz.fr\/lyc-stanislas-villers\/0stanwp\/formations\/spebag-svt\/\" target=\"_blank\" rel=\"noopener noreferrer\"><strong><span style=\"font-family: arial, helvetica, sans-serif; font-size: 8pt;\">Sciences et Vie de la Terre<\/span><\/strong><\/a><\/td><td><span style=\"font-size: 12pt;\"><strong><span style=\"color: #205720; font-family: arial, helvetica, sans-serif;\">Les options :<\/span><\/strong><\/span>\n<ul style=\"list-style-type: disc;\">\n<li><strong><span style=\"font-family: arial, helvetica, sans-serif; font-size: 8pt;\">Maths expertes&nbsp;&nbsp;&nbsp;&nbsp;&nbsp;&nbsp;&nbsp;&nbsp;&nbsp;&nbsp;&nbsp;&nbsp;&nbsp;&nbsp;&nbsp;&nbsp;&nbsp;&nbsp;&nbsp;&nbsp;&nbsp;&nbsp;&nbsp;&nbsp;&nbsp;&nbsp;&nbsp;&nbsp;&nbsp;&nbsp;&nbsp;&nbsp;&nbsp;&nbsp;&nbsp;&nbsp; 3h<\/span><\/strong><\/li>\n<li><strong><span style=\"font-family: arial, helvetica, sans-serif; font-size: 8pt;\">Maths compl\u00e9mentaires&nbsp;&nbsp;&nbsp;&nbsp;&nbsp;&nbsp;&nbsp;&nbsp;&nbsp;&nbsp;&nbsp;&nbsp;&nbsp;&nbsp;&nbsp;&nbsp;&nbsp;&nbsp;&nbsp;&nbsp; 3h<\/span><\/strong><\/li>\n<li><strong><span style=\"font-family: arial, helvetica, sans-serif; font-size: 8pt;\">Langue Vivante C : Espagnol&nbsp;&nbsp;&nbsp;&nbsp;&nbsp;&nbsp;&nbsp;&nbsp; &nbsp; &nbsp; 3h<\/span><\/strong><\/li>\n<li><a href=\"http:\/\/sites.ac-nancy-metz.fr\/lyc-stanislas-villers\/0stanwp\/sections-europeenne\/\" target=\"_blank\" rel=\"noopener noreferrer\"><strong><span style=\"font-family: arial, helvetica, sans-serif; font-size: 8pt;\">Euro Allemand dont une DNL :<\/span><\/strong><\/a><\/li>\n<li><strong><span style=\"font-family: arial, helvetica, sans-serif; font-size: 8pt;\">Histoire \/ G\u00e9ographie en Allemand&nbsp;&nbsp; 2h<\/span><\/strong><\/li>\n<li><a href=\"http:\/\/sites.ac-nancy-metz.fr\/lyc-stanislas-villers\/0stanwp\/section-sportive-scolaire-handball\/\" target=\"_blank\" rel=\"noopener noreferrer\"><strong><span style=\"font-family: arial, helvetica, sans-serif; font-size: 8pt;\">Section sportive : Handball&nbsp;&nbsp;&nbsp;&nbsp;&nbsp;&nbsp;&nbsp;&nbsp;&nbsp;&nbsp;&nbsp;&nbsp; &nbsp;&nbsp; 4h<\/span><\/strong><\/a><\/li>\n<\/ul>\n<\/td><\/tr><\/tbody><\/table><\/figure>\n\n\n<div class=\"wp-block-image\">\n<figure class=\"aligncenter size-large\"><img decoding=\"async\" src=\"https:\/\/sites.ac-nancy-metz.fr\/lyc-stanislas-villers\/00stanwp\/wp-content\/uploads\/2021\/02\/tg-2-PO-1024x377.jpg\" alt=\"\" class=\"wp-image-3305\"\/><\/figure>\n<\/div>\n\n\n<p><\/p>\n","protected":false},"excerpt":{"rendered":"<p>&nbsp; 2 sp\u00e9cialit\u00e9s au choix ; 6h chacune :Histoire \/ G\u00e9ographie, G\u00e9opolitique et Sciences PolitiquesLangue, Litt\u00e9rature et Culture \u00c9trang\u00e8re : AnglaisMath\u00e9matiquesNum\u00e9rique et Sciences InformatiquesPhysique \/ ChimieSciences \u00c9conomiques et SocialesSciences et Vie de la Terre Les options : Maths expertes&nbsp;&nbsp;&nbsp;&nbsp;&nbsp;&nbsp;&nbsp;&nbsp;&nbsp;&nbsp;&nbsp;&nbsp;&nbsp;&nbsp;&nbsp;&nbsp;&nbsp;&nbsp;&nbsp;&nbsp;&nbsp;&nbsp;&nbsp;&nbsp;&nbsp;&nbsp;&nbsp;&nbsp;&nbsp;&nbsp;&nbsp;&nbsp;&nbsp;&nbsp;&nbsp;&nbsp; 3h Maths compl\u00e9mentaires&nbsp;&nbsp;&nbsp;&nbsp;&nbsp;&nbsp;&nbsp;&nbsp;&nbsp;&nbsp;&nbsp;&nbsp;&nbsp;&nbsp;&nbsp;&nbsp;&nbsp;&nbsp;&nbsp;&nbsp; 3h Langue Vivante C : Espagnol&nbsp;&nbsp;&nbsp;&nbsp;&nbsp;&nbsp;&nbsp;&nbsp; &nbsp; &nbsp; 3h Euro Allemand dont une [&hellip;]<\/p>\n","protected":false},"author":1,"featured_media":0,"parent":0,"menu_order":0,"comment_status":"closed","ping_status":"closed","template":"","meta":{"saved_in_kubio":false,"footnotes":""},"class_list":["post-3301","page","type-page","status-publish","hentry"],"kubio_ai_page_context":{"short_desc":"","purpose":"general"},"jetpack_sharing_enabled":true,"_links":{"self":[{"href":"https:\/\/sites.ac-nancy-metz.fr\/lyc-stanislas-villers\/00stanwp\/wp-json\/wp\/v2\/pages\/3301","targetHints":{"allow":["GET"]}}],"collection":[{"href":"https:\/\/sites.ac-nancy-metz.fr\/lyc-stanislas-villers\/00stanwp\/wp-json\/wp\/v2\/pages"}],"about":[{"href":"https:\/\/sites.ac-nancy-metz.fr\/lyc-stanislas-villers\/00stanwp\/wp-json\/wp\/v2\/types\/page"}],"author":[{"embeddable":true,"href":"https:\/\/sites.ac-nancy-metz.fr\/lyc-stanislas-villers\/00stanwp\/wp-json\/wp\/v2\/users\/1"}],"replies":[{"embeddable":true,"href":"https:\/\/sites.ac-nancy-metz.fr\/lyc-stanislas-villers\/00stanwp\/wp-json\/wp\/v2\/comments?post=3301"}],"version-history":[{"count":2,"href":"https:\/\/sites.ac-nancy-metz.fr\/lyc-stanislas-villers\/00stanwp\/wp-json\/wp\/v2\/pages\/3301\/revisions"}],"predecessor-version":[{"id":6300,"href":"https:\/\/sites.ac-nancy-metz.fr\/lyc-stanislas-villers\/00stanwp\/wp-json\/wp\/v2\/pages\/3301\/revisions\/6300"}],"wp:attachment":[{"href":"https:\/\/sites.ac-nancy-metz.fr\/lyc-stanislas-villers\/00stanwp\/wp-json\/wp\/v2\/media?parent=3301"}],"curies":[{"name":"wp","href":"https:\/\/api.w.org\/{rel}","templated":true}]}}