{"id":332,"date":"2025-07-24T23:14:33","date_gmt":"2025-07-24T21:14:33","guid":{"rendered":"http:\/\/localhost\/STAN-wordpress\/?page_id=332"},"modified":"2025-08-26T12:25:03","modified_gmt":"2025-08-26T10:25:03","slug":"espace-professeurs-personnels-de-letablissement","status":"publish","type":"page","link":"https:\/\/sites.ac-nancy-metz.fr\/lyc-stanislas-villers\/00stanwp\/espace-professeurs-personnels-de-letablissement\/","title":{"rendered":"Espace professeurs \/ personnels de l&rsquo;\u00e9tablissement"},"content":{"rendered":"<div class=\"wp-block-image\">\n<figure class=\"alignleft\"><img loading=\"lazy\" decoding=\"async\" width=\"410\" height=\"307\" src=\"http:\/\/sites.ac-nancy-metz.fr\/lyc-stanislas-villers\/0stanwp\/wp-content\/uploads\/2017\/02\/ruestan5.jpg\" alt=\"\" class=\"wp-image-169\" srcset=\"https:\/\/sites.ac-nancy-metz.fr\/lyc-stanislas-villers\/00stanwp\/wp-content\/uploads\/2017\/02\/ruestan5.jpg 410w, https:\/\/sites.ac-nancy-metz.fr\/lyc-stanislas-villers\/00stanwp\/wp-content\/uploads\/2017\/02\/ruestan5-300x225.jpg 300w\" sizes=\"(max-width: 410px) 100vw, 410px\" \/><\/figure>\n<\/div>\n\n\n<p><\/p>\n\n\n\n<p class=\"Style24\"><span class=\"Style34\"><span class=\"Style48\"><strong>Le portail du CDI est en ligne&nbsp;<a href=\"http:\/\/sites.ac-nancy-metz.fr\/lyc-stanislas-villers\/archives\/2012-2013\/rentree-sept12.pdf\">&nbsp; &#8212;&gt; <\/a><\/strong><a href=\"http:\/\/0542208g.esidoc.fr\" target=\"_blank\" rel=\"noopener noreferrer\"><strong>http:\/\/0542208g.esidoc.fr<\/strong><\/a> <\/span><\/span><\/p>\n\n\n\n<p class=\"Style24\"><span class=\"Style10 Style33\"><a href=\"http:\/\/sites.ac-nancy-metz.fr\/lyc-stanislas-villers\/2010-2011\/Pr%EF%BF%BDsentation%20du%20portail%20place-Stanislas.pdf\"><br><\/a><\/span><span class=\"Style10 Style33\"><span class=\"Style69\"><span class=\"Style66\">La charte informatique est int\u00e9gr\u00e9e au r\u00e8glement int\u00e9rieur de l&rsquo;\u00e9tablissement<\/span><\/span><\/span><\/p>\n\n\n\n<p class=\"Style33 Style10\"><span class=\"Style10 Style33\"><a href=\"https:\/\/sites.ac-nancy-metz.fr\/lyc-stanislas-villers\/00stanwp\/reglement-interieur-2\/\" data-type=\"page\" data-id=\"1712\" target=\"_blank\" rel=\"noreferrer noopener\">R\u00e8glement int\u00e9rieur du lyc\u00e9e Stanislas (v. 2025)<\/a><\/span><\/p>\n\n\n\n<p class=\"Style33 Style10\"><span class=\"Style10 Style33\"><a href=\"http:\/\/sites.ac-nancy-metz.fr\/lyc-stanislas-villers\/00stanwp\/charte-hotellerie\/\" target=\"_blank\" rel=\"noreferrer noopener\">Charte des \u00e9l\u00e8ves de l\u2019h\u00f4tellerie et de p\u00e2tisserie<\/a><\/span><br><a href=\"https:\/\/bv.ac-nancy-metz.fr\/\" target=\"_blank\" rel=\"noreferrer noopener nofollow\"><br>Bureau virtuel de l&rsquo;Acad\u00e9mie de Nancy-Metz (I-PROF)<\/a><br><a href=\"http:\/\/sites.ac-nancy-metz.fr\/lyc-stanislas-villers\/doc\/AutorisationDifPhoto.rtf\"><br><\/a><a href=\"http:\/\/sites.ac-nancy-metz.fr\/lyc-stanislas-villers\/0stanwp\/wp-content\/uploads\/2017\/02\/plaquette_mediateur.pdf\" target=\"_blank\" rel=\"noopener noreferrer\">Le m\u00e9diateur de l&rsquo;Education Nationale: plaquette de pr\u00e9sentation <\/a><\/p>\n","protected":false},"excerpt":{"rendered":"<p>Le portail du CDI est en ligne&nbsp;&nbsp; &#8212;&gt; http:\/\/0542208g.esidoc.fr La charte informatique est int\u00e9gr\u00e9e au r\u00e8glement int\u00e9rieur de l&rsquo;\u00e9tablissement R\u00e8glement int\u00e9rieur du lyc\u00e9e Stanislas (v. 2025) Charte des \u00e9l\u00e8ves de l\u2019h\u00f4tellerie et de p\u00e2tisserieBureau virtuel de l&rsquo;Acad\u00e9mie de Nancy-Metz (I-PROF)Le m\u00e9diateur de l&rsquo;Education Nationale: plaquette de pr\u00e9sentation<\/p>\n","protected":false},"author":1,"featured_media":0,"parent":0,"menu_order":0,"comment_status":"closed","ping_status":"closed","template":"","meta":{"saved_in_kubio":false,"footnotes":""},"class_list":["post-332","page","type-page","status-publish","hentry"],"kubio_ai_page_context":{"short_desc":"","purpose":"general"},"jetpack_sharing_enabled":true,"_links":{"self":[{"href":"https:\/\/sites.ac-nancy-metz.fr\/lyc-stanislas-villers\/00stanwp\/wp-json\/wp\/v2\/pages\/332","targetHints":{"allow":["GET"]}}],"collection":[{"href":"https:\/\/sites.ac-nancy-metz.fr\/lyc-stanislas-villers\/00stanwp\/wp-json\/wp\/v2\/pages"}],"about":[{"href":"https:\/\/sites.ac-nancy-metz.fr\/lyc-stanislas-villers\/00stanwp\/wp-json\/wp\/v2\/types\/page"}],"author":[{"embeddable":true,"href":"https:\/\/sites.ac-nancy-metz.fr\/lyc-stanislas-villers\/00stanwp\/wp-json\/wp\/v2\/users\/1"}],"replies":[{"embeddable":true,"href":"https:\/\/sites.ac-nancy-metz.fr\/lyc-stanislas-villers\/00stanwp\/wp-json\/wp\/v2\/comments?post=332"}],"version-history":[{"count":4,"href":"https:\/\/sites.ac-nancy-metz.fr\/lyc-stanislas-villers\/00stanwp\/wp-json\/wp\/v2\/pages\/332\/revisions"}],"predecessor-version":[{"id":6445,"href":"https:\/\/sites.ac-nancy-metz.fr\/lyc-stanislas-villers\/00stanwp\/wp-json\/wp\/v2\/pages\/332\/revisions\/6445"}],"wp:attachment":[{"href":"https:\/\/sites.ac-nancy-metz.fr\/lyc-stanislas-villers\/00stanwp\/wp-json\/wp\/v2\/media?parent=332"}],"curies":[{"name":"wp","href":"https:\/\/api.w.org\/{rel}","templated":true}]}}