{"id":3385,"date":"2025-07-24T19:53:15","date_gmt":"2025-07-24T17:53:15","guid":{"rendered":"http:\/\/sites.ac-nancy-metz.fr\/lyc-stanislas-villers\/0stanwp\/?page_id=3385"},"modified":"2025-07-25T17:01:23","modified_gmt":"2025-07-25T15:01:23","slug":"btsmhr","status":"publish","type":"page","link":"https:\/\/sites.ac-nancy-metz.fr\/lyc-stanislas-villers\/00stanwp\/formations\/hotellerie-restauration\/btsmhr\/","title":{"rendered":"Brevet de Technicien Sup\u00e9rieur Management en H\u00f4tellerie Restauration (MHR)"},"content":{"rendered":"\n<p class=\"has-text-align-center\"><strong><span style=\"color: #ff0000;\">Nouveaut\u00e9 rentr\u00e9e 2021:<\/span> ouverture d&rsquo;un groupe d&rsquo;apprentis en BTS MHR en alternance (apprentissage)<\/strong><br><a href=\"https:\/\/sites.ac-nancy-metz.fr\/lyc-stanislas-villers\/00stanwp\/wp-content\/uploads\/2021\/11\/Fiche-produit-apprentissage-2021-BTS-MHR-Lycee-STANISLAS.pdf\" target=\"_blank\" rel=\"noopener noreferrer\">Fiche de pr\u00e9sentation BTS MHR Alternance ici<\/a><\/p>\n\n\n\n\n\n<p>Contact apprentis\u00a0:<a href=\"mailto:francoise.richier1@ac-nancy-metz.fr\"> <\/a><\/p>\n\n\n\n<p>Contact entreprises :<\/p>\n\n\n<div class=\"wp-block-image\">\n<figure class=\"aligncenter size-large\"><img loading=\"lazy\" decoding=\"async\" width=\"1024\" height=\"864\" src=\"https:\/\/sites.ac-nancy-metz.fr\/lyc-stanislas-villers\/00stanwp\/wp-content\/uploads\/2021\/02\/btsmhr-1-PO-1024x864.jpg\" alt=\"\" class=\"wp-image-3395\" srcset=\"https:\/\/sites.ac-nancy-metz.fr\/lyc-stanislas-villers\/00stanwp\/wp-content\/uploads\/2021\/02\/btsmhr-1-PO-1024x864.jpg 1024w, https:\/\/sites.ac-nancy-metz.fr\/lyc-stanislas-villers\/00stanwp\/wp-content\/uploads\/2021\/02\/btsmhr-1-PO-300x253.jpg 300w, https:\/\/sites.ac-nancy-metz.fr\/lyc-stanislas-villers\/00stanwp\/wp-content\/uploads\/2021\/02\/btsmhr-1-PO-768x648.jpg 768w, https:\/\/sites.ac-nancy-metz.fr\/lyc-stanislas-villers\/00stanwp\/wp-content\/uploads\/2021\/02\/btsmhr-1-PO.jpg 1061w\" sizes=\"(max-width: 1024px) 100vw, 1024px\" \/><\/figure>\n<\/div>\n\n\n<figure class=\"wp-block-table  aligncenter\"><table class=\"has-fixed-layout\"><tbody><tr><td><figure><img loading=\"lazy\" decoding=\"async\" class=\"alignnone size-full wp-image-3389\" src=\"https:\/\/sites.ac-nancy-metz.fr\/lyc-stanislas-villers\/00stanwp\/wp-content\/uploads\/2021\/02\/btsmhr-3-PO-1.jpg\" alt=\"\" width=\"764\" height=\"343\"><\/figure><strong><span style=\"font-family: arial, helvetica, sans-serif; font-size: 8pt;\"><br><\/span><\/strong><\/td><td>\n<h4><strong><span style=\"font-family: arial, helvetica, sans-serif; color: #205720; font-size: 10pt;\">Le stage en entreprise :<\/span><\/strong><\/h4>\n<p><span style=\"font-family: arial, helvetica, sans-serif; font-size: 10pt;\">Les entreprises sont des partenaires majeurs de ce cursus : les \u00e9tudiants effectuent des p\u00e9riodes de stage en fin de premi\u00e8re ann\u00e9e et durant une partie de l\u2019\u00e9t\u00e9 pour atteindre un total de 16 semaines d\u2019immersion.<\/span><\/p>\n<\/td><\/tr><\/tbody><\/table><\/figure>\n\n\n<div class=\"wp-block-image\">\n<figure class=\"aligncenter size-large\"><img loading=\"lazy\" decoding=\"async\" width=\"1024\" height=\"433\" src=\"https:\/\/sites.ac-nancy-metz.fr\/lyc-stanislas-villers\/00stanwp\/wp-content\/uploads\/2021\/02\/btsmhr-2-PO-1024x433.jpg\" alt=\"\" class=\"wp-image-3392\" srcset=\"https:\/\/sites.ac-nancy-metz.fr\/lyc-stanislas-villers\/00stanwp\/wp-content\/uploads\/2021\/02\/btsmhr-2-PO-1024x433.jpg 1024w, https:\/\/sites.ac-nancy-metz.fr\/lyc-stanislas-villers\/00stanwp\/wp-content\/uploads\/2021\/02\/btsmhr-2-PO-300x127.jpg 300w, https:\/\/sites.ac-nancy-metz.fr\/lyc-stanislas-villers\/00stanwp\/wp-content\/uploads\/2021\/02\/btsmhr-2-PO-768x325.jpg 768w, https:\/\/sites.ac-nancy-metz.fr\/lyc-stanislas-villers\/00stanwp\/wp-content\/uploads\/2021\/02\/btsmhr-2-PO.jpg 1063w\" sizes=\"(max-width: 1024px) 100vw, 1024px\" \/><\/figure>\n<\/div>\n\n\n<p class=\"has-text-align-center\"><strong>Taux de satisfaction BTS en alternance<\/strong><\/p>\n\n\n\n<figure class=\"wp-block-image size-full\"><img loading=\"lazy\" decoding=\"async\" width=\"979\" height=\"519\" src=\"https:\/\/sites.ac-nancy-metz.fr\/lyc-stanislas-villers\/00stanwp\/wp-content\/uploads\/2025\/07\/satibts1.png\" alt=\"\" class=\"wp-image-6314\" srcset=\"https:\/\/sites.ac-nancy-metz.fr\/lyc-stanislas-villers\/00stanwp\/wp-content\/uploads\/2025\/07\/satibts1.png 979w, https:\/\/sites.ac-nancy-metz.fr\/lyc-stanislas-villers\/00stanwp\/wp-content\/uploads\/2025\/07\/satibts1-300x159.png 300w, https:\/\/sites.ac-nancy-metz.fr\/lyc-stanislas-villers\/00stanwp\/wp-content\/uploads\/2025\/07\/satibts1-768x407.png 768w, https:\/\/sites.ac-nancy-metz.fr\/lyc-stanislas-villers\/00stanwp\/wp-content\/uploads\/2025\/07\/satibts1-566x300.png 566w, https:\/\/sites.ac-nancy-metz.fr\/lyc-stanislas-villers\/00stanwp\/wp-content\/uploads\/2025\/07\/satibts1-310x164.png 310w, https:\/\/sites.ac-nancy-metz.fr\/lyc-stanislas-villers\/00stanwp\/wp-content\/uploads\/2025\/07\/satibts1-150x80.png 150w\" sizes=\"(max-width: 979px) 100vw, 979px\" \/><\/figure>\n\n\n\n<figure class=\"wp-block-image size-full\"><img loading=\"lazy\" decoding=\"async\" width=\"979\" height=\"519\" src=\"https:\/\/sites.ac-nancy-metz.fr\/lyc-stanislas-villers\/00stanwp\/wp-content\/uploads\/2025\/07\/satibts1.png\" alt=\"\" class=\"wp-image-6314\" srcset=\"https:\/\/sites.ac-nancy-metz.fr\/lyc-stanislas-villers\/00stanwp\/wp-content\/uploads\/2025\/07\/satibts1.png 979w, https:\/\/sites.ac-nancy-metz.fr\/lyc-stanislas-villers\/00stanwp\/wp-content\/uploads\/2025\/07\/satibts1-300x159.png 300w, https:\/\/sites.ac-nancy-metz.fr\/lyc-stanislas-villers\/00stanwp\/wp-content\/uploads\/2025\/07\/satibts1-768x407.png 768w, https:\/\/sites.ac-nancy-metz.fr\/lyc-stanislas-villers\/00stanwp\/wp-content\/uploads\/2025\/07\/satibts1-566x300.png 566w, https:\/\/sites.ac-nancy-metz.fr\/lyc-stanislas-villers\/00stanwp\/wp-content\/uploads\/2025\/07\/satibts1-310x164.png 310w, https:\/\/sites.ac-nancy-metz.fr\/lyc-stanislas-villers\/00stanwp\/wp-content\/uploads\/2025\/07\/satibts1-150x80.png 150w\" sizes=\"(max-width: 979px) 100vw, 979px\" \/><\/figure>\n","protected":false},"excerpt":{"rendered":"<p>Nouveaut\u00e9 rentr\u00e9e 2021: ouverture d&rsquo;un groupe d&rsquo;apprentis en BTS MHR en alternance (apprentissage)Fiche de pr\u00e9sentation BTS MHR Alternance ici Contact apprentis\u00a0: Contact entreprises : Le stage en entreprise : Les entreprises sont des partenaires majeurs de ce cursus : les \u00e9tudiants effectuent des p\u00e9riodes de stage en fin de premi\u00e8re ann\u00e9e et durant une partie [&hellip;]<\/p>\n","protected":false},"author":1,"featured_media":0,"parent":71,"menu_order":0,"comment_status":"closed","ping_status":"closed","template":"","meta":{"saved_in_kubio":false,"footnotes":""},"class_list":["post-3385","page","type-page","status-publish","hentry"],"kubio_ai_page_context":{"short_desc":"","purpose":"general"},"jetpack_sharing_enabled":true,"_links":{"self":[{"href":"https:\/\/sites.ac-nancy-metz.fr\/lyc-stanislas-villers\/00stanwp\/wp-json\/wp\/v2\/pages\/3385","targetHints":{"allow":["GET"]}}],"collection":[{"href":"https:\/\/sites.ac-nancy-metz.fr\/lyc-stanislas-villers\/00stanwp\/wp-json\/wp\/v2\/pages"}],"about":[{"href":"https:\/\/sites.ac-nancy-metz.fr\/lyc-stanislas-villers\/00stanwp\/wp-json\/wp\/v2\/types\/page"}],"author":[{"embeddable":true,"href":"https:\/\/sites.ac-nancy-metz.fr\/lyc-stanislas-villers\/00stanwp\/wp-json\/wp\/v2\/users\/1"}],"replies":[{"embeddable":true,"href":"https:\/\/sites.ac-nancy-metz.fr\/lyc-stanislas-villers\/00stanwp\/wp-json\/wp\/v2\/comments?post=3385"}],"version-history":[{"count":7,"href":"https:\/\/sites.ac-nancy-metz.fr\/lyc-stanislas-villers\/00stanwp\/wp-json\/wp\/v2\/pages\/3385\/revisions"}],"predecessor-version":[{"id":6316,"href":"https:\/\/sites.ac-nancy-metz.fr\/lyc-stanislas-villers\/00stanwp\/wp-json\/wp\/v2\/pages\/3385\/revisions\/6316"}],"up":[{"embeddable":true,"href":"https:\/\/sites.ac-nancy-metz.fr\/lyc-stanislas-villers\/00stanwp\/wp-json\/wp\/v2\/pages\/71"}],"wp:attachment":[{"href":"https:\/\/sites.ac-nancy-metz.fr\/lyc-stanislas-villers\/00stanwp\/wp-json\/wp\/v2\/media?parent=3385"}],"curies":[{"name":"wp","href":"https:\/\/api.w.org\/{rel}","templated":true}]}}