{"id":3398,"date":"2025-07-24T19:13:00","date_gmt":"2025-07-24T17:13:00","guid":{"rendered":"http:\/\/sites.ac-nancy-metz.fr\/lyc-stanislas-villers\/0stanwp\/?page_id=3398"},"modified":"2025-07-25T16:55:26","modified_gmt":"2025-07-25T14:55:26","slug":"btscira","status":"publish","type":"page","link":"https:\/\/sites.ac-nancy-metz.fr\/lyc-stanislas-villers\/00stanwp\/formations\/general-scientifique\/btscira\/","title":{"rendered":"Brevet de Technicien Sup\u00e9rieur Contr\u00f4le Industriel et R\u00e9gulation Automatique (CIRA)"},"content":{"rendered":"<div class=\"wp-block-image\">\n<figure class=\"aligncenter size-large\"><img loading=\"lazy\" decoding=\"async\" width=\"1024\" height=\"1024\" src=\"https:\/\/sites.ac-nancy-metz.fr\/lyc-stanislas-villers\/00stanwp\/wp-content\/uploads\/2021\/03\/btscira-1-PO-1024x1024.jpg\" alt=\"\" class=\"wp-image-3655\" srcset=\"https:\/\/sites.ac-nancy-metz.fr\/lyc-stanislas-villers\/00stanwp\/wp-content\/uploads\/2021\/03\/btscira-1-PO-1024x1024.jpg 1024w, https:\/\/sites.ac-nancy-metz.fr\/lyc-stanislas-villers\/00stanwp\/wp-content\/uploads\/2021\/03\/btscira-1-PO-300x300.jpg 300w, https:\/\/sites.ac-nancy-metz.fr\/lyc-stanislas-villers\/00stanwp\/wp-content\/uploads\/2021\/03\/btscira-1-PO-150x150.jpg 150w, https:\/\/sites.ac-nancy-metz.fr\/lyc-stanislas-villers\/00stanwp\/wp-content\/uploads\/2021\/03\/btscira-1-PO-768x768.jpg 768w, https:\/\/sites.ac-nancy-metz.fr\/lyc-stanislas-villers\/00stanwp\/wp-content\/uploads\/2021\/03\/btscira-1-PO.jpg 1064w\" sizes=\"(max-width: 1024px) 100vw, 1024px\" \/><\/figure>\n<\/div>\n\n<div class=\"wp-block-image\">\n<figure class=\"aligncenter size-large\"><img loading=\"lazy\" decoding=\"async\" width=\"1024\" height=\"445\" src=\"https:\/\/sites.ac-nancy-metz.fr\/lyc-stanislas-villers\/00stanwp\/wp-content\/uploads\/2021\/02\/btscira-2-PO-1024x445.jpg\" alt=\"\" class=\"wp-image-3403\" srcset=\"https:\/\/sites.ac-nancy-metz.fr\/lyc-stanislas-villers\/00stanwp\/wp-content\/uploads\/2021\/02\/btscira-2-PO-1024x445.jpg 1024w, https:\/\/sites.ac-nancy-metz.fr\/lyc-stanislas-villers\/00stanwp\/wp-content\/uploads\/2021\/02\/btscira-2-PO-300x130.jpg 300w, https:\/\/sites.ac-nancy-metz.fr\/lyc-stanislas-villers\/00stanwp\/wp-content\/uploads\/2021\/02\/btscira-2-PO-768x333.jpg 768w, https:\/\/sites.ac-nancy-metz.fr\/lyc-stanislas-villers\/00stanwp\/wp-content\/uploads\/2021\/02\/btscira-2-PO.jpg 1064w\" sizes=\"(max-width: 1024px) 100vw, 1024px\" \/><\/figure>\n<\/div>\n\n\n<p><\/p>\n","protected":false},"excerpt":{"rendered":"","protected":false},"author":1,"featured_media":0,"parent":69,"menu_order":0,"comment_status":"closed","ping_status":"closed","template":"","meta":{"saved_in_kubio":false,"footnotes":""},"class_list":["post-3398","page","type-page","status-publish","hentry"],"kubio_ai_page_context":{"short_desc":"","purpose":"general"},"jetpack_sharing_enabled":true,"_links":{"self":[{"href":"https:\/\/sites.ac-nancy-metz.fr\/lyc-stanislas-villers\/00stanwp\/wp-json\/wp\/v2\/pages\/3398","targetHints":{"allow":["GET"]}}],"collection":[{"href":"https:\/\/sites.ac-nancy-metz.fr\/lyc-stanislas-villers\/00stanwp\/wp-json\/wp\/v2\/pages"}],"about":[{"href":"https:\/\/sites.ac-nancy-metz.fr\/lyc-stanislas-villers\/00stanwp\/wp-json\/wp\/v2\/types\/page"}],"author":[{"embeddable":true,"href":"https:\/\/sites.ac-nancy-metz.fr\/lyc-stanislas-villers\/00stanwp\/wp-json\/wp\/v2\/users\/1"}],"replies":[{"embeddable":true,"href":"https:\/\/sites.ac-nancy-metz.fr\/lyc-stanislas-villers\/00stanwp\/wp-json\/wp\/v2\/comments?post=3398"}],"version-history":[{"count":5,"href":"https:\/\/sites.ac-nancy-metz.fr\/lyc-stanislas-villers\/00stanwp\/wp-json\/wp\/v2\/pages\/3398\/revisions"}],"predecessor-version":[{"id":6307,"href":"https:\/\/sites.ac-nancy-metz.fr\/lyc-stanislas-villers\/00stanwp\/wp-json\/wp\/v2\/pages\/3398\/revisions\/6307"}],"up":[{"embeddable":true,"href":"https:\/\/sites.ac-nancy-metz.fr\/lyc-stanislas-villers\/00stanwp\/wp-json\/wp\/v2\/pages\/69"}],"wp:attachment":[{"href":"https:\/\/sites.ac-nancy-metz.fr\/lyc-stanislas-villers\/00stanwp\/wp-json\/wp\/v2\/media?parent=3398"}],"curies":[{"name":"wp","href":"https:\/\/api.w.org\/{rel}","templated":true}]}}