{"id":3418,"date":"2025-07-24T19:54:19","date_gmt":"2025-07-24T17:54:19","guid":{"rendered":"http:\/\/sites.ac-nancy-metz.fr\/lyc-stanislas-villers\/0stanwp\/?page_id=3418"},"modified":"2025-07-24T19:54:19","modified_gmt":"2025-07-24T17:54:19","slug":"btstour","status":"publish","type":"page","link":"https:\/\/sites.ac-nancy-metz.fr\/lyc-stanislas-villers\/00stanwp\/formations\/hotellerie-restauration\/btstour\/","title":{"rendered":"Brevet de Technicien Sup\u00e9rieur Tourisme"},"content":{"rendered":"<p><img loading=\"lazy\" decoding=\"async\" class=\"alignnone size-large wp-image-3427 aligncenter\" src=\"http:\/\/sites.ac-nancy-metz.fr\/lyc-stanislas-villers\/0stanwp\/wp-content\/uploads\/2021\/02\/btstour-1-PO-1024x672.jpg\" alt=\"\" width=\"800\" height=\"525\" srcset=\"https:\/\/sites.ac-nancy-metz.fr\/lyc-stanislas-villers\/00stanwp\/wp-content\/uploads\/2021\/02\/btstour-1-PO-1024x672.jpg 1024w, https:\/\/sites.ac-nancy-metz.fr\/lyc-stanislas-villers\/00stanwp\/wp-content\/uploads\/2021\/02\/btstour-1-PO-300x197.jpg 300w, https:\/\/sites.ac-nancy-metz.fr\/lyc-stanislas-villers\/00stanwp\/wp-content\/uploads\/2021\/02\/btstour-1-PO-768x504.jpg 768w, https:\/\/sites.ac-nancy-metz.fr\/lyc-stanislas-villers\/00stanwp\/wp-content\/uploads\/2021\/02\/btstour-1-PO.jpg 1076w\" sizes=\"(max-width: 800px) 100vw, 800px\" \/><\/p>\n<table class=\" aligncenter\" style=\"height: 201px; width: 713px; border-style: none; border-color: #336666;\">\n<tbody>\n<tr style=\"height: 251px;\">\n<td style=\"width: 328px; border-style: none; border-color: #336666; height: 218px; text-align: left; vertical-align: top;\"><img loading=\"lazy\" decoding=\"async\" class=\"alignnone size-large wp-image-3420\" src=\"http:\/\/sites.ac-nancy-metz.fr\/lyc-stanislas-villers\/0stanwp\/wp-content\/uploads\/2021\/02\/btstour-3-PO-1024x763.jpg\" alt=\"\" width=\"800\" height=\"596\" srcset=\"https:\/\/sites.ac-nancy-metz.fr\/lyc-stanislas-villers\/00stanwp\/wp-content\/uploads\/2021\/02\/btstour-3-PO-1024x763.jpg 1024w, https:\/\/sites.ac-nancy-metz.fr\/lyc-stanislas-villers\/00stanwp\/wp-content\/uploads\/2021\/02\/btstour-3-PO-300x224.jpg 300w, https:\/\/sites.ac-nancy-metz.fr\/lyc-stanislas-villers\/00stanwp\/wp-content\/uploads\/2021\/02\/btstour-3-PO-768x572.jpg 768w, https:\/\/sites.ac-nancy-metz.fr\/lyc-stanislas-villers\/00stanwp\/wp-content\/uploads\/2021\/02\/btstour-3-PO.jpg 1122w\" sizes=\"(max-width: 800px) 100vw, 800px\" \/><strong><span style=\"font-family: arial, helvetica, sans-serif; font-size: 8pt;\"><br \/>\n<\/span><\/strong><\/td>\n<td style=\"width: 333px; background-color: #cccc99; padding-left: 40px; border-color: #336666; height: 218px; border-style: none; text-align: left; vertical-align: top;\"><strong><span style=\"font-family: arial, helvetica, sans-serif; color: #205720; font-size: 10pt;\">Le stage en entreprise :<br \/>\n<\/span><\/strong><span style=\"font-family: arial, helvetica, sans-serif; font-size: 10pt;\"><span style=\"font-size: 8pt;\">Les entreprises sont des partenaires majeurs de ce cursus: les \u00e9tudiants effectuent des p\u00e9riodes de stage sur chacune de leurs deux ann\u00e9es de formation pour atteindre un total de 14 semaines d&rsquo;immersion.<br \/>\nLes entreprises cibles sont celles du tourisme, les organismes de tourisme territoriaux, les agences ou entreprises de transports de personnes et les structures d&rsquo;h\u00e9bergement.<\/span><\/span><strong><span style=\"font-family: arial, helvetica, sans-serif; color: #205720; font-size: 10pt;\"><br \/>\n<\/span><\/strong><\/td>\n<\/tr>\n<\/tbody>\n<\/table>\n<p><a href=\"http:\/\/lyceestanvillers.fr\" target=\"_blank\" rel=\"noopener noreferrer\"><img loading=\"lazy\" decoding=\"async\" class=\"alignnone size-large wp-image-3421 aligncenter\" src=\"http:\/\/sites.ac-nancy-metz.fr\/lyc-stanislas-villers\/0stanwp\/wp-content\/uploads\/2021\/02\/btstour-2-PO-1024x439.jpg\" alt=\"\" width=\"800\" height=\"343\" srcset=\"https:\/\/sites.ac-nancy-metz.fr\/lyc-stanislas-villers\/00stanwp\/wp-content\/uploads\/2021\/02\/btstour-2-PO-1024x439.jpg 1024w, https:\/\/sites.ac-nancy-metz.fr\/lyc-stanislas-villers\/00stanwp\/wp-content\/uploads\/2021\/02\/btstour-2-PO-300x129.jpg 300w, https:\/\/sites.ac-nancy-metz.fr\/lyc-stanislas-villers\/00stanwp\/wp-content\/uploads\/2021\/02\/btstour-2-PO-768x329.jpg 768w, https:\/\/sites.ac-nancy-metz.fr\/lyc-stanislas-villers\/00stanwp\/wp-content\/uploads\/2021\/02\/btstour-2-PO.jpg 1078w\" sizes=\"(max-width: 800px) 100vw, 800px\" \/><\/a><\/p>\n","protected":false},"excerpt":{"rendered":"<p>Le stage en entreprise : Les entreprises sont des partenaires majeurs de ce cursus: les \u00e9tudiants effectuent des p\u00e9riodes de stage sur chacune de leurs deux ann\u00e9es de formation pour atteindre un total de 14 semaines d&rsquo;immersion. Les entreprises cibles sont celles du tourisme, les organismes de tourisme territoriaux, les agences ou entreprises de transports [&hellip;]<\/p>\n","protected":false},"author":1,"featured_media":0,"parent":71,"menu_order":0,"comment_status":"closed","ping_status":"closed","template":"","meta":{"saved_in_kubio":false,"footnotes":""},"class_list":["post-3418","page","type-page","status-publish","hentry"],"kubio_ai_page_context":{"short_desc":"","purpose":"general"},"jetpack_sharing_enabled":true,"_links":{"self":[{"href":"https:\/\/sites.ac-nancy-metz.fr\/lyc-stanislas-villers\/00stanwp\/wp-json\/wp\/v2\/pages\/3418","targetHints":{"allow":["GET"]}}],"collection":[{"href":"https:\/\/sites.ac-nancy-metz.fr\/lyc-stanislas-villers\/00stanwp\/wp-json\/wp\/v2\/pages"}],"about":[{"href":"https:\/\/sites.ac-nancy-metz.fr\/lyc-stanislas-villers\/00stanwp\/wp-json\/wp\/v2\/types\/page"}],"author":[{"embeddable":true,"href":"https:\/\/sites.ac-nancy-metz.fr\/lyc-stanislas-villers\/00stanwp\/wp-json\/wp\/v2\/users\/1"}],"replies":[{"embeddable":true,"href":"https:\/\/sites.ac-nancy-metz.fr\/lyc-stanislas-villers\/00stanwp\/wp-json\/wp\/v2\/comments?post=3418"}],"version-history":[{"count":1,"href":"https:\/\/sites.ac-nancy-metz.fr\/lyc-stanislas-villers\/00stanwp\/wp-json\/wp\/v2\/pages\/3418\/revisions"}],"predecessor-version":[{"id":6117,"href":"https:\/\/sites.ac-nancy-metz.fr\/lyc-stanislas-villers\/00stanwp\/wp-json\/wp\/v2\/pages\/3418\/revisions\/6117"}],"up":[{"embeddable":true,"href":"https:\/\/sites.ac-nancy-metz.fr\/lyc-stanislas-villers\/00stanwp\/wp-json\/wp\/v2\/pages\/71"}],"wp:attachment":[{"href":"https:\/\/sites.ac-nancy-metz.fr\/lyc-stanislas-villers\/00stanwp\/wp-json\/wp\/v2\/media?parent=3418"}],"curies":[{"name":"wp","href":"https:\/\/api.w.org\/{rel}","templated":true}]}}