{"id":4932,"date":"2025-07-25T15:06:05","date_gmt":"2025-07-25T13:06:05","guid":{"rendered":"https:\/\/sites.ac-nancy-metz.fr\/lyc-stanislas-villers\/0stanwp\/?page_id=4932"},"modified":"2026-03-02T22:39:09","modified_gmt":"2026-03-02T21:39:09","slug":"les-sections-sportives-scolaires-au-lycee-stanislas-handball-et-rugby","status":"publish","type":"page","link":"https:\/\/sites.ac-nancy-metz.fr\/lyc-stanislas-villers\/00stanwp\/les-sections-sportives-scolaires-au-lycee-stanislas-handball-et-rugby\/","title":{"rendered":"Les Sections Sportives Scolaires au lyc\u00e9e Stanislas &#8211; Handball et Rugby"},"content":{"rendered":"\n<p>Les tests de s\u00e9lection pour l&rsquo;entr\u00e9e en Section Sportive \u00e0 la <strong>rentr\u00e9e 2026\/27<\/strong> auront lieu :<\/p>\n\n\n\n<p><strong>Hand Ball Gar\u00e7ons et Rugby : mercredi 29 avril 2026 de 13h30 \u00e016h30.<br>Hand Ball Filles : mercredi 6 mai 2026 de 13h30 \u00e016h30<\/strong><\/p>\n\n\n\n<p>Renseignements et inscriptions :<br>Pour le Hand ball : tom.bega@ac-nancy-metz.fr<br>Pour le Rugby : franck.cavelius@ac-nancy-metz.fr<\/p>\n\n\n\n<figure class=\"wp-block-image size-full\"><img decoding=\"async\" src=\"https:\/\/sites.ac-nancy-metz.fr\/lyc-stanislas-villers\/00stanwp\/wp-content\/uploads\/2024\/06\/sshbr-2024-23jpg.jpg\" alt=\"\" class=\"wp-image-4937\"\/><\/figure>\n","protected":false},"excerpt":{"rendered":"<p>Les tests de s\u00e9lection pour l&rsquo;entr\u00e9e en Section Sportive \u00e0 la rentr\u00e9e 2026\/27 auront lieu : Hand Ball Gar\u00e7ons et Rugby : mercredi 29 avril 2026 de 13h30 \u00e016h30.Hand Ball Filles : mercredi 6 mai 2026 de 13h30 \u00e016h30 Renseignements et inscriptions :Pour le Hand ball : tom.bega@ac-nancy-metz.frPour le Rugby : franck.cavelius@ac-nancy-metz.fr<\/p>\n","protected":false},"author":1,"featured_media":2191,"parent":0,"menu_order":0,"comment_status":"closed","ping_status":"closed","template":"","meta":{"saved_in_kubio":false,"footnotes":""},"class_list":["post-4932","page","type-page","status-publish","has-post-thumbnail","hentry"],"kubio_ai_page_context":{"short_desc":"","purpose":"general"},"jetpack_sharing_enabled":true,"_links":{"self":[{"href":"https:\/\/sites.ac-nancy-metz.fr\/lyc-stanislas-villers\/00stanwp\/wp-json\/wp\/v2\/pages\/4932","targetHints":{"allow":["GET"]}}],"collection":[{"href":"https:\/\/sites.ac-nancy-metz.fr\/lyc-stanislas-villers\/00stanwp\/wp-json\/wp\/v2\/pages"}],"about":[{"href":"https:\/\/sites.ac-nancy-metz.fr\/lyc-stanislas-villers\/00stanwp\/wp-json\/wp\/v2\/types\/page"}],"author":[{"embeddable":true,"href":"https:\/\/sites.ac-nancy-metz.fr\/lyc-stanislas-villers\/00stanwp\/wp-json\/wp\/v2\/users\/1"}],"replies":[{"embeddable":true,"href":"https:\/\/sites.ac-nancy-metz.fr\/lyc-stanislas-villers\/00stanwp\/wp-json\/wp\/v2\/comments?post=4932"}],"version-history":[{"count":3,"href":"https:\/\/sites.ac-nancy-metz.fr\/lyc-stanislas-villers\/00stanwp\/wp-json\/wp\/v2\/pages\/4932\/revisions"}],"predecessor-version":[{"id":7012,"href":"https:\/\/sites.ac-nancy-metz.fr\/lyc-stanislas-villers\/00stanwp\/wp-json\/wp\/v2\/pages\/4932\/revisions\/7012"}],"wp:featuredmedia":[{"embeddable":true,"href":"https:\/\/sites.ac-nancy-metz.fr\/lyc-stanislas-villers\/00stanwp\/wp-json\/wp\/v2\/media\/2191"}],"wp:attachment":[{"href":"https:\/\/sites.ac-nancy-metz.fr\/lyc-stanislas-villers\/00stanwp\/wp-json\/wp\/v2\/media?parent=4932"}],"curies":[{"name":"wp","href":"https:\/\/api.w.org\/{rel}","templated":true}]}}