{"id":5325,"date":"2017-02-10T23:41:05","date_gmt":"2017-02-10T22:41:05","guid":{"rendered":"http:\/\/localhost\/STAN-wordpress\/?page_id=30"},"modified":"2017-02-10T23:41:05","modified_gmt":"2017-02-10T22:41:05","slug":"mentions-legales","status":"publish","type":"page","link":"https:\/\/sites.ac-nancy-metz.fr\/lyc-stanislas-villers\/00stanwp\/mentions-legales\/","title":{"rendered":"Mentions l\u00e9gales"},"content":{"rendered":"<p><span class=\"Style26\"><span class=\"Style27\"><span class=\"Style10\"><strong>Mentions l\u00e9gales<\/strong><\/span><\/span><\/span><\/p>\n<div id=\"Layer6\">\n<div align=\"left\"><span class=\"Style26\"><span class=\"Style27\"><span class=\"Style10\"> concernant le site du Lyc\u00e9e Polyvalent R\u00e9gional Stanislas <\/span><\/span><\/span><\/div>\n<p class=\"Style10\" align=\"left\"><strong>Directeur et responsable de publication<\/strong><br \/>\nBernard Segard, Proviseur du Lyc\u00e9e Stanilas<\/p>\n<p class=\"Style10\" align=\"left\">Adresse de messagerie : <a href=\"mailto:bernard-daniel.segard@ac-nancy-metz.fr\"><span class=\"texte\">bernard-daniel.segard@ac-nancy-metz.fr<\/span><\/a><\/p>\n<p class=\"Style10\" align=\"left\"><strong>Administrateur du site internet <\/strong><br \/>\nGa\u00ebl VOUTERS, Professeur de cuisine en section H\u00f4teli\u00e8re, Lyc\u00e9e Stanislas<\/p>\n<p class=\"Style10\" align=\"left\">Adresse de messagerie : <a href=\"mailto:Gael.Vouters@ac-nancy-metz.fr\">Gael.Vouters@ac-nancy-metz.fr<\/a><\/p>\n<p class=\"Style10\" align=\"left\"><strong>Raison sociale et h\u00e9bergeur<\/strong><br \/>\nRectorat de l&rsquo;Acad\u00e9mie de Nancy-Metz<br \/>\n2 rue Philippe de Gueldres<br \/>\nCase officielle n\u00b030013<br \/>\n54035 NANCY CEDEX<br \/>\nStandard : 03 83 86 20 20<\/p>\n<p class=\"Style10\" align=\"left\"><strong>Droit d&rsquo;acc\u00e9s, de rectification et de suppression des donn\u00e9es personnelles<\/strong><br \/>\nConform\u00e9ment aux textes europ\u00e9ens et fran\u00e7ais en vigueur et notamment la loi du N\u00b0 78-17 du 6 janvier 1978 relative \u00e0 l\u2019informatique, aux fichiers et aux libert\u00e9s, l\u2019Acad\u00e9mie de Nancy-Metz vous informe que vous disposez d\u2019un droit g\u00e9n\u00e9ral d\u2019acc\u00e8s, de rectification et de suppression de l\u2019ensemble des donn\u00e9es personnelles vous concernant et dont nous disposons.<\/p>\n<p class=\"Style10\" align=\"left\">Vous pouvez exercer ce droit aupr\u00e8s du responsable de publication ou de l&rsquo;administrateur du site<\/p>\n<p class=\"Style10\" align=\"left\">ou \u00e0 l\u2019adresse suivante :<br \/>\nRectorat de l\u2019Acad\u00e9mie de Nancy-Metz<br \/>\nMission TICE<br \/>\n10, rue de Santifontaine<br \/>\nCase Officielle n\u00b030013<br \/>\n54035 NANCY CEDEX<br \/>\nT\u00e9l. : 03 83 86 25 85<br \/>\nFax. : 03 83 86 25 17<br \/>\nAdresse de messagerie : <a href=\"mailto:mtice@ac-nancy-metz.fr\">mtice@ac-nancy-metz.fr<\/a><\/p>\n<p class=\"Style10\" align=\"left\">Les informations qui figurent sur ce site ont fait l&rsquo;objet d&rsquo;un contr\u00f4le pr\u00e9alable avant leur mise en ligne, en cas d&rsquo;erreur ou d&rsquo;omission, toute personne dispose d&rsquo;un <strong>droit de rectification.<br \/>\n<\/strong>Vous pouvez exercer votre droit de r\u00e9ponse aupr\u00e9s du responsable de r\u00e9daction ou de l&rsquo;administrateur du site<\/p>\n<p class=\"Style10\" align=\"left\">Cr\u00e9dits illustrations et photos : Ga\u00ebl VOUTERS \/ Bernard SEGARD, et\/ou toute autre personne identifi\u00e9e dans les publications \u00e0 ce titre.<\/p>\n<\/div>\n","protected":false},"excerpt":{"rendered":"<p>Mentions l\u00e9gales concernant le site du Lyc\u00e9e Polyvalent R\u00e9gional Stanislas Directeur et responsable de publication Bernard Segard, Proviseur du Lyc\u00e9e Stanilas Adresse de messagerie : bernard-daniel.segard@ac-nancy-metz.fr Administrateur du site internet Ga\u00ebl VOUTERS, Professeur de cuisine en section H\u00f4teli\u00e8re, Lyc\u00e9e Stanislas Adresse de messagerie : Gael.Vouters@ac-nancy-metz.fr Raison sociale et h\u00e9bergeur Rectorat de l&rsquo;Acad\u00e9mie de Nancy-Metz 2 [&hellip;]<\/p>\n","protected":false},"author":1,"featured_media":0,"parent":0,"menu_order":10,"comment_status":"closed","ping_status":"closed","template":"","meta":{"saved_in_kubio":false,"footnotes":""},"class_list":["post-5325","page","type-page","status-publish","hentry"],"kubio_ai_page_context":{"short_desc":"","purpose":"general"},"jetpack_sharing_enabled":true,"_links":{"self":[{"href":"https:\/\/sites.ac-nancy-metz.fr\/lyc-stanislas-villers\/00stanwp\/wp-json\/wp\/v2\/pages\/5325","targetHints":{"allow":["GET"]}}],"collection":[{"href":"https:\/\/sites.ac-nancy-metz.fr\/lyc-stanislas-villers\/00stanwp\/wp-json\/wp\/v2\/pages"}],"about":[{"href":"https:\/\/sites.ac-nancy-metz.fr\/lyc-stanislas-villers\/00stanwp\/wp-json\/wp\/v2\/types\/page"}],"author":[{"embeddable":true,"href":"https:\/\/sites.ac-nancy-metz.fr\/lyc-stanislas-villers\/00stanwp\/wp-json\/wp\/v2\/users\/1"}],"replies":[{"embeddable":true,"href":"https:\/\/sites.ac-nancy-metz.fr\/lyc-stanislas-villers\/00stanwp\/wp-json\/wp\/v2\/comments?post=5325"}],"version-history":[{"count":0,"href":"https:\/\/sites.ac-nancy-metz.fr\/lyc-stanislas-villers\/00stanwp\/wp-json\/wp\/v2\/pages\/5325\/revisions"}],"wp:attachment":[{"href":"https:\/\/sites.ac-nancy-metz.fr\/lyc-stanislas-villers\/00stanwp\/wp-json\/wp\/v2\/media?parent=5325"}],"curies":[{"name":"wp","href":"https:\/\/api.w.org\/{rel}","templated":true}]}}