{"id":5328,"date":"2017-02-10T23:42:29","date_gmt":"2017-02-10T22:42:29","guid":{"rendered":"http:\/\/localhost\/STAN-wordpress\/?page_id=34"},"modified":"2025-09-03T22:58:23","modified_gmt":"2025-09-03T20:58:23","slug":"mot-du-proviseur","status":"publish","type":"page","link":"https:\/\/sites.ac-nancy-metz.fr\/lyc-stanislas-villers\/00stanwp\/mot-du-proviseur\/","title":{"rendered":"Mot du Proviseur"},"content":{"rendered":"<p class=\"Style25\" style=\"text-align: center;\"><img loading=\"lazy\" decoding=\"async\" class=\"size-full wp-image-155 alignleft\" src=\"http:\/\/sites.ac-nancy-metz.fr\/lyc-stanislas-villers\/0stanwp\/wp-content\/uploads\/2017\/02\/archi3.jpg\" alt=\"\" width=\"512\" height=\"384\" srcset=\"https:\/\/sites.ac-nancy-metz.fr\/lyc-stanislas-villers\/00stanwp\/wp-content\/uploads\/2017\/02\/archi3.jpg 512w, https:\/\/sites.ac-nancy-metz.fr\/lyc-stanislas-villers\/00stanwp\/wp-content\/uploads\/2017\/02\/archi3-300x225.jpg 300w\" sizes=\"(max-width: 512px) 100vw, 512px\" \/><\/p>\n<p>Situ\u00e9 sur les hauteurs de l\u2019agglom\u00e9ration nanc\u00e9ienne, \u00e0 proximit\u00e9 du technop\u00f4le de Nancy-Brabois, de l\u2019universit\u00e9 scientifique et des grandes \u00e9coles d\u2019ing\u00e9nieurs, le lyc\u00e9e Stanislas vous propose une polyvalence exceptionnelle et riche de qualit\u00e9.<\/p>\n<p>Le lyc\u00e9e accueille 1000 \u00e9l\u00e8ves et \u00e9tudiants pour y suivre des formations qualifiantes.<\/p>\n<p>Original dans sa conception et son architecture, le lyc\u00e9e Stanislas offre un cadre de vie et de travail accueillant, dans tous les domaines des formations qu\u2019il propose.<\/p>\n<p>Le lyc\u00e9e pr\u00e9pare chaque ann\u00e9e au Baccalaur\u00e9at G\u00e9n\u00e9rale. Suite \u00e0 la r\u00e9forme \u00ab\u00a0Bac2021\u00a0\u00bb, il propose un choix vari\u00e9 de sp\u00e9cialit\u00e9s parmi :<\/p>\n<ul>\n<li style=\"list-style-type: none;\">\n<ul>\n<li>Math\u00e9matiques,<\/li>\n<li>NSI\u00a0: Num\u00e9rique et Sciences Informatiques,<\/li>\n<li>Physique-Chimie,<\/li>\n<li>SVT\u00a0: Sciences de la Vie et de la Terre,<\/li>\n<li>HGGSP\u00a0: Histoire G\u00e9ographie, G\u00e9opolitique et Sciences Politiques,<\/li>\n<li>SES\u00a0: Sciences \u00c9conomiques et Sociales<\/li>\n<li>LLCE Anglais\u00a0: Langues, Litt\u00e9ratures et Cultures \u00c9trang\u00e8res Anglaises<\/li>\n<\/ul>\n<\/li>\n<\/ul>\n<p>Pour la classe de Premi\u00e8re, l\u2019\u00e9l\u00e8ve choisit trois sp\u00e9cialit\u00e9s pour en garder deux en Terminale.<\/p>\n<ul>\n<li>Formation technologique scientifique\u00a0:\n<ul>\n<li style=\"list-style-type: none;\">\n<ul>\n<li>BTS CIRA<\/li>\n<\/ul>\n<\/li>\n<\/ul>\n<\/li>\n<\/ul>\n<ul>\n<li>Formation technologiqueh\u00f4teli\u00e8re :\n<ul>\n<li style=\"list-style-type: none;\">\n<ul>\n<li>Baccalaur\u00e9at STHR\u00a0: Sciences et Technologies de l\u2019H\u00f4tellerie et de la Restauration. Cette formation pose les bases pour l\u2019acc\u00e8s au BTS MHR dans les domaines de la cuisine, du service, du management et de l\u2019\u00e9conomie d\u2019entreprise.<\/li>\n<li>BTS MHR\u00a0: Management en H\u00f4tellerie Restauration. Cette formation est destin\u00e9e \u00e0 former les encadrants et futurs dirigeants des restaurants et des structures h\u00f4teli\u00e8res.<\/li>\n<li>BTS Tourisme<\/li>\n<\/ul>\n<\/li>\n<\/ul>\n<\/li>\n<\/ul>\n<ul>\n<li>Formation professionnelle h\u00f4teli\u00e8re\u00a0:\n<ul>\n<li style=\"list-style-type: none;\">\n<ul>\n<li>Baccalaur\u00e9at professionnel cuisine<\/li>\n<li>Baccalaur\u00e9at professionnel service et commercialisation en restaurant<\/li>\n<li>Baccalaur\u00e9at professionnel boulanger p\u00e2tissier<\/li>\n<li>Mention compl\u00e9mentaire desserts de restaurant<\/li>\n<\/ul>\n<\/li>\n<\/ul>\n<\/li>\n<\/ul>\n<ul>\n<li>Dispositif sp\u00e9cifique\u00a0: U.L.I.S.<\/li>\n<\/ul>\n<p>Le lyc\u00e9e Stanislas accueille \u00e9galement la formation continue dans les domaines h\u00f4telier et scientifique. Les liens et partenariats avec les entreprises sont riches et nombreux.<\/p>\n<p>Des locaux modernes et bien \u00e9quip\u00e9s, une communaut\u00e9 \u00e9ducative dynamique et toujours \u00e0 l\u2019\u00e9coute des \u00e9l\u00e8ves, ne font que confirmer que l\u2019\u00e9l\u00e8ve au centre du syst\u00e8me \u00e9ducatif n\u2019est pas un vain mot dans notre lyc\u00e9e. Tous les personnels se mobilisent, en effet, au quotidien pour rendre l\u2019\u00e9l\u00e8ve et l\u2019\u00e9tudiant acteur de sa formation.<\/p>\n<p>Au fil de ces pages, vous d\u00e9couvrirez nos locaux, nos enseignements, nos actions, nos projets et nos r\u00e9alisations.<\/p>\n<p>Nous vous souhaitons une bonne visite.<\/p>\n<p>Le Proviseur,<br \/>\nBernard Segard<\/p>\n","protected":false},"excerpt":{"rendered":"<p>Situ\u00e9 sur les hauteurs de l\u2019agglom\u00e9ration nanc\u00e9ienne, \u00e0 proximit\u00e9 du technop\u00f4le de Nancy-Brabois, de l\u2019universit\u00e9 scientifique et des grandes \u00e9coles d\u2019ing\u00e9nieurs, le lyc\u00e9e Stanislas vous propose une polyvalence exceptionnelle et riche de qualit\u00e9. Le lyc\u00e9e accueille 1000 \u00e9l\u00e8ves et \u00e9tudiants pour y suivre des formations qualifiantes. Original dans sa conception et son architecture, le lyc\u00e9e [&hellip;]<\/p>\n","protected":false},"author":1,"featured_media":0,"parent":0,"menu_order":1,"comment_status":"closed","ping_status":"closed","template":"","meta":{"saved_in_kubio":false,"footnotes":""},"class_list":["post-5328","page","type-page","status-publish","hentry"],"kubio_ai_page_context":{"short_desc":"","purpose":"general"},"jetpack_sharing_enabled":true,"_links":{"self":[{"href":"https:\/\/sites.ac-nancy-metz.fr\/lyc-stanislas-villers\/00stanwp\/wp-json\/wp\/v2\/pages\/5328","targetHints":{"allow":["GET"]}}],"collection":[{"href":"https:\/\/sites.ac-nancy-metz.fr\/lyc-stanislas-villers\/00stanwp\/wp-json\/wp\/v2\/pages"}],"about":[{"href":"https:\/\/sites.ac-nancy-metz.fr\/lyc-stanislas-villers\/00stanwp\/wp-json\/wp\/v2\/types\/page"}],"author":[{"embeddable":true,"href":"https:\/\/sites.ac-nancy-metz.fr\/lyc-stanislas-villers\/00stanwp\/wp-json\/wp\/v2\/users\/1"}],"replies":[{"embeddable":true,"href":"https:\/\/sites.ac-nancy-metz.fr\/lyc-stanislas-villers\/00stanwp\/wp-json\/wp\/v2\/comments?post=5328"}],"version-history":[{"count":1,"href":"https:\/\/sites.ac-nancy-metz.fr\/lyc-stanislas-villers\/00stanwp\/wp-json\/wp\/v2\/pages\/5328\/revisions"}],"predecessor-version":[{"id":6451,"href":"https:\/\/sites.ac-nancy-metz.fr\/lyc-stanislas-villers\/00stanwp\/wp-json\/wp\/v2\/pages\/5328\/revisions\/6451"}],"wp:attachment":[{"href":"https:\/\/sites.ac-nancy-metz.fr\/lyc-stanislas-villers\/00stanwp\/wp-json\/wp\/v2\/media?parent=5328"}],"curies":[{"name":"wp","href":"https:\/\/api.w.org\/{rel}","templated":true}]}}