{"id":5329,"date":"2025-07-25T14:50:27","date_gmt":"2025-07-25T12:50:27","guid":{"rendered":"http:\/\/localhost\/STAN-wordpress\/?page_id=40"},"modified":"2025-07-25T15:04:39","modified_gmt":"2025-07-25T13:04:39","slug":"formations","status":"publish","type":"page","link":"https:\/\/sites.ac-nancy-metz.fr\/lyc-stanislas-villers\/00stanwp\/formations\/","title":{"rendered":"Formations"},"content":{"rendered":"\n<figure class=\"wp-block-embed is-type-wp-embed is-provider-lyc-e-polyvalent-r-gional-stanislas-villers-l-s-nancy wp-block-embed-lyc-e-polyvalent-r-gional-stanislas-villers-l-s-nancy\"><div class=\"wp-block-embed__wrapper\">\n<blockquote class=\"wp-embedded-content\" data-secret=\"Ui9NDVtTwT\"><a href=\"https:\/\/sites.ac-nancy-metz.fr\/lyc-stanislas-villers\/00stanwp\/formations\/general-scientifique\/\">G\u00e9n\u00e9ral \/ Scientifique<\/a><\/blockquote><iframe loading=\"lazy\" class=\"wp-embedded-content\" sandbox=\"allow-scripts\" security=\"restricted\" style=\"position: absolute; visibility: hidden;\" title=\"\u00ab\u00a0G\u00e9n\u00e9ral \/ Scientifique\u00a0\u00bb &#8212; Lyc\u00e9e Polyvalent R\u00e9gional Stanislas - Villers-L\u00e8s-Nancy\" src=\"https:\/\/sites.ac-nancy-metz.fr\/lyc-stanislas-villers\/00stanwp\/formations\/general-scientifique\/embed\/#?secret=cVBHZpqeJP#?secret=Ui9NDVtTwT\" data-secret=\"Ui9NDVtTwT\" width=\"500\" height=\"282\" frameborder=\"0\" marginwidth=\"0\" marginheight=\"0\" scrolling=\"no\"><\/iframe>\n<\/div><\/figure>\n\n\n\n<figure class=\"wp-block-embed is-type-wp-embed is-provider-lyc-e-polyvalent-r-gional-stanislas-villers-l-s-nancy wp-block-embed-lyc-e-polyvalent-r-gional-stanislas-villers-l-s-nancy\"><div class=\"wp-block-embed__wrapper\">\n<blockquote class=\"wp-embedded-content\" data-secret=\"UPacXfGb9N\"><a href=\"https:\/\/sites.ac-nancy-metz.fr\/lyc-stanislas-villers\/00stanwp\/formations\/hotellerie-restauration\/\">H\u00f4tellerie Restauration<\/a><\/blockquote><iframe loading=\"lazy\" class=\"wp-embedded-content\" sandbox=\"allow-scripts\" security=\"restricted\" style=\"position: absolute; visibility: hidden;\" title=\"\u00ab\u00a0H\u00f4tellerie Restauration\u00a0\u00bb &#8212; Lyc\u00e9e Polyvalent R\u00e9gional Stanislas - Villers-L\u00e8s-Nancy\" src=\"https:\/\/sites.ac-nancy-metz.fr\/lyc-stanislas-villers\/00stanwp\/formations\/hotellerie-restauration\/embed\/#?secret=h8zrqtuvQs#?secret=UPacXfGb9N\" data-secret=\"UPacXfGb9N\" width=\"500\" height=\"282\" frameborder=\"0\" marginwidth=\"0\" marginheight=\"0\" scrolling=\"no\"><\/iframe>\n<\/div><\/figure>\n\n\n\n<figure class=\"wp-block-embed is-type-wp-embed is-provider-lyc-e-polyvalent-r-gional-stanislas-villers-l-s-nancy wp-block-embed-lyc-e-polyvalent-r-gional-stanislas-villers-l-s-nancy\"><div class=\"wp-block-embed__wrapper\">\n<blockquote class=\"wp-embedded-content\" data-secret=\"uIaRcEgw0n\"><a href=\"https:\/\/sites.ac-nancy-metz.fr\/lyc-stanislas-villers\/00stanwp\/boulangerie-patisserie\/\">Boulangerie-P\u00e2tisserie<\/a><\/blockquote><iframe loading=\"lazy\" class=\"wp-embedded-content\" sandbox=\"allow-scripts\" security=\"restricted\" style=\"position: absolute; visibility: hidden;\" title=\"\u00ab\u00a0Boulangerie-P\u00e2tisserie\u00a0\u00bb &#8212; Lyc\u00e9e Polyvalent R\u00e9gional Stanislas - Villers-L\u00e8s-Nancy\" src=\"https:\/\/sites.ac-nancy-metz.fr\/lyc-stanislas-villers\/00stanwp\/boulangerie-patisserie\/embed\/#?secret=H8bCwIsKXm#?secret=uIaRcEgw0n\" data-secret=\"uIaRcEgw0n\" width=\"500\" height=\"282\" frameborder=\"0\" marginwidth=\"0\" marginheight=\"0\" scrolling=\"no\"><\/iframe>\n<\/div><\/figure>\n\n\n\n<figure class=\"wp-block-embed is-type-wp-embed is-provider-lyc-e-polyvalent-r-gional-stanislas-villers-l-s-nancy wp-block-embed-lyc-e-polyvalent-r-gional-stanislas-villers-l-s-nancy\"><div class=\"wp-block-embed__wrapper\">\n<blockquote class=\"wp-embedded-content\" data-secret=\"PKwzXmLyYQ\"><a href=\"https:\/\/sites.ac-nancy-metz.fr\/lyc-stanislas-villers\/00stanwp\/sections-europeenne\/\">Sections Europ\u00e9enne<\/a><\/blockquote><iframe loading=\"lazy\" class=\"wp-embedded-content\" sandbox=\"allow-scripts\" security=\"restricted\" style=\"position: absolute; visibility: hidden;\" title=\"\u00ab\u00a0Sections Europ\u00e9enne\u00a0\u00bb &#8212; Lyc\u00e9e Polyvalent R\u00e9gional Stanislas - Villers-L\u00e8s-Nancy\" src=\"https:\/\/sites.ac-nancy-metz.fr\/lyc-stanislas-villers\/00stanwp\/sections-europeenne\/embed\/#?secret=pYy7MkVRAN#?secret=PKwzXmLyYQ\" data-secret=\"PKwzXmLyYQ\" width=\"500\" height=\"282\" frameborder=\"0\" marginwidth=\"0\" marginheight=\"0\" scrolling=\"no\"><\/iframe>\n<\/div><\/figure>\n\n\n\n<figure class=\"wp-block-embed is-type-wp-embed is-provider-lyc-e-polyvalent-r-gional-stanislas-villers-l-s-nancy wp-block-embed-lyc-e-polyvalent-r-gional-stanislas-villers-l-s-nancy\"><div class=\"wp-block-embed__wrapper\">\n<blockquote class=\"wp-embedded-content\" data-secret=\"jU14XBlB87\"><a href=\"https:\/\/sites.ac-nancy-metz.fr\/lyc-stanislas-villers\/00stanwp\/les-sections-sportives-scolaires-au-lycee-stanislas-handball-et-rugby\/\">Les Sections Sportives Scolaires au lyc\u00e9e Stanislas &#8211; Handball et Rugby<\/a><\/blockquote><iframe loading=\"lazy\" class=\"wp-embedded-content\" sandbox=\"allow-scripts\" security=\"restricted\" style=\"position: absolute; visibility: hidden;\" title=\"\u00ab\u00a0Les Sections Sportives Scolaires au lyc\u00e9e Stanislas &#8211; Handball et Rugby\u00a0\u00bb &#8212; Lyc\u00e9e Polyvalent R\u00e9gional Stanislas - Villers-L\u00e8s-Nancy\" src=\"https:\/\/sites.ac-nancy-metz.fr\/lyc-stanislas-villers\/00stanwp\/les-sections-sportives-scolaires-au-lycee-stanislas-handball-et-rugby\/embed\/#?secret=LFOEvFsNCZ#?secret=jU14XBlB87\" data-secret=\"jU14XBlB87\" width=\"500\" height=\"282\" frameborder=\"0\" marginwidth=\"0\" marginheight=\"0\" scrolling=\"no\"><\/iframe>\n<\/div><\/figure>\n\n\n\n<p><\/p>\n\n\n\n<p><\/p>\n","protected":false},"excerpt":{"rendered":"","protected":false},"author":1,"featured_media":0,"parent":0,"menu_order":0,"comment_status":"closed","ping_status":"closed","template":"","meta":{"saved_in_kubio":false,"footnotes":""},"class_list":["post-5329","page","type-page","status-publish","hentry"],"kubio_ai_page_context":{"short_desc":"","purpose":"general"},"jetpack_sharing_enabled":true,"_links":{"self":[{"href":"https:\/\/sites.ac-nancy-metz.fr\/lyc-stanislas-villers\/00stanwp\/wp-json\/wp\/v2\/pages\/5329","targetHints":{"allow":["GET"]}}],"collection":[{"href":"https:\/\/sites.ac-nancy-metz.fr\/lyc-stanislas-villers\/00stanwp\/wp-json\/wp\/v2\/pages"}],"about":[{"href":"https:\/\/sites.ac-nancy-metz.fr\/lyc-stanislas-villers\/00stanwp\/wp-json\/wp\/v2\/types\/page"}],"author":[{"embeddable":true,"href":"https:\/\/sites.ac-nancy-metz.fr\/lyc-stanislas-villers\/00stanwp\/wp-json\/wp\/v2\/users\/1"}],"replies":[{"embeddable":true,"href":"https:\/\/sites.ac-nancy-metz.fr\/lyc-stanislas-villers\/00stanwp\/wp-json\/wp\/v2\/comments?post=5329"}],"version-history":[{"count":5,"href":"https:\/\/sites.ac-nancy-metz.fr\/lyc-stanislas-villers\/00stanwp\/wp-json\/wp\/v2\/pages\/5329\/revisions"}],"predecessor-version":[{"id":6243,"href":"https:\/\/sites.ac-nancy-metz.fr\/lyc-stanislas-villers\/00stanwp\/wp-json\/wp\/v2\/pages\/5329\/revisions\/6243"}],"wp:attachment":[{"href":"https:\/\/sites.ac-nancy-metz.fr\/lyc-stanislas-villers\/00stanwp\/wp-json\/wp\/v2\/media?parent=5329"}],"curies":[{"name":"wp","href":"https:\/\/api.w.org\/{rel}","templated":true}]}}