{"id":5337,"date":"2025-07-25T17:28:41","date_gmt":"2025-07-25T15:28:41","guid":{"rendered":"http:\/\/localhost\/STAN-wordpress\/?page_id=44"},"modified":"2025-11-21T17:27:23","modified_gmt":"2025-11-21T16:27:23","slug":"vie-scolaire","status":"publish","type":"page","link":"https:\/\/sites.ac-nancy-metz.fr\/lyc-stanislas-villers\/00stanwp\/services\/vie-scolaire\/","title":{"rendered":"Vie scolaire"},"content":{"rendered":"\n<p>La Vie Scolaire au lyc\u00e9e Stanislas :Une \u00e9quipe de 21 personnes au service des \u00e9l\u00e8ves, charg\u00e9s de leur encadrement au sein du lyc\u00e9e.<br>18 assistants d&rsquo;\u00e9ducation \u00e0 temps complet ou \u00e0 mi-temps, trois CPE \u00e0 temps complet.<\/p>\n\n\n\n<p class=\"Style27\"><strong>Les informations essentielles<\/strong><\/p>\n\n\n\n<p>Comment proc\u00e9der ?<\/p>\n\n\n\n<p class=\"Style28\"><strong>Pour les absences\u2026<\/strong><\/p>\n\n\n\n<p>&#8211; <em>Nous appeler ou nous envoyer un mail pour pr\u00e9venir de l&rsquo;absence en pr\u00e9cisant le motif et la dur\u00e9e<\/em><br><em> &#8211; Justifier et r\u00e9gulariser l&rsquo;absence d\u00e8s le retour de l&rsquo;\u00e9l\u00e8ve au lyc\u00e9e par l&rsquo;interm\u00e9diaire du carnet de correspondance<\/em><\/p>\n\n\n\n<p class=\"Style28\"><strong>Pour les retards\u2026<\/strong><\/p>\n\n\n\n<p>&#8211; <em>Passage au bureau de la Vie Scolaire avant l&rsquo;entr\u00e9e en classe pour signaler le retard et pr\u00e9-remplir le billet si le retard n&rsquo;\u00e9tait pas pr\u00e9vu.<\/em><br><em> &#8211; D\u00e8s le lendemain, le billet de retard, sign\u00e9 par les parents est remis au bureau de la Vie Scolaire.<\/em><\/p>\n\n\n\n<p class=\"Style26\">T\u00e9l\u00e9phone direct Vie Scolaire : 0383913505<br>Horaires d&rsquo;ouverture 7h45 \/ 18h00<\/p>\n\n\n\n<p class=\"Style28\"><strong>Par rapport \u00e0 la scolarit\u00e9 de votre enfant\u2026<\/strong><\/p>\n\n\n\n<p>Pour tout probl\u00e8me li\u00e9 \u00e0 la scolarit\u00e9 de votre enfant, contactez le CPE en charge du suivi de sa classe.<br>Me La\u00efla Boustol : <a href=\"mailto:Laila.Boustol@ac-nancy-metz.fr\">Laila.Boustol@ac-nancy-metz.fr<\/a><br>M Alexandre Maio :&nbsp;<a href=\"mailto:Alexandre.Maio@ac-nancy-metz.fr\">Alexandre.Maio@ac-nancy-metz.fr<\/a><br>Me Diane Odinot : <a href=\"mailto:Diane.Odinot@ac-nancy-metz.fr\">Diane.Odinot@ac-nancy-metz.fr<\/a><\/p>\n\n\n\n<p><span class=\"Style26\">Par t\u00e9l\u00e9phone au : 0383913535<\/span><br><span class=\"Style26\">Par email <\/span>: <a href=\"mailto:viescostan@gmail.com\">viescostan@gmail.com<\/a><\/p>\n\n\n\n<p class=\"Style28\"><strong>Pour l&rsquo;internat\u2026<\/strong><\/p>\n\n\n\n<p>L&rsquo;internat du lyc\u00e9e accueille 196 \u00e9l\u00e8ves.<\/p>\n\n\n\n<p>L&rsquo;internat est ouvert quatre soirs par semaine du lundi soir au vendredi matin. Les \u00e9l\u00e8ves sont pr\u00e9sents \u00e0 l&rsquo;internat de mani\u00e8re obligatoire de 18h00 le soir \u00e0 7h35 le lendemain matin. Toute absence pr\u00e9visible dans la semaine doit faire l&rsquo;objet d&rsquo;une demande \u00e9crite sur papier libre ou par mail \u00e0 remettre en d\u00e9but de semaine au CPE de service. Toute autre absence doit faire l&rsquo;objet d&rsquo;une prise en charge de l&rsquo;un des responsables l\u00e9gaux de l&rsquo;\u00e9l\u00e8ve au bureau de la Vie Scolaire. Aucun interne ne peut rentrer chez lui, sans l&rsquo;autorisation du CPE de service.<\/p>\n\n\n\n<p>Pour tout autre renseignement, contactez l&rsquo;un des CPE.<\/p>\n\n\n\n<p class=\"Style28\"><strong>Pour l&rsquo;orientation\u2026<\/strong><\/p>\n\n\n\n<p>Deux Psychologue de l\u2019\u00c9ducation Nationale sont pr\u00e9sents au lyc\u00e9e selon les horaires suivants :<\/p>\n\n\n\n<p>&#8211; Mme (\u00e0 para\u00eetre) pour les sections h\u00f4teli\u00e8res<br>&#8211; Mme M\u00e9n\u00e9trier pour toutes les autres sections<\/p>\n\n\n\n<p>Pour prendre rendez-vous avec l&rsquo;une d\u2019entre elles, l&rsquo;\u00e9l\u00e8ve peut passer au bureau de la Vie Scolaire et s&rsquo;inscrire directement sur le cahier pr\u00e9vu \u00e0 cet effet. Vous pouvez aussi joindre le bureau Vie Scolaire directement au 0383913505 ou par mail<\/p>\n\n\n\n<p class=\"Style28\">Pour l&rsquo;assistante sociale\u2026<\/p>\n\n\n\n<p>Nous n&rsquo;avons plus d&rsquo;assistante sociale \u00e0 disposition au lyc\u00e9e depuis la rentr\u00e9e 2009\/2010. Cependant, nous pouvons vous mettre en relation avec le service social de l&rsquo;inspection acad\u00e9mique. Merci de contacter l&rsquo;un des CPE.<\/p>\n\n\n\n<p class=\"Style28\"><strong>Liens Vie Scolaire \/ documents utiles:<\/strong><\/p>\n\n\n\n<p>&#8211; R\u00e9partition des classes entre CPE<br>&#8211; <a href=\"https:\/\/sites.ac-nancy-metz.fr\/lyc-stanislas-villers\/00stanwp\/reglement-interieur-2\/\" data-type=\"page\" data-id=\"1712\" target=\"_blank\" rel=\"noreferrer noopener\">R\u00e8glement int\u00e9rieur<\/a><br>&#8211; <a href=\"http:\/\/sites.ac-nancy-metz.fr\/lyc-stanislas-villers\/00stanwp\/reglement-internat\/\" target=\"_blank\" rel=\"noreferrer noopener\">R\u00e8glement de l&rsquo;internat<\/a><\/p>\n\n\n\n<p>&#8211; <a href=\"https:\/\/sites.ac-nancy-metz.fr\/lyc-stanislas-villers\/00stanwp\/charte-hotellerie\/\" target=\"_blank\" rel=\"noreferrer noopener\">Charte des \u00e9l\u00e8ves de l&rsquo;h\u00f4tellerie et de Boulangerie P\u00e2tisserie<\/a><\/p>\n","protected":false},"excerpt":{"rendered":"<p>La Vie Scolaire au lyc\u00e9e Stanislas :Une \u00e9quipe de 21 personnes au service des \u00e9l\u00e8ves, charg\u00e9s de leur encadrement au sein du lyc\u00e9e.18 assistants d&rsquo;\u00e9ducation \u00e0 temps complet ou \u00e0 mi-temps, trois CPE \u00e0 temps complet. Les informations essentielles Comment proc\u00e9der ? Pour les absences\u2026 &#8211; Nous appeler ou nous envoyer un mail pour pr\u00e9venir [&hellip;]<\/p>\n","protected":false},"author":1,"featured_media":0,"parent":62,"menu_order":0,"comment_status":"closed","ping_status":"closed","template":"","meta":{"saved_in_kubio":true,"footnotes":""},"class_list":["post-5337","page","type-page","status-publish","hentry"],"kubio_ai_page_context":{"short_desc":"","purpose":"general"},"jetpack_sharing_enabled":true,"_links":{"self":[{"href":"https:\/\/sites.ac-nancy-metz.fr\/lyc-stanislas-villers\/00stanwp\/wp-json\/wp\/v2\/pages\/5337","targetHints":{"allow":["GET"]}}],"collection":[{"href":"https:\/\/sites.ac-nancy-metz.fr\/lyc-stanislas-villers\/00stanwp\/wp-json\/wp\/v2\/pages"}],"about":[{"href":"https:\/\/sites.ac-nancy-metz.fr\/lyc-stanislas-villers\/00stanwp\/wp-json\/wp\/v2\/types\/page"}],"author":[{"embeddable":true,"href":"https:\/\/sites.ac-nancy-metz.fr\/lyc-stanislas-villers\/00stanwp\/wp-json\/wp\/v2\/users\/1"}],"replies":[{"embeddable":true,"href":"https:\/\/sites.ac-nancy-metz.fr\/lyc-stanislas-villers\/00stanwp\/wp-json\/wp\/v2\/comments?post=5337"}],"version-history":[{"count":7,"href":"https:\/\/sites.ac-nancy-metz.fr\/lyc-stanislas-villers\/00stanwp\/wp-json\/wp\/v2\/pages\/5337\/revisions"}],"predecessor-version":[{"id":6778,"href":"https:\/\/sites.ac-nancy-metz.fr\/lyc-stanislas-villers\/00stanwp\/wp-json\/wp\/v2\/pages\/5337\/revisions\/6778"}],"up":[{"embeddable":true,"href":"https:\/\/sites.ac-nancy-metz.fr\/lyc-stanislas-villers\/00stanwp\/wp-json\/wp\/v2\/pages\/62"}],"wp:attachment":[{"href":"https:\/\/sites.ac-nancy-metz.fr\/lyc-stanislas-villers\/00stanwp\/wp-json\/wp\/v2\/media?parent=5337"}],"curies":[{"name":"wp","href":"https:\/\/api.w.org\/{rel}","templated":true}]}}